{"id":476983,"date":"2025-03-13T06:43:10","date_gmt":"2025-03-13T06:43:13","guid":{"rendered":"https:\/\/www.erresse-shop.it\/?post_type=product&#038;p=476983"},"modified":"2025-03-13T07:12:32","modified_gmt":"2025-03-13T07:12:32","slug":"instant-pot-pro-plus-wifi-57-l-negro-copia","status":"publish","type":"product","link":"https:\/\/www.erresse-shop.it\/es\/shop\/pequenos-electrodomesticos\/procesadores-de-alimentos\/instant-pot-pro-plus-wifi-57-l-negro-copia\/","title":{"rendered":"INSTANT POT Multicooker Rio 5,7 L Negro"},"content":{"rendered":"<div class=\"metafield-rich_text_field\">\n<p><strong>La multicocina compacta y moderna, perfecta para cualquier receta<\/strong><\/p>\n<\/div>\n<div class=\"product__description-formated \">\n<div class=\"metafield-rich_text_field\">\n<p>La Instant Pot\u00ae Multicooker RIO\u2122 integra siete funciones en un solo electrodom\u00e9stico, optimizando el espacio de la cocina sin sacrificar el rendimiento. \u00dasala como olla a presi\u00f3n, sart\u00e9n, vaporera, arrocera, calentador, yogurtera y olla de cocci\u00f3n lenta: cada funci\u00f3n ofrece resultados de calidad profesional con la comodidad de un tama\u00f1o compacto.<\/p>\n<p><strong>Una versi\u00f3n mejorada con un dise\u00f1o compacto<\/strong><br \/>\nLa Instant Pot\u00ae RIO\u2122 mejora el modelo Duo\u2122 de 5.7 litros, con un dise\u00f1o elegante y compacto, ideal para cocinas de todos los tama\u00f1os. Su perfil compacto mantiene una est\u00e9tica refinada y ofrece un 35 % m\u00e1s de superficie de cocci\u00f3n, lo que te permite cocinar porciones m\u00e1s grandes en menos tiempo.<\/p>\n<p><strong>Interfaz simplificada para un uso siempre f\u00e1cil<\/strong><br \/>\nCon una interfaz actualizada e intuitiva, RIO\u2122 facilita la elecci\u00f3n entre diferentes modos de cocci\u00f3n. Gracias a sus cuatro preajustes personalizables, puede configurar r\u00e1pidamente sus recetas favoritas, mientras que el nuevo bot\u00f3n de inicio y la v\u00e1lvula de liberaci\u00f3n de vapor optimizada garantizan una preparaci\u00f3n f\u00e1cil y segura.<\/p>\n<p><strong>7 Programas Inteligentes de Un Toque para cada preparaci\u00f3n<\/strong><br \/>\nCon 7 programas preestablecidos, la Multicocina RIO\u2122 ofrece una amplia gama de opciones de cocci\u00f3n, desde sopas, guisos y legumbres hasta arroz, multicereales y yogur. Adem\u00e1s, las funciones de cocci\u00f3n lenta, salteado y vapor le permiten explorar numerosas recetas con un control preciso de temperaturas y tiempos.<\/p>\n<p><strong>Materiales de primera calidad para un rendimiento impecable<\/strong><br \/>\nFabricada con una carcasa exterior y una olla interior de acero inoxidable de alta calidad, RIO\u2122 garantiza durabilidad y resistencia al desgaste. La estructura es f\u00e1cil de limpiar y ofrece una distribuci\u00f3n uniforme del calor para una cocci\u00f3n \u00f3ptima de cada ingrediente, manteniendo el sabor y la calidad de los platos.<\/p>\n<p><strong>Especificaciones t\u00e9cnicas:<\/strong><\/p>\n<ul class=\"product__spec-list\">\n<li class=\"product__tag\">Capacidad: 5,7 l<\/li>\n<li class=\"product__tag\">Material de la tapa y el recipiente interior: acero inoxidable. Recipiente exterior: acero inoxidable cepillado con acabado negro.<\/li>\n<li class=\"product__tag\">2 a\u00f1os de garant\u00eda<\/li>\n<li class=\"product__tag\">Dimensiones: 30,8 x 35,1 x 32 cm<\/li>\n<li class=\"product__tag\">Peso: 5 kg<\/li>\n<li class=\"product__tag\">N\u00famero de funciones: 13 &#8211; programas de un solo toque<\/li>\n<\/ul>\n<\/div>\n<\/div>\n<p><span style=\"text-decoration: underline;\"><strong>Not for sale outside Europe<\/strong><\/span><\/p>\n","protected":false},"excerpt":{"rendered":"<p>La multicocina compacta y moderna, perfecta para cualquier receta La Instant Pot\u00ae Multicooker RIO\u2122 integra siete funciones en un solo<\/p>\n","protected":false},"featured_media":477010,"template":"","meta":{"_acf_changed":false,"inline_featured_image":false},"product_cat":[16073,16077],"product_tag":[16211,21537,23662,24417,24456,17940,22484,16653,21823],"acf":[],"yoast_head":"<!-- This site is optimized with the Yoast SEO Premium plugin v18.6 (Yoast SEO v19.13) - https:\/\/yoast.com\/wordpress\/plugins\/seo\/ -->\n<title>INSTANT POT Multicooker Rio 5,7 L Negro - Erresse Shop<\/title>\n<meta name=\"description\" content=\"La multicocina compacta y moderna, perfecta para cualquier receta La Instant Pot\u00ae Multicooker RIO\u2122 integra siete funciones en un solo electrodom\u00e9stico,\" \/>\n<meta name=\"robots\" content=\"index, follow, max-snippet:-1, max-image-preview:large, max-video-preview:-1\" \/>\n<link rel=\"canonical\" href=\"https:\/\/www.erresse-shop.it\/es\/shop\/pequenos-electrodomesticos\/procesadores-de-alimentos\/instant-pot-pro-plus-wifi-57-l-negro-copia\/\" \/>\n<meta property=\"og:locale\" content=\"es_ES\" \/>\n<meta property=\"og:type\" content=\"article\" \/>\n<meta property=\"og:title\" content=\"INSTANT POT Multicooker Rio 5,7 L Negro\" \/>\n<meta property=\"og:description\" content=\"La multicocina compacta y moderna, perfecta para cualquier receta La Instant Pot\u00ae Multicooker RIO\u2122 integra siete funciones en un solo electrodom\u00e9stico,\" \/>\n<meta property=\"og:url\" content=\"https:\/\/www.erresse-shop.it\/es\/shop\/pequenos-electrodomesticos\/procesadores-de-alimentos\/instant-pot-pro-plus-wifi-57-l-negro-copia\/\" \/>\n<meta property=\"og:site_name\" content=\"Erresse Shop\" \/>\n<meta property=\"article:modified_time\" content=\"2025-03-13T07:12:32+00:00\" \/>\n<meta property=\"og:image\" content=\"https:\/\/www.erresse-shop.it\/wp-content\/uploads\/2025\/03\/INSTANT-POT-Multicooker-Rio-57-L-Nero.jpg\" \/>\n\t<meta property=\"og:image:width\" content=\"1200\" \/>\n\t<meta property=\"og:image:height\" content=\"1200\" \/>\n\t<meta property=\"og:image:type\" content=\"image\/jpeg\" \/>\n<meta name=\"twitter:card\" content=\"summary_large_image\" \/>\n<script type=\"application\/ld+json\" class=\"yoast-schema-graph\">{\"@context\":\"https:\/\/schema.org\",\"@graph\":[{\"@type\":\"WebPage\",\"@id\":\"https:\/\/www.erresse-shop.it\/es\/shop\/pequenos-electrodomesticos\/procesadores-de-alimentos\/instant-pot-pro-plus-wifi-57-l-negro-copia\/\",\"url\":\"https:\/\/www.erresse-shop.it\/es\/shop\/pequenos-electrodomesticos\/procesadores-de-alimentos\/instant-pot-pro-plus-wifi-57-l-negro-copia\/\",\"name\":\"INSTANT POT Multicooker Rio 5,7 L Negro - Erresse Shop\",\"isPartOf\":{\"@id\":\"https:\/\/www.erresse-shop.it\/es\/#website\"},\"datePublished\":\"2025-03-13T06:43:13+00:00\",\"dateModified\":\"2025-03-13T07:12:32+00:00\",\"description\":\"La multicocina compacta y moderna, perfecta para cualquier receta La Instant Pot\u00ae Multicooker RIO\u2122 integra siete funciones en un solo electrodom\u00e9stico,\",\"breadcrumb\":{\"@id\":\"https:\/\/www.erresse-shop.it\/es\/shop\/pequenos-electrodomesticos\/procesadores-de-alimentos\/instant-pot-pro-plus-wifi-57-l-negro-copia\/#breadcrumb\"},\"inLanguage\":\"es\",\"potentialAction\":[{\"@type\":\"ReadAction\",\"target\":[\"https:\/\/www.erresse-shop.it\/es\/shop\/pequenos-electrodomesticos\/procesadores-de-alimentos\/instant-pot-pro-plus-wifi-57-l-negro-copia\/\"]}]},{\"@type\":\"BreadcrumbList\",\"@id\":\"https:\/\/www.erresse-shop.it\/es\/shop\/pequenos-electrodomesticos\/procesadores-de-alimentos\/instant-pot-pro-plus-wifi-57-l-negro-copia\/#breadcrumb\",\"itemListElement\":[{\"@type\":\"ListItem\",\"position\":1,\"name\":\"Home\",\"item\":\"https:\/\/www.erresse-shop.it\/es\/\"},{\"@type\":\"ListItem\",\"position\":2,\"name\":\"Shop\",\"item\":\"https:\/\/www.erresse-shop.it\/es\/shop\/\"},{\"@type\":\"ListItem\",\"position\":3,\"name\":\"INSTANT POT Multicooker Rio 5,7 L Negro\"}]},{\"@type\":\"WebSite\",\"@id\":\"https:\/\/www.erresse-shop.it\/es\/#website\",\"url\":\"https:\/\/www.erresse-shop.it\/es\/\",\"name\":\"Erresse Shop\",\"description\":\"Articoli di qualit\u00e0 per la casa\",\"potentialAction\":[{\"@type\":\"SearchAction\",\"target\":{\"@type\":\"EntryPoint\",\"urlTemplate\":\"https:\/\/www.erresse-shop.it\/es\/?s={search_term_string}\"},\"query-input\":\"required name=search_term_string\"}],\"inLanguage\":\"es\"}]}<\/script>\n<!-- \/ Yoast SEO Premium plugin. -->","yoast_head_json":{"title":"INSTANT POT Multicooker Rio 5,7 L Negro - Erresse Shop","description":"La multicocina compacta y moderna, perfecta para cualquier receta La Instant Pot\u00ae Multicooker RIO\u2122 integra siete funciones en un solo electrodom\u00e9stico,","robots":{"index":"index","follow":"follow","max-snippet":"max-snippet:-1","max-image-preview":"max-image-preview:large","max-video-preview":"max-video-preview:-1"},"canonical":"https:\/\/www.erresse-shop.it\/es\/shop\/pequenos-electrodomesticos\/procesadores-de-alimentos\/instant-pot-pro-plus-wifi-57-l-negro-copia\/","og_locale":"es_ES","og_type":"article","og_title":"INSTANT POT Multicooker Rio 5,7 L Negro","og_description":"La multicocina compacta y moderna, perfecta para cualquier receta La Instant Pot\u00ae Multicooker RIO\u2122 integra siete funciones en un solo electrodom\u00e9stico,","og_url":"https:\/\/www.erresse-shop.it\/es\/shop\/pequenos-electrodomesticos\/procesadores-de-alimentos\/instant-pot-pro-plus-wifi-57-l-negro-copia\/","og_site_name":"Erresse Shop","article_modified_time":"2025-03-13T07:12:32+00:00","og_image":[{"width":1200,"height":1200,"url":"https:\/\/www.erresse-shop.it\/wp-content\/uploads\/2025\/03\/INSTANT-POT-Multicooker-Rio-57-L-Nero.jpg","type":"image\/jpeg"}],"twitter_card":"summary_large_image","schema":{"@context":"https:\/\/schema.org","@graph":[{"@type":"WebPage","@id":"https:\/\/www.erresse-shop.it\/es\/shop\/pequenos-electrodomesticos\/procesadores-de-alimentos\/instant-pot-pro-plus-wifi-57-l-negro-copia\/","url":"https:\/\/www.erresse-shop.it\/es\/shop\/pequenos-electrodomesticos\/procesadores-de-alimentos\/instant-pot-pro-plus-wifi-57-l-negro-copia\/","name":"INSTANT POT Multicooker Rio 5,7 L Negro - Erresse Shop","isPartOf":{"@id":"https:\/\/www.erresse-shop.it\/es\/#website"},"datePublished":"2025-03-13T06:43:13+00:00","dateModified":"2025-03-13T07:12:32+00:00","description":"La multicocina compacta y moderna, perfecta para cualquier receta La Instant Pot\u00ae Multicooker RIO\u2122 integra siete funciones en un solo electrodom\u00e9stico,","breadcrumb":{"@id":"https:\/\/www.erresse-shop.it\/es\/shop\/pequenos-electrodomesticos\/procesadores-de-alimentos\/instant-pot-pro-plus-wifi-57-l-negro-copia\/#breadcrumb"},"inLanguage":"es","potentialAction":[{"@type":"ReadAction","target":["https:\/\/www.erresse-shop.it\/es\/shop\/pequenos-electrodomesticos\/procesadores-de-alimentos\/instant-pot-pro-plus-wifi-57-l-negro-copia\/"]}]},{"@type":"BreadcrumbList","@id":"https:\/\/www.erresse-shop.it\/es\/shop\/pequenos-electrodomesticos\/procesadores-de-alimentos\/instant-pot-pro-plus-wifi-57-l-negro-copia\/#breadcrumb","itemListElement":[{"@type":"ListItem","position":1,"name":"Home","item":"https:\/\/www.erresse-shop.it\/es\/"},{"@type":"ListItem","position":2,"name":"Shop","item":"https:\/\/www.erresse-shop.it\/es\/shop\/"},{"@type":"ListItem","position":3,"name":"INSTANT POT Multicooker Rio 5,7 L Negro"}]},{"@type":"WebSite","@id":"https:\/\/www.erresse-shop.it\/es\/#website","url":"https:\/\/www.erresse-shop.it\/es\/","name":"Erresse Shop","description":"Articoli di qualit\u00e0 per la casa","potentialAction":[{"@type":"SearchAction","target":{"@type":"EntryPoint","urlTemplate":"https:\/\/www.erresse-shop.it\/es\/?s={search_term_string}"},"query-input":"required name=search_term_string"}],"inLanguage":"es"}]}},"df_price":89.92500000000001,"df_sale_price":89.92500000000001,"df_regular_price":119.9,"df_image_link":"https:\/\/www.erresse-shop.it\/wp-content\/uploads\/2025\/03\/INSTANT-POT-Multicooker-Rio-57-L-Nero-300x300.jpg","_links":{"self":[{"href":"https:\/\/www.erresse-shop.it\/es\/wp-json\/wp\/v2\/product\/476983"}],"collection":[{"href":"https:\/\/www.erresse-shop.it\/es\/wp-json\/wp\/v2\/product"}],"about":[{"href":"https:\/\/www.erresse-shop.it\/es\/wp-json\/wp\/v2\/types\/product"}],"wp:featuredmedia":[{"embeddable":true,"href":"https:\/\/www.erresse-shop.it\/es\/wp-json\/wp\/v2\/media\/477010"}],"wp:attachment":[{"href":"https:\/\/www.erresse-shop.it\/es\/wp-json\/wp\/v2\/media?parent=476983"}],"wp:term":[{"taxonomy":"product_cat","embeddable":true,"href":"https:\/\/www.erresse-shop.it\/es\/wp-json\/wp\/v2\/product_cat?post=476983"},{"taxonomy":"product_tag","embeddable":true,"href":"https:\/\/www.erresse-shop.it\/es\/wp-json\/wp\/v2\/product_tag?post=476983"}],"curies":[{"name":"wp","href":"https:\/\/api.w.org\/{rel}","templated":true}]}}