{"id":476944,"date":"2025-03-12T14:30:33","date_gmt":"2025-03-12T14:30:36","guid":{"rendered":"https:\/\/www.erresse-shop.it\/?post_type=product&#038;p=476944"},"modified":"2025-03-12T14:43:05","modified_gmt":"2025-03-12T14:43:05","slug":"microplane-gourmet-set-de-rallador-con-guante-copia","status":"publish","type":"product","link":"https:\/\/www.erresse-shop.it\/es\/shop\/cocina\/ralladores\/microplane-gourmet-set-de-rallador-con-guante-copia\/","title":{"rendered":"MICROPLANE Master Set de regalo"},"content":{"rendered":"<p>Un juego de dos ralladores Microplane con mangos de nogal, compuesto por el rallador liso y el rallador extra grueso.<\/p>\n<p>Este rallador est\u00e1 dise\u00f1ado para ayudarte a aprovechar al m\u00e1ximo tus c\u00edtricos con la mayor facilidad posible. Solo necesitas aplicar una ligera presi\u00f3n mientras las afiladas cuchillas extraen la c\u00e1scara con suavidad pero precisi\u00f3n. Esto significa que tus ingredientes no se da\u00f1ar\u00e1n y ser\u00e1 menos probable que te topes con la parte amarga de la pulpa.<\/p>\n<p>La cuchilla larga te permite rallar una porci\u00f3n de fruta de una sola pasada larga en lugar de ir y venir, lo que puede causar que la c\u00e1scara se deshilache y ralle accidentalmente la pulpa.<\/p>\n<p>La serie Master, con mangos de nogal Kentucky, es un gui\u00f1o a sus or\u00edgenes como fabricantes de herramientas para trabajar la madera.<\/p>\n<p>Lavar a mano \u00fanicamente; No sumergir en agua para conservar el mango de madera.<\/li>\n<li>Acondicionar el mango con aceite mineral seg\u00fan sea necesario.<\/li>\n<li>Se recomienda enjuagar los ralladores con agua caliente inmediatamente despu\u00e9s de cada uso.<\/li>\n<li>Eliminar las part\u00edculas atrapadas en el lado romo siempre que sea posible.<\/li>\n<li>Guardar con la cuchilla cubierta cuando no se utilice.<\/li>\n<\/ul>\n","protected":false},"excerpt":{"rendered":"<p>Un juego de dos ralladores Microplane con mangos de nogal, compuesto por el rallador liso y el rallador extra grueso.<\/p>\n","protected":false},"featured_media":476968,"template":"","meta":{"_acf_changed":false,"inline_featured_image":false},"product_cat":[16040,26039],"product_tag":[16136,19077,17245],"acf":[],"yoast_head":"<!-- This site is optimized with the Yoast SEO Premium plugin v18.6 (Yoast SEO v19.13) - https:\/\/yoast.com\/wordpress\/plugins\/seo\/ -->\n<title>MICROPLANE Master Set de regalo - Erresse Shop<\/title>\n<meta name=\"description\" content=\"Un juego de dos ralladores Microplane con mangos de nogal, compuesto por el rallador liso y el rallador extra grueso. Este rallador est\u00e1 dise\u00f1ado para\" \/>\n<meta name=\"robots\" content=\"index, follow, max-snippet:-1, max-image-preview:large, max-video-preview:-1\" \/>\n<link rel=\"canonical\" href=\"https:\/\/www.erresse-shop.it\/es\/shop\/cocina\/ralladores\/microplane-gourmet-set-de-rallador-con-guante-copia\/\" \/>\n<meta property=\"og:locale\" content=\"es_ES\" \/>\n<meta property=\"og:type\" content=\"article\" \/>\n<meta property=\"og:title\" content=\"MICROPLANE Master Set de regalo\" \/>\n<meta property=\"og:description\" content=\"Un juego de dos ralladores Microplane con mangos de nogal, compuesto por el rallador liso y el rallador extra grueso. Este rallador est\u00e1 dise\u00f1ado para\" \/>\n<meta property=\"og:url\" content=\"https:\/\/www.erresse-shop.it\/es\/shop\/cocina\/ralladores\/microplane-gourmet-set-de-rallador-con-guante-copia\/\" \/>\n<meta property=\"og:site_name\" content=\"Erresse Shop\" \/>\n<meta property=\"article:modified_time\" content=\"2025-03-12T14:43:05+00:00\" \/>\n<meta property=\"og:image\" content=\"https:\/\/www.erresse-shop.it\/wp-content\/uploads\/2025\/03\/MICROPLANE-Master-Set-Regalo.jpg\" \/>\n\t<meta property=\"og:image:width\" content=\"1200\" \/>\n\t<meta property=\"og:image:height\" content=\"1200\" \/>\n\t<meta property=\"og:image:type\" content=\"image\/jpeg\" \/>\n<meta name=\"twitter:card\" content=\"summary_large_image\" \/>\n<script type=\"application\/ld+json\" class=\"yoast-schema-graph\">{\"@context\":\"https:\/\/schema.org\",\"@graph\":[{\"@type\":\"WebPage\",\"@id\":\"https:\/\/www.erresse-shop.it\/es\/shop\/cocina\/ralladores\/microplane-gourmet-set-de-rallador-con-guante-copia\/\",\"url\":\"https:\/\/www.erresse-shop.it\/es\/shop\/cocina\/ralladores\/microplane-gourmet-set-de-rallador-con-guante-copia\/\",\"name\":\"MICROPLANE Master Set de regalo - Erresse Shop\",\"isPartOf\":{\"@id\":\"https:\/\/www.erresse-shop.it\/es\/#website\"},\"datePublished\":\"2025-03-12T14:30:36+00:00\",\"dateModified\":\"2025-03-12T14:43:05+00:00\",\"description\":\"Un juego de dos ralladores Microplane con mangos de nogal, compuesto por el rallador liso y el rallador extra grueso. Este rallador est\u00e1 dise\u00f1ado para\",\"breadcrumb\":{\"@id\":\"https:\/\/www.erresse-shop.it\/es\/shop\/cocina\/ralladores\/microplane-gourmet-set-de-rallador-con-guante-copia\/#breadcrumb\"},\"inLanguage\":\"es\",\"potentialAction\":[{\"@type\":\"ReadAction\",\"target\":[\"https:\/\/www.erresse-shop.it\/es\/shop\/cocina\/ralladores\/microplane-gourmet-set-de-rallador-con-guante-copia\/\"]}]},{\"@type\":\"BreadcrumbList\",\"@id\":\"https:\/\/www.erresse-shop.it\/es\/shop\/cocina\/ralladores\/microplane-gourmet-set-de-rallador-con-guante-copia\/#breadcrumb\",\"itemListElement\":[{\"@type\":\"ListItem\",\"position\":1,\"name\":\"Home\",\"item\":\"https:\/\/www.erresse-shop.it\/es\/\"},{\"@type\":\"ListItem\",\"position\":2,\"name\":\"Shop\",\"item\":\"https:\/\/www.erresse-shop.it\/es\/shop\/\"},{\"@type\":\"ListItem\",\"position\":3,\"name\":\"MICROPLANE Master Set de regalo\"}]},{\"@type\":\"WebSite\",\"@id\":\"https:\/\/www.erresse-shop.it\/es\/#website\",\"url\":\"https:\/\/www.erresse-shop.it\/es\/\",\"name\":\"Erresse Shop\",\"description\":\"Articoli di qualit\u00e0 per la casa\",\"potentialAction\":[{\"@type\":\"SearchAction\",\"target\":{\"@type\":\"EntryPoint\",\"urlTemplate\":\"https:\/\/www.erresse-shop.it\/es\/?s={search_term_string}\"},\"query-input\":\"required name=search_term_string\"}],\"inLanguage\":\"es\"}]}<\/script>\n<!-- \/ Yoast SEO Premium plugin. -->","yoast_head_json":{"title":"MICROPLANE Master Set de regalo - Erresse Shop","description":"Un juego de dos ralladores Microplane con mangos de nogal, compuesto por el rallador liso y el rallador extra grueso. Este rallador est\u00e1 dise\u00f1ado para","robots":{"index":"index","follow":"follow","max-snippet":"max-snippet:-1","max-image-preview":"max-image-preview:large","max-video-preview":"max-video-preview:-1"},"canonical":"https:\/\/www.erresse-shop.it\/es\/shop\/cocina\/ralladores\/microplane-gourmet-set-de-rallador-con-guante-copia\/","og_locale":"es_ES","og_type":"article","og_title":"MICROPLANE Master Set de regalo","og_description":"Un juego de dos ralladores Microplane con mangos de nogal, compuesto por el rallador liso y el rallador extra grueso. Este rallador est\u00e1 dise\u00f1ado para","og_url":"https:\/\/www.erresse-shop.it\/es\/shop\/cocina\/ralladores\/microplane-gourmet-set-de-rallador-con-guante-copia\/","og_site_name":"Erresse Shop","article_modified_time":"2025-03-12T14:43:05+00:00","og_image":[{"width":1200,"height":1200,"url":"https:\/\/www.erresse-shop.it\/wp-content\/uploads\/2025\/03\/MICROPLANE-Master-Set-Regalo.jpg","type":"image\/jpeg"}],"twitter_card":"summary_large_image","schema":{"@context":"https:\/\/schema.org","@graph":[{"@type":"WebPage","@id":"https:\/\/www.erresse-shop.it\/es\/shop\/cocina\/ralladores\/microplane-gourmet-set-de-rallador-con-guante-copia\/","url":"https:\/\/www.erresse-shop.it\/es\/shop\/cocina\/ralladores\/microplane-gourmet-set-de-rallador-con-guante-copia\/","name":"MICROPLANE Master Set de regalo - Erresse Shop","isPartOf":{"@id":"https:\/\/www.erresse-shop.it\/es\/#website"},"datePublished":"2025-03-12T14:30:36+00:00","dateModified":"2025-03-12T14:43:05+00:00","description":"Un juego de dos ralladores Microplane con mangos de nogal, compuesto por el rallador liso y el rallador extra grueso. Este rallador est\u00e1 dise\u00f1ado para","breadcrumb":{"@id":"https:\/\/www.erresse-shop.it\/es\/shop\/cocina\/ralladores\/microplane-gourmet-set-de-rallador-con-guante-copia\/#breadcrumb"},"inLanguage":"es","potentialAction":[{"@type":"ReadAction","target":["https:\/\/www.erresse-shop.it\/es\/shop\/cocina\/ralladores\/microplane-gourmet-set-de-rallador-con-guante-copia\/"]}]},{"@type":"BreadcrumbList","@id":"https:\/\/www.erresse-shop.it\/es\/shop\/cocina\/ralladores\/microplane-gourmet-set-de-rallador-con-guante-copia\/#breadcrumb","itemListElement":[{"@type":"ListItem","position":1,"name":"Home","item":"https:\/\/www.erresse-shop.it\/es\/"},{"@type":"ListItem","position":2,"name":"Shop","item":"https:\/\/www.erresse-shop.it\/es\/shop\/"},{"@type":"ListItem","position":3,"name":"MICROPLANE Master Set de regalo"}]},{"@type":"WebSite","@id":"https:\/\/www.erresse-shop.it\/es\/#website","url":"https:\/\/www.erresse-shop.it\/es\/","name":"Erresse Shop","description":"Articoli di qualit\u00e0 per la casa","potentialAction":[{"@type":"SearchAction","target":{"@type":"EntryPoint","urlTemplate":"https:\/\/www.erresse-shop.it\/es\/?s={search_term_string}"},"query-input":"required name=search_term_string"}],"inLanguage":"es"}]}},"df_price":75,"df_sale_price":75,"df_regular_price":75,"df_image_link":"https:\/\/www.erresse-shop.it\/wp-content\/uploads\/2025\/03\/MICROPLANE-Master-Set-Regalo-300x300.jpg","_links":{"self":[{"href":"https:\/\/www.erresse-shop.it\/es\/wp-json\/wp\/v2\/product\/476944"}],"collection":[{"href":"https:\/\/www.erresse-shop.it\/es\/wp-json\/wp\/v2\/product"}],"about":[{"href":"https:\/\/www.erresse-shop.it\/es\/wp-json\/wp\/v2\/types\/product"}],"wp:featuredmedia":[{"embeddable":true,"href":"https:\/\/www.erresse-shop.it\/es\/wp-json\/wp\/v2\/media\/476968"}],"wp:attachment":[{"href":"https:\/\/www.erresse-shop.it\/es\/wp-json\/wp\/v2\/media?parent=476944"}],"wp:term":[{"taxonomy":"product_cat","embeddable":true,"href":"https:\/\/www.erresse-shop.it\/es\/wp-json\/wp\/v2\/product_cat?post=476944"},{"taxonomy":"product_tag","embeddable":true,"href":"https:\/\/www.erresse-shop.it\/es\/wp-json\/wp\/v2\/product_tag?post=476944"}],"curies":[{"name":"wp","href":"https:\/\/api.w.org\/{rel}","templated":true}]}}