{"id":476920,"date":"2025-03-12T14:03:58","date_gmt":"2025-03-12T14:04:12","guid":{"rendered":"https:\/\/www.erresse-shop.it\/?post_type=product&#038;p=476920"},"modified":"2025-03-12T14:21:42","modified_gmt":"2025-03-12T14:21:42","slug":"microplane-gourmet-rallador-estrella-negro-copia","status":"publish","type":"product","link":"https:\/\/www.erresse-shop.it\/es\/shop\/cocina\/ralladores\/microplane-gourmet-rallador-estrella-negro-copia\/","title":{"rendered":"MICROPLANE Gourmet Set de rallador con guante"},"content":{"rendered":"<p>Con la introducci\u00f3n de la serie Gourmet, se han satisfecho las necesidades de los chefs profesionales y aficionados en cuanto a la construcci\u00f3n y el dise\u00f1o de ralladores, mejorando a\u00fan m\u00e1s su funcionalidad. Con un dise\u00f1o elegante, los ralladores de la serie Gourmet ofrecen una base de goma antideslizante para una mayor estabilidad, un mango suave y agradable al tacto y una mayor superficie de rallado. Este dise\u00f1o permite trabajar en diagonal y, por otro lado, el rallador se sujeta con seguridad a cuencos, platos y ollas.<\/p>\n<p>El set consta de un rallador, un cortador de verduras y un guante de corte, presentado en una caja de regalo.<\/p>\n<p><strong>Rallador<\/strong><\/p>\n<p>Con las afiladas cuchillas fotograbadas del rallador, fabricado en EE. UU., alimentos como c\u00e1scaras de c\u00edtricos, chocolate, jengibre, nuez moscada, etc., se cortan con facilidad, precisi\u00f3n y sin desgarrarse.<\/p>\n<p><strong>Rebanador<\/strong><\/p>\n<p>El rebanador permite cortar patatas, calabacines, zanahorias, remolachas, cebollas, pepinos, r\u00e1banos, champi\u00f1ones o manzanas en rodajas fin\u00edsimas de aproximadamente 2 mil\u00edmetros de grosor.<\/p>\n<p><strong>Guante<\/strong><\/p>\n<p>El guante protector ofrece protecci\u00f3n y seguridad al trabajar con los afilados ralladores Microplane. Es apto tanto para diestros como para zurdos y se puede lavar higi\u00e9nicamente en la lavadora hasta 60 \u00b0C.<br \/>\nMicroplane &#8211; Serie Gourmet &#8211; Caracter\u00edsticas<\/p>\n<p><strong>Caracter\u00edsticas:<\/strong><\/p>\n<p>Cuchillas de acero inoxidable duraderas y afiladas &#8211; Fabricado en EE. UU.<br \/>\nAgarre ergon\u00f3mico y suave<br \/>\nPatas de pl\u00e1stico antirayaduras<br \/>\nApto para lavavajillas<br \/>\nF\u00e1cil de guardar: Incluye funda protectora reutilizable (no apto para lavavajillas).<\/p>\n","protected":false},"excerpt":{"rendered":"<p>Con la introducci\u00f3n de la serie Gourmet, se han satisfecho las necesidades de los chefs profesionales y aficionados en cuanto<\/p>\n","protected":false},"featured_media":476939,"template":"","meta":{"_acf_changed":false,"inline_featured_image":false},"product_cat":[16040,26039],"product_tag":[16136,19077,17245],"acf":[],"yoast_head":"<!-- This site is optimized with the Yoast SEO Premium plugin v18.6 (Yoast SEO v19.13) - https:\/\/yoast.com\/wordpress\/plugins\/seo\/ -->\n<title>MICROPLANE Gourmet Set de rallador con guante - Erresse Shop<\/title>\n<meta name=\"description\" content=\"Con la introducci\u00f3n de la serie Gourmet, se han satisfecho las necesidades de los chefs profesionales y aficionados en cuanto a la construcci\u00f3n y el\" \/>\n<meta name=\"robots\" content=\"index, follow, max-snippet:-1, max-image-preview:large, max-video-preview:-1\" \/>\n<link rel=\"canonical\" href=\"https:\/\/www.erresse-shop.it\/es\/shop\/cocina\/ralladores\/microplane-gourmet-rallador-estrella-negro-copia\/\" \/>\n<meta property=\"og:locale\" content=\"es_ES\" \/>\n<meta property=\"og:type\" content=\"article\" \/>\n<meta property=\"og:title\" content=\"MICROPLANE Gourmet Set de rallador con guante\" \/>\n<meta property=\"og:description\" content=\"Con la introducci\u00f3n de la serie Gourmet, se han satisfecho las necesidades de los chefs profesionales y aficionados en cuanto a la construcci\u00f3n y el\" \/>\n<meta property=\"og:url\" content=\"https:\/\/www.erresse-shop.it\/es\/shop\/cocina\/ralladores\/microplane-gourmet-rallador-estrella-negro-copia\/\" \/>\n<meta property=\"og:site_name\" content=\"Erresse Shop\" \/>\n<meta property=\"article:modified_time\" content=\"2025-03-12T14:21:42+00:00\" \/>\n<meta property=\"og:image\" content=\"https:\/\/www.erresse-shop.it\/wp-content\/uploads\/2025\/03\/MICROPLANE-Gourmet-Set-Grattugia-con-Guanto.jpg\" \/>\n\t<meta property=\"og:image:width\" content=\"1200\" \/>\n\t<meta property=\"og:image:height\" content=\"1200\" \/>\n\t<meta property=\"og:image:type\" content=\"image\/jpeg\" \/>\n<meta name=\"twitter:card\" content=\"summary_large_image\" \/>\n<script type=\"application\/ld+json\" class=\"yoast-schema-graph\">{\"@context\":\"https:\/\/schema.org\",\"@graph\":[{\"@type\":\"WebPage\",\"@id\":\"https:\/\/www.erresse-shop.it\/es\/shop\/cocina\/ralladores\/microplane-gourmet-rallador-estrella-negro-copia\/\",\"url\":\"https:\/\/www.erresse-shop.it\/es\/shop\/cocina\/ralladores\/microplane-gourmet-rallador-estrella-negro-copia\/\",\"name\":\"MICROPLANE Gourmet Set de rallador con guante - Erresse Shop\",\"isPartOf\":{\"@id\":\"https:\/\/www.erresse-shop.it\/es\/#website\"},\"datePublished\":\"2025-03-12T14:04:12+00:00\",\"dateModified\":\"2025-03-12T14:21:42+00:00\",\"description\":\"Con la introducci\u00f3n de la serie Gourmet, se han satisfecho las necesidades de los chefs profesionales y aficionados en cuanto a la construcci\u00f3n y el\",\"breadcrumb\":{\"@id\":\"https:\/\/www.erresse-shop.it\/es\/shop\/cocina\/ralladores\/microplane-gourmet-rallador-estrella-negro-copia\/#breadcrumb\"},\"inLanguage\":\"es\",\"potentialAction\":[{\"@type\":\"ReadAction\",\"target\":[\"https:\/\/www.erresse-shop.it\/es\/shop\/cocina\/ralladores\/microplane-gourmet-rallador-estrella-negro-copia\/\"]}]},{\"@type\":\"BreadcrumbList\",\"@id\":\"https:\/\/www.erresse-shop.it\/es\/shop\/cocina\/ralladores\/microplane-gourmet-rallador-estrella-negro-copia\/#breadcrumb\",\"itemListElement\":[{\"@type\":\"ListItem\",\"position\":1,\"name\":\"Home\",\"item\":\"https:\/\/www.erresse-shop.it\/es\/\"},{\"@type\":\"ListItem\",\"position\":2,\"name\":\"Shop\",\"item\":\"https:\/\/www.erresse-shop.it\/es\/shop\/\"},{\"@type\":\"ListItem\",\"position\":3,\"name\":\"MICROPLANE Gourmet Set de rallador con guante\"}]},{\"@type\":\"WebSite\",\"@id\":\"https:\/\/www.erresse-shop.it\/es\/#website\",\"url\":\"https:\/\/www.erresse-shop.it\/es\/\",\"name\":\"Erresse Shop\",\"description\":\"Articoli di qualit\u00e0 per la casa\",\"potentialAction\":[{\"@type\":\"SearchAction\",\"target\":{\"@type\":\"EntryPoint\",\"urlTemplate\":\"https:\/\/www.erresse-shop.it\/es\/?s={search_term_string}\"},\"query-input\":\"required name=search_term_string\"}],\"inLanguage\":\"es\"}]}<\/script>\n<!-- \/ Yoast SEO Premium plugin. -->","yoast_head_json":{"title":"MICROPLANE Gourmet Set de rallador con guante - Erresse Shop","description":"Con la introducci\u00f3n de la serie Gourmet, se han satisfecho las necesidades de los chefs profesionales y aficionados en cuanto a la construcci\u00f3n y el","robots":{"index":"index","follow":"follow","max-snippet":"max-snippet:-1","max-image-preview":"max-image-preview:large","max-video-preview":"max-video-preview:-1"},"canonical":"https:\/\/www.erresse-shop.it\/es\/shop\/cocina\/ralladores\/microplane-gourmet-rallador-estrella-negro-copia\/","og_locale":"es_ES","og_type":"article","og_title":"MICROPLANE Gourmet Set de rallador con guante","og_description":"Con la introducci\u00f3n de la serie Gourmet, se han satisfecho las necesidades de los chefs profesionales y aficionados en cuanto a la construcci\u00f3n y el","og_url":"https:\/\/www.erresse-shop.it\/es\/shop\/cocina\/ralladores\/microplane-gourmet-rallador-estrella-negro-copia\/","og_site_name":"Erresse Shop","article_modified_time":"2025-03-12T14:21:42+00:00","og_image":[{"width":1200,"height":1200,"url":"https:\/\/www.erresse-shop.it\/wp-content\/uploads\/2025\/03\/MICROPLANE-Gourmet-Set-Grattugia-con-Guanto.jpg","type":"image\/jpeg"}],"twitter_card":"summary_large_image","schema":{"@context":"https:\/\/schema.org","@graph":[{"@type":"WebPage","@id":"https:\/\/www.erresse-shop.it\/es\/shop\/cocina\/ralladores\/microplane-gourmet-rallador-estrella-negro-copia\/","url":"https:\/\/www.erresse-shop.it\/es\/shop\/cocina\/ralladores\/microplane-gourmet-rallador-estrella-negro-copia\/","name":"MICROPLANE Gourmet Set de rallador con guante - Erresse Shop","isPartOf":{"@id":"https:\/\/www.erresse-shop.it\/es\/#website"},"datePublished":"2025-03-12T14:04:12+00:00","dateModified":"2025-03-12T14:21:42+00:00","description":"Con la introducci\u00f3n de la serie Gourmet, se han satisfecho las necesidades de los chefs profesionales y aficionados en cuanto a la construcci\u00f3n y el","breadcrumb":{"@id":"https:\/\/www.erresse-shop.it\/es\/shop\/cocina\/ralladores\/microplane-gourmet-rallador-estrella-negro-copia\/#breadcrumb"},"inLanguage":"es","potentialAction":[{"@type":"ReadAction","target":["https:\/\/www.erresse-shop.it\/es\/shop\/cocina\/ralladores\/microplane-gourmet-rallador-estrella-negro-copia\/"]}]},{"@type":"BreadcrumbList","@id":"https:\/\/www.erresse-shop.it\/es\/shop\/cocina\/ralladores\/microplane-gourmet-rallador-estrella-negro-copia\/#breadcrumb","itemListElement":[{"@type":"ListItem","position":1,"name":"Home","item":"https:\/\/www.erresse-shop.it\/es\/"},{"@type":"ListItem","position":2,"name":"Shop","item":"https:\/\/www.erresse-shop.it\/es\/shop\/"},{"@type":"ListItem","position":3,"name":"MICROPLANE Gourmet Set de rallador con guante"}]},{"@type":"WebSite","@id":"https:\/\/www.erresse-shop.it\/es\/#website","url":"https:\/\/www.erresse-shop.it\/es\/","name":"Erresse Shop","description":"Articoli di qualit\u00e0 per la casa","potentialAction":[{"@type":"SearchAction","target":{"@type":"EntryPoint","urlTemplate":"https:\/\/www.erresse-shop.it\/es\/?s={search_term_string}"},"query-input":"required name=search_term_string"}],"inLanguage":"es"}]}},"df_price":60,"df_sale_price":60,"df_regular_price":60,"df_image_link":"https:\/\/www.erresse-shop.it\/wp-content\/uploads\/2025\/03\/MICROPLANE-Gourmet-Set-Grattugia-con-Guanto-300x300.jpg","_links":{"self":[{"href":"https:\/\/www.erresse-shop.it\/es\/wp-json\/wp\/v2\/product\/476920"}],"collection":[{"href":"https:\/\/www.erresse-shop.it\/es\/wp-json\/wp\/v2\/product"}],"about":[{"href":"https:\/\/www.erresse-shop.it\/es\/wp-json\/wp\/v2\/types\/product"}],"wp:featuredmedia":[{"embeddable":true,"href":"https:\/\/www.erresse-shop.it\/es\/wp-json\/wp\/v2\/media\/476939"}],"wp:attachment":[{"href":"https:\/\/www.erresse-shop.it\/es\/wp-json\/wp\/v2\/media?parent=476920"}],"wp:term":[{"taxonomy":"product_cat","embeddable":true,"href":"https:\/\/www.erresse-shop.it\/es\/wp-json\/wp\/v2\/product_cat?post=476920"},{"taxonomy":"product_tag","embeddable":true,"href":"https:\/\/www.erresse-shop.it\/es\/wp-json\/wp\/v2\/product_tag?post=476920"}],"curies":[{"name":"wp","href":"https:\/\/api.w.org\/{rel}","templated":true}]}}