{"id":476807,"date":"2025-03-12T11:42:20","date_gmt":"2025-03-12T11:42:24","guid":{"rendered":"https:\/\/www.erresse-shop.it\/?post_type=product&#038;p=476807"},"modified":"2026-02-23T09:00:46","modified_gmt":"2026-02-23T09:00:46","slug":"microplane-premium-classic-rallador-gris-oscuro","status":"publish","type":"product","link":"https:\/\/www.erresse-shop.it\/es\/shop\/cocina\/ralladores\/microplane-premium-classic-rallador-gris-oscuro\/","title":{"rendered":"MICROPLANE Premium Classic Rallador Gris oscuro"},"content":{"rendered":"<p>Descubre el ingrediente secreto de un plato perfecto con el Rallador Cl\u00e1sico Premium de Microplane. Dise\u00f1ado tanto para chefs profesionales como para aficionados, este vers\u00e1til utensilio de cocina combina rallar y triturar f\u00e1cilmente para realzar tus creaciones culinarias.<\/p>\n<p><strong>Caracter\u00edsticas:<\/strong><\/p>\n<ul>\n<li><strong>Dise\u00f1o ergon\u00f3mico<\/strong>: Experimente una comodidad inigualable con nuestro mango suave al tacto, dise\u00f1ado para brindar estabilidad y agarre, garantizando un control preciso y seguro.<\/li>\n<li><strong>Artesan\u00eda premium<\/strong>: Fabricado en acero inoxidable duradero, nuestro rallador promete un filo duradero para rallar y desmenuzar incluso el Parmigiano Reggiano m\u00e1s duro en hebras finas y esponjosas.<\/li>\n<li><strong>Uso vers\u00e1til<\/strong>: Ya sea para agregar un toque c\u00edtrico a sus postres con lim\u00f3n o para cubrir su plato de pasta favorito con queso reci\u00e9n rallado, nuestro rallador ser\u00e1 su compa\u00f1ero de cocina favorito.<\/li>\n<li><strong>Almacenamiento seguro<\/strong>: Cada rallador Microplane Premium Classic viene con una funda protectora reutilizable, lo que garantiza un almacenamiento seguro y mantiene el filo de la cuchilla.<\/li>\n<\/ul>\n<p><strong>\u00bfPor qu\u00e9 elegir el rallador Microplane Premium Classic?<\/strong><\/p>\n<p>Nuestra l\u00ednea Premium Classic Mejora el Rallador Cl\u00e1sico a\u00f1adiendo funciones intuitivas sin comprometer la eficiencia superior de rallado y exprimido por la que Microplane es conocido. Las pesta\u00f1as antirayaduras protegen las superficies y permiten un rallado uniforme en tazones y platos.<\/p>\n<p>Perfecto para convertir queso duro en delicadas guarniciones o para infundir sus platos con el aroma de los c\u00edtricos, el <strong>Rallador Cl\u00e1sico Premium de Microplane<\/strong> es una herramienta indispensable en su arsenal culinario.<\/p>\n<p><strong>Detalles del producto:<\/strong><\/p>\n<ul>\n<li>Dimensiones: 32 x 3,5 x 3 cm<\/li>\n<li>Funda protectora reutilizable incluida<\/li>\n<li>Patas de goma para mayor estabilidad<\/li>\n<li>Mango ergon\u00f3mico suave al tacto<\/li>\n<li>Materiales: Hoja de acero inoxidable de grado quir\u00fargico. Mango de pl\u00e1stico TPE<\/li>\n<li>Hoja fabricada en EE. UU., ensamblada en M\u00e9xico.<\/li>\n<\/ul>\n","protected":false},"excerpt":{"rendered":"<p>Descubre el ingrediente secreto de un plato perfecto con el Rallador Cl\u00e1sico Premium de Microplane. Dise\u00f1ado tanto para chefs profesionales<\/p>\n","protected":false},"featured_media":476825,"template":"","meta":{"_acf_changed":false,"inline_featured_image":false},"product_cat":[16040,26039],"product_tag":[16136,19077,17245],"acf":[],"yoast_head":"<!-- This site is optimized with the Yoast SEO Premium plugin v18.6 (Yoast SEO v19.13) - https:\/\/yoast.com\/wordpress\/plugins\/seo\/ -->\n<title>MICROPLANE Premium Classic Rallador Gris oscuro - Erresse Shop<\/title>\n<meta name=\"description\" content=\"Descubre el ingrediente secreto de un plato perfecto con el Rallador Cl\u00e1sico Premium de Microplane. Dise\u00f1ado tanto para chefs profesionales como para\" \/>\n<meta name=\"robots\" content=\"index, follow, max-snippet:-1, max-image-preview:large, max-video-preview:-1\" \/>\n<link rel=\"canonical\" href=\"https:\/\/www.erresse-shop.it\/es\/shop\/cocina\/ralladores\/microplane-premium-classic-rallador-gris-oscuro\/\" \/>\n<meta property=\"og:locale\" content=\"es_ES\" \/>\n<meta property=\"og:type\" content=\"article\" \/>\n<meta property=\"og:title\" content=\"MICROPLANE Premium Classic Rallador Gris oscuro\" \/>\n<meta property=\"og:description\" content=\"Descubre el ingrediente secreto de un plato perfecto con el Rallador Cl\u00e1sico Premium de Microplane. Dise\u00f1ado tanto para chefs profesionales como para\" \/>\n<meta property=\"og:url\" content=\"https:\/\/www.erresse-shop.it\/es\/shop\/cocina\/ralladores\/microplane-premium-classic-rallador-gris-oscuro\/\" \/>\n<meta property=\"og:site_name\" content=\"Erresse Shop\" \/>\n<meta property=\"article:modified_time\" content=\"2026-02-23T09:00:46+00:00\" \/>\n<meta property=\"og:image\" content=\"https:\/\/www.erresse-shop.it\/wp-content\/uploads\/2025\/03\/MICROPLANE-Premium-Classic-Grattugia-Grigio-Scuro.jpg\" \/>\n\t<meta property=\"og:image:width\" content=\"1200\" \/>\n\t<meta property=\"og:image:height\" content=\"1200\" \/>\n\t<meta property=\"og:image:type\" content=\"image\/jpeg\" \/>\n<meta name=\"twitter:card\" content=\"summary_large_image\" \/>\n<script type=\"application\/ld+json\" class=\"yoast-schema-graph\">{\"@context\":\"https:\/\/schema.org\",\"@graph\":[{\"@type\":\"WebPage\",\"@id\":\"https:\/\/www.erresse-shop.it\/es\/shop\/cocina\/ralladores\/microplane-premium-classic-rallador-gris-oscuro\/\",\"url\":\"https:\/\/www.erresse-shop.it\/es\/shop\/cocina\/ralladores\/microplane-premium-classic-rallador-gris-oscuro\/\",\"name\":\"MICROPLANE Premium Classic Rallador Gris oscuro - Erresse Shop\",\"isPartOf\":{\"@id\":\"https:\/\/www.erresse-shop.it\/es\/#website\"},\"datePublished\":\"2025-03-12T11:42:24+00:00\",\"dateModified\":\"2026-02-23T09:00:46+00:00\",\"description\":\"Descubre el ingrediente secreto de un plato perfecto con el Rallador Cl\u00e1sico Premium de Microplane. Dise\u00f1ado tanto para chefs profesionales como para\",\"breadcrumb\":{\"@id\":\"https:\/\/www.erresse-shop.it\/es\/shop\/cocina\/ralladores\/microplane-premium-classic-rallador-gris-oscuro\/#breadcrumb\"},\"inLanguage\":\"es\",\"potentialAction\":[{\"@type\":\"ReadAction\",\"target\":[\"https:\/\/www.erresse-shop.it\/es\/shop\/cocina\/ralladores\/microplane-premium-classic-rallador-gris-oscuro\/\"]}]},{\"@type\":\"BreadcrumbList\",\"@id\":\"https:\/\/www.erresse-shop.it\/es\/shop\/cocina\/ralladores\/microplane-premium-classic-rallador-gris-oscuro\/#breadcrumb\",\"itemListElement\":[{\"@type\":\"ListItem\",\"position\":1,\"name\":\"Home\",\"item\":\"https:\/\/www.erresse-shop.it\/es\/\"},{\"@type\":\"ListItem\",\"position\":2,\"name\":\"Shop\",\"item\":\"https:\/\/www.erresse-shop.it\/es\/shop\/\"},{\"@type\":\"ListItem\",\"position\":3,\"name\":\"MICROPLANE Premium Classic Rallador Gris oscuro\"}]},{\"@type\":\"WebSite\",\"@id\":\"https:\/\/www.erresse-shop.it\/es\/#website\",\"url\":\"https:\/\/www.erresse-shop.it\/es\/\",\"name\":\"Erresse Shop\",\"description\":\"Articoli di qualit\u00e0 per la casa\",\"potentialAction\":[{\"@type\":\"SearchAction\",\"target\":{\"@type\":\"EntryPoint\",\"urlTemplate\":\"https:\/\/www.erresse-shop.it\/es\/?s={search_term_string}\"},\"query-input\":\"required name=search_term_string\"}],\"inLanguage\":\"es\"}]}<\/script>\n<!-- \/ Yoast SEO Premium plugin. -->","yoast_head_json":{"title":"MICROPLANE Premium Classic Rallador Gris oscuro - Erresse Shop","description":"Descubre el ingrediente secreto de un plato perfecto con el Rallador Cl\u00e1sico Premium de Microplane. Dise\u00f1ado tanto para chefs profesionales como para","robots":{"index":"index","follow":"follow","max-snippet":"max-snippet:-1","max-image-preview":"max-image-preview:large","max-video-preview":"max-video-preview:-1"},"canonical":"https:\/\/www.erresse-shop.it\/es\/shop\/cocina\/ralladores\/microplane-premium-classic-rallador-gris-oscuro\/","og_locale":"es_ES","og_type":"article","og_title":"MICROPLANE Premium Classic Rallador Gris oscuro","og_description":"Descubre el ingrediente secreto de un plato perfecto con el Rallador Cl\u00e1sico Premium de Microplane. Dise\u00f1ado tanto para chefs profesionales como para","og_url":"https:\/\/www.erresse-shop.it\/es\/shop\/cocina\/ralladores\/microplane-premium-classic-rallador-gris-oscuro\/","og_site_name":"Erresse Shop","article_modified_time":"2026-02-23T09:00:46+00:00","og_image":[{"width":1200,"height":1200,"url":"https:\/\/www.erresse-shop.it\/wp-content\/uploads\/2025\/03\/MICROPLANE-Premium-Classic-Grattugia-Grigio-Scuro.jpg","type":"image\/jpeg"}],"twitter_card":"summary_large_image","schema":{"@context":"https:\/\/schema.org","@graph":[{"@type":"WebPage","@id":"https:\/\/www.erresse-shop.it\/es\/shop\/cocina\/ralladores\/microplane-premium-classic-rallador-gris-oscuro\/","url":"https:\/\/www.erresse-shop.it\/es\/shop\/cocina\/ralladores\/microplane-premium-classic-rallador-gris-oscuro\/","name":"MICROPLANE Premium Classic Rallador Gris oscuro - Erresse Shop","isPartOf":{"@id":"https:\/\/www.erresse-shop.it\/es\/#website"},"datePublished":"2025-03-12T11:42:24+00:00","dateModified":"2026-02-23T09:00:46+00:00","description":"Descubre el ingrediente secreto de un plato perfecto con el Rallador Cl\u00e1sico Premium de Microplane. Dise\u00f1ado tanto para chefs profesionales como para","breadcrumb":{"@id":"https:\/\/www.erresse-shop.it\/es\/shop\/cocina\/ralladores\/microplane-premium-classic-rallador-gris-oscuro\/#breadcrumb"},"inLanguage":"es","potentialAction":[{"@type":"ReadAction","target":["https:\/\/www.erresse-shop.it\/es\/shop\/cocina\/ralladores\/microplane-premium-classic-rallador-gris-oscuro\/"]}]},{"@type":"BreadcrumbList","@id":"https:\/\/www.erresse-shop.it\/es\/shop\/cocina\/ralladores\/microplane-premium-classic-rallador-gris-oscuro\/#breadcrumb","itemListElement":[{"@type":"ListItem","position":1,"name":"Home","item":"https:\/\/www.erresse-shop.it\/es\/"},{"@type":"ListItem","position":2,"name":"Shop","item":"https:\/\/www.erresse-shop.it\/es\/shop\/"},{"@type":"ListItem","position":3,"name":"MICROPLANE Premium Classic Rallador Gris oscuro"}]},{"@type":"WebSite","@id":"https:\/\/www.erresse-shop.it\/es\/#website","url":"https:\/\/www.erresse-shop.it\/es\/","name":"Erresse Shop","description":"Articoli di qualit\u00e0 per la casa","potentialAction":[{"@type":"SearchAction","target":{"@type":"EntryPoint","urlTemplate":"https:\/\/www.erresse-shop.it\/es\/?s={search_term_string}"},"query-input":"required name=search_term_string"}],"inLanguage":"es"}]}},"df_price":14.95,"df_sale_price":14.95,"df_regular_price":17.99,"df_image_link":"https:\/\/www.erresse-shop.it\/wp-content\/uploads\/2025\/03\/MICROPLANE-Premium-Classic-Grattugia-Grigio-Scuro-300x300.jpg","_links":{"self":[{"href":"https:\/\/www.erresse-shop.it\/es\/wp-json\/wp\/v2\/product\/476807"}],"collection":[{"href":"https:\/\/www.erresse-shop.it\/es\/wp-json\/wp\/v2\/product"}],"about":[{"href":"https:\/\/www.erresse-shop.it\/es\/wp-json\/wp\/v2\/types\/product"}],"wp:featuredmedia":[{"embeddable":true,"href":"https:\/\/www.erresse-shop.it\/es\/wp-json\/wp\/v2\/media\/476825"}],"wp:attachment":[{"href":"https:\/\/www.erresse-shop.it\/es\/wp-json\/wp\/v2\/media?parent=476807"}],"wp:term":[{"taxonomy":"product_cat","embeddable":true,"href":"https:\/\/www.erresse-shop.it\/es\/wp-json\/wp\/v2\/product_cat?post=476807"},{"taxonomy":"product_tag","embeddable":true,"href":"https:\/\/www.erresse-shop.it\/es\/wp-json\/wp\/v2\/product_tag?post=476807"}],"curies":[{"name":"wp","href":"https:\/\/api.w.org\/{rel}","templated":true}]}}