{"id":476688,"date":"2025-03-12T10:26:08","date_gmt":"2025-03-12T10:26:11","guid":{"rendered":"https:\/\/www.erresse-shop.it\/?post_type=product&#038;p=476688"},"modified":"2025-03-12T10:38:42","modified_gmt":"2025-03-12T10:38:42","slug":"zwilling-set-de-7-selladores-al-vacio-de-plastico-fresh-save-la-mer-copia-2","status":"publish","type":"product","link":"https:\/\/www.erresse-shop.it\/es\/shop\/cocina\/vacio\/zwilling-set-de-7-selladores-al-vacio-de-plastico-fresh-save-la-mer-copia-2\/","title":{"rendered":"ZWILLING Fresh &#038; Save Set de envasado al vac\u00edo de vidrio 7 piezas"},"content":{"rendered":"<p><span class=\"a-list-item\"><strong>La selladora al vac\u00edo Zwilling:<\/strong> Los alimentos se mantienen frescos hasta 5 veces m\u00e1s tiempo que con el almacenamiento convencional, y con la tecnolog\u00eda FRESH &amp; AHORRA, se conservan sabores y nutrientes. De esta manera, no s\u00f3lo ahorras tiempo y dinero, sino que tambi\u00e9n evitas el desperdicio de alimentos.<\/p>\n<p><span class=\"a-list-item\"><strong>Frescura con envasado al vac\u00edo<\/strong>: Al presionar el bot\u00f3n, la bomba de vac\u00edo FRESH &amp; comienza a sellar los alimentos. AHORRO, c\u00f3modo y sin cables, aspira el aire del recipiente o bolsa en tan solo unos segundos. El dispositivo se detiene autom\u00e1ticamente tan pronto como se extrae la cantidad adecuada de aire.<\/p>\n<p><span class=\"a-list-item\"><strong>Envases al vac\u00edo:<\/strong> Envases frescos y al vac\u00edo SAVE, irrompibles y fabricados en pl\u00e1stico libre de BPA, son extremadamente vers\u00e1tiles. Ya sea que los uses en el microondas, el congelador o el refrigerador, estos recipientes livianos nunca te decepcionar\u00e1n y son aptos para lavavajillas.<\/p>\n<p><span class=\"a-list-item\"><strong>Bolsas de vac\u00edo que ahorran espacio:<\/strong> Los alimentos se pueden almacenar herm\u00e9ticamente en el congelador y el refrigerador gracias a la funci\u00f3n de cierre herm\u00e9tico de las duraderas bolsas FRESH &amp; AHORRAR. Las bolsas reutilizables que conservan la frescura, que incluyen un accesorio para marinar, son ideales para cocinar al vac\u00edo y marinar.<\/p>\n<p><strong><span class=\"a-list-item\">CONTENIDO DEL PAQUETE:<\/span><\/strong><\/p>\n<ul>\n<li><span class=\"a-list-item\">1 bomba de vac\u00edo (\u00d8 4,5 cm, H 19,5 cm)<\/span><\/li>\n<li><span class=\"a-list-item\">1 recipiente al vac\u00edo, en vidrio de borosilicato, tama\u00f1o L (2,3 L, 22 x 15 x 12 cm), <\/span><\/li>\n<li><span class=\"a-list-item\">2 bolsas de vac\u00edo, tama\u00f1o S (1,25 L, 23 x 20 cm),<\/span><\/li>\n<li><span class=\"a-list-item\">2 bolsas de vac\u00edo, tama\u00f1o M (4 L, 35 x 26 cm),<\/span><\/li>\n<li><span class=\"a-list-item\">1 bolsa de vac\u00edo, tama\u00f1o L (8,5 L, 49 x 30 cm), incluye cierre y accesorio para marinar<\/span><\/li>\n<\/ul>\n<p><span class=\"a-list-item\">Los alimentos se mantienen frescos por m\u00e1s tiempo gracias a la funci\u00f3n de vac\u00edo<\/span><\/p>\n<p><span class=\"a-list-item\">Seguimiento sencillo de la vida \u00fatil de los alimentos mediante c\u00f3digo QR y aplicaci\u00f3n<\/span><\/p>\n","protected":false},"excerpt":{"rendered":"<p>La selladora al vac\u00edo Zwilling: Los alimentos se mantienen frescos hasta 5 veces m\u00e1s tiempo que con el almacenamiento convencional,<\/p>\n","protected":false},"featured_media":476720,"template":"","meta":{"_acf_changed":false,"inline_featured_image":false},"product_cat":[16040,26044],"product_tag":[],"acf":[],"yoast_head":"<!-- This site is optimized with the Yoast SEO Premium plugin v18.6 (Yoast SEO v19.13) - https:\/\/yoast.com\/wordpress\/plugins\/seo\/ -->\n<title>ZWILLING Fresh &amp; Save Set de envasado al vac\u00edo de vidrio 7 piezas - Erresse Shop<\/title>\n<meta name=\"description\" content=\"La selladora al vac\u00edo Zwilling: Los alimentos se mantienen frescos hasta 5 veces m\u00e1s tiempo que con el almacenamiento convencional, y con la tecnolog\u00eda\" \/>\n<meta name=\"robots\" content=\"index, follow, max-snippet:-1, max-image-preview:large, max-video-preview:-1\" \/>\n<link rel=\"canonical\" href=\"https:\/\/www.erresse-shop.it\/es\/shop\/cocina\/vacio\/zwilling-set-de-7-selladores-al-vacio-de-plastico-fresh-save-la-mer-copia-2\/\" \/>\n<meta property=\"og:locale\" content=\"es_ES\" \/>\n<meta property=\"og:type\" content=\"article\" \/>\n<meta property=\"og:title\" content=\"ZWILLING Fresh &amp; Save Set de envasado al vac\u00edo de vidrio 7 piezas\" \/>\n<meta property=\"og:description\" content=\"La selladora al vac\u00edo Zwilling: Los alimentos se mantienen frescos hasta 5 veces m\u00e1s tiempo que con el almacenamiento convencional, y con la tecnolog\u00eda\" \/>\n<meta property=\"og:url\" content=\"https:\/\/www.erresse-shop.it\/es\/shop\/cocina\/vacio\/zwilling-set-de-7-selladores-al-vacio-de-plastico-fresh-save-la-mer-copia-2\/\" \/>\n<meta property=\"og:site_name\" content=\"Erresse Shop\" \/>\n<meta property=\"article:modified_time\" content=\"2025-03-12T10:38:42+00:00\" \/>\n<meta property=\"og:image\" content=\"https:\/\/www.erresse-shop.it\/wp-content\/uploads\/2025\/03\/ZWILLING-Set-Sottovuoto-Fresh-Save-in-Vetro-7-Pezzi-La-Mer.jpg\" \/>\n\t<meta property=\"og:image:width\" content=\"1200\" \/>\n\t<meta property=\"og:image:height\" content=\"1200\" \/>\n\t<meta property=\"og:image:type\" content=\"image\/jpeg\" \/>\n<meta name=\"twitter:card\" content=\"summary_large_image\" \/>\n<script type=\"application\/ld+json\" class=\"yoast-schema-graph\">{\"@context\":\"https:\/\/schema.org\",\"@graph\":[{\"@type\":\"WebPage\",\"@id\":\"https:\/\/www.erresse-shop.it\/es\/shop\/cocina\/vacio\/zwilling-set-de-7-selladores-al-vacio-de-plastico-fresh-save-la-mer-copia-2\/\",\"url\":\"https:\/\/www.erresse-shop.it\/es\/shop\/cocina\/vacio\/zwilling-set-de-7-selladores-al-vacio-de-plastico-fresh-save-la-mer-copia-2\/\",\"name\":\"ZWILLING Fresh & Save Set de envasado al vac\u00edo de vidrio 7 piezas - Erresse Shop\",\"isPartOf\":{\"@id\":\"https:\/\/www.erresse-shop.it\/es\/#website\"},\"datePublished\":\"2025-03-12T10:26:11+00:00\",\"dateModified\":\"2025-03-12T10:38:42+00:00\",\"description\":\"La selladora al vac\u00edo Zwilling: Los alimentos se mantienen frescos hasta 5 veces m\u00e1s tiempo que con el almacenamiento convencional, y con la tecnolog\u00eda\",\"breadcrumb\":{\"@id\":\"https:\/\/www.erresse-shop.it\/es\/shop\/cocina\/vacio\/zwilling-set-de-7-selladores-al-vacio-de-plastico-fresh-save-la-mer-copia-2\/#breadcrumb\"},\"inLanguage\":\"es\",\"potentialAction\":[{\"@type\":\"ReadAction\",\"target\":[\"https:\/\/www.erresse-shop.it\/es\/shop\/cocina\/vacio\/zwilling-set-de-7-selladores-al-vacio-de-plastico-fresh-save-la-mer-copia-2\/\"]}]},{\"@type\":\"BreadcrumbList\",\"@id\":\"https:\/\/www.erresse-shop.it\/es\/shop\/cocina\/vacio\/zwilling-set-de-7-selladores-al-vacio-de-plastico-fresh-save-la-mer-copia-2\/#breadcrumb\",\"itemListElement\":[{\"@type\":\"ListItem\",\"position\":1,\"name\":\"Home\",\"item\":\"https:\/\/www.erresse-shop.it\/es\/\"},{\"@type\":\"ListItem\",\"position\":2,\"name\":\"Shop\",\"item\":\"https:\/\/www.erresse-shop.it\/es\/shop\/\"},{\"@type\":\"ListItem\",\"position\":3,\"name\":\"ZWILLING Fresh &#038; Save Set de envasado al vac\u00edo de vidrio 7 piezas\"}]},{\"@type\":\"WebSite\",\"@id\":\"https:\/\/www.erresse-shop.it\/es\/#website\",\"url\":\"https:\/\/www.erresse-shop.it\/es\/\",\"name\":\"Erresse Shop\",\"description\":\"Articoli di qualit\u00e0 per la casa\",\"potentialAction\":[{\"@type\":\"SearchAction\",\"target\":{\"@type\":\"EntryPoint\",\"urlTemplate\":\"https:\/\/www.erresse-shop.it\/es\/?s={search_term_string}\"},\"query-input\":\"required name=search_term_string\"}],\"inLanguage\":\"es\"}]}<\/script>\n<!-- \/ Yoast SEO Premium plugin. -->","yoast_head_json":{"title":"ZWILLING Fresh & Save Set de envasado al vac\u00edo de vidrio 7 piezas - Erresse Shop","description":"La selladora al vac\u00edo Zwilling: Los alimentos se mantienen frescos hasta 5 veces m\u00e1s tiempo que con el almacenamiento convencional, y con la tecnolog\u00eda","robots":{"index":"index","follow":"follow","max-snippet":"max-snippet:-1","max-image-preview":"max-image-preview:large","max-video-preview":"max-video-preview:-1"},"canonical":"https:\/\/www.erresse-shop.it\/es\/shop\/cocina\/vacio\/zwilling-set-de-7-selladores-al-vacio-de-plastico-fresh-save-la-mer-copia-2\/","og_locale":"es_ES","og_type":"article","og_title":"ZWILLING Fresh & Save Set de envasado al vac\u00edo de vidrio 7 piezas","og_description":"La selladora al vac\u00edo Zwilling: Los alimentos se mantienen frescos hasta 5 veces m\u00e1s tiempo que con el almacenamiento convencional, y con la tecnolog\u00eda","og_url":"https:\/\/www.erresse-shop.it\/es\/shop\/cocina\/vacio\/zwilling-set-de-7-selladores-al-vacio-de-plastico-fresh-save-la-mer-copia-2\/","og_site_name":"Erresse Shop","article_modified_time":"2025-03-12T10:38:42+00:00","og_image":[{"width":1200,"height":1200,"url":"https:\/\/www.erresse-shop.it\/wp-content\/uploads\/2025\/03\/ZWILLING-Set-Sottovuoto-Fresh-Save-in-Vetro-7-Pezzi-La-Mer.jpg","type":"image\/jpeg"}],"twitter_card":"summary_large_image","schema":{"@context":"https:\/\/schema.org","@graph":[{"@type":"WebPage","@id":"https:\/\/www.erresse-shop.it\/es\/shop\/cocina\/vacio\/zwilling-set-de-7-selladores-al-vacio-de-plastico-fresh-save-la-mer-copia-2\/","url":"https:\/\/www.erresse-shop.it\/es\/shop\/cocina\/vacio\/zwilling-set-de-7-selladores-al-vacio-de-plastico-fresh-save-la-mer-copia-2\/","name":"ZWILLING Fresh & Save Set de envasado al vac\u00edo de vidrio 7 piezas - Erresse Shop","isPartOf":{"@id":"https:\/\/www.erresse-shop.it\/es\/#website"},"datePublished":"2025-03-12T10:26:11+00:00","dateModified":"2025-03-12T10:38:42+00:00","description":"La selladora al vac\u00edo Zwilling: Los alimentos se mantienen frescos hasta 5 veces m\u00e1s tiempo que con el almacenamiento convencional, y con la tecnolog\u00eda","breadcrumb":{"@id":"https:\/\/www.erresse-shop.it\/es\/shop\/cocina\/vacio\/zwilling-set-de-7-selladores-al-vacio-de-plastico-fresh-save-la-mer-copia-2\/#breadcrumb"},"inLanguage":"es","potentialAction":[{"@type":"ReadAction","target":["https:\/\/www.erresse-shop.it\/es\/shop\/cocina\/vacio\/zwilling-set-de-7-selladores-al-vacio-de-plastico-fresh-save-la-mer-copia-2\/"]}]},{"@type":"BreadcrumbList","@id":"https:\/\/www.erresse-shop.it\/es\/shop\/cocina\/vacio\/zwilling-set-de-7-selladores-al-vacio-de-plastico-fresh-save-la-mer-copia-2\/#breadcrumb","itemListElement":[{"@type":"ListItem","position":1,"name":"Home","item":"https:\/\/www.erresse-shop.it\/es\/"},{"@type":"ListItem","position":2,"name":"Shop","item":"https:\/\/www.erresse-shop.it\/es\/shop\/"},{"@type":"ListItem","position":3,"name":"ZWILLING Fresh &#038; Save Set de envasado al vac\u00edo de vidrio 7 piezas"}]},{"@type":"WebSite","@id":"https:\/\/www.erresse-shop.it\/es\/#website","url":"https:\/\/www.erresse-shop.it\/es\/","name":"Erresse Shop","description":"Articoli di qualit\u00e0 per la casa","potentialAction":[{"@type":"SearchAction","target":{"@type":"EntryPoint","urlTemplate":"https:\/\/www.erresse-shop.it\/es\/?s={search_term_string}"},"query-input":"required name=search_term_string"}],"inLanguage":"es"}]}},"df_price":37.5,"df_sale_price":37.5,"df_regular_price":75,"df_image_link":"https:\/\/www.erresse-shop.it\/wp-content\/uploads\/2025\/03\/ZWILLING-Set-Sottovuoto-Fresh-Save-in-Vetro-7-Pezzi-La-Mer-300x300.jpg","_links":{"self":[{"href":"https:\/\/www.erresse-shop.it\/es\/wp-json\/wp\/v2\/product\/476688"}],"collection":[{"href":"https:\/\/www.erresse-shop.it\/es\/wp-json\/wp\/v2\/product"}],"about":[{"href":"https:\/\/www.erresse-shop.it\/es\/wp-json\/wp\/v2\/types\/product"}],"wp:featuredmedia":[{"embeddable":true,"href":"https:\/\/www.erresse-shop.it\/es\/wp-json\/wp\/v2\/media\/476720"}],"wp:attachment":[{"href":"https:\/\/www.erresse-shop.it\/es\/wp-json\/wp\/v2\/media?parent=476688"}],"wp:term":[{"taxonomy":"product_cat","embeddable":true,"href":"https:\/\/www.erresse-shop.it\/es\/wp-json\/wp\/v2\/product_cat?post=476688"},{"taxonomy":"product_tag","embeddable":true,"href":"https:\/\/www.erresse-shop.it\/es\/wp-json\/wp\/v2\/product_tag?post=476688"}],"curies":[{"name":"wp","href":"https:\/\/api.w.org\/{rel}","templated":true}]}}