{"id":476609,"date":"2025-03-12T10:05:55","date_gmt":"2025-03-12T10:05:57","guid":{"rendered":"https:\/\/www.erresse-shop.it\/?post_type=product&#038;p=476609"},"modified":"2025-03-12T10:23:32","modified_gmt":"2025-03-12T10:23:32","slug":"zwilling-set-de-envasado-al-vacio-fresh-save-de-vidrio-8-piezas-la-mer-copia","status":"publish","type":"product","link":"https:\/\/www.erresse-shop.it\/es\/shop\/cocina\/vacio\/zwilling-set-de-envasado-al-vacio-fresh-save-de-vidrio-8-piezas-la-mer-copia\/","title":{"rendered":"ZWILLING Set de envasado al vac\u00edo Fresh &#038; Save de plastico, 8 piezas La Mer"},"content":{"rendered":"<p>Con el set de envasado al vac\u00edo Fresh &#038; Save, los alimentos se mantienen frescos hasta 5 veces m\u00e1s tiempo que con el almacenamiento convencional y conservan su sabor y nutrientes. Esto no solo ahorra tiempo y dinero, sino que tambi\u00e9n evita el desperdicio de alimentos.<\/p>\n<p><strong>Vac\u00edo fresco:<\/strong> La pr\u00e1ctica y sin cables bomba de vac\u00edo FRESH &#038; SAVE extrae el aire del recipiente o bolsa con solo pulsar un bot\u00f3n en tan solo unos segundos. La m\u00e1quina de vac\u00edo se detiene autom\u00e1ticamente en cuanto se ha liberado suficiente aire.<\/p>\n<p><strong>Fiambrera 2 en 1 para casa y para llevar:<\/strong> Pr\u00e1ctico divisor extra\u00edble para separar dos tipos de alimentos. La fiambrera ofrece la altura \u00f3ptima para s\u00e1ndwiches, embutidos y aperitivos crudos.<\/p>\n<p><strong>Bolsas de vac\u00edo que ahorran espacio:<\/strong> Con las robustas bolsas Fresh &#038; Save, los alimentos se pueden almacenar herm\u00e9ticamente en el congelador y el refrigerador gracias a la cremallera, y gracias al revestimiento al vac\u00edo, las quemaduras por congelaci\u00f3n son cosa del pasado. Las bolsas reutilizables para almacenar alimentos, incluyendo el marinador, son ideales para cocinar al vac\u00edo y marinar.<\/p>\n<p><strong>Contenido del paquete:<\/strong><\/p>\n<ul>\n<li>1 bomba de vac\u00edo (di\u00e1metro de 4,5 cm, altura de 19,5 cm)<\/li>\n<li>1 recipiente de vac\u00edo de pl\u00e1stico L (2 L, 22 x 15 x 12 cm)<\/li>\n<li>1 recipiente de vac\u00edo plano L (1 L, 22 x 12 cm)<\/li>\n<li>2 bolsas de vac\u00edo S (cada una de 1,25 L, 23 x 20 cm)<\/li>\n<li>2 bolsas de vac\u00edo M (cada una de 4 L, 35 x 26 cm)<\/li>\n<li>1 bolsa de vac\u00edo L (8,5 L, 49 x 30 cm)<\/li>\n<\/ul>\n","protected":false},"excerpt":{"rendered":"<p>Con el set de envasado al vac\u00edo Fresh &#038; Save, los alimentos se mantienen frescos hasta 5 veces m\u00e1s tiempo<\/p>\n","protected":false},"featured_media":476600,"template":"","meta":{"_acf_changed":false,"inline_featured_image":false},"product_cat":[16040,26044],"product_tag":[],"acf":[],"yoast_head":"<!-- This site is optimized with the Yoast SEO Premium plugin v18.6 (Yoast SEO v19.13) - https:\/\/yoast.com\/wordpress\/plugins\/seo\/ -->\n<title>ZWILLING Set de envasado al vac\u00edo Fresh &amp; Save de plastico, 8 piezas La Mer - Erresse Shop<\/title>\n<meta name=\"description\" content=\"Con el set de envasado al vac\u00edo Fresh &amp; Save, los alimentos se mantienen frescos hasta 5 veces m\u00e1s tiempo que con el almacenamiento convencional y\" \/>\n<meta name=\"robots\" content=\"index, follow, max-snippet:-1, max-image-preview:large, max-video-preview:-1\" \/>\n<link rel=\"canonical\" href=\"https:\/\/www.erresse-shop.it\/es\/shop\/cocina\/vacio\/zwilling-set-de-envasado-al-vacio-fresh-save-de-vidrio-8-piezas-la-mer-copia\/\" \/>\n<meta property=\"og:locale\" content=\"es_ES\" \/>\n<meta property=\"og:type\" content=\"article\" \/>\n<meta property=\"og:title\" content=\"ZWILLING Set de envasado al vac\u00edo Fresh &amp; Save de plastico, 8 piezas La Mer\" \/>\n<meta property=\"og:description\" content=\"Con el set de envasado al vac\u00edo Fresh &amp; Save, los alimentos se mantienen frescos hasta 5 veces m\u00e1s tiempo que con el almacenamiento convencional y\" \/>\n<meta property=\"og:url\" content=\"https:\/\/www.erresse-shop.it\/es\/shop\/cocina\/vacio\/zwilling-set-de-envasado-al-vacio-fresh-save-de-vidrio-8-piezas-la-mer-copia\/\" \/>\n<meta property=\"og:site_name\" content=\"Erresse Shop\" \/>\n<meta property=\"article:modified_time\" content=\"2025-03-12T10:23:32+00:00\" \/>\n<meta property=\"og:image\" content=\"https:\/\/www.erresse-shop.it\/wp-content\/uploads\/2025\/03\/ZWILLING-Set-Sottovuoto-FreshSave-in-Vetro-8-Pezzi-La-Mer.jpg\" \/>\n\t<meta property=\"og:image:width\" content=\"1200\" \/>\n\t<meta property=\"og:image:height\" content=\"1200\" \/>\n\t<meta property=\"og:image:type\" content=\"image\/jpeg\" \/>\n<meta name=\"twitter:card\" content=\"summary_large_image\" \/>\n<script type=\"application\/ld+json\" class=\"yoast-schema-graph\">{\"@context\":\"https:\/\/schema.org\",\"@graph\":[{\"@type\":\"WebPage\",\"@id\":\"https:\/\/www.erresse-shop.it\/es\/shop\/cocina\/vacio\/zwilling-set-de-envasado-al-vacio-fresh-save-de-vidrio-8-piezas-la-mer-copia\/\",\"url\":\"https:\/\/www.erresse-shop.it\/es\/shop\/cocina\/vacio\/zwilling-set-de-envasado-al-vacio-fresh-save-de-vidrio-8-piezas-la-mer-copia\/\",\"name\":\"ZWILLING Set de envasado al vac\u00edo Fresh & Save de plastico, 8 piezas La Mer - Erresse Shop\",\"isPartOf\":{\"@id\":\"https:\/\/www.erresse-shop.it\/es\/#website\"},\"datePublished\":\"2025-03-12T10:05:57+00:00\",\"dateModified\":\"2025-03-12T10:23:32+00:00\",\"description\":\"Con el set de envasado al vac\u00edo Fresh & Save, los alimentos se mantienen frescos hasta 5 veces m\u00e1s tiempo que con el almacenamiento convencional y\",\"breadcrumb\":{\"@id\":\"https:\/\/www.erresse-shop.it\/es\/shop\/cocina\/vacio\/zwilling-set-de-envasado-al-vacio-fresh-save-de-vidrio-8-piezas-la-mer-copia\/#breadcrumb\"},\"inLanguage\":\"es\",\"potentialAction\":[{\"@type\":\"ReadAction\",\"target\":[\"https:\/\/www.erresse-shop.it\/es\/shop\/cocina\/vacio\/zwilling-set-de-envasado-al-vacio-fresh-save-de-vidrio-8-piezas-la-mer-copia\/\"]}]},{\"@type\":\"BreadcrumbList\",\"@id\":\"https:\/\/www.erresse-shop.it\/es\/shop\/cocina\/vacio\/zwilling-set-de-envasado-al-vacio-fresh-save-de-vidrio-8-piezas-la-mer-copia\/#breadcrumb\",\"itemListElement\":[{\"@type\":\"ListItem\",\"position\":1,\"name\":\"Home\",\"item\":\"https:\/\/www.erresse-shop.it\/es\/\"},{\"@type\":\"ListItem\",\"position\":2,\"name\":\"Shop\",\"item\":\"https:\/\/www.erresse-shop.it\/es\/shop\/\"},{\"@type\":\"ListItem\",\"position\":3,\"name\":\"ZWILLING Set de envasado al vac\u00edo Fresh &#038; Save de plastico, 8 piezas La Mer\"}]},{\"@type\":\"WebSite\",\"@id\":\"https:\/\/www.erresse-shop.it\/es\/#website\",\"url\":\"https:\/\/www.erresse-shop.it\/es\/\",\"name\":\"Erresse Shop\",\"description\":\"Articoli di qualit\u00e0 per la casa\",\"potentialAction\":[{\"@type\":\"SearchAction\",\"target\":{\"@type\":\"EntryPoint\",\"urlTemplate\":\"https:\/\/www.erresse-shop.it\/es\/?s={search_term_string}\"},\"query-input\":\"required name=search_term_string\"}],\"inLanguage\":\"es\"}]}<\/script>\n<!-- \/ Yoast SEO Premium plugin. -->","yoast_head_json":{"title":"ZWILLING Set de envasado al vac\u00edo Fresh & Save de plastico, 8 piezas La Mer - Erresse Shop","description":"Con el set de envasado al vac\u00edo Fresh & Save, los alimentos se mantienen frescos hasta 5 veces m\u00e1s tiempo que con el almacenamiento convencional y","robots":{"index":"index","follow":"follow","max-snippet":"max-snippet:-1","max-image-preview":"max-image-preview:large","max-video-preview":"max-video-preview:-1"},"canonical":"https:\/\/www.erresse-shop.it\/es\/shop\/cocina\/vacio\/zwilling-set-de-envasado-al-vacio-fresh-save-de-vidrio-8-piezas-la-mer-copia\/","og_locale":"es_ES","og_type":"article","og_title":"ZWILLING Set de envasado al vac\u00edo Fresh & Save de plastico, 8 piezas La Mer","og_description":"Con el set de envasado al vac\u00edo Fresh & Save, los alimentos se mantienen frescos hasta 5 veces m\u00e1s tiempo que con el almacenamiento convencional y","og_url":"https:\/\/www.erresse-shop.it\/es\/shop\/cocina\/vacio\/zwilling-set-de-envasado-al-vacio-fresh-save-de-vidrio-8-piezas-la-mer-copia\/","og_site_name":"Erresse Shop","article_modified_time":"2025-03-12T10:23:32+00:00","og_image":[{"width":1200,"height":1200,"url":"https:\/\/www.erresse-shop.it\/wp-content\/uploads\/2025\/03\/ZWILLING-Set-Sottovuoto-FreshSave-in-Vetro-8-Pezzi-La-Mer.jpg","type":"image\/jpeg"}],"twitter_card":"summary_large_image","schema":{"@context":"https:\/\/schema.org","@graph":[{"@type":"WebPage","@id":"https:\/\/www.erresse-shop.it\/es\/shop\/cocina\/vacio\/zwilling-set-de-envasado-al-vacio-fresh-save-de-vidrio-8-piezas-la-mer-copia\/","url":"https:\/\/www.erresse-shop.it\/es\/shop\/cocina\/vacio\/zwilling-set-de-envasado-al-vacio-fresh-save-de-vidrio-8-piezas-la-mer-copia\/","name":"ZWILLING Set de envasado al vac\u00edo Fresh & Save de plastico, 8 piezas La Mer - Erresse Shop","isPartOf":{"@id":"https:\/\/www.erresse-shop.it\/es\/#website"},"datePublished":"2025-03-12T10:05:57+00:00","dateModified":"2025-03-12T10:23:32+00:00","description":"Con el set de envasado al vac\u00edo Fresh & Save, los alimentos se mantienen frescos hasta 5 veces m\u00e1s tiempo que con el almacenamiento convencional y","breadcrumb":{"@id":"https:\/\/www.erresse-shop.it\/es\/shop\/cocina\/vacio\/zwilling-set-de-envasado-al-vacio-fresh-save-de-vidrio-8-piezas-la-mer-copia\/#breadcrumb"},"inLanguage":"es","potentialAction":[{"@type":"ReadAction","target":["https:\/\/www.erresse-shop.it\/es\/shop\/cocina\/vacio\/zwilling-set-de-envasado-al-vacio-fresh-save-de-vidrio-8-piezas-la-mer-copia\/"]}]},{"@type":"BreadcrumbList","@id":"https:\/\/www.erresse-shop.it\/es\/shop\/cocina\/vacio\/zwilling-set-de-envasado-al-vacio-fresh-save-de-vidrio-8-piezas-la-mer-copia\/#breadcrumb","itemListElement":[{"@type":"ListItem","position":1,"name":"Home","item":"https:\/\/www.erresse-shop.it\/es\/"},{"@type":"ListItem","position":2,"name":"Shop","item":"https:\/\/www.erresse-shop.it\/es\/shop\/"},{"@type":"ListItem","position":3,"name":"ZWILLING Set de envasado al vac\u00edo Fresh &#038; Save de plastico, 8 piezas La Mer"}]},{"@type":"WebSite","@id":"https:\/\/www.erresse-shop.it\/es\/#website","url":"https:\/\/www.erresse-shop.it\/es\/","name":"Erresse Shop","description":"Articoli di qualit\u00e0 per la casa","potentialAction":[{"@type":"SearchAction","target":{"@type":"EntryPoint","urlTemplate":"https:\/\/www.erresse-shop.it\/es\/?s={search_term_string}"},"query-input":"required name=search_term_string"}],"inLanguage":"es"}]}},"df_price":42.5,"df_sale_price":42.5,"df_regular_price":85,"df_image_link":"https:\/\/www.erresse-shop.it\/wp-content\/uploads\/2025\/03\/ZWILLING-Set-Sottovuoto-FreshSave-in-Vetro-8-Pezzi-La-Mer-300x300.jpg","_links":{"self":[{"href":"https:\/\/www.erresse-shop.it\/es\/wp-json\/wp\/v2\/product\/476609"}],"collection":[{"href":"https:\/\/www.erresse-shop.it\/es\/wp-json\/wp\/v2\/product"}],"about":[{"href":"https:\/\/www.erresse-shop.it\/es\/wp-json\/wp\/v2\/types\/product"}],"wp:featuredmedia":[{"embeddable":true,"href":"https:\/\/www.erresse-shop.it\/es\/wp-json\/wp\/v2\/media\/476600"}],"wp:attachment":[{"href":"https:\/\/www.erresse-shop.it\/es\/wp-json\/wp\/v2\/media?parent=476609"}],"wp:term":[{"taxonomy":"product_cat","embeddable":true,"href":"https:\/\/www.erresse-shop.it\/es\/wp-json\/wp\/v2\/product_cat?post=476609"},{"taxonomy":"product_tag","embeddable":true,"href":"https:\/\/www.erresse-shop.it\/es\/wp-json\/wp\/v2\/product_tag?post=476609"}],"curies":[{"name":"wp","href":"https:\/\/api.w.org\/{rel}","templated":true}]}}