{"id":476456,"date":"2025-03-12T08:22:03","date_gmt":"2025-03-12T08:22:06","guid":{"rendered":"https:\/\/www.erresse-shop.it\/?post_type=product&#038;p=476456"},"modified":"2025-03-12T08:45:39","modified_gmt":"2025-03-12T08:45:39","slug":"staub-cocotte-redonda-24-cm-flor-de-cerezo-copia","status":"publish","type":"product","link":"https:\/\/www.erresse-shop.it\/es\/shop\/sartenes-y-ollas\/ollas-y-cacerolas\/staub-cocotte-redonda-24-cm-flor-de-cerezo-copia\/","title":{"rendered":"STAUB Cacerola de hierro fundido con tapa 20 cm Gris grafito"},"content":{"rendered":"<p>La cacerola redonda con tapa de la gama de utensilios de cocina Staub es adecuada para cualquier tipo de cocina, incluidas las placas de inducci\u00f3n. La distribuci\u00f3n uniforme del calor lo hace perfecto para una cocci\u00f3n saludable y suave. Cocinadas en cazuela, las verduras frescas conservan todas sus vitaminas y nutrientes m\u00e1s importantes. Con una capacidad de 0,75 litros y un di\u00e1metro de 20 cm, esta fuente para horno es especialmente adecuada para preparar porciones individuales. La ventaja de esta fuente para hornear de color gris grafito es que puedes llevarla directamente del horno a la mesa. La forma cl\u00e1sica con pr\u00e1cticas asas en los laterales hace que sea f\u00e1cil de manejar y almacenar. Las cazuelas Staub no s\u00f3lo son aptas para su uso en el horno. Una vez que los ingredientes est\u00e9n dorados, puedes meterlos al horno para cocinarlos hasta que est\u00e9n completamente dorados. Los resultados de cocci\u00f3n conseguidos con esta olla Staub le encantar\u00e1n.<\/p>\n<ul>\n<li>Preparar y servir<\/li>\n<\/ul>\n<p>Caracter\u00edsticas:<\/p>\n<div class=\"dimensiones-contenido\">\n<div class=\"atributos-principales-del-producto\">\n<ul>\n<li class=\"attribute\"><span class=\"label\">Resistencia al calor:<\/span><span class=\"value\">260 \u00baC<\/span><\/li>\n<li class=\"attribute\"><span class=\"label\">Resistencia al fr\u00edo:<\/span><span class=\"value\">-20 \u00baC<\/span><\/li>\n<li class=\"attribute\"><span class=\"label\">Material:<\/span><span class=\"value\">hierro fundido<\/span><\/li>\n<li class=\"attribute\"><span class=\"label\">Tipo de manija:<\/span><span class=\"value\">Perilla de la tapa<\/span><\/li>\n<li class=\"attribute\"><span class=\"label\">Recubrimiento interno:<\/span><span class=\"value\">esmalte<\/span><\/li>\n<li class=\"attribute\"><span class=\"label\">Inducci\u00f3n:<\/span><span class=\"value\">S\u00ed<\/span><\/li>\n<li class=\"attribute\"><span class=\"label\">Apto para horno:<\/span><span class=\"value\">S\u00ed<\/span><\/li>\n<li class=\"attribute\"><span class=\"label\">Apto para congelador:<\/span><span class=\"value\">S\u00ed<\/span><\/li>\n<li class=\"attribute\"><span class=\"label\">Apto para estufa:<\/span><span class=\"value\">S\u00ed<\/span><\/li>\n<li class=\"attribute\"><span class=\"label\">Apto para lavavajillas:<\/span><span class=\"value\">S\u00ed<\/span><\/li>\n<\/ul>\n<\/div>\n<\/div>\n<div class=\"dimensiones-contenido\">\n<p>Dimensiones:<\/p>\n<div class=\"atributos-principales-del-producto\">\n<ul>\n<li class=\"attribute\"><span class=\"label\">Peso neto:<\/span><span class=\"value\">2,21 kg<\/span><\/li>\n<li class=\"attribute\"><span class=\"label\">Capacidad:<\/span><span class=\"value\">0,75 l<\/span><\/li>\n<li class=\"attribute\"><span class=\"label\">Longitud del producto:<\/span><span class=\"value\">26,00 cm<\/span><\/li>\n<li class=\"attribute\"><span class=\"label\">Ancho del producto:<\/span><span class=\"value\">20,40 cm<\/span><\/li>\n<li class=\"attribute\"><span class=\"label\">Altura del producto:<\/span><span class=\"value\">8,60 cm<\/span><\/li>\n<li class=\"attribute\"><span class=\"label\">Di\u00e1metro superior:<\/span><span class=\"value\">20,00 cm<\/span><\/li>\n<li class=\"attribute\"><span class=\"label\">Di\u00e1metro del fondo:<\/span><span class=\"value\">17,00 cm<\/span><\/li>\n<\/ul>\n<\/div>\n<\/div>\n","protected":false},"excerpt":{"rendered":"<p>La cacerola redonda con tapa de la gama de utensilios de cocina Staub es adecuada para cualquier tipo de cocina,<\/p>\n","protected":false},"featured_media":476483,"template":"","meta":{"_acf_changed":false,"inline_featured_image":false},"product_cat":[16067,16058],"product_tag":[25090,21537,17110,16248,16158,16654,25023],"acf":[],"yoast_head":"<!-- This site is optimized with the Yoast SEO Premium plugin v18.6 (Yoast SEO v19.13) - https:\/\/yoast.com\/wordpress\/plugins\/seo\/ -->\n<title>STAUB Cacerola de hierro fundido con tapa 20 cm Gris grafito - Erresse Shop<\/title>\n<meta name=\"description\" content=\"La cacerola redonda con tapa de la gama de utensilios de cocina Staub es adecuada para cualquier tipo de cocina, incluidas las placas de inducci\u00f3n. La\" \/>\n<meta name=\"robots\" content=\"index, follow, max-snippet:-1, max-image-preview:large, max-video-preview:-1\" \/>\n<link rel=\"canonical\" href=\"https:\/\/www.erresse-shop.it\/es\/shop\/sartenes-y-ollas\/ollas-y-cacerolas\/staub-cocotte-redonda-24-cm-flor-de-cerezo-copia\/\" \/>\n<meta property=\"og:locale\" content=\"es_ES\" \/>\n<meta property=\"og:type\" content=\"article\" \/>\n<meta property=\"og:title\" content=\"STAUB Cacerola de hierro fundido con tapa 20 cm Gris grafito\" \/>\n<meta property=\"og:description\" content=\"La cacerola redonda con tapa de la gama de utensilios de cocina Staub es adecuada para cualquier tipo de cocina, incluidas las placas de inducci\u00f3n. La\" \/>\n<meta property=\"og:url\" content=\"https:\/\/www.erresse-shop.it\/es\/shop\/sartenes-y-ollas\/ollas-y-cacerolas\/staub-cocotte-redonda-24-cm-flor-de-cerezo-copia\/\" \/>\n<meta property=\"og:site_name\" content=\"Erresse Shop\" \/>\n<meta property=\"article:modified_time\" content=\"2025-03-12T08:45:39+00:00\" \/>\n<meta property=\"og:image\" content=\"https:\/\/www.erresse-shop.it\/wp-content\/uploads\/2025\/03\/STAUB-Pirofila-Tonda-in-Ghisa-20-cm-Grigio-Grafite.jpg\" \/>\n\t<meta property=\"og:image:width\" content=\"1200\" \/>\n\t<meta property=\"og:image:height\" content=\"1200\" \/>\n\t<meta property=\"og:image:type\" content=\"image\/jpeg\" \/>\n<meta name=\"twitter:card\" content=\"summary_large_image\" \/>\n<script type=\"application\/ld+json\" class=\"yoast-schema-graph\">{\"@context\":\"https:\/\/schema.org\",\"@graph\":[{\"@type\":\"WebPage\",\"@id\":\"https:\/\/www.erresse-shop.it\/es\/shop\/sartenes-y-ollas\/ollas-y-cacerolas\/staub-cocotte-redonda-24-cm-flor-de-cerezo-copia\/\",\"url\":\"https:\/\/www.erresse-shop.it\/es\/shop\/sartenes-y-ollas\/ollas-y-cacerolas\/staub-cocotte-redonda-24-cm-flor-de-cerezo-copia\/\",\"name\":\"STAUB Cacerola de hierro fundido con tapa 20 cm Gris grafito - Erresse Shop\",\"isPartOf\":{\"@id\":\"https:\/\/www.erresse-shop.it\/es\/#website\"},\"datePublished\":\"2025-03-12T08:22:06+00:00\",\"dateModified\":\"2025-03-12T08:45:39+00:00\",\"description\":\"La cacerola redonda con tapa de la gama de utensilios de cocina Staub es adecuada para cualquier tipo de cocina, incluidas las placas de inducci\u00f3n. La\",\"breadcrumb\":{\"@id\":\"https:\/\/www.erresse-shop.it\/es\/shop\/sartenes-y-ollas\/ollas-y-cacerolas\/staub-cocotte-redonda-24-cm-flor-de-cerezo-copia\/#breadcrumb\"},\"inLanguage\":\"es\",\"potentialAction\":[{\"@type\":\"ReadAction\",\"target\":[\"https:\/\/www.erresse-shop.it\/es\/shop\/sartenes-y-ollas\/ollas-y-cacerolas\/staub-cocotte-redonda-24-cm-flor-de-cerezo-copia\/\"]}]},{\"@type\":\"BreadcrumbList\",\"@id\":\"https:\/\/www.erresse-shop.it\/es\/shop\/sartenes-y-ollas\/ollas-y-cacerolas\/staub-cocotte-redonda-24-cm-flor-de-cerezo-copia\/#breadcrumb\",\"itemListElement\":[{\"@type\":\"ListItem\",\"position\":1,\"name\":\"Home\",\"item\":\"https:\/\/www.erresse-shop.it\/es\/\"},{\"@type\":\"ListItem\",\"position\":2,\"name\":\"Shop\",\"item\":\"https:\/\/www.erresse-shop.it\/es\/shop\/\"},{\"@type\":\"ListItem\",\"position\":3,\"name\":\"STAUB Cacerola de hierro fundido con tapa 20 cm Gris grafito\"}]},{\"@type\":\"WebSite\",\"@id\":\"https:\/\/www.erresse-shop.it\/es\/#website\",\"url\":\"https:\/\/www.erresse-shop.it\/es\/\",\"name\":\"Erresse Shop\",\"description\":\"Articoli di qualit\u00e0 per la casa\",\"potentialAction\":[{\"@type\":\"SearchAction\",\"target\":{\"@type\":\"EntryPoint\",\"urlTemplate\":\"https:\/\/www.erresse-shop.it\/es\/?s={search_term_string}\"},\"query-input\":\"required name=search_term_string\"}],\"inLanguage\":\"es\"}]}<\/script>\n<!-- \/ Yoast SEO Premium plugin. -->","yoast_head_json":{"title":"STAUB Cacerola de hierro fundido con tapa 20 cm Gris grafito - Erresse Shop","description":"La cacerola redonda con tapa de la gama de utensilios de cocina Staub es adecuada para cualquier tipo de cocina, incluidas las placas de inducci\u00f3n. La","robots":{"index":"index","follow":"follow","max-snippet":"max-snippet:-1","max-image-preview":"max-image-preview:large","max-video-preview":"max-video-preview:-1"},"canonical":"https:\/\/www.erresse-shop.it\/es\/shop\/sartenes-y-ollas\/ollas-y-cacerolas\/staub-cocotte-redonda-24-cm-flor-de-cerezo-copia\/","og_locale":"es_ES","og_type":"article","og_title":"STAUB Cacerola de hierro fundido con tapa 20 cm Gris grafito","og_description":"La cacerola redonda con tapa de la gama de utensilios de cocina Staub es adecuada para cualquier tipo de cocina, incluidas las placas de inducci\u00f3n. La","og_url":"https:\/\/www.erresse-shop.it\/es\/shop\/sartenes-y-ollas\/ollas-y-cacerolas\/staub-cocotte-redonda-24-cm-flor-de-cerezo-copia\/","og_site_name":"Erresse Shop","article_modified_time":"2025-03-12T08:45:39+00:00","og_image":[{"width":1200,"height":1200,"url":"https:\/\/www.erresse-shop.it\/wp-content\/uploads\/2025\/03\/STAUB-Pirofila-Tonda-in-Ghisa-20-cm-Grigio-Grafite.jpg","type":"image\/jpeg"}],"twitter_card":"summary_large_image","schema":{"@context":"https:\/\/schema.org","@graph":[{"@type":"WebPage","@id":"https:\/\/www.erresse-shop.it\/es\/shop\/sartenes-y-ollas\/ollas-y-cacerolas\/staub-cocotte-redonda-24-cm-flor-de-cerezo-copia\/","url":"https:\/\/www.erresse-shop.it\/es\/shop\/sartenes-y-ollas\/ollas-y-cacerolas\/staub-cocotte-redonda-24-cm-flor-de-cerezo-copia\/","name":"STAUB Cacerola de hierro fundido con tapa 20 cm Gris grafito - Erresse Shop","isPartOf":{"@id":"https:\/\/www.erresse-shop.it\/es\/#website"},"datePublished":"2025-03-12T08:22:06+00:00","dateModified":"2025-03-12T08:45:39+00:00","description":"La cacerola redonda con tapa de la gama de utensilios de cocina Staub es adecuada para cualquier tipo de cocina, incluidas las placas de inducci\u00f3n. La","breadcrumb":{"@id":"https:\/\/www.erresse-shop.it\/es\/shop\/sartenes-y-ollas\/ollas-y-cacerolas\/staub-cocotte-redonda-24-cm-flor-de-cerezo-copia\/#breadcrumb"},"inLanguage":"es","potentialAction":[{"@type":"ReadAction","target":["https:\/\/www.erresse-shop.it\/es\/shop\/sartenes-y-ollas\/ollas-y-cacerolas\/staub-cocotte-redonda-24-cm-flor-de-cerezo-copia\/"]}]},{"@type":"BreadcrumbList","@id":"https:\/\/www.erresse-shop.it\/es\/shop\/sartenes-y-ollas\/ollas-y-cacerolas\/staub-cocotte-redonda-24-cm-flor-de-cerezo-copia\/#breadcrumb","itemListElement":[{"@type":"ListItem","position":1,"name":"Home","item":"https:\/\/www.erresse-shop.it\/es\/"},{"@type":"ListItem","position":2,"name":"Shop","item":"https:\/\/www.erresse-shop.it\/es\/shop\/"},{"@type":"ListItem","position":3,"name":"STAUB Cacerola de hierro fundido con tapa 20 cm Gris grafito"}]},{"@type":"WebSite","@id":"https:\/\/www.erresse-shop.it\/es\/#website","url":"https:\/\/www.erresse-shop.it\/es\/","name":"Erresse Shop","description":"Articoli di qualit\u00e0 per la casa","potentialAction":[{"@type":"SearchAction","target":{"@type":"EntryPoint","urlTemplate":"https:\/\/www.erresse-shop.it\/es\/?s={search_term_string}"},"query-input":"required name=search_term_string"}],"inLanguage":"es"}]}},"df_price":79.5,"df_sale_price":79.5,"df_regular_price":159,"df_image_link":"https:\/\/www.erresse-shop.it\/wp-content\/uploads\/2025\/03\/STAUB-Pirofila-Tonda-in-Ghisa-20-cm-Grigio-Grafite-300x300.jpg","_links":{"self":[{"href":"https:\/\/www.erresse-shop.it\/es\/wp-json\/wp\/v2\/product\/476456"}],"collection":[{"href":"https:\/\/www.erresse-shop.it\/es\/wp-json\/wp\/v2\/product"}],"about":[{"href":"https:\/\/www.erresse-shop.it\/es\/wp-json\/wp\/v2\/types\/product"}],"wp:featuredmedia":[{"embeddable":true,"href":"https:\/\/www.erresse-shop.it\/es\/wp-json\/wp\/v2\/media\/476483"}],"wp:attachment":[{"href":"https:\/\/www.erresse-shop.it\/es\/wp-json\/wp\/v2\/media?parent=476456"}],"wp:term":[{"taxonomy":"product_cat","embeddable":true,"href":"https:\/\/www.erresse-shop.it\/es\/wp-json\/wp\/v2\/product_cat?post=476456"},{"taxonomy":"product_tag","embeddable":true,"href":"https:\/\/www.erresse-shop.it\/es\/wp-json\/wp\/v2\/product_tag?post=476456"}],"curies":[{"name":"wp","href":"https:\/\/api.w.org\/{rel}","templated":true}]}}