{"id":476368,"date":"2025-03-12T07:29:24","date_gmt":"2025-03-12T07:29:28","guid":{"rendered":"https:\/\/www.erresse-shop.it\/?post_type=product&#038;p=476368"},"modified":"2025-03-12T07:49:20","modified_gmt":"2025-03-12T07:49:20","slug":"staub-cocotte-redonda-22-cm-granadina-copia","status":"publish","type":"product","link":"https:\/\/www.erresse-shop.it\/es\/shop\/sartenes-y-ollas\/marmitas-y-cocottes\/staub-cocotte-redonda-22-cm-granadina-copia\/","title":{"rendered":"STAUB Cocotte redonda de hierro fundido 34 cm Negro"},"content":{"rendered":"<p>La cocotte es un utensilio de cocina de hierro fundido t\u00edpico de la cocina francesa, hoy utilizado en las cocinas gourmet de todo el mundo. Antiguamente se utilizaba para cocinar pollo, y desde hace mucho tiempo tambi\u00e9n se utiliza en asados, rag\u00fas, guisos, sufl\u00e9s y platos gratinados. La combinaci\u00f3n de hierro fundido y revestimiento de esmalte es ideal para cocinar a fuego lento y asar suavemente los alimentos. De esta manera se conservan perfectamente los nutrientes y sabores de los alimentos. Tanto los cocineros aficionados como los profesionales se benefician de la durabilidad de la cocotte redonda, presentada aqu\u00ed en la versi\u00f3n con un di\u00e1metro de 34 cm y una capacidad de 12,6 litros. Esta durabilidad es a\u00fan m\u00e1s ventajosa si tenemos en cuenta que el esmalte desarrolla sus propiedades potenciadoras del sabor con el tiempo. Estas resistentes cacerolas se pueden utilizar en todo tipo de fuegos, incluida la inducci\u00f3n. Cocinar es f\u00e1cil porque la sart\u00e9n es f\u00e1cil de usar y su esmalte f\u00e1cil de limpiar requiere poco esfuerzo para enjuagarlo despu\u00e9s de cocinar. La tapa de la cocotte est\u00e1 dise\u00f1ada de tal manera que la condensaci\u00f3n se distribuye uniformemente sobre el asado u otros alimentos que se est\u00e9n cocinando. De esta manera la carne quedar\u00e1 apetitosa y jugosa y el sabor de las verduras podr\u00e1 revelarse a\u00fan m\u00e1s. Con la cacerola negra Staub podr\u00e1s disfrutar del placer de cocinar con \u00e9xito platos sabrosos, tanto tradicionales como modernos, sin casi ning\u00fan esfuerzo.<\/p>\n<ul>\n<li>Ideal para sellar y cocinar lentamente carne, pescado o verduras<\/li>\n<li>Para un resultado de cocci\u00f3n jugoso y tierno gracias a la tapa<\/li>\n<li>El esmalte interior negro mate es ideal para dorar de forma especialmente crujiente y es muy resistente<\/li>\n<li>Apto para todo tipo de fuegos, incluida la inducci\u00f3n, tambi\u00e9n se puede colocar en el horno\/grill<\/li>\n<li>Color intenso<\/li>\n<\/ul>\n<p>Caracter\u00edsticas:<\/p>\n<div class=\"dimensiones-contenido\">\n<div class=\"atributos-principales-del-producto\">\n<ul>\n<li class=\"attribute\"><span class=\"label\">Resistencia al calor: <\/span><span class=\"value\">260 \u00baC<\/span><\/li>\n<li class=\"attribute\"><span class=\"label\">Resistencia al fr\u00edo: <\/span><span class=\"value\">-20 \u00baC<\/span><\/li>\n<li class=\"attribute\"><span class=\"label\">Material: <\/span><span class=\"value\">hierro fundido<\/span><\/li>\n<li class=\"attribute\"><span class=\"label\">Recubrimiento interno: <\/span><span class=\"value\">esmalte<\/span><\/li>\n<li class=\"attribute\"><span class=\"label\">Tapa existente: <\/span><span class=\"value\">s\u00ed<\/span><\/li>\n<li class=\"attribute\"><span class=\"label\">Inducci\u00f3n: <\/span><span class=\"value\">S\u00ed<\/span><\/li>\n<li class=\"attribute\"><span class=\"label\">Apto para horno: <\/span><span class=\"value\">S\u00ed<\/span><\/li>\n<li class=\"attribute\"><span class=\"label\">Apto para congelador: <\/span><span class=\"value\">S\u00ed<\/span><\/li>\n<li class=\"attribute\"><span class=\"label\">Apto para estufa: <\/span><span class=\"value\">S\u00ed<\/span><\/li>\n<li class=\"attribute\"><span class=\"label\">Apto para lavavajillas: <\/span><span class=\"value\">S\u00ed<\/span><\/li>\n<\/ul>\n<\/div>\n<\/div>\n<div class=\"dimensiones-contenido\">\n<p><strong><span class=\"dimensions\">Dimensiones:<\/span><\/strong><\/p>\n<div class=\"atributos-principales-del-producto\">\n<ul>\n<li class=\"attribute\"><span class=\"label\">Peso neto: <\/span><span class=\"value\">10,75 kg<\/span><\/li>\n<li class=\"attribute\"><span class=\"label\">Capacidad: <\/span><span class=\"value\">12,60 l<\/span><\/li>\n<li class=\"attribute\"><span class=\"label\">Longitud del producto: 4<\/span><span class=\"value\">3,00 cm<\/span><\/li>\n<li class=\"attribute\"><span class=\"label\">Ancho del producto: <\/span><span class=\"value\">34,00 cm<\/span><\/li>\n<li class=\"attribute\"><span class=\"label\">Altura del producto: <\/span><span class=\"value\">21,40 cm<\/span><\/li>\n<li class=\"attribute\"><span class=\"label\">Altura sin tapa: <\/span><span class=\"value\">16,40 cm<\/span><\/li>\n<li class=\"attribute\"><span class=\"label\">Di\u00e1metro superior: <\/span><span class=\"value\">34,00 cm<\/span><\/li>\n<li class=\"attribute\"><span class=\"label\">Di\u00e1metro del fondo: <\/span><span class=\"value\">29,10 cm<\/span><\/li>\n<li class=\"attribute\"><span class=\"label\">Longitud del mango: <\/span><span class=\"value\">4,50 cm<\/span><\/li>\n<\/ul>\n<\/div>\n<\/div>\n","protected":false},"excerpt":{"rendered":"<p>La cocotte es un utensilio de cocina de hierro fundido t\u00edpico de la cocina francesa, hoy utilizado en las cocinas<\/p>\n","protected":false},"featured_media":476398,"template":"","meta":{"_acf_changed":false,"inline_featured_image":false},"product_cat":[16065,16058],"product_tag":[16111,16211,21537,16781,21670,16248,16158,16654],"acf":[],"yoast_head":"<!-- This site is optimized with the Yoast SEO Premium plugin v18.6 (Yoast SEO v19.13) - https:\/\/yoast.com\/wordpress\/plugins\/seo\/ -->\n<title>STAUB Cocotte redonda de hierro fundido 34 cm Negro - Erresse Shop<\/title>\n<meta name=\"description\" content=\"La cocotte es un utensilio de cocina de hierro fundido t\u00edpico de la cocina francesa, hoy utilizado en las cocinas gourmet de todo el mundo. Antiguamente\" \/>\n<meta name=\"robots\" content=\"index, follow, max-snippet:-1, max-image-preview:large, max-video-preview:-1\" \/>\n<link rel=\"canonical\" href=\"https:\/\/www.erresse-shop.it\/es\/shop\/sartenes-y-ollas\/marmitas-y-cocottes\/staub-cocotte-redonda-22-cm-granadina-copia\/\" \/>\n<meta property=\"og:locale\" content=\"es_ES\" \/>\n<meta property=\"og:type\" content=\"article\" \/>\n<meta property=\"og:title\" content=\"STAUB Cocotte redonda de hierro fundido 34 cm Negro\" \/>\n<meta property=\"og:description\" content=\"La cocotte es un utensilio de cocina de hierro fundido t\u00edpico de la cocina francesa, hoy utilizado en las cocinas gourmet de todo el mundo. Antiguamente\" \/>\n<meta property=\"og:url\" content=\"https:\/\/www.erresse-shop.it\/es\/shop\/sartenes-y-ollas\/marmitas-y-cocottes\/staub-cocotte-redonda-22-cm-granadina-copia\/\" \/>\n<meta property=\"og:site_name\" content=\"Erresse Shop\" \/>\n<meta property=\"article:modified_time\" content=\"2025-03-12T07:49:20+00:00\" \/>\n<meta property=\"og:image\" content=\"https:\/\/www.erresse-shop.it\/wp-content\/uploads\/2025\/03\/STAUB-Cocotte-Tonda-in-Ghisa-34-cm-Nero.jpg\" \/>\n\t<meta property=\"og:image:width\" content=\"1200\" \/>\n\t<meta property=\"og:image:height\" content=\"1200\" \/>\n\t<meta property=\"og:image:type\" content=\"image\/jpeg\" \/>\n<meta name=\"twitter:card\" content=\"summary_large_image\" \/>\n<script type=\"application\/ld+json\" class=\"yoast-schema-graph\">{\"@context\":\"https:\/\/schema.org\",\"@graph\":[{\"@type\":\"WebPage\",\"@id\":\"https:\/\/www.erresse-shop.it\/es\/shop\/sartenes-y-ollas\/marmitas-y-cocottes\/staub-cocotte-redonda-22-cm-granadina-copia\/\",\"url\":\"https:\/\/www.erresse-shop.it\/es\/shop\/sartenes-y-ollas\/marmitas-y-cocottes\/staub-cocotte-redonda-22-cm-granadina-copia\/\",\"name\":\"STAUB Cocotte redonda de hierro fundido 34 cm Negro - Erresse Shop\",\"isPartOf\":{\"@id\":\"https:\/\/www.erresse-shop.it\/es\/#website\"},\"datePublished\":\"2025-03-12T07:29:28+00:00\",\"dateModified\":\"2025-03-12T07:49:20+00:00\",\"description\":\"La cocotte es un utensilio de cocina de hierro fundido t\u00edpico de la cocina francesa, hoy utilizado en las cocinas gourmet de todo el mundo. Antiguamente\",\"breadcrumb\":{\"@id\":\"https:\/\/www.erresse-shop.it\/es\/shop\/sartenes-y-ollas\/marmitas-y-cocottes\/staub-cocotte-redonda-22-cm-granadina-copia\/#breadcrumb\"},\"inLanguage\":\"es\",\"potentialAction\":[{\"@type\":\"ReadAction\",\"target\":[\"https:\/\/www.erresse-shop.it\/es\/shop\/sartenes-y-ollas\/marmitas-y-cocottes\/staub-cocotte-redonda-22-cm-granadina-copia\/\"]}]},{\"@type\":\"BreadcrumbList\",\"@id\":\"https:\/\/www.erresse-shop.it\/es\/shop\/sartenes-y-ollas\/marmitas-y-cocottes\/staub-cocotte-redonda-22-cm-granadina-copia\/#breadcrumb\",\"itemListElement\":[{\"@type\":\"ListItem\",\"position\":1,\"name\":\"Home\",\"item\":\"https:\/\/www.erresse-shop.it\/es\/\"},{\"@type\":\"ListItem\",\"position\":2,\"name\":\"Shop\",\"item\":\"https:\/\/www.erresse-shop.it\/es\/shop\/\"},{\"@type\":\"ListItem\",\"position\":3,\"name\":\"STAUB Cocotte redonda de hierro fundido 34 cm Negro\"}]},{\"@type\":\"WebSite\",\"@id\":\"https:\/\/www.erresse-shop.it\/es\/#website\",\"url\":\"https:\/\/www.erresse-shop.it\/es\/\",\"name\":\"Erresse Shop\",\"description\":\"Articoli di qualit\u00e0 per la casa\",\"potentialAction\":[{\"@type\":\"SearchAction\",\"target\":{\"@type\":\"EntryPoint\",\"urlTemplate\":\"https:\/\/www.erresse-shop.it\/es\/?s={search_term_string}\"},\"query-input\":\"required name=search_term_string\"}],\"inLanguage\":\"es\"}]}<\/script>\n<!-- \/ Yoast SEO Premium plugin. -->","yoast_head_json":{"title":"STAUB Cocotte redonda de hierro fundido 34 cm Negro - Erresse Shop","description":"La cocotte es un utensilio de cocina de hierro fundido t\u00edpico de la cocina francesa, hoy utilizado en las cocinas gourmet de todo el mundo. Antiguamente","robots":{"index":"index","follow":"follow","max-snippet":"max-snippet:-1","max-image-preview":"max-image-preview:large","max-video-preview":"max-video-preview:-1"},"canonical":"https:\/\/www.erresse-shop.it\/es\/shop\/sartenes-y-ollas\/marmitas-y-cocottes\/staub-cocotte-redonda-22-cm-granadina-copia\/","og_locale":"es_ES","og_type":"article","og_title":"STAUB Cocotte redonda de hierro fundido 34 cm Negro","og_description":"La cocotte es un utensilio de cocina de hierro fundido t\u00edpico de la cocina francesa, hoy utilizado en las cocinas gourmet de todo el mundo. Antiguamente","og_url":"https:\/\/www.erresse-shop.it\/es\/shop\/sartenes-y-ollas\/marmitas-y-cocottes\/staub-cocotte-redonda-22-cm-granadina-copia\/","og_site_name":"Erresse Shop","article_modified_time":"2025-03-12T07:49:20+00:00","og_image":[{"width":1200,"height":1200,"url":"https:\/\/www.erresse-shop.it\/wp-content\/uploads\/2025\/03\/STAUB-Cocotte-Tonda-in-Ghisa-34-cm-Nero.jpg","type":"image\/jpeg"}],"twitter_card":"summary_large_image","schema":{"@context":"https:\/\/schema.org","@graph":[{"@type":"WebPage","@id":"https:\/\/www.erresse-shop.it\/es\/shop\/sartenes-y-ollas\/marmitas-y-cocottes\/staub-cocotte-redonda-22-cm-granadina-copia\/","url":"https:\/\/www.erresse-shop.it\/es\/shop\/sartenes-y-ollas\/marmitas-y-cocottes\/staub-cocotte-redonda-22-cm-granadina-copia\/","name":"STAUB Cocotte redonda de hierro fundido 34 cm Negro - Erresse Shop","isPartOf":{"@id":"https:\/\/www.erresse-shop.it\/es\/#website"},"datePublished":"2025-03-12T07:29:28+00:00","dateModified":"2025-03-12T07:49:20+00:00","description":"La cocotte es un utensilio de cocina de hierro fundido t\u00edpico de la cocina francesa, hoy utilizado en las cocinas gourmet de todo el mundo. Antiguamente","breadcrumb":{"@id":"https:\/\/www.erresse-shop.it\/es\/shop\/sartenes-y-ollas\/marmitas-y-cocottes\/staub-cocotte-redonda-22-cm-granadina-copia\/#breadcrumb"},"inLanguage":"es","potentialAction":[{"@type":"ReadAction","target":["https:\/\/www.erresse-shop.it\/es\/shop\/sartenes-y-ollas\/marmitas-y-cocottes\/staub-cocotte-redonda-22-cm-granadina-copia\/"]}]},{"@type":"BreadcrumbList","@id":"https:\/\/www.erresse-shop.it\/es\/shop\/sartenes-y-ollas\/marmitas-y-cocottes\/staub-cocotte-redonda-22-cm-granadina-copia\/#breadcrumb","itemListElement":[{"@type":"ListItem","position":1,"name":"Home","item":"https:\/\/www.erresse-shop.it\/es\/"},{"@type":"ListItem","position":2,"name":"Shop","item":"https:\/\/www.erresse-shop.it\/es\/shop\/"},{"@type":"ListItem","position":3,"name":"STAUB Cocotte redonda de hierro fundido 34 cm Negro"}]},{"@type":"WebSite","@id":"https:\/\/www.erresse-shop.it\/es\/#website","url":"https:\/\/www.erresse-shop.it\/es\/","name":"Erresse Shop","description":"Articoli di qualit\u00e0 per la casa","potentialAction":[{"@type":"SearchAction","target":{"@type":"EntryPoint","urlTemplate":"https:\/\/www.erresse-shop.it\/es\/?s={search_term_string}"},"query-input":"required name=search_term_string"}],"inLanguage":"es"}]}},"df_price":209.5,"df_sale_price":209.5,"df_regular_price":419,"df_image_link":"https:\/\/www.erresse-shop.it\/wp-content\/uploads\/2025\/03\/STAUB-Cocotte-Tonda-in-Ghisa-34-cm-Nero-300x300.jpg","_links":{"self":[{"href":"https:\/\/www.erresse-shop.it\/es\/wp-json\/wp\/v2\/product\/476368"}],"collection":[{"href":"https:\/\/www.erresse-shop.it\/es\/wp-json\/wp\/v2\/product"}],"about":[{"href":"https:\/\/www.erresse-shop.it\/es\/wp-json\/wp\/v2\/types\/product"}],"wp:featuredmedia":[{"embeddable":true,"href":"https:\/\/www.erresse-shop.it\/es\/wp-json\/wp\/v2\/media\/476398"}],"wp:attachment":[{"href":"https:\/\/www.erresse-shop.it\/es\/wp-json\/wp\/v2\/media?parent=476368"}],"wp:term":[{"taxonomy":"product_cat","embeddable":true,"href":"https:\/\/www.erresse-shop.it\/es\/wp-json\/wp\/v2\/product_cat?post=476368"},{"taxonomy":"product_tag","embeddable":true,"href":"https:\/\/www.erresse-shop.it\/es\/wp-json\/wp\/v2\/product_tag?post=476368"}],"curies":[{"name":"wp","href":"https:\/\/api.w.org\/{rel}","templated":true}]}}