{"id":476275,"date":"2025-03-11T15:01:32","date_gmt":"2025-03-11T15:01:35","guid":{"rendered":"https:\/\/www.erresse-shop.it\/?post_type=product&#038;p=476275"},"modified":"2025-05-11T03:08:15","modified_gmt":"2025-05-11T03:08:15","slug":"staub-cocotte-ovalada-23-cm-gris-grafito-copia","status":"publish","type":"product","link":"https:\/\/www.erresse-shop.it\/es\/shop\/sartenes-y-ollas\/tajine-es\/staub-cocotte-ovalada-23-cm-gris-grafito-copia\/","title":{"rendered":"STAUB Tajine de hierro fundido 28 cm cereza"},"content":{"rendered":"<p>Con el tagine de hierro fundido de STAUB podr\u00e1 llevar la tradici\u00f3n del norte de \u00c1frica a su cocina: ya sean sabrosos platos de carne o delicias vegetarianas con una amplia variedad de verduras, tanto los chefs profesionales como los aficionados podr\u00e1n crear platos arom\u00e1ticos y saludables. El tajine tiene su origen en las tribus bereberes de Marruecos y todav\u00eda juega un papel importante en la preparaci\u00f3n de especialidades del norte de \u00c1frica. Por supuesto, tambi\u00e9n se puede utilizar para preparar recetas de todo el mundo y deleitar a los amantes de la cocina con platos creativos. La forma c\u00f3nica especial de la tapa cer\u00e1mica realza el aroma y el sabor de los platos, que no se pierden gracias al cierre herm\u00e9tico. Este todoterreno de hierro fundido no s\u00f3lo se puede utilizar en todo tipo de fuegos, sino tambi\u00e9n en el horno o en la parrilla. Los ingredientes se pueden dorar primero en el fuego y luego dejarlos hervir a fuego lento en el horno para que desarrollen todo su sabor.<\/p>\n<ul>\n<li>Ideal para preparar platos tradicionales marroqu\u00edes<\/li>\n<li>Apto para todo tipo de fuegos, incluida la inducci\u00f3n, y tambi\u00e9n se puede utilizar en la parrilla y en el horno<\/li>\n<li>Base lisa para un uso cuidadoso en placas sensibles<\/li>\n<li>Cocci\u00f3n con ahorro energ\u00e9tico gracias a las propiedades especiales del hierro fundido<\/li>\n<\/ul>\n<p><strong>Caracter\u00edsticas del producto:<\/strong><\/p>\n<div class=\"dimensiones-contenido\">\n<div class=\"atributos-principales-del-producto\">\n<ul>\n<li class=\"attribute\"><span class=\"label\">Resistencia al calor: <\/span><span class=\"value\">240 \u00baC<\/span><\/li>\n<li class=\"attribute\"><span class=\"label\">Resistencia al fr\u00edo:<\/span><span class=\"value\">&#8211; 20 \u00baC<\/span><\/li>\n<li class=\"attribute\"><span class=\"label\">Material: <\/span><span class=\"value\">hierro fundido<\/span><\/li>\n<li class=\"attribute\"><span class=\"label\">Recubrimiento interno: <\/span><span class=\"value\">esmalte<\/span><\/li>\n<li class=\"attribute\"><span class=\"label\">Tapa existente: <\/span><span class=\"value\">s\u00ed<\/span><\/li>\n<li class=\"attribute\"><span class=\"label\">Inducci\u00f3n: <\/span><span class=\"value\">S\u00ed<\/span><\/li>\n<li class=\"attribute\"><span class=\"label\">Apto para horno: <\/span><span class=\"value\">S\u00ed<\/span><\/li>\n<li class=\"attribute\"><span class=\"label\">Apto para congelador: <\/span><span class=\"value\">S\u00ed<\/span><\/li>\n<li class=\"attribute\"><span class=\"label\">Apto para estufa: <\/span><span class=\"value\">S\u00ed<\/span><\/li>\n<li class=\"attribute\"><span class=\"label\">Apto para lavavajillas: <\/span><span class=\"value\">S\u00ed<\/span><\/li>\n<\/ul>\n<\/div>\n<\/div>\n<div class=\"dimensiones-contenido\">\n<p><strong>Dimensiones:<\/strong><\/p>\n<div class=\"atributos-principales-del-producto\">\n<ul>\n<li class=\"attribute\"><span class=\"label\">Peso neto: <\/span><span class=\"value\">3,40 kg<\/span><\/li>\n<li class=\"attribute\"><span class=\"label\">Capacidad: <\/span><span class=\"value\">2,00 l<\/span><\/li>\n<li class=\"attribute\"><span class=\"label\">Longitud del producto: <\/span><span class=\"value\">28,00 cm<\/span><\/li>\n<li class=\"attribute\"><span class=\"label\">Ancho del producto: <\/span><span class=\"value\">28,00 cm<\/span><\/li>\n<li class=\"attribute\"><span class=\"label\">Altura del producto: <\/span><span class=\"value\">20,00 cm<\/span><\/li>\n<li class=\"attribute\"><span class=\"label\">Altura sin tapa: <\/span><span class=\"value\">6,50 cm<\/span><\/li>\n<li class=\"attribute\"><span class=\"label\">Di\u00e1metro superior: <\/span><span class=\"value\">28,00 cm<\/span><\/li>\n<li class=\"attribute\"><span class=\"label\">Di\u00e1metro superior: 2<\/span><span class=\"value\">0,00 cm<\/span><\/li>\n<li class=\"attribute\"><span class=\"label\">Di\u00e1metro del fondo: <\/span><span class=\"value\">18,80 cm<\/span><\/li>\n<li class=\"attribute\"><span class=\"label\">Di\u00e1metro del fondo: 2<\/span><span class=\"value\">0,00 cm<\/span><\/li>\n<\/ul>\n<\/div>\n<\/div>\n","protected":false},"excerpt":{"rendered":"<p>Con el tagine de hierro fundido de STAUB podr\u00e1 llevar la tradici\u00f3n del norte de \u00c1frica a su cocina: ya<\/p>\n","protected":false},"featured_media":476299,"template":"","meta":{"_acf_changed":false,"inline_featured_image":false},"product_cat":[16058,16070],"product_tag":[25090,16111,16211,21537,16158,16654,16753,25023],"acf":[],"yoast_head":"<!-- This site is optimized with the Yoast SEO Premium plugin v18.6 (Yoast SEO v19.13) - https:\/\/yoast.com\/wordpress\/plugins\/seo\/ -->\n<title>STAUB Tajine de hierro fundido 28 cm cereza - Erresse Shop<\/title>\n<meta name=\"description\" content=\"Con el tagine de hierro fundido de STAUB podr\u00e1 llevar la tradici\u00f3n del norte de \u00c1frica a su cocina: ya sean sabrosos platos de carne o delicias\" \/>\n<meta name=\"robots\" content=\"index, follow, max-snippet:-1, max-image-preview:large, max-video-preview:-1\" \/>\n<link rel=\"canonical\" href=\"https:\/\/www.erresse-shop.it\/es\/shop\/sartenes-y-ollas\/tajine-es\/staub-cocotte-ovalada-23-cm-gris-grafito-copia\/\" \/>\n<meta property=\"og:locale\" content=\"es_ES\" \/>\n<meta property=\"og:type\" content=\"article\" \/>\n<meta property=\"og:title\" content=\"STAUB Tajine de hierro fundido 28 cm cereza\" \/>\n<meta property=\"og:description\" content=\"Con el tagine de hierro fundido de STAUB podr\u00e1 llevar la tradici\u00f3n del norte de \u00c1frica a su cocina: ya sean sabrosos platos de carne o delicias\" \/>\n<meta property=\"og:url\" content=\"https:\/\/www.erresse-shop.it\/es\/shop\/sartenes-y-ollas\/tajine-es\/staub-cocotte-ovalada-23-cm-gris-grafito-copia\/\" \/>\n<meta property=\"og:site_name\" content=\"Erresse Shop\" \/>\n<meta property=\"article:modified_time\" content=\"2025-05-11T03:08:15+00:00\" \/>\n<meta property=\"og:image\" content=\"https:\/\/www.erresse-shop.it\/wp-content\/uploads\/2025\/03\/STAUB-Tajine-Ghisa-28-cm-Ciliegia.jpg\" \/>\n\t<meta property=\"og:image:width\" content=\"1200\" \/>\n\t<meta property=\"og:image:height\" content=\"1200\" \/>\n\t<meta property=\"og:image:type\" content=\"image\/jpeg\" \/>\n<meta name=\"twitter:card\" content=\"summary_large_image\" \/>\n<script type=\"application\/ld+json\" class=\"yoast-schema-graph\">{\"@context\":\"https:\/\/schema.org\",\"@graph\":[{\"@type\":\"WebPage\",\"@id\":\"https:\/\/www.erresse-shop.it\/es\/shop\/sartenes-y-ollas\/tajine-es\/staub-cocotte-ovalada-23-cm-gris-grafito-copia\/\",\"url\":\"https:\/\/www.erresse-shop.it\/es\/shop\/sartenes-y-ollas\/tajine-es\/staub-cocotte-ovalada-23-cm-gris-grafito-copia\/\",\"name\":\"STAUB Tajine de hierro fundido 28 cm cereza - Erresse Shop\",\"isPartOf\":{\"@id\":\"https:\/\/www.erresse-shop.it\/es\/#website\"},\"datePublished\":\"2025-03-11T15:01:35+00:00\",\"dateModified\":\"2025-05-11T03:08:15+00:00\",\"description\":\"Con el tagine de hierro fundido de STAUB podr\u00e1 llevar la tradici\u00f3n del norte de \u00c1frica a su cocina: ya sean sabrosos platos de carne o delicias\",\"breadcrumb\":{\"@id\":\"https:\/\/www.erresse-shop.it\/es\/shop\/sartenes-y-ollas\/tajine-es\/staub-cocotte-ovalada-23-cm-gris-grafito-copia\/#breadcrumb\"},\"inLanguage\":\"es\",\"potentialAction\":[{\"@type\":\"ReadAction\",\"target\":[\"https:\/\/www.erresse-shop.it\/es\/shop\/sartenes-y-ollas\/tajine-es\/staub-cocotte-ovalada-23-cm-gris-grafito-copia\/\"]}]},{\"@type\":\"BreadcrumbList\",\"@id\":\"https:\/\/www.erresse-shop.it\/es\/shop\/sartenes-y-ollas\/tajine-es\/staub-cocotte-ovalada-23-cm-gris-grafito-copia\/#breadcrumb\",\"itemListElement\":[{\"@type\":\"ListItem\",\"position\":1,\"name\":\"Home\",\"item\":\"https:\/\/www.erresse-shop.it\/es\/\"},{\"@type\":\"ListItem\",\"position\":2,\"name\":\"Shop\",\"item\":\"https:\/\/www.erresse-shop.it\/es\/shop\/\"},{\"@type\":\"ListItem\",\"position\":3,\"name\":\"STAUB Tajine de hierro fundido 28 cm cereza\"}]},{\"@type\":\"WebSite\",\"@id\":\"https:\/\/www.erresse-shop.it\/es\/#website\",\"url\":\"https:\/\/www.erresse-shop.it\/es\/\",\"name\":\"Erresse Shop\",\"description\":\"Articoli di qualit\u00e0 per la casa\",\"potentialAction\":[{\"@type\":\"SearchAction\",\"target\":{\"@type\":\"EntryPoint\",\"urlTemplate\":\"https:\/\/www.erresse-shop.it\/es\/?s={search_term_string}\"},\"query-input\":\"required name=search_term_string\"}],\"inLanguage\":\"es\"}]}<\/script>\n<!-- \/ Yoast SEO Premium plugin. -->","yoast_head_json":{"title":"STAUB Tajine de hierro fundido 28 cm cereza - Erresse Shop","description":"Con el tagine de hierro fundido de STAUB podr\u00e1 llevar la tradici\u00f3n del norte de \u00c1frica a su cocina: ya sean sabrosos platos de carne o delicias","robots":{"index":"index","follow":"follow","max-snippet":"max-snippet:-1","max-image-preview":"max-image-preview:large","max-video-preview":"max-video-preview:-1"},"canonical":"https:\/\/www.erresse-shop.it\/es\/shop\/sartenes-y-ollas\/tajine-es\/staub-cocotte-ovalada-23-cm-gris-grafito-copia\/","og_locale":"es_ES","og_type":"article","og_title":"STAUB Tajine de hierro fundido 28 cm cereza","og_description":"Con el tagine de hierro fundido de STAUB podr\u00e1 llevar la tradici\u00f3n del norte de \u00c1frica a su cocina: ya sean sabrosos platos de carne o delicias","og_url":"https:\/\/www.erresse-shop.it\/es\/shop\/sartenes-y-ollas\/tajine-es\/staub-cocotte-ovalada-23-cm-gris-grafito-copia\/","og_site_name":"Erresse Shop","article_modified_time":"2025-05-11T03:08:15+00:00","og_image":[{"width":1200,"height":1200,"url":"https:\/\/www.erresse-shop.it\/wp-content\/uploads\/2025\/03\/STAUB-Tajine-Ghisa-28-cm-Ciliegia.jpg","type":"image\/jpeg"}],"twitter_card":"summary_large_image","schema":{"@context":"https:\/\/schema.org","@graph":[{"@type":"WebPage","@id":"https:\/\/www.erresse-shop.it\/es\/shop\/sartenes-y-ollas\/tajine-es\/staub-cocotte-ovalada-23-cm-gris-grafito-copia\/","url":"https:\/\/www.erresse-shop.it\/es\/shop\/sartenes-y-ollas\/tajine-es\/staub-cocotte-ovalada-23-cm-gris-grafito-copia\/","name":"STAUB Tajine de hierro fundido 28 cm cereza - Erresse Shop","isPartOf":{"@id":"https:\/\/www.erresse-shop.it\/es\/#website"},"datePublished":"2025-03-11T15:01:35+00:00","dateModified":"2025-05-11T03:08:15+00:00","description":"Con el tagine de hierro fundido de STAUB podr\u00e1 llevar la tradici\u00f3n del norte de \u00c1frica a su cocina: ya sean sabrosos platos de carne o delicias","breadcrumb":{"@id":"https:\/\/www.erresse-shop.it\/es\/shop\/sartenes-y-ollas\/tajine-es\/staub-cocotte-ovalada-23-cm-gris-grafito-copia\/#breadcrumb"},"inLanguage":"es","potentialAction":[{"@type":"ReadAction","target":["https:\/\/www.erresse-shop.it\/es\/shop\/sartenes-y-ollas\/tajine-es\/staub-cocotte-ovalada-23-cm-gris-grafito-copia\/"]}]},{"@type":"BreadcrumbList","@id":"https:\/\/www.erresse-shop.it\/es\/shop\/sartenes-y-ollas\/tajine-es\/staub-cocotte-ovalada-23-cm-gris-grafito-copia\/#breadcrumb","itemListElement":[{"@type":"ListItem","position":1,"name":"Home","item":"https:\/\/www.erresse-shop.it\/es\/"},{"@type":"ListItem","position":2,"name":"Shop","item":"https:\/\/www.erresse-shop.it\/es\/shop\/"},{"@type":"ListItem","position":3,"name":"STAUB Tajine de hierro fundido 28 cm cereza"}]},{"@type":"WebSite","@id":"https:\/\/www.erresse-shop.it\/es\/#website","url":"https:\/\/www.erresse-shop.it\/es\/","name":"Erresse Shop","description":"Articoli di qualit\u00e0 per la casa","potentialAction":[{"@type":"SearchAction","target":{"@type":"EntryPoint","urlTemplate":"https:\/\/www.erresse-shop.it\/es\/?s={search_term_string}"},"query-input":"required name=search_term_string"}],"inLanguage":"es"}]}},"df_price":99.5,"df_sale_price":99.5,"df_regular_price":199,"df_image_link":"https:\/\/www.erresse-shop.it\/wp-content\/uploads\/2025\/03\/STAUB-Tajine-Ghisa-28-cm-Ciliegia-300x300.jpg","_links":{"self":[{"href":"https:\/\/www.erresse-shop.it\/es\/wp-json\/wp\/v2\/product\/476275"}],"collection":[{"href":"https:\/\/www.erresse-shop.it\/es\/wp-json\/wp\/v2\/product"}],"about":[{"href":"https:\/\/www.erresse-shop.it\/es\/wp-json\/wp\/v2\/types\/product"}],"wp:featuredmedia":[{"embeddable":true,"href":"https:\/\/www.erresse-shop.it\/es\/wp-json\/wp\/v2\/media\/476299"}],"wp:attachment":[{"href":"https:\/\/www.erresse-shop.it\/es\/wp-json\/wp\/v2\/media?parent=476275"}],"wp:term":[{"taxonomy":"product_cat","embeddable":true,"href":"https:\/\/www.erresse-shop.it\/es\/wp-json\/wp\/v2\/product_cat?post=476275"},{"taxonomy":"product_tag","embeddable":true,"href":"https:\/\/www.erresse-shop.it\/es\/wp-json\/wp\/v2\/product_tag?post=476275"}],"curies":[{"name":"wp","href":"https:\/\/api.w.org\/{rel}","templated":true}]}}