{"id":476207,"date":"2012-02-14T23:47:17","date_gmt":"2012-02-14T23:47:17","guid":{"rendered":"https:\/\/www.erresse-shop.it\/shop\/senza-categoria\/staub-sarten-ovalada-para-mejillones-con-tapa-25-cm-negro\/"},"modified":"2012-02-14T23:47:17","modified_gmt":"2012-02-14T23:47:17","slug":"staub-sarten-ovalada-para-mejillones-con-tapa-25-cm-negro","status":"publish","type":"product","link":"https:\/\/www.erresse-shop.it\/es\/shop\/sartenes-y-ollas\/ollas-y-cacerolas\/staub-sarten-ovalada-para-mejillones-con-tapa-25-cm-negro\/","title":{"rendered":"STAUB Sart\u00e9n Ovalada para Mejillones con tapa 25 cm Negro"},"content":{"rendered":"<p>Los platos de mejillones no s\u00f3lo se pueden disfrutar en vacaciones, quiz\u00e1 en la terraza de un restaurante de un puerto bret\u00f3n, sino que tambi\u00e9n se pueden preparar f\u00e1cilmente en casa. La fuente para mejillones negros ovalada de Staub est\u00e1 especialmente dise\u00f1ada para preparar platos de mejillones y tambi\u00e9n es un atractivo recipiente para servir en el que presentar dos o tres porciones de mejillones. Esta olla para mariscos Staub est\u00e1 hecha de hierro fundido, un material que mantiene calientes sus platos de mariscos incluso en la mesa. El calor se distribuye uniformemente durante la cocci\u00f3n. La olla tiene un di\u00e1metro de 25 cm, 17,8 cm de ancho, 16,9 cm de alto incluida la tapa y tiene una capacidad de 2 litros. Una rejilla divide el espacio interior en dos partes, una de las cuales est\u00e1 destinada a a\u00f1adir especias y l\u00edquidos. La rejilla de acero inoxidable mantiene los mejillones firmes mientras se vierte el caldo. Puedes utilizar la tapa de la olla para recoger las c\u00e1scaras de los mariscos en la mesa. La olla de hierro fundido para mejillones tiene la forma t\u00edpica de los mejillones. Sirva a sus invitados deliciosos platos en una olla de hierro fundido de estilo \u00fanico dise\u00f1ada para cocinar mejillones.<\/p>\n<ul>\n<li>Una olla ideal para los amantes de los mejillones<\/li>\n<li>Colador extra\u00edble para verter salsa<\/li>\n<li>Retenci\u00f3n prolongada del calor<\/li>\n<\/ul>\n<p><strong>Caracter\u00edsticas del producto:<\/strong><\/p>\n<div class=\"dimensiones-contenido\">\n<div class=\"atributos-principales-del-producto\">\n<ul>\n<li class=\"attribute\"><span class=\"label\">Resistencia al calor:<\/span><span class=\"value\">260 \u00baC<\/span><\/li>\n<li class=\"attribute\"><span class=\"label\">Material: <\/span><span class=\"value\">hierro fundido<\/span><\/li>\n<li class=\"attribute\"><span class=\"label\">Recubrimiento interno: <\/span><span class=\"value\">esmalte<\/span><\/li>\n<li class=\"attribute\"><span class=\"label\">Inducci\u00f3n: <\/span><span class=\"value\">S\u00ed<\/span><\/li>\n<li class=\"attribute\"><span class=\"label\">Apto para horno: <\/span><span class=\"value\">S\u00ed<\/span><\/li>\n<li class=\"attribute\"><span class=\"label\">Apto para estufa: <\/span><span class=\"value\">S\u00ed<\/span><\/li>\n<li class=\"attribute\"><span class=\"label\">Apto para lavavajillas: <\/span><span class=\"value\">S\u00ed<\/span><\/li>\n<\/ul>\n<\/div>\n<\/div>\n<div class=\"dimensiones-contenido\">\n<p><strong><span class=\"dimensions\">Dimensiones:<\/span><\/strong><\/p>\n<div class=\"atributos-principales-del-producto\">\n<ul>\n<li class=\"attribute\"><span class=\"label\">Peso neto: <\/span><span class=\"value\">3,25 kg<\/span><\/li>\n<li class=\"attribute\"><span class=\"label\">Capacidad: <\/span><span class=\"value\">2,00 l<\/span><\/li>\n<li class=\"attribute\"><span class=\"label\">Longitud del producto: <\/span><span class=\"value\">27,70 cm<\/span><\/li>\n<li class=\"attribute\"><span class=\"label\">Ancho del producto: <\/span><span class=\"value\">18,00 cm<\/span><\/li>\n<li class=\"attribute\"><span class=\"label\">Altura del producto: <\/span><span class=\"value\">16,90 cm<\/span><\/li>\n<li class=\"attribute\"><span class=\"label\">Altura sin tapa: <\/span><span class=\"value\">9,20 cm<\/span><\/li>\n<li class=\"attribute\"><span class=\"label\">Di\u00e1metro superior: <\/span><span class=\"value\">25,00 cm<\/span><\/li>\n<li class=\"attribute\"><span class=\"label\">Di\u00e1metro del fondo: <\/span><span class=\"value\">9,00 cm<\/span><\/li>\n<\/ul>\n<\/div>\n<\/div>\n","protected":false},"excerpt":{"rendered":"<p>Los platos de mejillones no s\u00f3lo se pueden disfrutar en vacaciones, quiz\u00e1 en la terraza de un restaurante de un<\/p>\n","protected":false},"featured_media":476194,"template":"","meta":{"_acf_changed":false,"inline_featured_image":false},"product_cat":[16067,16058],"product_tag":[16211,16781,16158],"acf":[],"yoast_head":"<!-- This site is optimized with the Yoast SEO Premium plugin v18.6 (Yoast SEO v19.13) - https:\/\/yoast.com\/wordpress\/plugins\/seo\/ -->\n<title>STAUB Sart\u00e9n Ovalada para Mejillones con tapa 25 cm Negro - Erresse Shop<\/title>\n<meta name=\"description\" content=\"Los platos de mejillones no s\u00f3lo se pueden disfrutar en vacaciones, quiz\u00e1 en la terraza de un restaurante de un puerto bret\u00f3n, sino que tambi\u00e9n se pueden\" \/>\n<meta name=\"robots\" content=\"index, follow, max-snippet:-1, max-image-preview:large, max-video-preview:-1\" \/>\n<link rel=\"canonical\" href=\"https:\/\/www.erresse-shop.it\/es\/shop\/sartenes-y-ollas\/ollas-y-cacerolas\/staub-sarten-ovalada-para-mejillones-con-tapa-25-cm-negro\/\" \/>\n<meta property=\"og:locale\" content=\"es_ES\" \/>\n<meta property=\"og:type\" content=\"article\" \/>\n<meta property=\"og:title\" content=\"STAUB Sart\u00e9n Ovalada para Mejillones con tapa 25 cm Negro\" \/>\n<meta property=\"og:description\" content=\"Los platos de mejillones no s\u00f3lo se pueden disfrutar en vacaciones, quiz\u00e1 en la terraza de un restaurante de un puerto bret\u00f3n, sino que tambi\u00e9n se pueden\" \/>\n<meta property=\"og:url\" content=\"https:\/\/www.erresse-shop.it\/es\/shop\/sartenes-y-ollas\/ollas-y-cacerolas\/staub-sarten-ovalada-para-mejillones-con-tapa-25-cm-negro\/\" \/>\n<meta property=\"og:site_name\" content=\"Erresse Shop\" \/>\n<meta property=\"og:image\" content=\"https:\/\/www.erresse-shop.it\/wp-content\/uploads\/2012\/02\/STAUB-Cozziera-Ovale-con-Coperchio-25-cm-Nero.jpg\" \/>\n\t<meta property=\"og:image:width\" content=\"1200\" \/>\n\t<meta property=\"og:image:height\" content=\"1200\" \/>\n\t<meta property=\"og:image:type\" content=\"image\/jpeg\" \/>\n<meta name=\"twitter:card\" content=\"summary_large_image\" \/>\n<script type=\"application\/ld+json\" class=\"yoast-schema-graph\">{\"@context\":\"https:\/\/schema.org\",\"@graph\":[{\"@type\":\"WebPage\",\"@id\":\"https:\/\/www.erresse-shop.it\/es\/shop\/sartenes-y-ollas\/ollas-y-cacerolas\/staub-sarten-ovalada-para-mejillones-con-tapa-25-cm-negro\/\",\"url\":\"https:\/\/www.erresse-shop.it\/es\/shop\/sartenes-y-ollas\/ollas-y-cacerolas\/staub-sarten-ovalada-para-mejillones-con-tapa-25-cm-negro\/\",\"name\":\"STAUB Sart\u00e9n Ovalada para Mejillones con tapa 25 cm Negro - Erresse Shop\",\"isPartOf\":{\"@id\":\"https:\/\/www.erresse-shop.it\/es\/#website\"},\"datePublished\":\"2012-02-14T23:47:17+00:00\",\"dateModified\":\"2012-02-14T23:47:17+00:00\",\"description\":\"Los platos de mejillones no s\u00f3lo se pueden disfrutar en vacaciones, quiz\u00e1 en la terraza de un restaurante de un puerto bret\u00f3n, sino que tambi\u00e9n se pueden\",\"breadcrumb\":{\"@id\":\"https:\/\/www.erresse-shop.it\/es\/shop\/sartenes-y-ollas\/ollas-y-cacerolas\/staub-sarten-ovalada-para-mejillones-con-tapa-25-cm-negro\/#breadcrumb\"},\"inLanguage\":\"es\",\"potentialAction\":[{\"@type\":\"ReadAction\",\"target\":[\"https:\/\/www.erresse-shop.it\/es\/shop\/sartenes-y-ollas\/ollas-y-cacerolas\/staub-sarten-ovalada-para-mejillones-con-tapa-25-cm-negro\/\"]}]},{\"@type\":\"BreadcrumbList\",\"@id\":\"https:\/\/www.erresse-shop.it\/es\/shop\/sartenes-y-ollas\/ollas-y-cacerolas\/staub-sarten-ovalada-para-mejillones-con-tapa-25-cm-negro\/#breadcrumb\",\"itemListElement\":[{\"@type\":\"ListItem\",\"position\":1,\"name\":\"Home\",\"item\":\"https:\/\/www.erresse-shop.it\/es\/\"},{\"@type\":\"ListItem\",\"position\":2,\"name\":\"Shop\",\"item\":\"https:\/\/www.erresse-shop.it\/es\/shop\/\"},{\"@type\":\"ListItem\",\"position\":3,\"name\":\"STAUB Sart\u00e9n Ovalada para Mejillones con tapa 25 cm Negro\"}]},{\"@type\":\"WebSite\",\"@id\":\"https:\/\/www.erresse-shop.it\/es\/#website\",\"url\":\"https:\/\/www.erresse-shop.it\/es\/\",\"name\":\"Erresse Shop\",\"description\":\"Articoli di qualit\u00e0 per la casa\",\"potentialAction\":[{\"@type\":\"SearchAction\",\"target\":{\"@type\":\"EntryPoint\",\"urlTemplate\":\"https:\/\/www.erresse-shop.it\/es\/?s={search_term_string}\"},\"query-input\":\"required name=search_term_string\"}],\"inLanguage\":\"es\"}]}<\/script>\n<!-- \/ Yoast SEO Premium plugin. -->","yoast_head_json":{"title":"STAUB Sart\u00e9n Ovalada para Mejillones con tapa 25 cm Negro - Erresse Shop","description":"Los platos de mejillones no s\u00f3lo se pueden disfrutar en vacaciones, quiz\u00e1 en la terraza de un restaurante de un puerto bret\u00f3n, sino que tambi\u00e9n se pueden","robots":{"index":"index","follow":"follow","max-snippet":"max-snippet:-1","max-image-preview":"max-image-preview:large","max-video-preview":"max-video-preview:-1"},"canonical":"https:\/\/www.erresse-shop.it\/es\/shop\/sartenes-y-ollas\/ollas-y-cacerolas\/staub-sarten-ovalada-para-mejillones-con-tapa-25-cm-negro\/","og_locale":"es_ES","og_type":"article","og_title":"STAUB Sart\u00e9n Ovalada para Mejillones con tapa 25 cm Negro","og_description":"Los platos de mejillones no s\u00f3lo se pueden disfrutar en vacaciones, quiz\u00e1 en la terraza de un restaurante de un puerto bret\u00f3n, sino que tambi\u00e9n se pueden","og_url":"https:\/\/www.erresse-shop.it\/es\/shop\/sartenes-y-ollas\/ollas-y-cacerolas\/staub-sarten-ovalada-para-mejillones-con-tapa-25-cm-negro\/","og_site_name":"Erresse Shop","og_image":[{"width":1200,"height":1200,"url":"https:\/\/www.erresse-shop.it\/wp-content\/uploads\/2012\/02\/STAUB-Cozziera-Ovale-con-Coperchio-25-cm-Nero.jpg","type":"image\/jpeg"}],"twitter_card":"summary_large_image","schema":{"@context":"https:\/\/schema.org","@graph":[{"@type":"WebPage","@id":"https:\/\/www.erresse-shop.it\/es\/shop\/sartenes-y-ollas\/ollas-y-cacerolas\/staub-sarten-ovalada-para-mejillones-con-tapa-25-cm-negro\/","url":"https:\/\/www.erresse-shop.it\/es\/shop\/sartenes-y-ollas\/ollas-y-cacerolas\/staub-sarten-ovalada-para-mejillones-con-tapa-25-cm-negro\/","name":"STAUB Sart\u00e9n Ovalada para Mejillones con tapa 25 cm Negro - Erresse Shop","isPartOf":{"@id":"https:\/\/www.erresse-shop.it\/es\/#website"},"datePublished":"2012-02-14T23:47:17+00:00","dateModified":"2012-02-14T23:47:17+00:00","description":"Los platos de mejillones no s\u00f3lo se pueden disfrutar en vacaciones, quiz\u00e1 en la terraza de un restaurante de un puerto bret\u00f3n, sino que tambi\u00e9n se pueden","breadcrumb":{"@id":"https:\/\/www.erresse-shop.it\/es\/shop\/sartenes-y-ollas\/ollas-y-cacerolas\/staub-sarten-ovalada-para-mejillones-con-tapa-25-cm-negro\/#breadcrumb"},"inLanguage":"es","potentialAction":[{"@type":"ReadAction","target":["https:\/\/www.erresse-shop.it\/es\/shop\/sartenes-y-ollas\/ollas-y-cacerolas\/staub-sarten-ovalada-para-mejillones-con-tapa-25-cm-negro\/"]}]},{"@type":"BreadcrumbList","@id":"https:\/\/www.erresse-shop.it\/es\/shop\/sartenes-y-ollas\/ollas-y-cacerolas\/staub-sarten-ovalada-para-mejillones-con-tapa-25-cm-negro\/#breadcrumb","itemListElement":[{"@type":"ListItem","position":1,"name":"Home","item":"https:\/\/www.erresse-shop.it\/es\/"},{"@type":"ListItem","position":2,"name":"Shop","item":"https:\/\/www.erresse-shop.it\/es\/shop\/"},{"@type":"ListItem","position":3,"name":"STAUB Sart\u00e9n Ovalada para Mejillones con tapa 25 cm Negro"}]},{"@type":"WebSite","@id":"https:\/\/www.erresse-shop.it\/es\/#website","url":"https:\/\/www.erresse-shop.it\/es\/","name":"Erresse Shop","description":"Articoli di qualit\u00e0 per la casa","potentialAction":[{"@type":"SearchAction","target":{"@type":"EntryPoint","urlTemplate":"https:\/\/www.erresse-shop.it\/es\/?s={search_term_string}"},"query-input":"required name=search_term_string"}],"inLanguage":"es"}]}},"df_price":119,"df_sale_price":119,"df_regular_price":179,"df_image_link":"https:\/\/www.erresse-shop.it\/wp-content\/uploads\/2012\/02\/STAUB-Cozziera-Ovale-con-Coperchio-25-cm-Nero-300x300.jpg","_links":{"self":[{"href":"https:\/\/www.erresse-shop.it\/es\/wp-json\/wp\/v2\/product\/476207"}],"collection":[{"href":"https:\/\/www.erresse-shop.it\/es\/wp-json\/wp\/v2\/product"}],"about":[{"href":"https:\/\/www.erresse-shop.it\/es\/wp-json\/wp\/v2\/types\/product"}],"wp:featuredmedia":[{"embeddable":true,"href":"https:\/\/www.erresse-shop.it\/es\/wp-json\/wp\/v2\/media\/476194"}],"wp:attachment":[{"href":"https:\/\/www.erresse-shop.it\/es\/wp-json\/wp\/v2\/media?parent=476207"}],"wp:term":[{"taxonomy":"product_cat","embeddable":true,"href":"https:\/\/www.erresse-shop.it\/es\/wp-json\/wp\/v2\/product_cat?post=476207"},{"taxonomy":"product_tag","embeddable":true,"href":"https:\/\/www.erresse-shop.it\/es\/wp-json\/wp\/v2\/product_tag?post=476207"}],"curies":[{"name":"wp","href":"https:\/\/api.w.org\/{rel}","templated":true}]}}