{"id":475303,"date":"2020-09-18T12:56:13","date_gmt":"2020-09-18T12:56:13","guid":{"rendered":"https:\/\/www.erresse-shop.it\/shop\/senza-categoria\/alessi-resonance-porta-frutas\/"},"modified":"2020-09-18T12:56:13","modified_gmt":"2020-09-18T12:56:13","slug":"alessi-resonance-porta-frutas","status":"publish","type":"product","link":"https:\/\/www.erresse-shop.it\/es\/shop\/tabla\/cestas-y-cuencos\/alessi-resonance-porta-frutas\/","title":{"rendered":"ALESSI Resonance Porta frutas"},"content":{"rendered":"<p>El frutero Resonancia es un objeto concebido como obra de arte, donde el rigor geom\u00e9trico se transforma en poes\u00eda de formas. Una composici\u00f3n armoniosa para hacer tu hogar especial. El frutero Resonance est\u00e1 fabricado en acero inoxidable 18\/10.<\/p>\n<p>Frutero en acero inoxidable 18\/10.<\/p>\n<p>Caracter\u00edsticas:<\/p>\n<p>Di\u00e1metro (cm): 38,00<br \/>\nAltura (cm): 5,80<\/p>\n","protected":false},"excerpt":{"rendered":"<p>El frutero Resonancia es un objeto concebido como obra de arte, donde el rigor geom\u00e9trico se transforma en poes\u00eda de<\/p>\n","protected":false},"featured_media":475302,"template":"","meta":{"_acf_changed":false,"inline_featured_image":false},"product_cat":[16037,16027],"product_tag":[16162,16225,16413,17245],"acf":[],"yoast_head":"<!-- This site is optimized with the Yoast SEO Premium plugin v18.6 (Yoast SEO v19.13) - https:\/\/yoast.com\/wordpress\/plugins\/seo\/ -->\n<title>ALESSI Resonance Porta frutas - Erresse Shop<\/title>\n<meta name=\"description\" content=\"El frutero Resonancia es un objeto concebido como obra de arte, donde el rigor geom\u00e9trico se transforma en poes\u00eda de formas. Una composici\u00f3n armoniosa\" \/>\n<meta name=\"robots\" content=\"index, follow, max-snippet:-1, max-image-preview:large, max-video-preview:-1\" \/>\n<link rel=\"canonical\" href=\"https:\/\/www.erresse-shop.it\/es\/shop\/tabla\/cestas-y-cuencos\/alessi-resonance-porta-frutas\/\" \/>\n<meta property=\"og:locale\" content=\"es_ES\" \/>\n<meta property=\"og:type\" content=\"article\" \/>\n<meta property=\"og:title\" content=\"ALESSI Resonance Porta frutas\" \/>\n<meta property=\"og:description\" content=\"El frutero Resonancia es un objeto concebido como obra de arte, donde el rigor geom\u00e9trico se transforma en poes\u00eda de formas. Una composici\u00f3n armoniosa\" \/>\n<meta property=\"og:url\" content=\"https:\/\/www.erresse-shop.it\/es\/shop\/tabla\/cestas-y-cuencos\/alessi-resonance-porta-frutas\/\" \/>\n<meta property=\"og:site_name\" content=\"Erresse Shop\" \/>\n<meta property=\"og:image\" content=\"https:\/\/www.erresse-shop.it\/wp-content\/uploads\/2020\/09\/ALESSI-Resonance-Fruttiera.jpg\" \/>\n\t<meta property=\"og:image:width\" content=\"1200\" \/>\n\t<meta property=\"og:image:height\" content=\"1200\" \/>\n\t<meta property=\"og:image:type\" content=\"image\/jpeg\" \/>\n<meta name=\"twitter:card\" content=\"summary_large_image\" \/>\n<script type=\"application\/ld+json\" class=\"yoast-schema-graph\">{\"@context\":\"https:\/\/schema.org\",\"@graph\":[{\"@type\":\"WebPage\",\"@id\":\"https:\/\/www.erresse-shop.it\/es\/shop\/tabla\/cestas-y-cuencos\/alessi-resonance-porta-frutas\/\",\"url\":\"https:\/\/www.erresse-shop.it\/es\/shop\/tabla\/cestas-y-cuencos\/alessi-resonance-porta-frutas\/\",\"name\":\"ALESSI Resonance Porta frutas - Erresse Shop\",\"isPartOf\":{\"@id\":\"https:\/\/www.erresse-shop.it\/es\/#website\"},\"datePublished\":\"2020-09-18T12:56:13+00:00\",\"dateModified\":\"2020-09-18T12:56:13+00:00\",\"description\":\"El frutero Resonancia es un objeto concebido como obra de arte, donde el rigor geom\u00e9trico se transforma en poes\u00eda de formas. Una composici\u00f3n armoniosa\",\"breadcrumb\":{\"@id\":\"https:\/\/www.erresse-shop.it\/es\/shop\/tabla\/cestas-y-cuencos\/alessi-resonance-porta-frutas\/#breadcrumb\"},\"inLanguage\":\"es\",\"potentialAction\":[{\"@type\":\"ReadAction\",\"target\":[\"https:\/\/www.erresse-shop.it\/es\/shop\/tabla\/cestas-y-cuencos\/alessi-resonance-porta-frutas\/\"]}]},{\"@type\":\"BreadcrumbList\",\"@id\":\"https:\/\/www.erresse-shop.it\/es\/shop\/tabla\/cestas-y-cuencos\/alessi-resonance-porta-frutas\/#breadcrumb\",\"itemListElement\":[{\"@type\":\"ListItem\",\"position\":1,\"name\":\"Home\",\"item\":\"https:\/\/www.erresse-shop.it\/es\/\"},{\"@type\":\"ListItem\",\"position\":2,\"name\":\"Shop\",\"item\":\"https:\/\/www.erresse-shop.it\/es\/shop\/\"},{\"@type\":\"ListItem\",\"position\":3,\"name\":\"ALESSI Resonance Porta frutas\"}]},{\"@type\":\"WebSite\",\"@id\":\"https:\/\/www.erresse-shop.it\/es\/#website\",\"url\":\"https:\/\/www.erresse-shop.it\/es\/\",\"name\":\"Erresse Shop\",\"description\":\"Articoli di qualit\u00e0 per la casa\",\"potentialAction\":[{\"@type\":\"SearchAction\",\"target\":{\"@type\":\"EntryPoint\",\"urlTemplate\":\"https:\/\/www.erresse-shop.it\/es\/?s={search_term_string}\"},\"query-input\":\"required name=search_term_string\"}],\"inLanguage\":\"es\"}]}<\/script>\n<!-- \/ Yoast SEO Premium plugin. -->","yoast_head_json":{"title":"ALESSI Resonance Porta frutas - Erresse Shop","description":"El frutero Resonancia es un objeto concebido como obra de arte, donde el rigor geom\u00e9trico se transforma en poes\u00eda de formas. Una composici\u00f3n armoniosa","robots":{"index":"index","follow":"follow","max-snippet":"max-snippet:-1","max-image-preview":"max-image-preview:large","max-video-preview":"max-video-preview:-1"},"canonical":"https:\/\/www.erresse-shop.it\/es\/shop\/tabla\/cestas-y-cuencos\/alessi-resonance-porta-frutas\/","og_locale":"es_ES","og_type":"article","og_title":"ALESSI Resonance Porta frutas","og_description":"El frutero Resonancia es un objeto concebido como obra de arte, donde el rigor geom\u00e9trico se transforma en poes\u00eda de formas. Una composici\u00f3n armoniosa","og_url":"https:\/\/www.erresse-shop.it\/es\/shop\/tabla\/cestas-y-cuencos\/alessi-resonance-porta-frutas\/","og_site_name":"Erresse Shop","og_image":[{"width":1200,"height":1200,"url":"https:\/\/www.erresse-shop.it\/wp-content\/uploads\/2020\/09\/ALESSI-Resonance-Fruttiera.jpg","type":"image\/jpeg"}],"twitter_card":"summary_large_image","schema":{"@context":"https:\/\/schema.org","@graph":[{"@type":"WebPage","@id":"https:\/\/www.erresse-shop.it\/es\/shop\/tabla\/cestas-y-cuencos\/alessi-resonance-porta-frutas\/","url":"https:\/\/www.erresse-shop.it\/es\/shop\/tabla\/cestas-y-cuencos\/alessi-resonance-porta-frutas\/","name":"ALESSI Resonance Porta frutas - Erresse Shop","isPartOf":{"@id":"https:\/\/www.erresse-shop.it\/es\/#website"},"datePublished":"2020-09-18T12:56:13+00:00","dateModified":"2020-09-18T12:56:13+00:00","description":"El frutero Resonancia es un objeto concebido como obra de arte, donde el rigor geom\u00e9trico se transforma en poes\u00eda de formas. Una composici\u00f3n armoniosa","breadcrumb":{"@id":"https:\/\/www.erresse-shop.it\/es\/shop\/tabla\/cestas-y-cuencos\/alessi-resonance-porta-frutas\/#breadcrumb"},"inLanguage":"es","potentialAction":[{"@type":"ReadAction","target":["https:\/\/www.erresse-shop.it\/es\/shop\/tabla\/cestas-y-cuencos\/alessi-resonance-porta-frutas\/"]}]},{"@type":"BreadcrumbList","@id":"https:\/\/www.erresse-shop.it\/es\/shop\/tabla\/cestas-y-cuencos\/alessi-resonance-porta-frutas\/#breadcrumb","itemListElement":[{"@type":"ListItem","position":1,"name":"Home","item":"https:\/\/www.erresse-shop.it\/es\/"},{"@type":"ListItem","position":2,"name":"Shop","item":"https:\/\/www.erresse-shop.it\/es\/shop\/"},{"@type":"ListItem","position":3,"name":"ALESSI Resonance Porta frutas"}]},{"@type":"WebSite","@id":"https:\/\/www.erresse-shop.it\/es\/#website","url":"https:\/\/www.erresse-shop.it\/es\/","name":"Erresse Shop","description":"Articoli di qualit\u00e0 per la casa","potentialAction":[{"@type":"SearchAction","target":{"@type":"EntryPoint","urlTemplate":"https:\/\/www.erresse-shop.it\/es\/?s={search_term_string}"},"query-input":"required name=search_term_string"}],"inLanguage":"es"}]}},"df_price":75,"df_sale_price":75,"df_regular_price":150,"df_image_link":"https:\/\/www.erresse-shop.it\/wp-content\/uploads\/2020\/09\/ALESSI-Resonance-Fruttiera-300x300.jpg","_links":{"self":[{"href":"https:\/\/www.erresse-shop.it\/es\/wp-json\/wp\/v2\/product\/475303"}],"collection":[{"href":"https:\/\/www.erresse-shop.it\/es\/wp-json\/wp\/v2\/product"}],"about":[{"href":"https:\/\/www.erresse-shop.it\/es\/wp-json\/wp\/v2\/types\/product"}],"wp:featuredmedia":[{"embeddable":true,"href":"https:\/\/www.erresse-shop.it\/es\/wp-json\/wp\/v2\/media\/475302"}],"wp:attachment":[{"href":"https:\/\/www.erresse-shop.it\/es\/wp-json\/wp\/v2\/media?parent=475303"}],"wp:term":[{"taxonomy":"product_cat","embeddable":true,"href":"https:\/\/www.erresse-shop.it\/es\/wp-json\/wp\/v2\/product_cat?post=475303"},{"taxonomy":"product_tag","embeddable":true,"href":"https:\/\/www.erresse-shop.it\/es\/wp-json\/wp\/v2\/product_tag?post=475303"}],"curies":[{"name":"wp","href":"https:\/\/api.w.org\/{rel}","templated":true}]}}