{"id":475232,"date":"2020-08-20T09:11:29","date_gmt":"2020-08-20T09:11:29","guid":{"rendered":"https:\/\/www.erresse-shop.it\/shop\/senza-categoria\/alessi-exprimidor-electrico\/"},"modified":"2020-08-20T09:11:29","modified_gmt":"2020-08-20T09:11:29","slug":"alessi-exprimidor-electrico","status":"publish","type":"product","link":"https:\/\/www.erresse-shop.it\/es\/shop\/pequenos-electrodomesticos\/exprimidores\/alessi-exprimidor-electrico\/","title":{"rendered":"ALESSI Exprimidor el\u00e9ctrico"},"content":{"rendered":"<p>Las l\u00edneas suaves de este exprimidor, realizado casi en su totalidad en acero inoxidable, revelan claramente la b\u00fasqueda de Stefano Giovannoni de una especie de nuevo clasicismo, de armon\u00eda, para el paisaje dom\u00e9stico de este siglo.<\/p>\n<p>Exprimidor el\u00e9ctrico de c\u00edtricos en acero inoxidable 18\/10 y resina termopl\u00e1stica, color blanco. Enchufe europeo.<\/p>\n<div id=\"secci\u00f3n-shopify-especificaciones-del-producto\" class=\"secci\u00f3n-shopify\">\n<p>Caracter\u00edsticas:<\/p>\n<ul>\n<li><span class=\"product-specifications__title\">Di\u00e1metro (cm):\u00a0<\/span><span class=\"product-specifications__value\">22,00<\/span><\/li>\n<\/ul>\n<ul class=\"especificaciones-del-producto\">\n<li class=\"product-specifications__item\"><span class=\"product-specifications__title\">Altura (cm):\u00a0<\/span><span class=\"product-specifications__value\">28,00<\/span><\/li>\n<\/ul>\n<\/div>\n","protected":false},"excerpt":{"rendered":"<p>Las l\u00edneas suaves de este exprimidor, realizado casi en su totalidad en acero inoxidable, revelan claramente la b\u00fasqueda de Stefano<\/p>\n","protected":false},"featured_media":475231,"template":"","meta":{"_acf_changed":false,"inline_featured_image":false},"product_cat":[16078,16073],"product_tag":[16673],"acf":[],"yoast_head":"<!-- This site is optimized with the Yoast SEO Premium plugin v18.6 (Yoast SEO v19.13) - https:\/\/yoast.com\/wordpress\/plugins\/seo\/ -->\n<title>ALESSI Exprimidor el\u00e9ctrico - Erresse Shop<\/title>\n<meta name=\"description\" content=\"Las l\u00edneas suaves de este exprimidor, realizado casi en su totalidad en acero inoxidable, revelan claramente la b\u00fasqueda de Stefano Giovannoni de una\" \/>\n<meta name=\"robots\" content=\"index, follow, max-snippet:-1, max-image-preview:large, max-video-preview:-1\" \/>\n<link rel=\"canonical\" href=\"https:\/\/www.erresse-shop.it\/es\/shop\/pequenos-electrodomesticos\/exprimidores\/alessi-exprimidor-electrico\/\" \/>\n<meta property=\"og:locale\" content=\"es_ES\" \/>\n<meta property=\"og:type\" content=\"article\" \/>\n<meta property=\"og:title\" content=\"ALESSI Exprimidor el\u00e9ctrico\" \/>\n<meta property=\"og:description\" content=\"Las l\u00edneas suaves de este exprimidor, realizado casi en su totalidad en acero inoxidable, revelan claramente la b\u00fasqueda de Stefano Giovannoni de una\" \/>\n<meta property=\"og:url\" content=\"https:\/\/www.erresse-shop.it\/es\/shop\/pequenos-electrodomesticos\/exprimidores\/alessi-exprimidor-electrico\/\" \/>\n<meta property=\"og:site_name\" content=\"Erresse Shop\" \/>\n<meta property=\"og:image\" content=\"https:\/\/www.erresse-shop.it\/wp-content\/uploads\/2020\/08\/ALESSI-Spremiagrumi-Elettrico.jpg\" \/>\n\t<meta property=\"og:image:width\" content=\"1200\" \/>\n\t<meta property=\"og:image:height\" content=\"1200\" \/>\n\t<meta property=\"og:image:type\" content=\"image\/jpeg\" \/>\n<meta name=\"twitter:card\" content=\"summary_large_image\" \/>\n<script type=\"application\/ld+json\" class=\"yoast-schema-graph\">{\"@context\":\"https:\/\/schema.org\",\"@graph\":[{\"@type\":\"WebPage\",\"@id\":\"https:\/\/www.erresse-shop.it\/es\/shop\/pequenos-electrodomesticos\/exprimidores\/alessi-exprimidor-electrico\/\",\"url\":\"https:\/\/www.erresse-shop.it\/es\/shop\/pequenos-electrodomesticos\/exprimidores\/alessi-exprimidor-electrico\/\",\"name\":\"ALESSI Exprimidor el\u00e9ctrico - Erresse Shop\",\"isPartOf\":{\"@id\":\"https:\/\/www.erresse-shop.it\/es\/#website\"},\"datePublished\":\"2020-08-20T09:11:29+00:00\",\"dateModified\":\"2020-08-20T09:11:29+00:00\",\"description\":\"Las l\u00edneas suaves de este exprimidor, realizado casi en su totalidad en acero inoxidable, revelan claramente la b\u00fasqueda de Stefano Giovannoni de una\",\"breadcrumb\":{\"@id\":\"https:\/\/www.erresse-shop.it\/es\/shop\/pequenos-electrodomesticos\/exprimidores\/alessi-exprimidor-electrico\/#breadcrumb\"},\"inLanguage\":\"es\",\"potentialAction\":[{\"@type\":\"ReadAction\",\"target\":[\"https:\/\/www.erresse-shop.it\/es\/shop\/pequenos-electrodomesticos\/exprimidores\/alessi-exprimidor-electrico\/\"]}]},{\"@type\":\"BreadcrumbList\",\"@id\":\"https:\/\/www.erresse-shop.it\/es\/shop\/pequenos-electrodomesticos\/exprimidores\/alessi-exprimidor-electrico\/#breadcrumb\",\"itemListElement\":[{\"@type\":\"ListItem\",\"position\":1,\"name\":\"Home\",\"item\":\"https:\/\/www.erresse-shop.it\/es\/\"},{\"@type\":\"ListItem\",\"position\":2,\"name\":\"Shop\",\"item\":\"https:\/\/www.erresse-shop.it\/es\/shop\/\"},{\"@type\":\"ListItem\",\"position\":3,\"name\":\"ALESSI Exprimidor el\u00e9ctrico\"}]},{\"@type\":\"WebSite\",\"@id\":\"https:\/\/www.erresse-shop.it\/es\/#website\",\"url\":\"https:\/\/www.erresse-shop.it\/es\/\",\"name\":\"Erresse Shop\",\"description\":\"Articoli di qualit\u00e0 per la casa\",\"potentialAction\":[{\"@type\":\"SearchAction\",\"target\":{\"@type\":\"EntryPoint\",\"urlTemplate\":\"https:\/\/www.erresse-shop.it\/es\/?s={search_term_string}\"},\"query-input\":\"required name=search_term_string\"}],\"inLanguage\":\"es\"}]}<\/script>\n<!-- \/ Yoast SEO Premium plugin. -->","yoast_head_json":{"title":"ALESSI Exprimidor el\u00e9ctrico - Erresse Shop","description":"Las l\u00edneas suaves de este exprimidor, realizado casi en su totalidad en acero inoxidable, revelan claramente la b\u00fasqueda de Stefano Giovannoni de una","robots":{"index":"index","follow":"follow","max-snippet":"max-snippet:-1","max-image-preview":"max-image-preview:large","max-video-preview":"max-video-preview:-1"},"canonical":"https:\/\/www.erresse-shop.it\/es\/shop\/pequenos-electrodomesticos\/exprimidores\/alessi-exprimidor-electrico\/","og_locale":"es_ES","og_type":"article","og_title":"ALESSI Exprimidor el\u00e9ctrico","og_description":"Las l\u00edneas suaves de este exprimidor, realizado casi en su totalidad en acero inoxidable, revelan claramente la b\u00fasqueda de Stefano Giovannoni de una","og_url":"https:\/\/www.erresse-shop.it\/es\/shop\/pequenos-electrodomesticos\/exprimidores\/alessi-exprimidor-electrico\/","og_site_name":"Erresse Shop","og_image":[{"width":1200,"height":1200,"url":"https:\/\/www.erresse-shop.it\/wp-content\/uploads\/2020\/08\/ALESSI-Spremiagrumi-Elettrico.jpg","type":"image\/jpeg"}],"twitter_card":"summary_large_image","schema":{"@context":"https:\/\/schema.org","@graph":[{"@type":"WebPage","@id":"https:\/\/www.erresse-shop.it\/es\/shop\/pequenos-electrodomesticos\/exprimidores\/alessi-exprimidor-electrico\/","url":"https:\/\/www.erresse-shop.it\/es\/shop\/pequenos-electrodomesticos\/exprimidores\/alessi-exprimidor-electrico\/","name":"ALESSI Exprimidor el\u00e9ctrico - Erresse Shop","isPartOf":{"@id":"https:\/\/www.erresse-shop.it\/es\/#website"},"datePublished":"2020-08-20T09:11:29+00:00","dateModified":"2020-08-20T09:11:29+00:00","description":"Las l\u00edneas suaves de este exprimidor, realizado casi en su totalidad en acero inoxidable, revelan claramente la b\u00fasqueda de Stefano Giovannoni de una","breadcrumb":{"@id":"https:\/\/www.erresse-shop.it\/es\/shop\/pequenos-electrodomesticos\/exprimidores\/alessi-exprimidor-electrico\/#breadcrumb"},"inLanguage":"es","potentialAction":[{"@type":"ReadAction","target":["https:\/\/www.erresse-shop.it\/es\/shop\/pequenos-electrodomesticos\/exprimidores\/alessi-exprimidor-electrico\/"]}]},{"@type":"BreadcrumbList","@id":"https:\/\/www.erresse-shop.it\/es\/shop\/pequenos-electrodomesticos\/exprimidores\/alessi-exprimidor-electrico\/#breadcrumb","itemListElement":[{"@type":"ListItem","position":1,"name":"Home","item":"https:\/\/www.erresse-shop.it\/es\/"},{"@type":"ListItem","position":2,"name":"Shop","item":"https:\/\/www.erresse-shop.it\/es\/shop\/"},{"@type":"ListItem","position":3,"name":"ALESSI Exprimidor el\u00e9ctrico"}]},{"@type":"WebSite","@id":"https:\/\/www.erresse-shop.it\/es\/#website","url":"https:\/\/www.erresse-shop.it\/es\/","name":"Erresse Shop","description":"Articoli di qualit\u00e0 per la casa","potentialAction":[{"@type":"SearchAction","target":{"@type":"EntryPoint","urlTemplate":"https:\/\/www.erresse-shop.it\/es\/?s={search_term_string}"},"query-input":"required name=search_term_string"}],"inLanguage":"es"}]}},"df_price":125,"df_sale_price":125,"df_regular_price":250,"df_image_link":"https:\/\/www.erresse-shop.it\/wp-content\/uploads\/2020\/08\/ALESSI-Spremiagrumi-Elettrico-300x300.jpg","_links":{"self":[{"href":"https:\/\/www.erresse-shop.it\/es\/wp-json\/wp\/v2\/product\/475232"}],"collection":[{"href":"https:\/\/www.erresse-shop.it\/es\/wp-json\/wp\/v2\/product"}],"about":[{"href":"https:\/\/www.erresse-shop.it\/es\/wp-json\/wp\/v2\/types\/product"}],"wp:featuredmedia":[{"embeddable":true,"href":"https:\/\/www.erresse-shop.it\/es\/wp-json\/wp\/v2\/media\/475231"}],"wp:attachment":[{"href":"https:\/\/www.erresse-shop.it\/es\/wp-json\/wp\/v2\/media?parent=475232"}],"wp:term":[{"taxonomy":"product_cat","embeddable":true,"href":"https:\/\/www.erresse-shop.it\/es\/wp-json\/wp\/v2\/product_cat?post=475232"},{"taxonomy":"product_tag","embeddable":true,"href":"https:\/\/www.erresse-shop.it\/es\/wp-json\/wp\/v2\/product_tag?post=475232"}],"curies":[{"name":"wp","href":"https:\/\/api.w.org\/{rel}","templated":true}]}}