{"id":475009,"date":"2025-03-06T08:46:21","date_gmt":"2025-03-06T08:46:23","guid":{"rendered":"https:\/\/www.erresse-shop.it\/?post_type=product&#038;p=475009"},"modified":"2025-03-07T07:13:27","modified_gmt":"2025-03-07T07:13:27","slug":"stockli-set-pizzagrill-four4-copia","status":"publish","type":"product","link":"https:\/\/www.erresse-shop.it\/es\/shop\/pequenos-electrodomesticos\/parrillas-y-barbacoas\/stockli-set-pizzagrill-four4-copia\/","title":{"rendered":"STOCKLI Set PizzaGrill for8 Hot Stone"},"content":{"rendered":"<p>Este aparato combinado se considera un todoterreno en el \u00e1mbito de la cocina de mesa. Infinitas posibilidades de uso: por ejemplo para preparar mini pizzas, raclette o platos a la parrilla. De forma original es posible alimentar a ocho personas. Calor inferior conmutable, calor superior ajustable, marco de acero inoxidable, placa de parrilla de aluminio fundido a presi\u00f3n antiadherente, ocho sartenes con revestimiento antiadherente, ocho esp\u00e1tulas de pl\u00e1stico y cortador de pasta. \u00a1Una aut\u00e9ntica sorpresa incluso para los hu\u00e9spedes m\u00e1s exigentes!<\/p>\n<p>El juego incluye: 8 sartenes y 8 esp\u00e1tulas\/cortadores de pasta.<\/p>\n<p><strong>Especificaciones t\u00e9cnicas<\/strong><\/p>\n<ul>\n<li>Peso: 7,12 kg<\/li>\n<li>Altura: 13 cm<\/li>\n<li>Longitud: 59 cm<\/li>\n<li>Ancho: 23 cm<\/li>\n<li>M\u00e1x. Gente 8<\/li>\n<li>Control continuo de la temperatura del calor superior<\/li>\n<li>Tensi\u00f3n est\u00e1ndar y enchufe 230 V Schuko<\/li>\n<li>Placa de rejilla de aluminio fundido a presi\u00f3n sellada con PTFE<\/li>\n<li>Potencia 1450 W<\/li>\n<\/ul>\n<p><span style=\"text-decoration: underline;\"><strong>Not for sale outside Europe<\/strong><\/span><\/p>\n","protected":false},"excerpt":{"rendered":"<p>Este aparato combinado se considera un todoterreno en el \u00e1mbito de la cocina de mesa. Infinitas posibilidades de uso: por<\/p>\n","protected":false},"featured_media":475018,"template":"","meta":{"_acf_changed":false,"inline_featured_image":false},"product_cat":[16083,16073],"product_tag":[16168],"acf":[],"yoast_head":"<!-- This site is optimized with the Yoast SEO Premium plugin v18.6 (Yoast SEO v19.13) - https:\/\/yoast.com\/wordpress\/plugins\/seo\/ -->\n<title>STOCKLI Set PizzaGrill for8 Hot Stone - Erresse Shop<\/title>\n<meta name=\"description\" content=\"Este aparato combinado se considera un todoterreno en el \u00e1mbito de la cocina de mesa. Infinitas posibilidades de uso: por ejemplo para preparar mini\" \/>\n<meta name=\"robots\" content=\"index, follow, max-snippet:-1, max-image-preview:large, max-video-preview:-1\" \/>\n<link rel=\"canonical\" href=\"https:\/\/www.erresse-shop.it\/es\/shop\/pequenos-electrodomesticos\/parrillas-y-barbacoas\/stockli-set-pizzagrill-four4-copia\/\" \/>\n<meta property=\"og:locale\" content=\"es_ES\" \/>\n<meta property=\"og:type\" content=\"article\" \/>\n<meta property=\"og:title\" content=\"STOCKLI Set PizzaGrill for8 Hot Stone\" \/>\n<meta property=\"og:description\" content=\"Este aparato combinado se considera un todoterreno en el \u00e1mbito de la cocina de mesa. Infinitas posibilidades de uso: por ejemplo para preparar mini\" \/>\n<meta property=\"og:url\" content=\"https:\/\/www.erresse-shop.it\/es\/shop\/pequenos-electrodomesticos\/parrillas-y-barbacoas\/stockli-set-pizzagrill-four4-copia\/\" \/>\n<meta property=\"og:site_name\" content=\"Erresse Shop\" \/>\n<meta property=\"article:modified_time\" content=\"2025-03-07T07:13:27+00:00\" \/>\n<meta property=\"og:image\" content=\"https:\/\/www.erresse-shop.it\/wp-content\/uploads\/2025\/03\/STOCKLI-Set-PizzaGrill-for8-Hot-Stone.jpg\" \/>\n\t<meta property=\"og:image:width\" content=\"1200\" \/>\n\t<meta property=\"og:image:height\" content=\"1200\" \/>\n\t<meta property=\"og:image:type\" content=\"image\/jpeg\" \/>\n<meta name=\"twitter:card\" content=\"summary_large_image\" \/>\n<script type=\"application\/ld+json\" class=\"yoast-schema-graph\">{\"@context\":\"https:\/\/schema.org\",\"@graph\":[{\"@type\":\"WebPage\",\"@id\":\"https:\/\/www.erresse-shop.it\/es\/shop\/pequenos-electrodomesticos\/parrillas-y-barbacoas\/stockli-set-pizzagrill-four4-copia\/\",\"url\":\"https:\/\/www.erresse-shop.it\/es\/shop\/pequenos-electrodomesticos\/parrillas-y-barbacoas\/stockli-set-pizzagrill-four4-copia\/\",\"name\":\"STOCKLI Set PizzaGrill for8 Hot Stone - Erresse Shop\",\"isPartOf\":{\"@id\":\"https:\/\/www.erresse-shop.it\/es\/#website\"},\"datePublished\":\"2025-03-06T08:46:23+00:00\",\"dateModified\":\"2025-03-07T07:13:27+00:00\",\"description\":\"Este aparato combinado se considera un todoterreno en el \u00e1mbito de la cocina de mesa. Infinitas posibilidades de uso: por ejemplo para preparar mini\",\"breadcrumb\":{\"@id\":\"https:\/\/www.erresse-shop.it\/es\/shop\/pequenos-electrodomesticos\/parrillas-y-barbacoas\/stockli-set-pizzagrill-four4-copia\/#breadcrumb\"},\"inLanguage\":\"es\",\"potentialAction\":[{\"@type\":\"ReadAction\",\"target\":[\"https:\/\/www.erresse-shop.it\/es\/shop\/pequenos-electrodomesticos\/parrillas-y-barbacoas\/stockli-set-pizzagrill-four4-copia\/\"]}]},{\"@type\":\"BreadcrumbList\",\"@id\":\"https:\/\/www.erresse-shop.it\/es\/shop\/pequenos-electrodomesticos\/parrillas-y-barbacoas\/stockli-set-pizzagrill-four4-copia\/#breadcrumb\",\"itemListElement\":[{\"@type\":\"ListItem\",\"position\":1,\"name\":\"Home\",\"item\":\"https:\/\/www.erresse-shop.it\/es\/\"},{\"@type\":\"ListItem\",\"position\":2,\"name\":\"Shop\",\"item\":\"https:\/\/www.erresse-shop.it\/es\/shop\/\"},{\"@type\":\"ListItem\",\"position\":3,\"name\":\"STOCKLI Set PizzaGrill for8 Hot Stone\"}]},{\"@type\":\"WebSite\",\"@id\":\"https:\/\/www.erresse-shop.it\/es\/#website\",\"url\":\"https:\/\/www.erresse-shop.it\/es\/\",\"name\":\"Erresse Shop\",\"description\":\"Articoli di qualit\u00e0 per la casa\",\"potentialAction\":[{\"@type\":\"SearchAction\",\"target\":{\"@type\":\"EntryPoint\",\"urlTemplate\":\"https:\/\/www.erresse-shop.it\/es\/?s={search_term_string}\"},\"query-input\":\"required name=search_term_string\"}],\"inLanguage\":\"es\"}]}<\/script>\n<!-- \/ Yoast SEO Premium plugin. -->","yoast_head_json":{"title":"STOCKLI Set PizzaGrill for8 Hot Stone - Erresse Shop","description":"Este aparato combinado se considera un todoterreno en el \u00e1mbito de la cocina de mesa. Infinitas posibilidades de uso: por ejemplo para preparar mini","robots":{"index":"index","follow":"follow","max-snippet":"max-snippet:-1","max-image-preview":"max-image-preview:large","max-video-preview":"max-video-preview:-1"},"canonical":"https:\/\/www.erresse-shop.it\/es\/shop\/pequenos-electrodomesticos\/parrillas-y-barbacoas\/stockli-set-pizzagrill-four4-copia\/","og_locale":"es_ES","og_type":"article","og_title":"STOCKLI Set PizzaGrill for8 Hot Stone","og_description":"Este aparato combinado se considera un todoterreno en el \u00e1mbito de la cocina de mesa. Infinitas posibilidades de uso: por ejemplo para preparar mini","og_url":"https:\/\/www.erresse-shop.it\/es\/shop\/pequenos-electrodomesticos\/parrillas-y-barbacoas\/stockli-set-pizzagrill-four4-copia\/","og_site_name":"Erresse Shop","article_modified_time":"2025-03-07T07:13:27+00:00","og_image":[{"width":1200,"height":1200,"url":"https:\/\/www.erresse-shop.it\/wp-content\/uploads\/2025\/03\/STOCKLI-Set-PizzaGrill-for8-Hot-Stone.jpg","type":"image\/jpeg"}],"twitter_card":"summary_large_image","schema":{"@context":"https:\/\/schema.org","@graph":[{"@type":"WebPage","@id":"https:\/\/www.erresse-shop.it\/es\/shop\/pequenos-electrodomesticos\/parrillas-y-barbacoas\/stockli-set-pizzagrill-four4-copia\/","url":"https:\/\/www.erresse-shop.it\/es\/shop\/pequenos-electrodomesticos\/parrillas-y-barbacoas\/stockli-set-pizzagrill-four4-copia\/","name":"STOCKLI Set PizzaGrill for8 Hot Stone - Erresse Shop","isPartOf":{"@id":"https:\/\/www.erresse-shop.it\/es\/#website"},"datePublished":"2025-03-06T08:46:23+00:00","dateModified":"2025-03-07T07:13:27+00:00","description":"Este aparato combinado se considera un todoterreno en el \u00e1mbito de la cocina de mesa. Infinitas posibilidades de uso: por ejemplo para preparar mini","breadcrumb":{"@id":"https:\/\/www.erresse-shop.it\/es\/shop\/pequenos-electrodomesticos\/parrillas-y-barbacoas\/stockli-set-pizzagrill-four4-copia\/#breadcrumb"},"inLanguage":"es","potentialAction":[{"@type":"ReadAction","target":["https:\/\/www.erresse-shop.it\/es\/shop\/pequenos-electrodomesticos\/parrillas-y-barbacoas\/stockli-set-pizzagrill-four4-copia\/"]}]},{"@type":"BreadcrumbList","@id":"https:\/\/www.erresse-shop.it\/es\/shop\/pequenos-electrodomesticos\/parrillas-y-barbacoas\/stockli-set-pizzagrill-four4-copia\/#breadcrumb","itemListElement":[{"@type":"ListItem","position":1,"name":"Home","item":"https:\/\/www.erresse-shop.it\/es\/"},{"@type":"ListItem","position":2,"name":"Shop","item":"https:\/\/www.erresse-shop.it\/es\/shop\/"},{"@type":"ListItem","position":3,"name":"STOCKLI Set PizzaGrill for8 Hot Stone"}]},{"@type":"WebSite","@id":"https:\/\/www.erresse-shop.it\/es\/#website","url":"https:\/\/www.erresse-shop.it\/es\/","name":"Erresse Shop","description":"Articoli di qualit\u00e0 per la casa","potentialAction":[{"@type":"SearchAction","target":{"@type":"EntryPoint","urlTemplate":"https:\/\/www.erresse-shop.it\/es\/?s={search_term_string}"},"query-input":"required name=search_term_string"}],"inLanguage":"es"}]}},"df_price":224.1,"df_sale_price":224.1,"df_regular_price":249,"df_image_link":"https:\/\/www.erresse-shop.it\/wp-content\/uploads\/2025\/03\/STOCKLI-Set-PizzaGrill-for8-Hot-Stone-300x300.jpg","_links":{"self":[{"href":"https:\/\/www.erresse-shop.it\/es\/wp-json\/wp\/v2\/product\/475009"}],"collection":[{"href":"https:\/\/www.erresse-shop.it\/es\/wp-json\/wp\/v2\/product"}],"about":[{"href":"https:\/\/www.erresse-shop.it\/es\/wp-json\/wp\/v2\/types\/product"}],"wp:featuredmedia":[{"embeddable":true,"href":"https:\/\/www.erresse-shop.it\/es\/wp-json\/wp\/v2\/media\/475018"}],"wp:attachment":[{"href":"https:\/\/www.erresse-shop.it\/es\/wp-json\/wp\/v2\/media?parent=475009"}],"wp:term":[{"taxonomy":"product_cat","embeddable":true,"href":"https:\/\/www.erresse-shop.it\/es\/wp-json\/wp\/v2\/product_cat?post=475009"},{"taxonomy":"product_tag","embeddable":true,"href":"https:\/\/www.erresse-shop.it\/es\/wp-json\/wp\/v2\/product_tag?post=475009"}],"curies":[{"name":"wp","href":"https:\/\/api.w.org\/{rel}","templated":true}]}}