{"id":474982,"date":"2025-03-06T08:06:44","date_gmt":"2025-03-06T08:06:47","guid":{"rendered":"https:\/\/www.erresse-shop.it\/?post_type=product&#038;p=474982"},"modified":"2025-03-07T07:18:30","modified_gmt":"2025-03-07T07:18:30","slug":"stockli-cheeseboard-v8-raclette-grill-copia","status":"publish","type":"product","link":"https:\/\/www.erresse-shop.it\/es\/shop\/pequenos-electrodomesticos\/parrillas-y-barbacoas\/stockli-cheeseboard-v8-raclette-grill-copia\/","title":{"rendered":"STOCKLI Set PizzaGrill four4"},"content":{"rendered":"<p>Aparato multifunci\u00f3n para pizza, grill, raclette y mucho m\u00e1s. Unidad base y terminal conectadas entre s\u00ed para hasta ocho personas. Con calor inferior conmutable, calor superior regulable libremente, placa de parrilla de alta calidad, antiadherente de doble capa, sellada, incluye bandeja de apoyo, ocho sartenes y esp\u00e1tulas, cortador de masa, cables de alimentaci\u00f3n y conexi\u00f3n incluidos<\/p>\n<p><strong>Especificaciones t\u00e9cnicas<\/strong><\/p>\n<ul>\n<li>Altura: 13 cm<\/li>\n<li>Longitud: 33 cm<\/li>\n<li>Ancho: 24 cm<\/li>\n<li>M\u00e1x. gente 8<\/li>\n<li>Control de temperatura. Calor superior regulable de forma continua.<\/li>\n<li>Tensi\u00f3n est\u00e1ndar y enchufe Schuko 230 V<\/li>\n<li>Placa de parrilla de aluminio fundido a presi\u00f3n sellada con PTFE<\/li>\n<li>Bandeja de apoyo para sartenes S\u00ed<\/li>\n<li>Potencia 2 x 870 W<\/li>\n<\/ul>\n<p><span style=\"text-decoration: underline;\"><strong>Not for sale outside Europe<\/strong><\/span><\/p>\n","protected":false},"excerpt":{"rendered":"<p>Aparato multifunci\u00f3n para pizza, grill, raclette y mucho m\u00e1s. Unidad base y terminal conectadas entre s\u00ed para hasta ocho personas.<\/p>\n","protected":false},"featured_media":474990,"template":"","meta":{"_acf_changed":false,"inline_featured_image":false},"product_cat":[16083,16073],"product_tag":[16168],"acf":[],"yoast_head":"<!-- This site is optimized with the Yoast SEO Premium plugin v18.6 (Yoast SEO v19.13) - https:\/\/yoast.com\/wordpress\/plugins\/seo\/ -->\n<title>STOCKLI Set PizzaGrill four4 - Erresse Shop<\/title>\n<meta name=\"description\" content=\"Aparato multifunci\u00f3n para pizza, grill, raclette y mucho m\u00e1s. Unidad base y terminal conectadas entre s\u00ed para hasta ocho personas. Con calor inferior\" \/>\n<meta name=\"robots\" content=\"index, follow, max-snippet:-1, max-image-preview:large, max-video-preview:-1\" \/>\n<link rel=\"canonical\" href=\"https:\/\/www.erresse-shop.it\/es\/shop\/pequenos-electrodomesticos\/parrillas-y-barbacoas\/stockli-cheeseboard-v8-raclette-grill-copia\/\" \/>\n<meta property=\"og:locale\" content=\"es_ES\" \/>\n<meta property=\"og:type\" content=\"article\" \/>\n<meta property=\"og:title\" content=\"STOCKLI Set PizzaGrill four4\" \/>\n<meta property=\"og:description\" content=\"Aparato multifunci\u00f3n para pizza, grill, raclette y mucho m\u00e1s. Unidad base y terminal conectadas entre s\u00ed para hasta ocho personas. Con calor inferior\" \/>\n<meta property=\"og:url\" content=\"https:\/\/www.erresse-shop.it\/es\/shop\/pequenos-electrodomesticos\/parrillas-y-barbacoas\/stockli-cheeseboard-v8-raclette-grill-copia\/\" \/>\n<meta property=\"og:site_name\" content=\"Erresse Shop\" \/>\n<meta property=\"article:modified_time\" content=\"2025-03-07T07:18:30+00:00\" \/>\n<meta property=\"og:image\" content=\"https:\/\/www.erresse-shop.it\/wp-content\/uploads\/2025\/03\/STOCKLI-Set-PizzaGrill-four4.jpg\" \/>\n\t<meta property=\"og:image:width\" content=\"1200\" \/>\n\t<meta property=\"og:image:height\" content=\"1200\" \/>\n\t<meta property=\"og:image:type\" content=\"image\/jpeg\" \/>\n<meta name=\"twitter:card\" content=\"summary_large_image\" \/>\n<script type=\"application\/ld+json\" class=\"yoast-schema-graph\">{\"@context\":\"https:\/\/schema.org\",\"@graph\":[{\"@type\":\"WebPage\",\"@id\":\"https:\/\/www.erresse-shop.it\/es\/shop\/pequenos-electrodomesticos\/parrillas-y-barbacoas\/stockli-cheeseboard-v8-raclette-grill-copia\/\",\"url\":\"https:\/\/www.erresse-shop.it\/es\/shop\/pequenos-electrodomesticos\/parrillas-y-barbacoas\/stockli-cheeseboard-v8-raclette-grill-copia\/\",\"name\":\"STOCKLI Set PizzaGrill four4 - Erresse Shop\",\"isPartOf\":{\"@id\":\"https:\/\/www.erresse-shop.it\/es\/#website\"},\"datePublished\":\"2025-03-06T08:06:47+00:00\",\"dateModified\":\"2025-03-07T07:18:30+00:00\",\"description\":\"Aparato multifunci\u00f3n para pizza, grill, raclette y mucho m\u00e1s. Unidad base y terminal conectadas entre s\u00ed para hasta ocho personas. Con calor inferior\",\"breadcrumb\":{\"@id\":\"https:\/\/www.erresse-shop.it\/es\/shop\/pequenos-electrodomesticos\/parrillas-y-barbacoas\/stockli-cheeseboard-v8-raclette-grill-copia\/#breadcrumb\"},\"inLanguage\":\"es\",\"potentialAction\":[{\"@type\":\"ReadAction\",\"target\":[\"https:\/\/www.erresse-shop.it\/es\/shop\/pequenos-electrodomesticos\/parrillas-y-barbacoas\/stockli-cheeseboard-v8-raclette-grill-copia\/\"]}]},{\"@type\":\"BreadcrumbList\",\"@id\":\"https:\/\/www.erresse-shop.it\/es\/shop\/pequenos-electrodomesticos\/parrillas-y-barbacoas\/stockli-cheeseboard-v8-raclette-grill-copia\/#breadcrumb\",\"itemListElement\":[{\"@type\":\"ListItem\",\"position\":1,\"name\":\"Home\",\"item\":\"https:\/\/www.erresse-shop.it\/es\/\"},{\"@type\":\"ListItem\",\"position\":2,\"name\":\"Shop\",\"item\":\"https:\/\/www.erresse-shop.it\/es\/shop\/\"},{\"@type\":\"ListItem\",\"position\":3,\"name\":\"STOCKLI Set PizzaGrill four4\"}]},{\"@type\":\"WebSite\",\"@id\":\"https:\/\/www.erresse-shop.it\/es\/#website\",\"url\":\"https:\/\/www.erresse-shop.it\/es\/\",\"name\":\"Erresse Shop\",\"description\":\"Articoli di qualit\u00e0 per la casa\",\"potentialAction\":[{\"@type\":\"SearchAction\",\"target\":{\"@type\":\"EntryPoint\",\"urlTemplate\":\"https:\/\/www.erresse-shop.it\/es\/?s={search_term_string}\"},\"query-input\":\"required name=search_term_string\"}],\"inLanguage\":\"es\"}]}<\/script>\n<!-- \/ Yoast SEO Premium plugin. -->","yoast_head_json":{"title":"STOCKLI Set PizzaGrill four4 - Erresse Shop","description":"Aparato multifunci\u00f3n para pizza, grill, raclette y mucho m\u00e1s. Unidad base y terminal conectadas entre s\u00ed para hasta ocho personas. Con calor inferior","robots":{"index":"index","follow":"follow","max-snippet":"max-snippet:-1","max-image-preview":"max-image-preview:large","max-video-preview":"max-video-preview:-1"},"canonical":"https:\/\/www.erresse-shop.it\/es\/shop\/pequenos-electrodomesticos\/parrillas-y-barbacoas\/stockli-cheeseboard-v8-raclette-grill-copia\/","og_locale":"es_ES","og_type":"article","og_title":"STOCKLI Set PizzaGrill four4","og_description":"Aparato multifunci\u00f3n para pizza, grill, raclette y mucho m\u00e1s. Unidad base y terminal conectadas entre s\u00ed para hasta ocho personas. Con calor inferior","og_url":"https:\/\/www.erresse-shop.it\/es\/shop\/pequenos-electrodomesticos\/parrillas-y-barbacoas\/stockli-cheeseboard-v8-raclette-grill-copia\/","og_site_name":"Erresse Shop","article_modified_time":"2025-03-07T07:18:30+00:00","og_image":[{"width":1200,"height":1200,"url":"https:\/\/www.erresse-shop.it\/wp-content\/uploads\/2025\/03\/STOCKLI-Set-PizzaGrill-four4.jpg","type":"image\/jpeg"}],"twitter_card":"summary_large_image","schema":{"@context":"https:\/\/schema.org","@graph":[{"@type":"WebPage","@id":"https:\/\/www.erresse-shop.it\/es\/shop\/pequenos-electrodomesticos\/parrillas-y-barbacoas\/stockli-cheeseboard-v8-raclette-grill-copia\/","url":"https:\/\/www.erresse-shop.it\/es\/shop\/pequenos-electrodomesticos\/parrillas-y-barbacoas\/stockli-cheeseboard-v8-raclette-grill-copia\/","name":"STOCKLI Set PizzaGrill four4 - Erresse Shop","isPartOf":{"@id":"https:\/\/www.erresse-shop.it\/es\/#website"},"datePublished":"2025-03-06T08:06:47+00:00","dateModified":"2025-03-07T07:18:30+00:00","description":"Aparato multifunci\u00f3n para pizza, grill, raclette y mucho m\u00e1s. Unidad base y terminal conectadas entre s\u00ed para hasta ocho personas. Con calor inferior","breadcrumb":{"@id":"https:\/\/www.erresse-shop.it\/es\/shop\/pequenos-electrodomesticos\/parrillas-y-barbacoas\/stockli-cheeseboard-v8-raclette-grill-copia\/#breadcrumb"},"inLanguage":"es","potentialAction":[{"@type":"ReadAction","target":["https:\/\/www.erresse-shop.it\/es\/shop\/pequenos-electrodomesticos\/parrillas-y-barbacoas\/stockli-cheeseboard-v8-raclette-grill-copia\/"]}]},{"@type":"BreadcrumbList","@id":"https:\/\/www.erresse-shop.it\/es\/shop\/pequenos-electrodomesticos\/parrillas-y-barbacoas\/stockli-cheeseboard-v8-raclette-grill-copia\/#breadcrumb","itemListElement":[{"@type":"ListItem","position":1,"name":"Home","item":"https:\/\/www.erresse-shop.it\/es\/"},{"@type":"ListItem","position":2,"name":"Shop","item":"https:\/\/www.erresse-shop.it\/es\/shop\/"},{"@type":"ListItem","position":3,"name":"STOCKLI Set PizzaGrill four4"}]},{"@type":"WebSite","@id":"https:\/\/www.erresse-shop.it\/es\/#website","url":"https:\/\/www.erresse-shop.it\/es\/","name":"Erresse Shop","description":"Articoli di qualit\u00e0 per la casa","potentialAction":[{"@type":"SearchAction","target":{"@type":"EntryPoint","urlTemplate":"https:\/\/www.erresse-shop.it\/es\/?s={search_term_string}"},"query-input":"required name=search_term_string"}],"inLanguage":"es"}]}},"df_price":314.1,"df_sale_price":314.1,"df_regular_price":349,"df_image_link":"https:\/\/www.erresse-shop.it\/wp-content\/uploads\/2025\/03\/STOCKLI-Set-PizzaGrill-four4-300x300.jpg","_links":{"self":[{"href":"https:\/\/www.erresse-shop.it\/es\/wp-json\/wp\/v2\/product\/474982"}],"collection":[{"href":"https:\/\/www.erresse-shop.it\/es\/wp-json\/wp\/v2\/product"}],"about":[{"href":"https:\/\/www.erresse-shop.it\/es\/wp-json\/wp\/v2\/types\/product"}],"wp:featuredmedia":[{"embeddable":true,"href":"https:\/\/www.erresse-shop.it\/es\/wp-json\/wp\/v2\/media\/474990"}],"wp:attachment":[{"href":"https:\/\/www.erresse-shop.it\/es\/wp-json\/wp\/v2\/media?parent=474982"}],"wp:term":[{"taxonomy":"product_cat","embeddable":true,"href":"https:\/\/www.erresse-shop.it\/es\/wp-json\/wp\/v2\/product_cat?post=474982"},{"taxonomy":"product_tag","embeddable":true,"href":"https:\/\/www.erresse-shop.it\/es\/wp-json\/wp\/v2\/product_tag?post=474982"}],"curies":[{"name":"wp","href":"https:\/\/api.w.org\/{rel}","templated":true}]}}