{"id":474903,"date":"2025-03-05T15:06:32","date_gmt":"2025-03-05T15:06:35","guid":{"rendered":"https:\/\/www.erresse-shop.it\/?post_type=product&#038;p=474903"},"modified":"2026-02-23T09:05:08","modified_gmt":"2026-02-23T09:05:08","slug":"ken-hom-set-de-wok-antiadherente-31-cm-4-piezas","status":"publish","type":"product","link":"https:\/\/www.erresse-shop.it\/es\/shop\/sartenes-y-ollas\/wok-es\/ken-hom-set-de-wok-antiadherente-31-cm-4-piezas\/","title":{"rendered":"KEN HOM Set de Wok Antiadherente 31 cm 4 Piezas"},"content":{"rendered":"<p>Este wok es apto para placas de inducci\u00f3n y es ideal para cocinar de forma r\u00e1pida y sencilla, con la capacidad perfecta para preparar sabrosas comidas para 3-4 personas. Es ligero, con fondo plano que facilita su uso en todo tipo de fuegos, incluida la inducci\u00f3n. Incluye tapa y parrilla para tempura y es apta para lavavajillas, con garant\u00eda de 5 a\u00f1os.<\/p>\n<p><strong>Caracter\u00edsticas principales<\/strong>:<\/p>\n<ul>\n<li>Wok ligero de acero al carbono con doble revestimiento antiadherente<\/li>\n<li>Fabricado en acero al carbono de 1,5 mm de espesor<\/li>\n<li>El wok, la tapa y la rejilla para tempura son aptos para lavavajillas<\/li>\n<li>Compatible con placas de inducci\u00f3n<\/li>\n<\/ul>\n<p><strong>Uso y cuidado<\/strong>:<\/p>\n<ul>\n<li>Para empezar a cocinar, coloca el wok en el centro del fuego y cali\u00e9ntalo lentamente con aceite. Una vez que el aceite est\u00e9 caliente, agregamos los ingredientes y comenzamos a cocinar. Gracias al revestimiento antiadherente no es necesario ajustar la temperatura m\u00e1xima. Revolviendo con frecuencia, los alimentos se cocinar\u00e1n de manera r\u00e1pida y uniforme.<\/li>\n<li>El revestimiento antiadherente de alta calidad permite que el wok se caliente r\u00e1pidamente, reduciendo la cantidad de aceite necesaria, lo que lo hace perfecto para el uso diario. El mango fen\u00f3lico largo asegura un buen equilibrio y facilita el transporte sin riesgo de vuelco.<\/li>\n<li>Se recomienda no utilizar la inducci\u00f3n durante demasiado tiempo al utilizar el wok.<\/li>\n<\/ul>\n<p><strong>Calidad excepcional<\/strong>:<\/p>\n<ul>\n<li>El wok est\u00e1 dise\u00f1ado para cocinar de forma r\u00e1pida, f\u00e1cil y saludable. El acero al carbono de 1,5 mm ofrece una buena conducci\u00f3n del calor, lo que lo hace ideal para cocinar a alta temperatura y velocidad, manteniendo una temperatura constante.<\/li>\n<\/ul>\n<p>F\u00e1cil de limpiar:<\/p>\n<ul>\n<li>Para restos de comida dif\u00edciles de eliminar, dejar ablandar con agua caliente. Evite utilizar productos abrasivos que puedan da\u00f1ar el revestimiento antiadherente. Limpiar con un pa\u00f1o suave y secar bien.<\/li>\n<\/ul>\n<p>F\u00e1cil de almacenar:<\/p>\n<ul>\n<li>El gran anillo de metal le permite colgar f\u00e1cilmente el wok cuando no est\u00e9 en uso.<\/li>\n<\/ul>\n<p><strong>Mantenimiento<\/strong>:<\/p>\n<ul>\n<li>El revestimiento antiadherente es adecuado para su uso con utensilios de metal. De vez en cuando, aplique una fina capa de aceite de cocina en el interior del wok para evitar la oxidaci\u00f3n si el revestimiento se raya. Es f\u00e1cil de limpiar incluso a mano con agua caliente.<\/li>\n<\/ul>\n<p><strong>Instrucciones de uso<\/strong>:<\/p>\n<ul>Retire todo el embalaje y lave el wok con agua caliente y jab\u00f3n. Enjuagar y secar completamente.<\/p>\n<li>No utilice utensilios de metal para evitar rayones. Utilice herramientas de madera o nailon.<\/li>\n<li>El wok es compatible con todo tipo de encimeras, pero se recomienda consultar las instrucciones del fabricante de la misma. No apto para hornos tradicionales ni microondas. Si el mango se afloja durante el uso, vuelva a enroscarlo inmediatamente.<\/li>\n<\/ul>\n<p><strong>Instrucciones de limpieza<\/strong>:<\/p>\n<ul>Deje que el wok se enfr\u00ede antes de limpiarlo. Para residuos de comida persistentes, ll\u00e9nelo con agua tibia y jab\u00f3n y d\u00e9jelo en remojo. Utilice \u00fanicamente esponjas recomendadas para superficies antiadherentes y evite utilizar esponjas met\u00e1licas o productos abrasivos.<\/ul>\n<p><strong>Dimensiones del wok<\/strong>: 9,5 x 31,9 x 57 cm<br \/>\n<strong>Di\u00e1metro de la base del wok:<\/strong> 14 cm<br \/>\n<strong>Peso:<\/strong> 2,58 kg<\/p>\n","protected":false},"excerpt":{"rendered":"<p>Este wok es apto para placas de inducci\u00f3n y es ideal para cocinar de forma r\u00e1pida y sencilla, con la<\/p>\n","protected":false},"featured_media":474911,"template":"","meta":{"_acf_changed":false,"inline_featured_image":false},"product_cat":[16058,16062],"product_tag":[25029,16162,23912,24399,25023,16239],"acf":[],"yoast_head":"<!-- This site is optimized with the Yoast SEO Premium plugin v18.6 (Yoast SEO v19.13) - https:\/\/yoast.com\/wordpress\/plugins\/seo\/ -->\n<title>KEN HOM Set de Wok Antiadherente 31 cm 4 Piezas - Erresse Shop<\/title>\n<meta name=\"description\" content=\"Este wok es apto para placas de inducci\u00f3n y es ideal para cocinar de forma r\u00e1pida y sencilla, con la capacidad perfecta para preparar sabrosas comidas\" \/>\n<meta name=\"robots\" content=\"index, follow, max-snippet:-1, max-image-preview:large, max-video-preview:-1\" \/>\n<link rel=\"canonical\" href=\"https:\/\/www.erresse-shop.it\/es\/shop\/sartenes-y-ollas\/wok-es\/ken-hom-set-de-wok-antiadherente-31-cm-4-piezas\/\" \/>\n<meta property=\"og:locale\" content=\"es_ES\" \/>\n<meta property=\"og:type\" content=\"article\" \/>\n<meta property=\"og:title\" content=\"KEN HOM Set de Wok Antiadherente 31 cm 4 Piezas\" \/>\n<meta property=\"og:description\" content=\"Este wok es apto para placas de inducci\u00f3n y es ideal para cocinar de forma r\u00e1pida y sencilla, con la capacidad perfecta para preparar sabrosas comidas\" \/>\n<meta property=\"og:url\" content=\"https:\/\/www.erresse-shop.it\/es\/shop\/sartenes-y-ollas\/wok-es\/ken-hom-set-de-wok-antiadherente-31-cm-4-piezas\/\" \/>\n<meta property=\"og:site_name\" content=\"Erresse Shop\" \/>\n<meta property=\"article:modified_time\" content=\"2026-02-23T09:05:08+00:00\" \/>\n<meta property=\"og:image\" content=\"https:\/\/www.erresse-shop.it\/wp-content\/uploads\/2025\/03\/KEN-HOM-Set-Wok-Antiaderente-31-cm-4-Pezzi.jpg\" \/>\n\t<meta property=\"og:image:width\" content=\"1200\" \/>\n\t<meta property=\"og:image:height\" content=\"1200\" \/>\n\t<meta property=\"og:image:type\" content=\"image\/jpeg\" \/>\n<meta name=\"twitter:card\" content=\"summary_large_image\" \/>\n<script type=\"application\/ld+json\" class=\"yoast-schema-graph\">{\"@context\":\"https:\/\/schema.org\",\"@graph\":[{\"@type\":\"WebPage\",\"@id\":\"https:\/\/www.erresse-shop.it\/es\/shop\/sartenes-y-ollas\/wok-es\/ken-hom-set-de-wok-antiadherente-31-cm-4-piezas\/\",\"url\":\"https:\/\/www.erresse-shop.it\/es\/shop\/sartenes-y-ollas\/wok-es\/ken-hom-set-de-wok-antiadherente-31-cm-4-piezas\/\",\"name\":\"KEN HOM Set de Wok Antiadherente 31 cm 4 Piezas - Erresse Shop\",\"isPartOf\":{\"@id\":\"https:\/\/www.erresse-shop.it\/es\/#website\"},\"datePublished\":\"2025-03-05T15:06:35+00:00\",\"dateModified\":\"2026-02-23T09:05:08+00:00\",\"description\":\"Este wok es apto para placas de inducci\u00f3n y es ideal para cocinar de forma r\u00e1pida y sencilla, con la capacidad perfecta para preparar sabrosas comidas\",\"breadcrumb\":{\"@id\":\"https:\/\/www.erresse-shop.it\/es\/shop\/sartenes-y-ollas\/wok-es\/ken-hom-set-de-wok-antiadherente-31-cm-4-piezas\/#breadcrumb\"},\"inLanguage\":\"es\",\"potentialAction\":[{\"@type\":\"ReadAction\",\"target\":[\"https:\/\/www.erresse-shop.it\/es\/shop\/sartenes-y-ollas\/wok-es\/ken-hom-set-de-wok-antiadherente-31-cm-4-piezas\/\"]}]},{\"@type\":\"BreadcrumbList\",\"@id\":\"https:\/\/www.erresse-shop.it\/es\/shop\/sartenes-y-ollas\/wok-es\/ken-hom-set-de-wok-antiadherente-31-cm-4-piezas\/#breadcrumb\",\"itemListElement\":[{\"@type\":\"ListItem\",\"position\":1,\"name\":\"Home\",\"item\":\"https:\/\/www.erresse-shop.it\/es\/\"},{\"@type\":\"ListItem\",\"position\":2,\"name\":\"Shop\",\"item\":\"https:\/\/www.erresse-shop.it\/es\/shop\/\"},{\"@type\":\"ListItem\",\"position\":3,\"name\":\"KEN HOM Set de Wok Antiadherente 31 cm 4 Piezas\"}]},{\"@type\":\"WebSite\",\"@id\":\"https:\/\/www.erresse-shop.it\/es\/#website\",\"url\":\"https:\/\/www.erresse-shop.it\/es\/\",\"name\":\"Erresse Shop\",\"description\":\"Articoli di qualit\u00e0 per la casa\",\"potentialAction\":[{\"@type\":\"SearchAction\",\"target\":{\"@type\":\"EntryPoint\",\"urlTemplate\":\"https:\/\/www.erresse-shop.it\/es\/?s={search_term_string}\"},\"query-input\":\"required name=search_term_string\"}],\"inLanguage\":\"es\"}]}<\/script>\n<!-- \/ Yoast SEO Premium plugin. -->","yoast_head_json":{"title":"KEN HOM Set de Wok Antiadherente 31 cm 4 Piezas - Erresse Shop","description":"Este wok es apto para placas de inducci\u00f3n y es ideal para cocinar de forma r\u00e1pida y sencilla, con la capacidad perfecta para preparar sabrosas comidas","robots":{"index":"index","follow":"follow","max-snippet":"max-snippet:-1","max-image-preview":"max-image-preview:large","max-video-preview":"max-video-preview:-1"},"canonical":"https:\/\/www.erresse-shop.it\/es\/shop\/sartenes-y-ollas\/wok-es\/ken-hom-set-de-wok-antiadherente-31-cm-4-piezas\/","og_locale":"es_ES","og_type":"article","og_title":"KEN HOM Set de Wok Antiadherente 31 cm 4 Piezas","og_description":"Este wok es apto para placas de inducci\u00f3n y es ideal para cocinar de forma r\u00e1pida y sencilla, con la capacidad perfecta para preparar sabrosas comidas","og_url":"https:\/\/www.erresse-shop.it\/es\/shop\/sartenes-y-ollas\/wok-es\/ken-hom-set-de-wok-antiadherente-31-cm-4-piezas\/","og_site_name":"Erresse Shop","article_modified_time":"2026-02-23T09:05:08+00:00","og_image":[{"width":1200,"height":1200,"url":"https:\/\/www.erresse-shop.it\/wp-content\/uploads\/2025\/03\/KEN-HOM-Set-Wok-Antiaderente-31-cm-4-Pezzi.jpg","type":"image\/jpeg"}],"twitter_card":"summary_large_image","schema":{"@context":"https:\/\/schema.org","@graph":[{"@type":"WebPage","@id":"https:\/\/www.erresse-shop.it\/es\/shop\/sartenes-y-ollas\/wok-es\/ken-hom-set-de-wok-antiadherente-31-cm-4-piezas\/","url":"https:\/\/www.erresse-shop.it\/es\/shop\/sartenes-y-ollas\/wok-es\/ken-hom-set-de-wok-antiadherente-31-cm-4-piezas\/","name":"KEN HOM Set de Wok Antiadherente 31 cm 4 Piezas - Erresse Shop","isPartOf":{"@id":"https:\/\/www.erresse-shop.it\/es\/#website"},"datePublished":"2025-03-05T15:06:35+00:00","dateModified":"2026-02-23T09:05:08+00:00","description":"Este wok es apto para placas de inducci\u00f3n y es ideal para cocinar de forma r\u00e1pida y sencilla, con la capacidad perfecta para preparar sabrosas comidas","breadcrumb":{"@id":"https:\/\/www.erresse-shop.it\/es\/shop\/sartenes-y-ollas\/wok-es\/ken-hom-set-de-wok-antiadherente-31-cm-4-piezas\/#breadcrumb"},"inLanguage":"es","potentialAction":[{"@type":"ReadAction","target":["https:\/\/www.erresse-shop.it\/es\/shop\/sartenes-y-ollas\/wok-es\/ken-hom-set-de-wok-antiadherente-31-cm-4-piezas\/"]}]},{"@type":"BreadcrumbList","@id":"https:\/\/www.erresse-shop.it\/es\/shop\/sartenes-y-ollas\/wok-es\/ken-hom-set-de-wok-antiadherente-31-cm-4-piezas\/#breadcrumb","itemListElement":[{"@type":"ListItem","position":1,"name":"Home","item":"https:\/\/www.erresse-shop.it\/es\/"},{"@type":"ListItem","position":2,"name":"Shop","item":"https:\/\/www.erresse-shop.it\/es\/shop\/"},{"@type":"ListItem","position":3,"name":"KEN HOM Set de Wok Antiadherente 31 cm 4 Piezas"}]},{"@type":"WebSite","@id":"https:\/\/www.erresse-shop.it\/es\/#website","url":"https:\/\/www.erresse-shop.it\/es\/","name":"Erresse Shop","description":"Articoli di qualit\u00e0 per la casa","potentialAction":[{"@type":"SearchAction","target":{"@type":"EntryPoint","urlTemplate":"https:\/\/www.erresse-shop.it\/es\/?s={search_term_string}"},"query-input":"required name=search_term_string"}],"inLanguage":"es"}]}},"df_price":39.95,"df_sale_price":39.95,"df_regular_price":71.68,"df_image_link":"https:\/\/www.erresse-shop.it\/wp-content\/uploads\/2025\/03\/KEN-HOM-Set-Wok-Antiaderente-31-cm-4-Pezzi-300x300.jpg","_links":{"self":[{"href":"https:\/\/www.erresse-shop.it\/es\/wp-json\/wp\/v2\/product\/474903"}],"collection":[{"href":"https:\/\/www.erresse-shop.it\/es\/wp-json\/wp\/v2\/product"}],"about":[{"href":"https:\/\/www.erresse-shop.it\/es\/wp-json\/wp\/v2\/types\/product"}],"wp:featuredmedia":[{"embeddable":true,"href":"https:\/\/www.erresse-shop.it\/es\/wp-json\/wp\/v2\/media\/474911"}],"wp:attachment":[{"href":"https:\/\/www.erresse-shop.it\/es\/wp-json\/wp\/v2\/media?parent=474903"}],"wp:term":[{"taxonomy":"product_cat","embeddable":true,"href":"https:\/\/www.erresse-shop.it\/es\/wp-json\/wp\/v2\/product_cat?post=474903"},{"taxonomy":"product_tag","embeddable":true,"href":"https:\/\/www.erresse-shop.it\/es\/wp-json\/wp\/v2\/product_tag?post=474903"}],"curies":[{"name":"wp","href":"https:\/\/api.w.org\/{rel}","templated":true}]}}