{"id":474840,"date":"2025-03-05T14:32:56","date_gmt":"2025-03-05T14:32:58","guid":{"rendered":"https:\/\/www.erresse-shop.it\/?post_type=product&#038;p=474840"},"modified":"2026-02-23T09:27:57","modified_gmt":"2026-02-23T09:27:57","slug":"ken-hom-wok-excellence-32-cm","status":"publish","type":"product","link":"https:\/\/www.erresse-shop.it\/es\/shop\/sartenes-y-ollas\/wok-es\/ken-hom-wok-excellence-32-cm\/","title":{"rendered":"KEN HOM Wok Excellence 32 cm"},"content":{"rendered":"<p>Con un di\u00e1metro de 32 cm, este wok compatible con inducci\u00f3n tiene una capacidad ideal para cocinar para 3-4 personas. Su dise\u00f1o permite comenzar a cocinar casi de inmediato y la superficie natural llamada p\u00e1tina se desarrollar\u00e1 con el uso, lo que ayudar\u00e1 a evitar que el acero al carbono se oxide y proporcionar\u00e1 un rendimiento de cocci\u00f3n f\u00e1cil de eliminar.<\/p>\n<ul>\n<li>Wok tradicional chino de acero al carbono con una superficie natural llamada p\u00e1tina que se desarrollar\u00e1 con el uso y ayudar\u00e1 a evitar que el acero al carbono se oxide y proporcionar\u00e1 un rendimiento de cocci\u00f3n f\u00e1cil de quitar.<\/li>\n<li>La base plana asegura que el wok est\u00e9 bien equilibrado para que no se vuelque al colocarlo sobre la estufa. Tambi\u00e9n es apta para cocinar en todo tipo de fuegos, incluidos los de gas, el\u00e9ctricos, vitrocer\u00e1micas e inducci\u00f3n.<\/li>\n<li>El mango de madera bellamente elaborado est\u00e1 asegurado con tres remaches para garantizar siempre un mango resistente que no se aflojar\u00e1. Terminado con un anillo para colgarlo f\u00e1cilmente.<\/li>\n<li>No apto para lavavajillas. Para limpiar, lavar a mano con agua tibia y detergente suave, si lo desea. Seque bien con un pa\u00f1o limpio.<\/li>\n<li>Capacidad de cocci\u00f3n adecuada para 3-4 personas<\/li>\n<li>Apto para todo tipo de fuegos, incluida la inducci\u00f3n<\/li>\n<\/ul>\n<p><strong>C\u00f3mo retirar la capa protectora del wok antes de usarlo:<\/strong><\/p>\n<p>Remoje el recipiente del wok en agua caliente durante 5 minutos para ablandar la capa de laca.<br \/>\nLuego, utilice un estropajo grueso o lana de acero con una cantidad generosa de detergente para fregar el interior del recipiente durante al menos 3 o 4 minutos hasta que se haya eliminado toda la capa protectora transparente.<\/p>\n<p><strong>IMPORTANTE:<\/strong> Si utiliza su wok en una placa de vidrio, incluida la de inducci\u00f3n, repita este proceso de fregado en la base exterior del wok, el \u00e1rea en contacto directo con la placa. Si no se elimina, la laca se derretir\u00e1 sobre el vidrio. Aseg\u00farese de que tanto el interior como el exterior del wok est\u00e9n bien lavados y secos antes de condimentar el interior.<\/p>\n<p><strong>Limpieza:<\/strong><\/p>\n<p>Para limpiar, lavar a mano con agua tibia y un detergente suave, si lo desea. Seque completamente con un pa\u00f1o limpio. Para crear la laca protectora natural llamada p\u00e1tina, evite utilizar polvos limpiadores, abrasivos o estropajos met\u00e1licos despu\u00e9s del uso.<\/p>\n<p><strong>Dimensiones del wok:<\/strong> 32 x 32 x 10 cm<br \/>\n<strong>Di\u00e1metro de la base del wok<\/strong>: 15 cm<br \/>\n<strong>Peso:<\/strong>1,7 kg<\/p>\n","protected":false},"excerpt":{"rendered":"<p>Con un di\u00e1metro de 32 cm, este wok compatible con inducci\u00f3n tiene una capacidad ideal para cocinar para 3-4 personas.<\/p>\n","protected":false},"featured_media":474867,"template":"","meta":{"_acf_changed":false,"inline_featured_image":false},"product_cat":[16058,16062],"product_tag":[25029,16162,23912,24399,25023,16239],"acf":[],"yoast_head":"<!-- This site is optimized with the Yoast SEO Premium plugin v18.6 (Yoast SEO v19.13) - https:\/\/yoast.com\/wordpress\/plugins\/seo\/ -->\n<title>KEN HOM Wok Excellence 32 cm - Erresse Shop<\/title>\n<meta name=\"description\" content=\"Con un di\u00e1metro de 32 cm, este wok compatible con inducci\u00f3n tiene una capacidad ideal para cocinar para 3-4 personas. Su dise\u00f1o permite comenzar a cocinar\" \/>\n<meta name=\"robots\" content=\"index, follow, max-snippet:-1, max-image-preview:large, max-video-preview:-1\" \/>\n<link rel=\"canonical\" href=\"https:\/\/www.erresse-shop.it\/es\/shop\/sartenes-y-ollas\/wok-es\/ken-hom-wok-excellence-32-cm\/\" \/>\n<meta property=\"og:locale\" content=\"es_ES\" \/>\n<meta property=\"og:type\" content=\"article\" \/>\n<meta property=\"og:title\" content=\"KEN HOM Wok Excellence 32 cm\" \/>\n<meta property=\"og:description\" content=\"Con un di\u00e1metro de 32 cm, este wok compatible con inducci\u00f3n tiene una capacidad ideal para cocinar para 3-4 personas. Su dise\u00f1o permite comenzar a cocinar\" \/>\n<meta property=\"og:url\" content=\"https:\/\/www.erresse-shop.it\/es\/shop\/sartenes-y-ollas\/wok-es\/ken-hom-wok-excellence-32-cm\/\" \/>\n<meta property=\"og:site_name\" content=\"Erresse Shop\" \/>\n<meta property=\"article:modified_time\" content=\"2026-02-23T09:27:57+00:00\" \/>\n<meta property=\"og:image\" content=\"https:\/\/www.erresse-shop.it\/wp-content\/uploads\/2025\/03\/KEN-HOM-Wok-Excellence-32-cm-Acciaio.jpg\" \/>\n\t<meta property=\"og:image:width\" content=\"1200\" \/>\n\t<meta property=\"og:image:height\" content=\"1200\" \/>\n\t<meta property=\"og:image:type\" content=\"image\/jpeg\" \/>\n<meta name=\"twitter:card\" content=\"summary_large_image\" \/>\n<script type=\"application\/ld+json\" class=\"yoast-schema-graph\">{\"@context\":\"https:\/\/schema.org\",\"@graph\":[{\"@type\":\"WebPage\",\"@id\":\"https:\/\/www.erresse-shop.it\/es\/shop\/sartenes-y-ollas\/wok-es\/ken-hom-wok-excellence-32-cm\/\",\"url\":\"https:\/\/www.erresse-shop.it\/es\/shop\/sartenes-y-ollas\/wok-es\/ken-hom-wok-excellence-32-cm\/\",\"name\":\"KEN HOM Wok Excellence 32 cm - Erresse Shop\",\"isPartOf\":{\"@id\":\"https:\/\/www.erresse-shop.it\/es\/#website\"},\"datePublished\":\"2025-03-05T14:32:58+00:00\",\"dateModified\":\"2026-02-23T09:27:57+00:00\",\"description\":\"Con un di\u00e1metro de 32 cm, este wok compatible con inducci\u00f3n tiene una capacidad ideal para cocinar para 3-4 personas. Su dise\u00f1o permite comenzar a cocinar\",\"breadcrumb\":{\"@id\":\"https:\/\/www.erresse-shop.it\/es\/shop\/sartenes-y-ollas\/wok-es\/ken-hom-wok-excellence-32-cm\/#breadcrumb\"},\"inLanguage\":\"es\",\"potentialAction\":[{\"@type\":\"ReadAction\",\"target\":[\"https:\/\/www.erresse-shop.it\/es\/shop\/sartenes-y-ollas\/wok-es\/ken-hom-wok-excellence-32-cm\/\"]}]},{\"@type\":\"BreadcrumbList\",\"@id\":\"https:\/\/www.erresse-shop.it\/es\/shop\/sartenes-y-ollas\/wok-es\/ken-hom-wok-excellence-32-cm\/#breadcrumb\",\"itemListElement\":[{\"@type\":\"ListItem\",\"position\":1,\"name\":\"Home\",\"item\":\"https:\/\/www.erresse-shop.it\/es\/\"},{\"@type\":\"ListItem\",\"position\":2,\"name\":\"Shop\",\"item\":\"https:\/\/www.erresse-shop.it\/es\/shop\/\"},{\"@type\":\"ListItem\",\"position\":3,\"name\":\"KEN HOM Wok Excellence 32 cm\"}]},{\"@type\":\"WebSite\",\"@id\":\"https:\/\/www.erresse-shop.it\/es\/#website\",\"url\":\"https:\/\/www.erresse-shop.it\/es\/\",\"name\":\"Erresse Shop\",\"description\":\"Articoli di qualit\u00e0 per la casa\",\"potentialAction\":[{\"@type\":\"SearchAction\",\"target\":{\"@type\":\"EntryPoint\",\"urlTemplate\":\"https:\/\/www.erresse-shop.it\/es\/?s={search_term_string}\"},\"query-input\":\"required name=search_term_string\"}],\"inLanguage\":\"es\"}]}<\/script>\n<!-- \/ Yoast SEO Premium plugin. -->","yoast_head_json":{"title":"KEN HOM Wok Excellence 32 cm - Erresse Shop","description":"Con un di\u00e1metro de 32 cm, este wok compatible con inducci\u00f3n tiene una capacidad ideal para cocinar para 3-4 personas. Su dise\u00f1o permite comenzar a cocinar","robots":{"index":"index","follow":"follow","max-snippet":"max-snippet:-1","max-image-preview":"max-image-preview:large","max-video-preview":"max-video-preview:-1"},"canonical":"https:\/\/www.erresse-shop.it\/es\/shop\/sartenes-y-ollas\/wok-es\/ken-hom-wok-excellence-32-cm\/","og_locale":"es_ES","og_type":"article","og_title":"KEN HOM Wok Excellence 32 cm","og_description":"Con un di\u00e1metro de 32 cm, este wok compatible con inducci\u00f3n tiene una capacidad ideal para cocinar para 3-4 personas. Su dise\u00f1o permite comenzar a cocinar","og_url":"https:\/\/www.erresse-shop.it\/es\/shop\/sartenes-y-ollas\/wok-es\/ken-hom-wok-excellence-32-cm\/","og_site_name":"Erresse Shop","article_modified_time":"2026-02-23T09:27:57+00:00","og_image":[{"width":1200,"height":1200,"url":"https:\/\/www.erresse-shop.it\/wp-content\/uploads\/2025\/03\/KEN-HOM-Wok-Excellence-32-cm-Acciaio.jpg","type":"image\/jpeg"}],"twitter_card":"summary_large_image","schema":{"@context":"https:\/\/schema.org","@graph":[{"@type":"WebPage","@id":"https:\/\/www.erresse-shop.it\/es\/shop\/sartenes-y-ollas\/wok-es\/ken-hom-wok-excellence-32-cm\/","url":"https:\/\/www.erresse-shop.it\/es\/shop\/sartenes-y-ollas\/wok-es\/ken-hom-wok-excellence-32-cm\/","name":"KEN HOM Wok Excellence 32 cm - Erresse Shop","isPartOf":{"@id":"https:\/\/www.erresse-shop.it\/es\/#website"},"datePublished":"2025-03-05T14:32:58+00:00","dateModified":"2026-02-23T09:27:57+00:00","description":"Con un di\u00e1metro de 32 cm, este wok compatible con inducci\u00f3n tiene una capacidad ideal para cocinar para 3-4 personas. Su dise\u00f1o permite comenzar a cocinar","breadcrumb":{"@id":"https:\/\/www.erresse-shop.it\/es\/shop\/sartenes-y-ollas\/wok-es\/ken-hom-wok-excellence-32-cm\/#breadcrumb"},"inLanguage":"es","potentialAction":[{"@type":"ReadAction","target":["https:\/\/www.erresse-shop.it\/es\/shop\/sartenes-y-ollas\/wok-es\/ken-hom-wok-excellence-32-cm\/"]}]},{"@type":"BreadcrumbList","@id":"https:\/\/www.erresse-shop.it\/es\/shop\/sartenes-y-ollas\/wok-es\/ken-hom-wok-excellence-32-cm\/#breadcrumb","itemListElement":[{"@type":"ListItem","position":1,"name":"Home","item":"https:\/\/www.erresse-shop.it\/es\/"},{"@type":"ListItem","position":2,"name":"Shop","item":"https:\/\/www.erresse-shop.it\/es\/shop\/"},{"@type":"ListItem","position":3,"name":"KEN HOM Wok Excellence 32 cm"}]},{"@type":"WebSite","@id":"https:\/\/www.erresse-shop.it\/es\/#website","url":"https:\/\/www.erresse-shop.it\/es\/","name":"Erresse Shop","description":"Articoli di qualit\u00e0 per la casa","potentialAction":[{"@type":"SearchAction","target":{"@type":"EntryPoint","urlTemplate":"https:\/\/www.erresse-shop.it\/es\/?s={search_term_string}"},"query-input":"required name=search_term_string"}],"inLanguage":"es"}]}},"df_price":22.95,"df_sale_price":22.95,"df_regular_price":42,"df_image_link":"https:\/\/www.erresse-shop.it\/wp-content\/uploads\/2025\/03\/KEN-HOM-Wok-Excellence-32-cm-Acciaio-300x300.jpg","_links":{"self":[{"href":"https:\/\/www.erresse-shop.it\/es\/wp-json\/wp\/v2\/product\/474840"}],"collection":[{"href":"https:\/\/www.erresse-shop.it\/es\/wp-json\/wp\/v2\/product"}],"about":[{"href":"https:\/\/www.erresse-shop.it\/es\/wp-json\/wp\/v2\/types\/product"}],"wp:featuredmedia":[{"embeddable":true,"href":"https:\/\/www.erresse-shop.it\/es\/wp-json\/wp\/v2\/media\/474867"}],"wp:attachment":[{"href":"https:\/\/www.erresse-shop.it\/es\/wp-json\/wp\/v2\/media?parent=474840"}],"wp:term":[{"taxonomy":"product_cat","embeddable":true,"href":"https:\/\/www.erresse-shop.it\/es\/wp-json\/wp\/v2\/product_cat?post=474840"},{"taxonomy":"product_tag","embeddable":true,"href":"https:\/\/www.erresse-shop.it\/es\/wp-json\/wp\/v2\/product_tag?post=474840"}],"curies":[{"name":"wp","href":"https:\/\/api.w.org\/{rel}","templated":true}]}}