{"id":474370,"date":"2020-08-05T12:39:59","date_gmt":"2020-08-05T12:39:59","guid":{"rendered":"https:\/\/www.erresse-shop.it\/shop\/senza-categoria\/alessi-girotondo-bandeja-redonda-inox\/"},"modified":"2020-08-05T12:39:59","modified_gmt":"2020-08-05T12:39:59","slug":"alessi-girotondo-bandeja-redonda-inox","status":"publish","type":"product","link":"https:\/\/www.erresse-shop.it\/es\/shop\/tabla\/bandejas\/alessi-girotondo-bandeja-redonda-inox\/","title":{"rendered":"ALESSI Girotondo Bandeja redonda Inox"},"content":{"rendered":"<p>Para la bandeja Girotondo, los dos dise\u00f1adores de King-Kong, Stefano Giovannoni y Guido Venturini, eligieron una forma extremadamente b\u00e1sica, queriendo trabajar exclusivamente en la decoraci\u00f3n. As\u00ed, han perforado el borde de la bandeja de acero con un motivo de hombrecitos, como los que hacen los ni\u00f1os con las tijeras, un dise\u00f1o alegre y l\u00fadico que sigue teniendo mucho \u00e9xito.<\/p>\n<p>Bandeja redonda en acero inoxidable 18\/10<\/p>\n<p>Di\u00e1metro: 40 cm<\/p>\n","protected":false},"excerpt":{"rendered":"<p>Para la bandeja Girotondo, los dos dise\u00f1adores de King-Kong, Stefano Giovannoni y Guido Venturini, eligieron una forma extremadamente b\u00e1sica, queriendo<\/p>\n","protected":false},"featured_media":474369,"template":"","meta":{"_acf_changed":false,"inline_featured_image":false},"product_cat":[16036,16027],"product_tag":[16162,16377,17245],"acf":[],"yoast_head":"<!-- This site is optimized with the Yoast SEO Premium plugin v18.6 (Yoast SEO v19.13) - https:\/\/yoast.com\/wordpress\/plugins\/seo\/ -->\n<title>ALESSI Girotondo Bandeja redonda Inox - Erresse Shop<\/title>\n<meta name=\"description\" content=\"Para la bandeja Girotondo, los dos dise\u00f1adores de King-Kong, Stefano Giovannoni y Guido Venturini, eligieron una forma extremadamente b\u00e1sica, queriendo\" \/>\n<meta name=\"robots\" content=\"index, follow, max-snippet:-1, max-image-preview:large, max-video-preview:-1\" \/>\n<link rel=\"canonical\" href=\"https:\/\/www.erresse-shop.it\/es\/shop\/tabla\/bandejas\/alessi-girotondo-bandeja-redonda-inox\/\" \/>\n<meta property=\"og:locale\" content=\"es_ES\" \/>\n<meta property=\"og:type\" content=\"article\" \/>\n<meta property=\"og:title\" content=\"ALESSI Girotondo Bandeja redonda Inox\" \/>\n<meta property=\"og:description\" content=\"Para la bandeja Girotondo, los dos dise\u00f1adores de King-Kong, Stefano Giovannoni y Guido Venturini, eligieron una forma extremadamente b\u00e1sica, queriendo\" \/>\n<meta property=\"og:url\" content=\"https:\/\/www.erresse-shop.it\/es\/shop\/tabla\/bandejas\/alessi-girotondo-bandeja-redonda-inox\/\" \/>\n<meta property=\"og:site_name\" content=\"Erresse Shop\" \/>\n<meta property=\"og:image\" content=\"https:\/\/www.erresse-shop.it\/wp-content\/uploads\/2020\/08\/ALESSI-Girotondo-Vassoio-Rotondo-Inox.jpg\" \/>\n\t<meta property=\"og:image:width\" content=\"1200\" \/>\n\t<meta property=\"og:image:height\" content=\"1200\" \/>\n\t<meta property=\"og:image:type\" content=\"image\/jpeg\" \/>\n<meta name=\"twitter:card\" content=\"summary_large_image\" \/>\n<script type=\"application\/ld+json\" class=\"yoast-schema-graph\">{\"@context\":\"https:\/\/schema.org\",\"@graph\":[{\"@type\":\"WebPage\",\"@id\":\"https:\/\/www.erresse-shop.it\/es\/shop\/tabla\/bandejas\/alessi-girotondo-bandeja-redonda-inox\/\",\"url\":\"https:\/\/www.erresse-shop.it\/es\/shop\/tabla\/bandejas\/alessi-girotondo-bandeja-redonda-inox\/\",\"name\":\"ALESSI Girotondo Bandeja redonda Inox - Erresse Shop\",\"isPartOf\":{\"@id\":\"https:\/\/www.erresse-shop.it\/es\/#website\"},\"datePublished\":\"2020-08-05T12:39:59+00:00\",\"dateModified\":\"2020-08-05T12:39:59+00:00\",\"description\":\"Para la bandeja Girotondo, los dos dise\u00f1adores de King-Kong, Stefano Giovannoni y Guido Venturini, eligieron una forma extremadamente b\u00e1sica, queriendo\",\"breadcrumb\":{\"@id\":\"https:\/\/www.erresse-shop.it\/es\/shop\/tabla\/bandejas\/alessi-girotondo-bandeja-redonda-inox\/#breadcrumb\"},\"inLanguage\":\"es\",\"potentialAction\":[{\"@type\":\"ReadAction\",\"target\":[\"https:\/\/www.erresse-shop.it\/es\/shop\/tabla\/bandejas\/alessi-girotondo-bandeja-redonda-inox\/\"]}]},{\"@type\":\"BreadcrumbList\",\"@id\":\"https:\/\/www.erresse-shop.it\/es\/shop\/tabla\/bandejas\/alessi-girotondo-bandeja-redonda-inox\/#breadcrumb\",\"itemListElement\":[{\"@type\":\"ListItem\",\"position\":1,\"name\":\"Home\",\"item\":\"https:\/\/www.erresse-shop.it\/es\/\"},{\"@type\":\"ListItem\",\"position\":2,\"name\":\"Shop\",\"item\":\"https:\/\/www.erresse-shop.it\/es\/shop\/\"},{\"@type\":\"ListItem\",\"position\":3,\"name\":\"ALESSI Girotondo Bandeja redonda Inox\"}]},{\"@type\":\"WebSite\",\"@id\":\"https:\/\/www.erresse-shop.it\/es\/#website\",\"url\":\"https:\/\/www.erresse-shop.it\/es\/\",\"name\":\"Erresse Shop\",\"description\":\"Articoli di qualit\u00e0 per la casa\",\"potentialAction\":[{\"@type\":\"SearchAction\",\"target\":{\"@type\":\"EntryPoint\",\"urlTemplate\":\"https:\/\/www.erresse-shop.it\/es\/?s={search_term_string}\"},\"query-input\":\"required name=search_term_string\"}],\"inLanguage\":\"es\"}]}<\/script>\n<!-- \/ Yoast SEO Premium plugin. -->","yoast_head_json":{"title":"ALESSI Girotondo Bandeja redonda Inox - Erresse Shop","description":"Para la bandeja Girotondo, los dos dise\u00f1adores de King-Kong, Stefano Giovannoni y Guido Venturini, eligieron una forma extremadamente b\u00e1sica, queriendo","robots":{"index":"index","follow":"follow","max-snippet":"max-snippet:-1","max-image-preview":"max-image-preview:large","max-video-preview":"max-video-preview:-1"},"canonical":"https:\/\/www.erresse-shop.it\/es\/shop\/tabla\/bandejas\/alessi-girotondo-bandeja-redonda-inox\/","og_locale":"es_ES","og_type":"article","og_title":"ALESSI Girotondo Bandeja redonda Inox","og_description":"Para la bandeja Girotondo, los dos dise\u00f1adores de King-Kong, Stefano Giovannoni y Guido Venturini, eligieron una forma extremadamente b\u00e1sica, queriendo","og_url":"https:\/\/www.erresse-shop.it\/es\/shop\/tabla\/bandejas\/alessi-girotondo-bandeja-redonda-inox\/","og_site_name":"Erresse Shop","og_image":[{"width":1200,"height":1200,"url":"https:\/\/www.erresse-shop.it\/wp-content\/uploads\/2020\/08\/ALESSI-Girotondo-Vassoio-Rotondo-Inox.jpg","type":"image\/jpeg"}],"twitter_card":"summary_large_image","schema":{"@context":"https:\/\/schema.org","@graph":[{"@type":"WebPage","@id":"https:\/\/www.erresse-shop.it\/es\/shop\/tabla\/bandejas\/alessi-girotondo-bandeja-redonda-inox\/","url":"https:\/\/www.erresse-shop.it\/es\/shop\/tabla\/bandejas\/alessi-girotondo-bandeja-redonda-inox\/","name":"ALESSI Girotondo Bandeja redonda Inox - Erresse Shop","isPartOf":{"@id":"https:\/\/www.erresse-shop.it\/es\/#website"},"datePublished":"2020-08-05T12:39:59+00:00","dateModified":"2020-08-05T12:39:59+00:00","description":"Para la bandeja Girotondo, los dos dise\u00f1adores de King-Kong, Stefano Giovannoni y Guido Venturini, eligieron una forma extremadamente b\u00e1sica, queriendo","breadcrumb":{"@id":"https:\/\/www.erresse-shop.it\/es\/shop\/tabla\/bandejas\/alessi-girotondo-bandeja-redonda-inox\/#breadcrumb"},"inLanguage":"es","potentialAction":[{"@type":"ReadAction","target":["https:\/\/www.erresse-shop.it\/es\/shop\/tabla\/bandejas\/alessi-girotondo-bandeja-redonda-inox\/"]}]},{"@type":"BreadcrumbList","@id":"https:\/\/www.erresse-shop.it\/es\/shop\/tabla\/bandejas\/alessi-girotondo-bandeja-redonda-inox\/#breadcrumb","itemListElement":[{"@type":"ListItem","position":1,"name":"Home","item":"https:\/\/www.erresse-shop.it\/es\/"},{"@type":"ListItem","position":2,"name":"Shop","item":"https:\/\/www.erresse-shop.it\/es\/shop\/"},{"@type":"ListItem","position":3,"name":"ALESSI Girotondo Bandeja redonda Inox"}]},{"@type":"WebSite","@id":"https:\/\/www.erresse-shop.it\/es\/#website","url":"https:\/\/www.erresse-shop.it\/es\/","name":"Erresse Shop","description":"Articoli di qualit\u00e0 per la casa","potentialAction":[{"@type":"SearchAction","target":{"@type":"EntryPoint","urlTemplate":"https:\/\/www.erresse-shop.it\/es\/?s={search_term_string}"},"query-input":"required name=search_term_string"}],"inLanguage":"es"}]}},"df_price":49.95,"df_sale_price":49.95,"df_regular_price":78,"df_image_link":"https:\/\/www.erresse-shop.it\/wp-content\/uploads\/2020\/08\/ALESSI-Girotondo-Vassoio-Rotondo-Inox-300x300.jpg","_links":{"self":[{"href":"https:\/\/www.erresse-shop.it\/es\/wp-json\/wp\/v2\/product\/474370"}],"collection":[{"href":"https:\/\/www.erresse-shop.it\/es\/wp-json\/wp\/v2\/product"}],"about":[{"href":"https:\/\/www.erresse-shop.it\/es\/wp-json\/wp\/v2\/types\/product"}],"wp:featuredmedia":[{"embeddable":true,"href":"https:\/\/www.erresse-shop.it\/es\/wp-json\/wp\/v2\/media\/474369"}],"wp:attachment":[{"href":"https:\/\/www.erresse-shop.it\/es\/wp-json\/wp\/v2\/media?parent=474370"}],"wp:term":[{"taxonomy":"product_cat","embeddable":true,"href":"https:\/\/www.erresse-shop.it\/es\/wp-json\/wp\/v2\/product_cat?post=474370"},{"taxonomy":"product_tag","embeddable":true,"href":"https:\/\/www.erresse-shop.it\/es\/wp-json\/wp\/v2\/product_tag?post=474370"}],"curies":[{"name":"wp","href":"https:\/\/api.w.org\/{rel}","templated":true}]}}