{"id":474100,"date":"2020-09-24T07:14:01","date_gmt":"2020-09-24T07:14:01","guid":{"rendered":"https:\/\/www.erresse-shop.it\/shop\/senza-categoria\/alessi-cesta-de-alambre-redonda-24-cm\/"},"modified":"2020-09-24T07:14:01","modified_gmt":"2020-09-24T07:14:01","slug":"alessi-cesta-de-alambre-redonda-24-cm","status":"publish","type":"product","link":"https:\/\/www.erresse-shop.it\/es\/shop\/tabla\/cestas-y-cuencos\/alessi-cesta-de-alambre-redonda-24-cm\/","title":{"rendered":"ALESSI Cesta de alambre redonda 24 cm"},"content":{"rendered":"<p>La papelera \u201c826\u201d, con sus formas esenciales, se adapta a cualquier entorno y a cualquier uso, tanto profesional como dom\u00e9stico. Realizada en acero inoxidable con elaboraci\u00f3n de alambre, forma parte de una variante tipol\u00f3gica presente desde hace siglos en la historia de los art\u00edculos para el hogar: la de las cestas de alambre met\u00e1lico. Fue el primer objeto nacido de la investigaci\u00f3n tecnol\u00f3gica sobre el alambre met\u00e1lico curvado, realizada por la Oficina T\u00e9cnica Alessi en la segunda mitad de los a\u00f1os cuarenta.<\/p>\n<p>Cesta redonda de alambre en acero pulido<\/p>\n<p>Dimensiones:<\/p>\n<ul>\n<li>Di\u00e1metro: 24,50 cm<\/li>\n<li>Altura: 8,50 cm<\/li>\n<\/ul>\n","protected":false},"excerpt":{"rendered":"<p>La papelera \u201c826\u201d, con sus formas esenciales, se adapta a cualquier entorno y a cualquier uso, tanto profesional como dom\u00e9stico.<\/p>\n","protected":false},"featured_media":474098,"template":"","meta":{"_acf_changed":false,"inline_featured_image":false},"product_cat":[16037,16027],"product_tag":[16225],"acf":[],"yoast_head":"<!-- This site is optimized with the Yoast SEO Premium plugin v18.6 (Yoast SEO v19.13) - https:\/\/yoast.com\/wordpress\/plugins\/seo\/ -->\n<title>ALESSI Cesta de alambre redonda 24 cm - Erresse Shop<\/title>\n<meta name=\"description\" content=\"La papelera \u201c826\u201d, con sus formas esenciales, se adapta a cualquier entorno y a cualquier uso, tanto profesional como dom\u00e9stico. Realizada en acero\" \/>\n<meta name=\"robots\" content=\"index, follow, max-snippet:-1, max-image-preview:large, max-video-preview:-1\" \/>\n<link rel=\"canonical\" href=\"https:\/\/www.erresse-shop.it\/es\/shop\/tabla\/cestas-y-cuencos\/alessi-cesta-de-alambre-redonda-24-cm\/\" \/>\n<meta property=\"og:locale\" content=\"es_ES\" \/>\n<meta property=\"og:type\" content=\"article\" \/>\n<meta property=\"og:title\" content=\"ALESSI Cesta de alambre redonda 24 cm\" \/>\n<meta property=\"og:description\" content=\"La papelera \u201c826\u201d, con sus formas esenciales, se adapta a cualquier entorno y a cualquier uso, tanto profesional como dom\u00e9stico. Realizada en acero\" \/>\n<meta property=\"og:url\" content=\"https:\/\/www.erresse-shop.it\/es\/shop\/tabla\/cestas-y-cuencos\/alessi-cesta-de-alambre-redonda-24-cm\/\" \/>\n<meta property=\"og:site_name\" content=\"Erresse Shop\" \/>\n<meta property=\"og:image\" content=\"https:\/\/www.erresse-shop.it\/wp-content\/uploads\/2020\/09\/ALESSI-Cestino-a-Filo-Rotondo-24-cm.jpg\" \/>\n\t<meta property=\"og:image:width\" content=\"1200\" \/>\n\t<meta property=\"og:image:height\" content=\"1200\" \/>\n\t<meta property=\"og:image:type\" content=\"image\/jpeg\" \/>\n<meta name=\"twitter:card\" content=\"summary_large_image\" \/>\n<script type=\"application\/ld+json\" class=\"yoast-schema-graph\">{\"@context\":\"https:\/\/schema.org\",\"@graph\":[{\"@type\":\"WebPage\",\"@id\":\"https:\/\/www.erresse-shop.it\/es\/shop\/tabla\/cestas-y-cuencos\/alessi-cesta-de-alambre-redonda-24-cm\/\",\"url\":\"https:\/\/www.erresse-shop.it\/es\/shop\/tabla\/cestas-y-cuencos\/alessi-cesta-de-alambre-redonda-24-cm\/\",\"name\":\"ALESSI Cesta de alambre redonda 24 cm - Erresse Shop\",\"isPartOf\":{\"@id\":\"https:\/\/www.erresse-shop.it\/es\/#website\"},\"datePublished\":\"2020-09-24T07:14:01+00:00\",\"dateModified\":\"2020-09-24T07:14:01+00:00\",\"description\":\"La papelera \u201c826\u201d, con sus formas esenciales, se adapta a cualquier entorno y a cualquier uso, tanto profesional como dom\u00e9stico. Realizada en acero\",\"breadcrumb\":{\"@id\":\"https:\/\/www.erresse-shop.it\/es\/shop\/tabla\/cestas-y-cuencos\/alessi-cesta-de-alambre-redonda-24-cm\/#breadcrumb\"},\"inLanguage\":\"es\",\"potentialAction\":[{\"@type\":\"ReadAction\",\"target\":[\"https:\/\/www.erresse-shop.it\/es\/shop\/tabla\/cestas-y-cuencos\/alessi-cesta-de-alambre-redonda-24-cm\/\"]}]},{\"@type\":\"BreadcrumbList\",\"@id\":\"https:\/\/www.erresse-shop.it\/es\/shop\/tabla\/cestas-y-cuencos\/alessi-cesta-de-alambre-redonda-24-cm\/#breadcrumb\",\"itemListElement\":[{\"@type\":\"ListItem\",\"position\":1,\"name\":\"Home\",\"item\":\"https:\/\/www.erresse-shop.it\/es\/\"},{\"@type\":\"ListItem\",\"position\":2,\"name\":\"Shop\",\"item\":\"https:\/\/www.erresse-shop.it\/es\/shop\/\"},{\"@type\":\"ListItem\",\"position\":3,\"name\":\"ALESSI Cesta de alambre redonda 24 cm\"}]},{\"@type\":\"WebSite\",\"@id\":\"https:\/\/www.erresse-shop.it\/es\/#website\",\"url\":\"https:\/\/www.erresse-shop.it\/es\/\",\"name\":\"Erresse Shop\",\"description\":\"Articoli di qualit\u00e0 per la casa\",\"potentialAction\":[{\"@type\":\"SearchAction\",\"target\":{\"@type\":\"EntryPoint\",\"urlTemplate\":\"https:\/\/www.erresse-shop.it\/es\/?s={search_term_string}\"},\"query-input\":\"required name=search_term_string\"}],\"inLanguage\":\"es\"}]}<\/script>\n<!-- \/ Yoast SEO Premium plugin. -->","yoast_head_json":{"title":"ALESSI Cesta de alambre redonda 24 cm - Erresse Shop","description":"La papelera \u201c826\u201d, con sus formas esenciales, se adapta a cualquier entorno y a cualquier uso, tanto profesional como dom\u00e9stico. Realizada en acero","robots":{"index":"index","follow":"follow","max-snippet":"max-snippet:-1","max-image-preview":"max-image-preview:large","max-video-preview":"max-video-preview:-1"},"canonical":"https:\/\/www.erresse-shop.it\/es\/shop\/tabla\/cestas-y-cuencos\/alessi-cesta-de-alambre-redonda-24-cm\/","og_locale":"es_ES","og_type":"article","og_title":"ALESSI Cesta de alambre redonda 24 cm","og_description":"La papelera \u201c826\u201d, con sus formas esenciales, se adapta a cualquier entorno y a cualquier uso, tanto profesional como dom\u00e9stico. Realizada en acero","og_url":"https:\/\/www.erresse-shop.it\/es\/shop\/tabla\/cestas-y-cuencos\/alessi-cesta-de-alambre-redonda-24-cm\/","og_site_name":"Erresse Shop","og_image":[{"width":1200,"height":1200,"url":"https:\/\/www.erresse-shop.it\/wp-content\/uploads\/2020\/09\/ALESSI-Cestino-a-Filo-Rotondo-24-cm.jpg","type":"image\/jpeg"}],"twitter_card":"summary_large_image","schema":{"@context":"https:\/\/schema.org","@graph":[{"@type":"WebPage","@id":"https:\/\/www.erresse-shop.it\/es\/shop\/tabla\/cestas-y-cuencos\/alessi-cesta-de-alambre-redonda-24-cm\/","url":"https:\/\/www.erresse-shop.it\/es\/shop\/tabla\/cestas-y-cuencos\/alessi-cesta-de-alambre-redonda-24-cm\/","name":"ALESSI Cesta de alambre redonda 24 cm - Erresse Shop","isPartOf":{"@id":"https:\/\/www.erresse-shop.it\/es\/#website"},"datePublished":"2020-09-24T07:14:01+00:00","dateModified":"2020-09-24T07:14:01+00:00","description":"La papelera \u201c826\u201d, con sus formas esenciales, se adapta a cualquier entorno y a cualquier uso, tanto profesional como dom\u00e9stico. Realizada en acero","breadcrumb":{"@id":"https:\/\/www.erresse-shop.it\/es\/shop\/tabla\/cestas-y-cuencos\/alessi-cesta-de-alambre-redonda-24-cm\/#breadcrumb"},"inLanguage":"es","potentialAction":[{"@type":"ReadAction","target":["https:\/\/www.erresse-shop.it\/es\/shop\/tabla\/cestas-y-cuencos\/alessi-cesta-de-alambre-redonda-24-cm\/"]}]},{"@type":"BreadcrumbList","@id":"https:\/\/www.erresse-shop.it\/es\/shop\/tabla\/cestas-y-cuencos\/alessi-cesta-de-alambre-redonda-24-cm\/#breadcrumb","itemListElement":[{"@type":"ListItem","position":1,"name":"Home","item":"https:\/\/www.erresse-shop.it\/es\/"},{"@type":"ListItem","position":2,"name":"Shop","item":"https:\/\/www.erresse-shop.it\/es\/shop\/"},{"@type":"ListItem","position":3,"name":"ALESSI Cesta de alambre redonda 24 cm"}]},{"@type":"WebSite","@id":"https:\/\/www.erresse-shop.it\/es\/#website","url":"https:\/\/www.erresse-shop.it\/es\/","name":"Erresse Shop","description":"Articoli di qualit\u00e0 per la casa","potentialAction":[{"@type":"SearchAction","target":{"@type":"EntryPoint","urlTemplate":"https:\/\/www.erresse-shop.it\/es\/?s={search_term_string}"},"query-input":"required name=search_term_string"}],"inLanguage":"es"}]}},"df_price":52.5,"df_sale_price":52.5,"df_regular_price":105,"df_image_link":"https:\/\/www.erresse-shop.it\/wp-content\/uploads\/2020\/09\/ALESSI-Cestino-a-Filo-Rotondo-24-cm-300x300.jpg","_links":{"self":[{"href":"https:\/\/www.erresse-shop.it\/es\/wp-json\/wp\/v2\/product\/474100"}],"collection":[{"href":"https:\/\/www.erresse-shop.it\/es\/wp-json\/wp\/v2\/product"}],"about":[{"href":"https:\/\/www.erresse-shop.it\/es\/wp-json\/wp\/v2\/types\/product"}],"wp:featuredmedia":[{"embeddable":true,"href":"https:\/\/www.erresse-shop.it\/es\/wp-json\/wp\/v2\/media\/474098"}],"wp:attachment":[{"href":"https:\/\/www.erresse-shop.it\/es\/wp-json\/wp\/v2\/media?parent=474100"}],"wp:term":[{"taxonomy":"product_cat","embeddable":true,"href":"https:\/\/www.erresse-shop.it\/es\/wp-json\/wp\/v2\/product_cat?post=474100"},{"taxonomy":"product_tag","embeddable":true,"href":"https:\/\/www.erresse-shop.it\/es\/wp-json\/wp\/v2\/product_tag?post=474100"}],"curies":[{"name":"wp","href":"https:\/\/api.w.org\/{rel}","templated":true}]}}