{"id":474043,"date":"2020-08-05T06:45:36","date_gmt":"2020-08-05T06:45:36","guid":{"rendered":"https:\/\/www.erresse-shop.it\/shop\/senza-categoria\/alessi-plisse-hervidor-electrico-blanco-1l\/"},"modified":"2020-08-05T06:45:36","modified_gmt":"2020-08-05T06:45:36","slug":"alessi-plisse-hervidor-electrico-blanco-1l","status":"publish","type":"product","link":"https:\/\/www.erresse-shop.it\/es\/shop\/pequenos-electrodomesticos\/hervidores-electricos\/alessi-plisse-hervidor-electrico-blanco-1l\/","title":{"rendered":"ALESSI Pliss\u00e9 Hervidor el\u00e9ctrico Blanco 1L"},"content":{"rendered":"<p>Dise\u00f1ada por Michele De Lucchi, la tetera Pliss\u00e9 combina aspectos funcionales con un dise\u00f1o pl\u00e1stico y fascinante que revela la formaci\u00f3n del autor como arquitecto, as\u00ed como su pasi\u00f3n por la artesan\u00eda y la escultura. Como un tejido que un denso plisado transforma en un objeto tridimensional, esta tetera recuerda a un vestido de alta costura, un espl\u00e9ndido objeto para exponer en la encimera de la cocina.<\/p>\n<p>Caracter\u00edsticas<\/p>\n<ul>\n<li>Enchufe europeo<\/li>\n<li>Capacidad: 1L<\/li>\n<li>Altura: 20 cm<\/li>\n<li>Ancho: 16 cm<\/li>\n<li>Longitud: 21 cm<\/li>\n<\/ul>\n<p><span style=\"text-decoration: underline;\"><strong>Not for sale outside Europe<\/strong><\/span><\/p>\n","protected":false},"excerpt":{"rendered":"<p>Dise\u00f1ada por Michele De Lucchi, la tetera Pliss\u00e9 combina aspectos funcionales con un dise\u00f1o pl\u00e1stico y fascinante que revela la<\/p>\n","protected":false},"featured_media":508153,"template":"","meta":{"_acf_changed":false,"inline_featured_image":false},"product_cat":[16074,16073],"product_tag":[16259,16258],"acf":[],"yoast_head":"<!-- This site is optimized with the Yoast SEO Premium plugin v18.6 (Yoast SEO v19.13) - https:\/\/yoast.com\/wordpress\/plugins\/seo\/ -->\n<title>ALESSI Pliss\u00e9 Hervidor el\u00e9ctrico Blanco 1L - Erresse Shop<\/title>\n<meta name=\"description\" content=\"Dise\u00f1ada por Michele De Lucchi, la tetera Pliss\u00e9 combina aspectos funcionales con un dise\u00f1o pl\u00e1stico y fascinante que revela la formaci\u00f3n del autor como\" \/>\n<meta name=\"robots\" content=\"index, follow, max-snippet:-1, max-image-preview:large, max-video-preview:-1\" \/>\n<link rel=\"canonical\" href=\"https:\/\/www.erresse-shop.it\/es\/shop\/pequenos-electrodomesticos\/hervidores-electricos\/alessi-plisse-hervidor-electrico-blanco-1l\/\" \/>\n<meta property=\"og:locale\" content=\"es_ES\" \/>\n<meta property=\"og:type\" content=\"article\" \/>\n<meta property=\"og:title\" content=\"ALESSI Pliss\u00e9 Hervidor el\u00e9ctrico Blanco 1L\" \/>\n<meta property=\"og:description\" content=\"Dise\u00f1ada por Michele De Lucchi, la tetera Pliss\u00e9 combina aspectos funcionales con un dise\u00f1o pl\u00e1stico y fascinante que revela la formaci\u00f3n del autor como\" \/>\n<meta property=\"og:url\" content=\"https:\/\/www.erresse-shop.it\/es\/shop\/pequenos-electrodomesticos\/hervidores-electricos\/alessi-plisse-hervidor-electrico-blanco-1l\/\" \/>\n<meta property=\"og:site_name\" content=\"Erresse Shop\" \/>\n<meta property=\"og:image\" content=\"https:\/\/www.erresse-shop.it\/wp-content\/uploads\/2020\/08\/ALESSI-Plisse-Bollitore-Elettrico-Bianco-1L.jpg\" \/>\n\t<meta property=\"og:image:width\" content=\"1200\" \/>\n\t<meta property=\"og:image:height\" content=\"1200\" \/>\n\t<meta property=\"og:image:type\" content=\"image\/jpeg\" \/>\n<meta name=\"twitter:card\" content=\"summary_large_image\" \/>\n<script type=\"application\/ld+json\" class=\"yoast-schema-graph\">{\"@context\":\"https:\/\/schema.org\",\"@graph\":[{\"@type\":\"WebPage\",\"@id\":\"https:\/\/www.erresse-shop.it\/es\/shop\/pequenos-electrodomesticos\/hervidores-electricos\/alessi-plisse-hervidor-electrico-blanco-1l\/\",\"url\":\"https:\/\/www.erresse-shop.it\/es\/shop\/pequenos-electrodomesticos\/hervidores-electricos\/alessi-plisse-hervidor-electrico-blanco-1l\/\",\"name\":\"ALESSI Pliss\u00e9 Hervidor el\u00e9ctrico Blanco 1L - Erresse Shop\",\"isPartOf\":{\"@id\":\"https:\/\/www.erresse-shop.it\/es\/#website\"},\"datePublished\":\"2020-08-05T06:45:36+00:00\",\"dateModified\":\"2020-08-05T06:45:36+00:00\",\"description\":\"Dise\u00f1ada por Michele De Lucchi, la tetera Pliss\u00e9 combina aspectos funcionales con un dise\u00f1o pl\u00e1stico y fascinante que revela la formaci\u00f3n del autor como\",\"breadcrumb\":{\"@id\":\"https:\/\/www.erresse-shop.it\/es\/shop\/pequenos-electrodomesticos\/hervidores-electricos\/alessi-plisse-hervidor-electrico-blanco-1l\/#breadcrumb\"},\"inLanguage\":\"es\",\"potentialAction\":[{\"@type\":\"ReadAction\",\"target\":[\"https:\/\/www.erresse-shop.it\/es\/shop\/pequenos-electrodomesticos\/hervidores-electricos\/alessi-plisse-hervidor-electrico-blanco-1l\/\"]}]},{\"@type\":\"BreadcrumbList\",\"@id\":\"https:\/\/www.erresse-shop.it\/es\/shop\/pequenos-electrodomesticos\/hervidores-electricos\/alessi-plisse-hervidor-electrico-blanco-1l\/#breadcrumb\",\"itemListElement\":[{\"@type\":\"ListItem\",\"position\":1,\"name\":\"Home\",\"item\":\"https:\/\/www.erresse-shop.it\/es\/\"},{\"@type\":\"ListItem\",\"position\":2,\"name\":\"Shop\",\"item\":\"https:\/\/www.erresse-shop.it\/es\/shop\/\"},{\"@type\":\"ListItem\",\"position\":3,\"name\":\"ALESSI Pliss\u00e9 Hervidor el\u00e9ctrico Blanco 1L\"}]},{\"@type\":\"WebSite\",\"@id\":\"https:\/\/www.erresse-shop.it\/es\/#website\",\"url\":\"https:\/\/www.erresse-shop.it\/es\/\",\"name\":\"Erresse Shop\",\"description\":\"Articoli di qualit\u00e0 per la casa\",\"potentialAction\":[{\"@type\":\"SearchAction\",\"target\":{\"@type\":\"EntryPoint\",\"urlTemplate\":\"https:\/\/www.erresse-shop.it\/es\/?s={search_term_string}\"},\"query-input\":\"required name=search_term_string\"}],\"inLanguage\":\"es\"}]}<\/script>\n<!-- \/ Yoast SEO Premium plugin. -->","yoast_head_json":{"title":"ALESSI Pliss\u00e9 Hervidor el\u00e9ctrico Blanco 1L - Erresse Shop","description":"Dise\u00f1ada por Michele De Lucchi, la tetera Pliss\u00e9 combina aspectos funcionales con un dise\u00f1o pl\u00e1stico y fascinante que revela la formaci\u00f3n del autor como","robots":{"index":"index","follow":"follow","max-snippet":"max-snippet:-1","max-image-preview":"max-image-preview:large","max-video-preview":"max-video-preview:-1"},"canonical":"https:\/\/www.erresse-shop.it\/es\/shop\/pequenos-electrodomesticos\/hervidores-electricos\/alessi-plisse-hervidor-electrico-blanco-1l\/","og_locale":"es_ES","og_type":"article","og_title":"ALESSI Pliss\u00e9 Hervidor el\u00e9ctrico Blanco 1L","og_description":"Dise\u00f1ada por Michele De Lucchi, la tetera Pliss\u00e9 combina aspectos funcionales con un dise\u00f1o pl\u00e1stico y fascinante que revela la formaci\u00f3n del autor como","og_url":"https:\/\/www.erresse-shop.it\/es\/shop\/pequenos-electrodomesticos\/hervidores-electricos\/alessi-plisse-hervidor-electrico-blanco-1l\/","og_site_name":"Erresse Shop","og_image":[{"width":1200,"height":1200,"url":"https:\/\/www.erresse-shop.it\/wp-content\/uploads\/2020\/08\/ALESSI-Plisse-Bollitore-Elettrico-Bianco-1L.jpg","type":"image\/jpeg"}],"twitter_card":"summary_large_image","schema":{"@context":"https:\/\/schema.org","@graph":[{"@type":"WebPage","@id":"https:\/\/www.erresse-shop.it\/es\/shop\/pequenos-electrodomesticos\/hervidores-electricos\/alessi-plisse-hervidor-electrico-blanco-1l\/","url":"https:\/\/www.erresse-shop.it\/es\/shop\/pequenos-electrodomesticos\/hervidores-electricos\/alessi-plisse-hervidor-electrico-blanco-1l\/","name":"ALESSI Pliss\u00e9 Hervidor el\u00e9ctrico Blanco 1L - Erresse Shop","isPartOf":{"@id":"https:\/\/www.erresse-shop.it\/es\/#website"},"datePublished":"2020-08-05T06:45:36+00:00","dateModified":"2020-08-05T06:45:36+00:00","description":"Dise\u00f1ada por Michele De Lucchi, la tetera Pliss\u00e9 combina aspectos funcionales con un dise\u00f1o pl\u00e1stico y fascinante que revela la formaci\u00f3n del autor como","breadcrumb":{"@id":"https:\/\/www.erresse-shop.it\/es\/shop\/pequenos-electrodomesticos\/hervidores-electricos\/alessi-plisse-hervidor-electrico-blanco-1l\/#breadcrumb"},"inLanguage":"es","potentialAction":[{"@type":"ReadAction","target":["https:\/\/www.erresse-shop.it\/es\/shop\/pequenos-electrodomesticos\/hervidores-electricos\/alessi-plisse-hervidor-electrico-blanco-1l\/"]}]},{"@type":"BreadcrumbList","@id":"https:\/\/www.erresse-shop.it\/es\/shop\/pequenos-electrodomesticos\/hervidores-electricos\/alessi-plisse-hervidor-electrico-blanco-1l\/#breadcrumb","itemListElement":[{"@type":"ListItem","position":1,"name":"Home","item":"https:\/\/www.erresse-shop.it\/es\/"},{"@type":"ListItem","position":2,"name":"Shop","item":"https:\/\/www.erresse-shop.it\/es\/shop\/"},{"@type":"ListItem","position":3,"name":"ALESSI Pliss\u00e9 Hervidor el\u00e9ctrico Blanco 1L"}]},{"@type":"WebSite","@id":"https:\/\/www.erresse-shop.it\/es\/#website","url":"https:\/\/www.erresse-shop.it\/es\/","name":"Erresse Shop","description":"Articoli di qualit\u00e0 per la casa","potentialAction":[{"@type":"SearchAction","target":{"@type":"EntryPoint","urlTemplate":"https:\/\/www.erresse-shop.it\/es\/?s={search_term_string}"},"query-input":"required name=search_term_string"}],"inLanguage":"es"}]}},"df_price":47.5,"df_sale_price":47.5,"df_regular_price":95,"df_image_link":"https:\/\/www.erresse-shop.it\/wp-content\/uploads\/2020\/08\/ALESSI-Plisse-Bollitore-Elettrico-Bianco-1L-300x300.jpg","_links":{"self":[{"href":"https:\/\/www.erresse-shop.it\/es\/wp-json\/wp\/v2\/product\/474043"}],"collection":[{"href":"https:\/\/www.erresse-shop.it\/es\/wp-json\/wp\/v2\/product"}],"about":[{"href":"https:\/\/www.erresse-shop.it\/es\/wp-json\/wp\/v2\/types\/product"}],"wp:featuredmedia":[{"embeddable":true,"href":"https:\/\/www.erresse-shop.it\/es\/wp-json\/wp\/v2\/media\/508153"}],"wp:attachment":[{"href":"https:\/\/www.erresse-shop.it\/es\/wp-json\/wp\/v2\/media?parent=474043"}],"wp:term":[{"taxonomy":"product_cat","embeddable":true,"href":"https:\/\/www.erresse-shop.it\/es\/wp-json\/wp\/v2\/product_cat?post=474043"},{"taxonomy":"product_tag","embeddable":true,"href":"https:\/\/www.erresse-shop.it\/es\/wp-json\/wp\/v2\/product_tag?post=474043"}],"curies":[{"name":"wp","href":"https:\/\/api.w.org\/{rel}","templated":true}]}}