{"id":473923,"date":"2025-03-03T15:04:20","date_gmt":"2025-03-03T15:04:22","guid":{"rendered":"https:\/\/www.erresse-shop.it\/?post_type=product&#038;p=473923"},"modified":"2025-03-03T15:19:54","modified_gmt":"2025-03-03T15:19:54","slug":"zwilling-enfinigy-tostadora-de-2-rebanadas-negro-con-calentador-copia-2","status":"publish","type":"product","link":"https:\/\/www.erresse-shop.it\/es\/shop\/pequenos-electrodomesticos\/parrillas-y-barbacoas\/zwilling-enfinigy-tostadora-de-2-rebanadas-negro-con-calentador-copia-2\/","title":{"rendered":"ZWILLING Enfinigy Placa el\u00e9ctrica Negro"},"content":{"rendered":"<p>Asa a la parrilla cuando quieras. Lo que prefieras Donde t\u00fa quieras. Desde s\u00e1ndwiches calientes para el desayuno hasta barbacoas con amigos. Con la parrilla de contacto ZWILLING ENFINIGY ya no tendr\u00e1s l\u00edmites a la hora de asar. \u00dasalo con la tapa cerrada como una plancha el\u00e9ctrica tradicional o \u00e1brela 180\u00b0 para el modo barbacoa: sea cual sea el modo que elijas, siempre tendr\u00e1s el control total. Las placas ajustables individualmente distribuyen el calor uniformemente por toda la superficie, sin crear puntos de sobrecalentamiento. La cocci\u00f3n es uniforme y precisa. Por supuesto, aqu\u00ed hay una versi\u00f3n ligeramente mejorada: gracias al sensor t\u00e9rmico que mide la temperatura en el coraz\u00f3n de los alimentos, siempre obtendr\u00e1s el calor ideal para asar carne y pescado a la perfecci\u00f3n. Descubra la nueva forma de asar y disfrute del placer de cocinar en cualquier lugar y en cualquier momento.<\/p>\n<ul>\n<li>Abre la parrilla de contacto a 180\u00b0 para usarla en modo barbacoa<\/li>\n<li>6 programas autom\u00e1ticos (bistec, hamburguesa, pescado, salchichas, aves, s\u00e1ndwiches) + funci\u00f3n Boost y descongelaci\u00f3n<\/li>\n<li>Carne y verduras perfectamente asadas: distribuci\u00f3n uniforme del calor gracias al elemento calefactor plano<\/li>\n<li>Gracias al sensor t\u00e9rmico, siempre tendr\u00e1s la temperatura ideal en el coraz\u00f3n de los alimentos<\/li>\n<li>F\u00e1cil de limpiar: las placas revestidas de cer\u00e1mica son aptas para lavavajillas<\/li>\n<li>Asa pr\u00e1ctica para un agarre seguro y un f\u00e1cil transporte<\/li>\n<li>Dise\u00f1o minimalista de Matteo Thun y Antonio Rodr\u00edguez, Mil\u00e1n<\/li>\n<\/ul>\n<p><span class=\"label\">Color:<\/span>\u00a0<span class=\"value\">negro<br \/>\n<\/span><span class=\"label\">Material:<\/span>\u00a0<span class=\"value\">pl\u00e1stico<br \/>\n<\/span><span class=\"label\">Voltaje:<\/span>\u00a0<span class=\"value\">220-240 V<br \/>\n<\/span><span class=\"label\">Frecuencia:<\/span>\u00a0<span class=\"value\">50\/60 Hz<br \/>\n<\/span><span class=\"label\">Carrete de cable integrado:<\/span>\u00a0<span class=\"value\">S\u00ed<br \/>\n<\/span><span class=\"label\">Potencia de entrada:<\/span>\u00a0<span class=\"value\">1.850 W<\/span><\/p>\n<p><span style=\"text-decoration: underline;\"><strong>Not for sale outside Europe<\/strong><\/span><\/p>\n","protected":false},"excerpt":{"rendered":"<p>Asa a la parrilla cuando quieras. Lo que prefieras Donde t\u00fa quieras. Desde s\u00e1ndwiches calientes para el desayuno hasta barbacoas<\/p>\n","protected":false},"featured_media":473967,"template":"","meta":{"_acf_changed":false,"inline_featured_image":false},"product_cat":[16083,16073],"product_tag":[25039,16259,16178,16553,16169,25023],"acf":[],"yoast_head":"<!-- This site is optimized with the Yoast SEO Premium plugin v18.6 (Yoast SEO v19.13) - https:\/\/yoast.com\/wordpress\/plugins\/seo\/ -->\n<title>ZWILLING Enfinigy Placa el\u00e9ctrica Negro - Erresse Shop<\/title>\n<meta name=\"description\" content=\"Asa a la parrilla cuando quieras. Lo que prefieras Donde t\u00fa quieras. Desde s\u00e1ndwiches calientes para el desayuno hasta barbacoas con amigos. Con la\" \/>\n<meta name=\"robots\" content=\"index, follow, max-snippet:-1, max-image-preview:large, max-video-preview:-1\" \/>\n<link rel=\"canonical\" href=\"https:\/\/www.erresse-shop.it\/es\/shop\/pequenos-electrodomesticos\/parrillas-y-barbacoas\/zwilling-enfinigy-tostadora-de-2-rebanadas-negro-con-calentador-copia-2\/\" \/>\n<meta property=\"og:locale\" content=\"es_ES\" \/>\n<meta property=\"og:type\" content=\"article\" \/>\n<meta property=\"og:title\" content=\"ZWILLING Enfinigy Placa el\u00e9ctrica Negro\" \/>\n<meta property=\"og:description\" content=\"Asa a la parrilla cuando quieras. Lo que prefieras Donde t\u00fa quieras. Desde s\u00e1ndwiches calientes para el desayuno hasta barbacoas con amigos. Con la\" \/>\n<meta property=\"og:url\" content=\"https:\/\/www.erresse-shop.it\/es\/shop\/pequenos-electrodomesticos\/parrillas-y-barbacoas\/zwilling-enfinigy-tostadora-de-2-rebanadas-negro-con-calentador-copia-2\/\" \/>\n<meta property=\"og:site_name\" content=\"Erresse Shop\" \/>\n<meta property=\"article:modified_time\" content=\"2025-03-03T15:19:54+00:00\" \/>\n<meta property=\"og:image\" content=\"https:\/\/www.erresse-shop.it\/wp-content\/uploads\/2025\/03\/ZWILLING-Enfinigy-Piastra-Elettrica-Nero.jpg\" \/>\n\t<meta property=\"og:image:width\" content=\"1200\" \/>\n\t<meta property=\"og:image:height\" content=\"1200\" \/>\n\t<meta property=\"og:image:type\" content=\"image\/jpeg\" \/>\n<meta name=\"twitter:card\" content=\"summary_large_image\" \/>\n<script type=\"application\/ld+json\" class=\"yoast-schema-graph\">{\"@context\":\"https:\/\/schema.org\",\"@graph\":[{\"@type\":\"WebPage\",\"@id\":\"https:\/\/www.erresse-shop.it\/es\/shop\/pequenos-electrodomesticos\/parrillas-y-barbacoas\/zwilling-enfinigy-tostadora-de-2-rebanadas-negro-con-calentador-copia-2\/\",\"url\":\"https:\/\/www.erresse-shop.it\/es\/shop\/pequenos-electrodomesticos\/parrillas-y-barbacoas\/zwilling-enfinigy-tostadora-de-2-rebanadas-negro-con-calentador-copia-2\/\",\"name\":\"ZWILLING Enfinigy Placa el\u00e9ctrica Negro - Erresse Shop\",\"isPartOf\":{\"@id\":\"https:\/\/www.erresse-shop.it\/es\/#website\"},\"datePublished\":\"2025-03-03T15:04:22+00:00\",\"dateModified\":\"2025-03-03T15:19:54+00:00\",\"description\":\"Asa a la parrilla cuando quieras. Lo que prefieras Donde t\u00fa quieras. Desde s\u00e1ndwiches calientes para el desayuno hasta barbacoas con amigos. Con la\",\"breadcrumb\":{\"@id\":\"https:\/\/www.erresse-shop.it\/es\/shop\/pequenos-electrodomesticos\/parrillas-y-barbacoas\/zwilling-enfinigy-tostadora-de-2-rebanadas-negro-con-calentador-copia-2\/#breadcrumb\"},\"inLanguage\":\"es\",\"potentialAction\":[{\"@type\":\"ReadAction\",\"target\":[\"https:\/\/www.erresse-shop.it\/es\/shop\/pequenos-electrodomesticos\/parrillas-y-barbacoas\/zwilling-enfinigy-tostadora-de-2-rebanadas-negro-con-calentador-copia-2\/\"]}]},{\"@type\":\"BreadcrumbList\",\"@id\":\"https:\/\/www.erresse-shop.it\/es\/shop\/pequenos-electrodomesticos\/parrillas-y-barbacoas\/zwilling-enfinigy-tostadora-de-2-rebanadas-negro-con-calentador-copia-2\/#breadcrumb\",\"itemListElement\":[{\"@type\":\"ListItem\",\"position\":1,\"name\":\"Home\",\"item\":\"https:\/\/www.erresse-shop.it\/es\/\"},{\"@type\":\"ListItem\",\"position\":2,\"name\":\"Shop\",\"item\":\"https:\/\/www.erresse-shop.it\/es\/shop\/\"},{\"@type\":\"ListItem\",\"position\":3,\"name\":\"ZWILLING Enfinigy Placa el\u00e9ctrica Negro\"}]},{\"@type\":\"WebSite\",\"@id\":\"https:\/\/www.erresse-shop.it\/es\/#website\",\"url\":\"https:\/\/www.erresse-shop.it\/es\/\",\"name\":\"Erresse Shop\",\"description\":\"Articoli di qualit\u00e0 per la casa\",\"potentialAction\":[{\"@type\":\"SearchAction\",\"target\":{\"@type\":\"EntryPoint\",\"urlTemplate\":\"https:\/\/www.erresse-shop.it\/es\/?s={search_term_string}\"},\"query-input\":\"required name=search_term_string\"}],\"inLanguage\":\"es\"}]}<\/script>\n<!-- \/ Yoast SEO Premium plugin. -->","yoast_head_json":{"title":"ZWILLING Enfinigy Placa el\u00e9ctrica Negro - Erresse Shop","description":"Asa a la parrilla cuando quieras. Lo que prefieras Donde t\u00fa quieras. Desde s\u00e1ndwiches calientes para el desayuno hasta barbacoas con amigos. Con la","robots":{"index":"index","follow":"follow","max-snippet":"max-snippet:-1","max-image-preview":"max-image-preview:large","max-video-preview":"max-video-preview:-1"},"canonical":"https:\/\/www.erresse-shop.it\/es\/shop\/pequenos-electrodomesticos\/parrillas-y-barbacoas\/zwilling-enfinigy-tostadora-de-2-rebanadas-negro-con-calentador-copia-2\/","og_locale":"es_ES","og_type":"article","og_title":"ZWILLING Enfinigy Placa el\u00e9ctrica Negro","og_description":"Asa a la parrilla cuando quieras. Lo que prefieras Donde t\u00fa quieras. Desde s\u00e1ndwiches calientes para el desayuno hasta barbacoas con amigos. Con la","og_url":"https:\/\/www.erresse-shop.it\/es\/shop\/pequenos-electrodomesticos\/parrillas-y-barbacoas\/zwilling-enfinigy-tostadora-de-2-rebanadas-negro-con-calentador-copia-2\/","og_site_name":"Erresse Shop","article_modified_time":"2025-03-03T15:19:54+00:00","og_image":[{"width":1200,"height":1200,"url":"https:\/\/www.erresse-shop.it\/wp-content\/uploads\/2025\/03\/ZWILLING-Enfinigy-Piastra-Elettrica-Nero.jpg","type":"image\/jpeg"}],"twitter_card":"summary_large_image","schema":{"@context":"https:\/\/schema.org","@graph":[{"@type":"WebPage","@id":"https:\/\/www.erresse-shop.it\/es\/shop\/pequenos-electrodomesticos\/parrillas-y-barbacoas\/zwilling-enfinigy-tostadora-de-2-rebanadas-negro-con-calentador-copia-2\/","url":"https:\/\/www.erresse-shop.it\/es\/shop\/pequenos-electrodomesticos\/parrillas-y-barbacoas\/zwilling-enfinigy-tostadora-de-2-rebanadas-negro-con-calentador-copia-2\/","name":"ZWILLING Enfinigy Placa el\u00e9ctrica Negro - Erresse Shop","isPartOf":{"@id":"https:\/\/www.erresse-shop.it\/es\/#website"},"datePublished":"2025-03-03T15:04:22+00:00","dateModified":"2025-03-03T15:19:54+00:00","description":"Asa a la parrilla cuando quieras. Lo que prefieras Donde t\u00fa quieras. Desde s\u00e1ndwiches calientes para el desayuno hasta barbacoas con amigos. Con la","breadcrumb":{"@id":"https:\/\/www.erresse-shop.it\/es\/shop\/pequenos-electrodomesticos\/parrillas-y-barbacoas\/zwilling-enfinigy-tostadora-de-2-rebanadas-negro-con-calentador-copia-2\/#breadcrumb"},"inLanguage":"es","potentialAction":[{"@type":"ReadAction","target":["https:\/\/www.erresse-shop.it\/es\/shop\/pequenos-electrodomesticos\/parrillas-y-barbacoas\/zwilling-enfinigy-tostadora-de-2-rebanadas-negro-con-calentador-copia-2\/"]}]},{"@type":"BreadcrumbList","@id":"https:\/\/www.erresse-shop.it\/es\/shop\/pequenos-electrodomesticos\/parrillas-y-barbacoas\/zwilling-enfinigy-tostadora-de-2-rebanadas-negro-con-calentador-copia-2\/#breadcrumb","itemListElement":[{"@type":"ListItem","position":1,"name":"Home","item":"https:\/\/www.erresse-shop.it\/es\/"},{"@type":"ListItem","position":2,"name":"Shop","item":"https:\/\/www.erresse-shop.it\/es\/shop\/"},{"@type":"ListItem","position":3,"name":"ZWILLING Enfinigy Placa el\u00e9ctrica Negro"}]},{"@type":"WebSite","@id":"https:\/\/www.erresse-shop.it\/es\/#website","url":"https:\/\/www.erresse-shop.it\/es\/","name":"Erresse Shop","description":"Articoli di qualit\u00e0 per la casa","potentialAction":[{"@type":"SearchAction","target":{"@type":"EntryPoint","urlTemplate":"https:\/\/www.erresse-shop.it\/es\/?s={search_term_string}"},"query-input":"required name=search_term_string"}],"inLanguage":"es"}]}},"df_price":109.5,"df_sale_price":109.5,"df_regular_price":219,"df_image_link":"https:\/\/www.erresse-shop.it\/wp-content\/uploads\/2025\/03\/ZWILLING-Enfinigy-Piastra-Elettrica-Nero-300x300.jpg","_links":{"self":[{"href":"https:\/\/www.erresse-shop.it\/es\/wp-json\/wp\/v2\/product\/473923"}],"collection":[{"href":"https:\/\/www.erresse-shop.it\/es\/wp-json\/wp\/v2\/product"}],"about":[{"href":"https:\/\/www.erresse-shop.it\/es\/wp-json\/wp\/v2\/types\/product"}],"wp:featuredmedia":[{"embeddable":true,"href":"https:\/\/www.erresse-shop.it\/es\/wp-json\/wp\/v2\/media\/473967"}],"wp:attachment":[{"href":"https:\/\/www.erresse-shop.it\/es\/wp-json\/wp\/v2\/media?parent=473923"}],"wp:term":[{"taxonomy":"product_cat","embeddable":true,"href":"https:\/\/www.erresse-shop.it\/es\/wp-json\/wp\/v2\/product_cat?post=473923"},{"taxonomy":"product_tag","embeddable":true,"href":"https:\/\/www.erresse-shop.it\/es\/wp-json\/wp\/v2\/product_tag?post=473923"}],"curies":[{"name":"wp","href":"https:\/\/api.w.org\/{rel}","templated":true}]}}