{"id":473637,"date":"2025-02-28T13:29:15","date_gmt":"2025-02-28T13:29:18","guid":{"rendered":"https:\/\/www.erresse-shop.it\/?post_type=product&#038;p=473637"},"modified":"2025-02-28T14:07:21","modified_gmt":"2025-02-28T14:07:21","slug":"bialetti-moka-express-2-tazas-copia","status":"publish","type":"product","link":"https:\/\/www.erresse-shop.it\/es\/shop\/cocina\/cafeteras\/bialetti-moka-express-2-tazas-copia\/","title":{"rendered":"BIALETTI Moka Express 3 Tazas Mackenzie"},"content":{"rendered":"<p>Mejore su experiencia de espresso con Bialetti y MacKenzie-Childs, la empresa de muebles conocida por su sensibilidad de dise\u00f1o l\u00fadico.<\/p>\n<p>Bialetti y MacKenzie-Childs unen fuerzas para celebrar el ritual italiano del caf\u00e9 con una colaboraci\u00f3n que fusiona la funcionalidad de la cl\u00e1sica cafetera Bialetti con la personalidad de los motivos ic\u00f3nicos de MacKenzie-Childs, creando un incre\u00edble viaje sensorial donde los detalles \u00fanicos se encuentran con un dise\u00f1o l\u00fadico y elegante.<\/p>\n<p><strong>Caracter\u00edsticas:<\/strong><\/p>\n<ul>\n<li>Dimensiones: 15 x 8,5 x 15,5 cm<\/li>\n<li>Capacidad: 130 ML &#8211; 4.4 OZ.<\/li>\n<li>Rinde 3 tazas de caf\u00e9 italiano<\/li>\n<li>Material del cuerpo: Aluminio<\/li>\n<li>Material del mango y la perilla: termopl\u00e1stico<\/li>\n<\/ul>\n<p>Hecho en Italia<br \/>\nV\u00e1lvula de seguridad f\u00e1cil de limpiar.<br \/>\nApto para uso en placas de gas, el\u00e9ctricas y vitrocer\u00e1micas.<br \/>\nApto para uso en placas de inducci\u00f3n \u00fanicamente cuando se utiliza con la placa de inducci\u00f3n Bialetti.<\/p>\n<p>Cada Moka Express Bialetti MacKenzie-Childs se caracteriza por elementos distintivos vinculados a la diferente posici\u00f3n de los motivos decorativos en el colector.<br \/>\nCada cafetera Moka ser\u00e1 una obra maestra de artesan\u00eda.<\/p>\n","protected":false},"excerpt":{"rendered":"<p>Mejore su experiencia de espresso con Bialetti y MacKenzie-Childs, la empresa de muebles conocida por su sensibilidad de dise\u00f1o l\u00fadico.<\/p>\n","protected":false},"featured_media":473651,"template":"","meta":{"_acf_changed":false,"inline_featured_image":false},"product_cat":[16042,16040],"product_tag":[24596,16486,23986,23574,16307,16487],"acf":[],"yoast_head":"<!-- This site is optimized with the Yoast SEO Premium plugin v18.6 (Yoast SEO v19.13) - https:\/\/yoast.com\/wordpress\/plugins\/seo\/ -->\n<title>BIALETTI Moka Express 3 Tazas Mackenzie - Erresse Shop<\/title>\n<meta name=\"description\" content=\"Mejore su experiencia de espresso con Bialetti y MacKenzie-Childs, la empresa de muebles conocida por su sensibilidad de dise\u00f1o l\u00fadico. Bialetti y\" \/>\n<meta name=\"robots\" content=\"index, follow, max-snippet:-1, max-image-preview:large, max-video-preview:-1\" \/>\n<link rel=\"canonical\" href=\"https:\/\/www.erresse-shop.it\/es\/shop\/cocina\/cafeteras\/bialetti-moka-express-2-tazas-copia\/\" \/>\n<meta property=\"og:locale\" content=\"es_ES\" \/>\n<meta property=\"og:type\" content=\"article\" \/>\n<meta property=\"og:title\" content=\"BIALETTI Moka Express 3 Tazas Mackenzie\" \/>\n<meta property=\"og:description\" content=\"Mejore su experiencia de espresso con Bialetti y MacKenzie-Childs, la empresa de muebles conocida por su sensibilidad de dise\u00f1o l\u00fadico. Bialetti y\" \/>\n<meta property=\"og:url\" content=\"https:\/\/www.erresse-shop.it\/es\/shop\/cocina\/cafeteras\/bialetti-moka-express-2-tazas-copia\/\" \/>\n<meta property=\"og:site_name\" content=\"Erresse Shop\" \/>\n<meta property=\"article:modified_time\" content=\"2025-02-28T14:07:21+00:00\" \/>\n<meta property=\"og:image\" content=\"https:\/\/www.erresse-shop.it\/wp-content\/uploads\/2025\/02\/BIALETTI-Moka-Express-3-Tazze-Mackenzie.jpg\" \/>\n\t<meta property=\"og:image:width\" content=\"1200\" \/>\n\t<meta property=\"og:image:height\" content=\"1200\" \/>\n\t<meta property=\"og:image:type\" content=\"image\/jpeg\" \/>\n<meta name=\"twitter:card\" content=\"summary_large_image\" \/>\n<script type=\"application\/ld+json\" class=\"yoast-schema-graph\">{\"@context\":\"https:\/\/schema.org\",\"@graph\":[{\"@type\":\"WebPage\",\"@id\":\"https:\/\/www.erresse-shop.it\/es\/shop\/cocina\/cafeteras\/bialetti-moka-express-2-tazas-copia\/\",\"url\":\"https:\/\/www.erresse-shop.it\/es\/shop\/cocina\/cafeteras\/bialetti-moka-express-2-tazas-copia\/\",\"name\":\"BIALETTI Moka Express 3 Tazas Mackenzie - Erresse Shop\",\"isPartOf\":{\"@id\":\"https:\/\/www.erresse-shop.it\/es\/#website\"},\"datePublished\":\"2025-02-28T13:29:18+00:00\",\"dateModified\":\"2025-02-28T14:07:21+00:00\",\"description\":\"Mejore su experiencia de espresso con Bialetti y MacKenzie-Childs, la empresa de muebles conocida por su sensibilidad de dise\u00f1o l\u00fadico. Bialetti y\",\"breadcrumb\":{\"@id\":\"https:\/\/www.erresse-shop.it\/es\/shop\/cocina\/cafeteras\/bialetti-moka-express-2-tazas-copia\/#breadcrumb\"},\"inLanguage\":\"es\",\"potentialAction\":[{\"@type\":\"ReadAction\",\"target\":[\"https:\/\/www.erresse-shop.it\/es\/shop\/cocina\/cafeteras\/bialetti-moka-express-2-tazas-copia\/\"]}]},{\"@type\":\"BreadcrumbList\",\"@id\":\"https:\/\/www.erresse-shop.it\/es\/shop\/cocina\/cafeteras\/bialetti-moka-express-2-tazas-copia\/#breadcrumb\",\"itemListElement\":[{\"@type\":\"ListItem\",\"position\":1,\"name\":\"Home\",\"item\":\"https:\/\/www.erresse-shop.it\/es\/\"},{\"@type\":\"ListItem\",\"position\":2,\"name\":\"Shop\",\"item\":\"https:\/\/www.erresse-shop.it\/es\/shop\/\"},{\"@type\":\"ListItem\",\"position\":3,\"name\":\"BIALETTI Moka Express 3 Tazas Mackenzie\"}]},{\"@type\":\"WebSite\",\"@id\":\"https:\/\/www.erresse-shop.it\/es\/#website\",\"url\":\"https:\/\/www.erresse-shop.it\/es\/\",\"name\":\"Erresse Shop\",\"description\":\"Articoli di qualit\u00e0 per la casa\",\"potentialAction\":[{\"@type\":\"SearchAction\",\"target\":{\"@type\":\"EntryPoint\",\"urlTemplate\":\"https:\/\/www.erresse-shop.it\/es\/?s={search_term_string}\"},\"query-input\":\"required name=search_term_string\"}],\"inLanguage\":\"es\"}]}<\/script>\n<!-- \/ Yoast SEO Premium plugin. -->","yoast_head_json":{"title":"BIALETTI Moka Express 3 Tazas Mackenzie - Erresse Shop","description":"Mejore su experiencia de espresso con Bialetti y MacKenzie-Childs, la empresa de muebles conocida por su sensibilidad de dise\u00f1o l\u00fadico. Bialetti y","robots":{"index":"index","follow":"follow","max-snippet":"max-snippet:-1","max-image-preview":"max-image-preview:large","max-video-preview":"max-video-preview:-1"},"canonical":"https:\/\/www.erresse-shop.it\/es\/shop\/cocina\/cafeteras\/bialetti-moka-express-2-tazas-copia\/","og_locale":"es_ES","og_type":"article","og_title":"BIALETTI Moka Express 3 Tazas Mackenzie","og_description":"Mejore su experiencia de espresso con Bialetti y MacKenzie-Childs, la empresa de muebles conocida por su sensibilidad de dise\u00f1o l\u00fadico. Bialetti y","og_url":"https:\/\/www.erresse-shop.it\/es\/shop\/cocina\/cafeteras\/bialetti-moka-express-2-tazas-copia\/","og_site_name":"Erresse Shop","article_modified_time":"2025-02-28T14:07:21+00:00","og_image":[{"width":1200,"height":1200,"url":"https:\/\/www.erresse-shop.it\/wp-content\/uploads\/2025\/02\/BIALETTI-Moka-Express-3-Tazze-Mackenzie.jpg","type":"image\/jpeg"}],"twitter_card":"summary_large_image","schema":{"@context":"https:\/\/schema.org","@graph":[{"@type":"WebPage","@id":"https:\/\/www.erresse-shop.it\/es\/shop\/cocina\/cafeteras\/bialetti-moka-express-2-tazas-copia\/","url":"https:\/\/www.erresse-shop.it\/es\/shop\/cocina\/cafeteras\/bialetti-moka-express-2-tazas-copia\/","name":"BIALETTI Moka Express 3 Tazas Mackenzie - Erresse Shop","isPartOf":{"@id":"https:\/\/www.erresse-shop.it\/es\/#website"},"datePublished":"2025-02-28T13:29:18+00:00","dateModified":"2025-02-28T14:07:21+00:00","description":"Mejore su experiencia de espresso con Bialetti y MacKenzie-Childs, la empresa de muebles conocida por su sensibilidad de dise\u00f1o l\u00fadico. Bialetti y","breadcrumb":{"@id":"https:\/\/www.erresse-shop.it\/es\/shop\/cocina\/cafeteras\/bialetti-moka-express-2-tazas-copia\/#breadcrumb"},"inLanguage":"es","potentialAction":[{"@type":"ReadAction","target":["https:\/\/www.erresse-shop.it\/es\/shop\/cocina\/cafeteras\/bialetti-moka-express-2-tazas-copia\/"]}]},{"@type":"BreadcrumbList","@id":"https:\/\/www.erresse-shop.it\/es\/shop\/cocina\/cafeteras\/bialetti-moka-express-2-tazas-copia\/#breadcrumb","itemListElement":[{"@type":"ListItem","position":1,"name":"Home","item":"https:\/\/www.erresse-shop.it\/es\/"},{"@type":"ListItem","position":2,"name":"Shop","item":"https:\/\/www.erresse-shop.it\/es\/shop\/"},{"@type":"ListItem","position":3,"name":"BIALETTI Moka Express 3 Tazas Mackenzie"}]},{"@type":"WebSite","@id":"https:\/\/www.erresse-shop.it\/es\/#website","url":"https:\/\/www.erresse-shop.it\/es\/","name":"Erresse Shop","description":"Articoli di qualit\u00e0 per la casa","potentialAction":[{"@type":"SearchAction","target":{"@type":"EntryPoint","urlTemplate":"https:\/\/www.erresse-shop.it\/es\/?s={search_term_string}"},"query-input":"required name=search_term_string"}],"inLanguage":"es"}]}},"df_price":72,"df_sale_price":72,"df_regular_price":80,"df_image_link":"https:\/\/www.erresse-shop.it\/wp-content\/uploads\/2025\/02\/BIALETTI-Moka-Express-3-Tazze-Mackenzie-300x300.jpg","_links":{"self":[{"href":"https:\/\/www.erresse-shop.it\/es\/wp-json\/wp\/v2\/product\/473637"}],"collection":[{"href":"https:\/\/www.erresse-shop.it\/es\/wp-json\/wp\/v2\/product"}],"about":[{"href":"https:\/\/www.erresse-shop.it\/es\/wp-json\/wp\/v2\/types\/product"}],"wp:featuredmedia":[{"embeddable":true,"href":"https:\/\/www.erresse-shop.it\/es\/wp-json\/wp\/v2\/media\/473651"}],"wp:attachment":[{"href":"https:\/\/www.erresse-shop.it\/es\/wp-json\/wp\/v2\/media?parent=473637"}],"wp:term":[{"taxonomy":"product_cat","embeddable":true,"href":"https:\/\/www.erresse-shop.it\/es\/wp-json\/wp\/v2\/product_cat?post=473637"},{"taxonomy":"product_tag","embeddable":true,"href":"https:\/\/www.erresse-shop.it\/es\/wp-json\/wp\/v2\/product_tag?post=473637"}],"curies":[{"name":"wp","href":"https:\/\/api.w.org\/{rel}","templated":true}]}}