{"id":473578,"date":"2025-02-28T11:49:08","date_gmt":"2025-02-28T11:49:12","guid":{"rendered":"https:\/\/www.erresse-shop.it\/?post_type=product&#038;p=473578"},"modified":"2025-02-28T13:19:38","modified_gmt":"2025-02-28T13:19:38","slug":"alessi-pulcina-cafetera-negro-6-tazas-copia","status":"publish","type":"product","link":"https:\/\/www.erresse-shop.it\/es\/shop\/cocina\/cafeteras\/alessi-pulcina-cafetera-negro-6-tazas-copia\/","title":{"rendered":"ALESSI Pulcina Cafetera 6 tazas Negro"},"content":{"rendered":"<p>Producida en 2015, la cafetera espresso Pulcina ha conquistado al p\u00fablico con su dise\u00f1o evocador y su alto rendimiento. En la versi\u00f3n negra la luz juega con la forma escalonada original. Dise\u00f1ada por Michele De Lucchi, Pulcina contiene una peque\u00f1a pero revolucionaria innovaci\u00f3n que realza el sabor con cuerpo del caf\u00e9. Dedicado a aquellos que no quieren renunciar al sabor y aroma del caf\u00e9 preparado con cafetera espresso, pero quieren vivir este ritual diario de una manera especial.<\/p>\n<p>Cafetera espresso en aluminio fundido, color negro. Mango y pomo en PA, color negro.<\/p>\n<div id=\"secci\u00f3n-shopify-especificaciones-del-producto\" class=\"secci\u00f3n-shopify\">\n<ul class=\"especificaciones-del-producto\">\n<li class=\"product-specifications__item\"><span class=\"product-specifications__title\">Tazas: <\/span><span class=\"product-specifications__value\">\u00a06<\/span><\/li>\n<li class=\"product-specifications__item\"><span class=\"product-specifications__title\">Capacidad (cl): 30<\/span><span class=\"product-specifications__value\">.00<\/span><\/li>\n<li class=\"product-specifications__item\"><span class=\"product-specifications__title\">Altura (cm):\u00a0<\/span><span class=\"product-specifications__value\">26,00<\/span><\/li>\n<li class=\"product-specifications__item\"><span class=\"product-specifications__title\">Longitud (cm): 20<\/span><span class=\"product-specifications__value\">.00<\/span><\/li>\n<li class=\"product-specifications__item\"><span class=\"product-specifications__title\">Ancho (cm): <\/span><span class=\"product-specifications__value\">12,00<\/span><\/li>\n<\/ul>\n<\/div>\n","protected":false},"excerpt":{"rendered":"<p>Producida en 2015, la cafetera espresso Pulcina ha conquistado al p\u00fablico con su dise\u00f1o evocador y su alto rendimiento. En<\/p>\n","protected":false},"featured_media":473602,"template":"","meta":{"_acf_changed":false,"inline_featured_image":false},"product_cat":[16042,16040],"product_tag":[16486],"acf":[],"yoast_head":"<!-- This site is optimized with the Yoast SEO Premium plugin v18.6 (Yoast SEO v19.13) - https:\/\/yoast.com\/wordpress\/plugins\/seo\/ -->\n<title>ALESSI Pulcina Cafetera 6 tazas Negro - Erresse Shop<\/title>\n<meta name=\"description\" content=\"Producida en 2015, la cafetera espresso Pulcina ha conquistado al p\u00fablico con su dise\u00f1o evocador y su alto rendimiento. En la versi\u00f3n negra la luz juega\" \/>\n<meta name=\"robots\" content=\"index, follow, max-snippet:-1, max-image-preview:large, max-video-preview:-1\" \/>\n<link rel=\"canonical\" href=\"https:\/\/www.erresse-shop.it\/es\/shop\/cocina\/cafeteras\/alessi-pulcina-cafetera-negro-6-tazas-copia\/\" \/>\n<meta property=\"og:locale\" content=\"es_ES\" \/>\n<meta property=\"og:type\" content=\"article\" \/>\n<meta property=\"og:title\" content=\"ALESSI Pulcina Cafetera 6 tazas Negro\" \/>\n<meta property=\"og:description\" content=\"Producida en 2015, la cafetera espresso Pulcina ha conquistado al p\u00fablico con su dise\u00f1o evocador y su alto rendimiento. En la versi\u00f3n negra la luz juega\" \/>\n<meta property=\"og:url\" content=\"https:\/\/www.erresse-shop.it\/es\/shop\/cocina\/cafeteras\/alessi-pulcina-cafetera-negro-6-tazas-copia\/\" \/>\n<meta property=\"og:site_name\" content=\"Erresse Shop\" \/>\n<meta property=\"article:modified_time\" content=\"2025-02-28T13:19:38+00:00\" \/>\n<meta property=\"og:image\" content=\"https:\/\/www.erresse-shop.it\/wp-content\/uploads\/2025\/02\/ALESSI-Pulcina-Caffettiera-6-Tazze-Nero.jpg\" \/>\n\t<meta property=\"og:image:width\" content=\"1200\" \/>\n\t<meta property=\"og:image:height\" content=\"1200\" \/>\n\t<meta property=\"og:image:type\" content=\"image\/jpeg\" \/>\n<meta name=\"twitter:card\" content=\"summary_large_image\" \/>\n<script type=\"application\/ld+json\" class=\"yoast-schema-graph\">{\"@context\":\"https:\/\/schema.org\",\"@graph\":[{\"@type\":\"WebPage\",\"@id\":\"https:\/\/www.erresse-shop.it\/es\/shop\/cocina\/cafeteras\/alessi-pulcina-cafetera-negro-6-tazas-copia\/\",\"url\":\"https:\/\/www.erresse-shop.it\/es\/shop\/cocina\/cafeteras\/alessi-pulcina-cafetera-negro-6-tazas-copia\/\",\"name\":\"ALESSI Pulcina Cafetera 6 tazas Negro - Erresse Shop\",\"isPartOf\":{\"@id\":\"https:\/\/www.erresse-shop.it\/es\/#website\"},\"datePublished\":\"2025-02-28T11:49:12+00:00\",\"dateModified\":\"2025-02-28T13:19:38+00:00\",\"description\":\"Producida en 2015, la cafetera espresso Pulcina ha conquistado al p\u00fablico con su dise\u00f1o evocador y su alto rendimiento. En la versi\u00f3n negra la luz juega\",\"breadcrumb\":{\"@id\":\"https:\/\/www.erresse-shop.it\/es\/shop\/cocina\/cafeteras\/alessi-pulcina-cafetera-negro-6-tazas-copia\/#breadcrumb\"},\"inLanguage\":\"es\",\"potentialAction\":[{\"@type\":\"ReadAction\",\"target\":[\"https:\/\/www.erresse-shop.it\/es\/shop\/cocina\/cafeteras\/alessi-pulcina-cafetera-negro-6-tazas-copia\/\"]}]},{\"@type\":\"BreadcrumbList\",\"@id\":\"https:\/\/www.erresse-shop.it\/es\/shop\/cocina\/cafeteras\/alessi-pulcina-cafetera-negro-6-tazas-copia\/#breadcrumb\",\"itemListElement\":[{\"@type\":\"ListItem\",\"position\":1,\"name\":\"Home\",\"item\":\"https:\/\/www.erresse-shop.it\/es\/\"},{\"@type\":\"ListItem\",\"position\":2,\"name\":\"Shop\",\"item\":\"https:\/\/www.erresse-shop.it\/es\/shop\/\"},{\"@type\":\"ListItem\",\"position\":3,\"name\":\"ALESSI Pulcina Cafetera 6 tazas Negro\"}]},{\"@type\":\"WebSite\",\"@id\":\"https:\/\/www.erresse-shop.it\/es\/#website\",\"url\":\"https:\/\/www.erresse-shop.it\/es\/\",\"name\":\"Erresse Shop\",\"description\":\"Articoli di qualit\u00e0 per la casa\",\"potentialAction\":[{\"@type\":\"SearchAction\",\"target\":{\"@type\":\"EntryPoint\",\"urlTemplate\":\"https:\/\/www.erresse-shop.it\/es\/?s={search_term_string}\"},\"query-input\":\"required name=search_term_string\"}],\"inLanguage\":\"es\"}]}<\/script>\n<!-- \/ Yoast SEO Premium plugin. -->","yoast_head_json":{"title":"ALESSI Pulcina Cafetera 6 tazas Negro - Erresse Shop","description":"Producida en 2015, la cafetera espresso Pulcina ha conquistado al p\u00fablico con su dise\u00f1o evocador y su alto rendimiento. En la versi\u00f3n negra la luz juega","robots":{"index":"index","follow":"follow","max-snippet":"max-snippet:-1","max-image-preview":"max-image-preview:large","max-video-preview":"max-video-preview:-1"},"canonical":"https:\/\/www.erresse-shop.it\/es\/shop\/cocina\/cafeteras\/alessi-pulcina-cafetera-negro-6-tazas-copia\/","og_locale":"es_ES","og_type":"article","og_title":"ALESSI Pulcina Cafetera 6 tazas Negro","og_description":"Producida en 2015, la cafetera espresso Pulcina ha conquistado al p\u00fablico con su dise\u00f1o evocador y su alto rendimiento. En la versi\u00f3n negra la luz juega","og_url":"https:\/\/www.erresse-shop.it\/es\/shop\/cocina\/cafeteras\/alessi-pulcina-cafetera-negro-6-tazas-copia\/","og_site_name":"Erresse Shop","article_modified_time":"2025-02-28T13:19:38+00:00","og_image":[{"width":1200,"height":1200,"url":"https:\/\/www.erresse-shop.it\/wp-content\/uploads\/2025\/02\/ALESSI-Pulcina-Caffettiera-6-Tazze-Nero.jpg","type":"image\/jpeg"}],"twitter_card":"summary_large_image","schema":{"@context":"https:\/\/schema.org","@graph":[{"@type":"WebPage","@id":"https:\/\/www.erresse-shop.it\/es\/shop\/cocina\/cafeteras\/alessi-pulcina-cafetera-negro-6-tazas-copia\/","url":"https:\/\/www.erresse-shop.it\/es\/shop\/cocina\/cafeteras\/alessi-pulcina-cafetera-negro-6-tazas-copia\/","name":"ALESSI Pulcina Cafetera 6 tazas Negro - Erresse Shop","isPartOf":{"@id":"https:\/\/www.erresse-shop.it\/es\/#website"},"datePublished":"2025-02-28T11:49:12+00:00","dateModified":"2025-02-28T13:19:38+00:00","description":"Producida en 2015, la cafetera espresso Pulcina ha conquistado al p\u00fablico con su dise\u00f1o evocador y su alto rendimiento. En la versi\u00f3n negra la luz juega","breadcrumb":{"@id":"https:\/\/www.erresse-shop.it\/es\/shop\/cocina\/cafeteras\/alessi-pulcina-cafetera-negro-6-tazas-copia\/#breadcrumb"},"inLanguage":"es","potentialAction":[{"@type":"ReadAction","target":["https:\/\/www.erresse-shop.it\/es\/shop\/cocina\/cafeteras\/alessi-pulcina-cafetera-negro-6-tazas-copia\/"]}]},{"@type":"BreadcrumbList","@id":"https:\/\/www.erresse-shop.it\/es\/shop\/cocina\/cafeteras\/alessi-pulcina-cafetera-negro-6-tazas-copia\/#breadcrumb","itemListElement":[{"@type":"ListItem","position":1,"name":"Home","item":"https:\/\/www.erresse-shop.it\/es\/"},{"@type":"ListItem","position":2,"name":"Shop","item":"https:\/\/www.erresse-shop.it\/es\/shop\/"},{"@type":"ListItem","position":3,"name":"ALESSI Pulcina Cafetera 6 tazas Negro"}]},{"@type":"WebSite","@id":"https:\/\/www.erresse-shop.it\/es\/#website","url":"https:\/\/www.erresse-shop.it\/es\/","name":"Erresse Shop","description":"Articoli di qualit\u00e0 per la casa","potentialAction":[{"@type":"SearchAction","target":{"@type":"EntryPoint","urlTemplate":"https:\/\/www.erresse-shop.it\/es\/?s={search_term_string}"},"query-input":"required name=search_term_string"}],"inLanguage":"es"}]}},"df_price":52.5,"df_sale_price":52.5,"df_regular_price":105,"df_image_link":"https:\/\/www.erresse-shop.it\/wp-content\/uploads\/2025\/02\/ALESSI-Pulcina-Caffettiera-6-Tazze-Nero-300x300.jpg","_links":{"self":[{"href":"https:\/\/www.erresse-shop.it\/es\/wp-json\/wp\/v2\/product\/473578"}],"collection":[{"href":"https:\/\/www.erresse-shop.it\/es\/wp-json\/wp\/v2\/product"}],"about":[{"href":"https:\/\/www.erresse-shop.it\/es\/wp-json\/wp\/v2\/types\/product"}],"wp:featuredmedia":[{"embeddable":true,"href":"https:\/\/www.erresse-shop.it\/es\/wp-json\/wp\/v2\/media\/473602"}],"wp:attachment":[{"href":"https:\/\/www.erresse-shop.it\/es\/wp-json\/wp\/v2\/media?parent=473578"}],"wp:term":[{"taxonomy":"product_cat","embeddable":true,"href":"https:\/\/www.erresse-shop.it\/es\/wp-json\/wp\/v2\/product_cat?post=473578"},{"taxonomy":"product_tag","embeddable":true,"href":"https:\/\/www.erresse-shop.it\/es\/wp-json\/wp\/v2\/product_tag?post=473578"}],"curies":[{"name":"wp","href":"https:\/\/api.w.org\/{rel}","templated":true}]}}