{"id":473524,"date":"2025-02-28T11:10:38","date_gmt":"2025-02-28T11:10:43","guid":{"rendered":"https:\/\/www.erresse-shop.it\/?post_type=product&#038;p=473524"},"modified":"2025-02-28T11:22:39","modified_gmt":"2025-02-28T11:22:39","slug":"alessi-3909-hervidor-copia-2","status":"publish","type":"product","link":"https:\/\/www.erresse-shop.it\/es\/shop\/cocina\/hervidores\/alessi-3909-hervidor-copia-2\/","title":{"rendered":"ALESSI Tea Rex Hervidor"},"content":{"rendered":"<p>La tetera de Michael Graves es reconocida internacionalmente como uno de los \u00edconos del dise\u00f1o contempor\u00e1neo, gracias a la mezcla de lenguaje pop y posmoderno. Para el trig\u00e9simo aniversario de la tetera, Graves redise\u00f1\u00f3 el silbato, transformando al p\u00e1jaro en una fascinante criatura mitol\u00f3gica y futurista: un drag\u00f3n, un dinosaurio volador. S\u00edmbolo de fuerza y \u200b\u200bbuena fortuna en la cultura china, el drag\u00f3n fue elegido como un buen augurio para cualquiera que lo pusiera en su cocina.<\/p>\n<p>Hervidor en acero inoxidable 18\/10 y resina termopl\u00e1stica, de color negro. Silbato de reptil prehist\u00f3rico ba\u00f1ado en cobre. Fondo de acero magn\u00e9tico apto para cocina por inducci\u00f3n.<\/p>\n<div id=\"secci\u00f3n-shopify-especificaciones-del-producto\" class=\"secci\u00f3n-shopify\">\n<p><strong>Caracter\u00edsticas:<\/strong><\/p>\n<ul class=\"especificaciones-del-producto\">\n<li class=\"product-specifications__item\"><span class=\"product-specifications__title\">Capacidad (cl):\u00a0<\/span><span class=\"product-specifications__value\">200,00<\/span><\/li>\n<li class=\"product-specifications__item\"><span class=\"product-specifications__title\">Di\u00e1metro (cm):\u00a0<\/span><span class=\"product-specifications__value\">22,00<\/span><\/li>\n<li class=\"product-specifications__item\"><span class=\"product-specifications__title\">Altura (cm):\u00a0<\/span><span class=\"product-specifications__value\">22,50<\/span><\/li>\n<\/ul>\n<\/div>\n<p><strong>Apto para inducci\u00f3n<\/strong><\/p>\n","protected":false},"excerpt":{"rendered":"<p>La tetera de Michael Graves es reconocida internacionalmente como uno de los \u00edconos del dise\u00f1o contempor\u00e1neo, gracias a la mezcla<\/p>\n","protected":false},"featured_media":473548,"template":"","meta":{"_acf_changed":false,"inline_featured_image":false},"product_cat":[16040,21075],"product_tag":[16258,16158],"acf":[],"yoast_head":"<!-- This site is optimized with the Yoast SEO Premium plugin v18.6 (Yoast SEO v19.13) - https:\/\/yoast.com\/wordpress\/plugins\/seo\/ -->\n<title>ALESSI Tea Rex Hervidor - Erresse Shop<\/title>\n<meta name=\"description\" content=\"La tetera de Michael Graves es reconocida internacionalmente como uno de los \u00edconos del dise\u00f1o contempor\u00e1neo, gracias a la mezcla de lenguaje pop y\" \/>\n<meta name=\"robots\" content=\"index, follow, max-snippet:-1, max-image-preview:large, max-video-preview:-1\" \/>\n<link rel=\"canonical\" href=\"https:\/\/www.erresse-shop.it\/es\/shop\/cocina\/hervidores\/alessi-3909-hervidor-copia-2\/\" \/>\n<meta property=\"og:locale\" content=\"es_ES\" \/>\n<meta property=\"og:type\" content=\"article\" \/>\n<meta property=\"og:title\" content=\"ALESSI Tea Rex Hervidor\" \/>\n<meta property=\"og:description\" content=\"La tetera de Michael Graves es reconocida internacionalmente como uno de los \u00edconos del dise\u00f1o contempor\u00e1neo, gracias a la mezcla de lenguaje pop y\" \/>\n<meta property=\"og:url\" content=\"https:\/\/www.erresse-shop.it\/es\/shop\/cocina\/hervidores\/alessi-3909-hervidor-copia-2\/\" \/>\n<meta property=\"og:site_name\" content=\"Erresse Shop\" \/>\n<meta property=\"article:modified_time\" content=\"2025-02-28T11:22:39+00:00\" \/>\n<meta property=\"og:image\" content=\"https:\/\/www.erresse-shop.it\/wp-content\/uploads\/2025\/02\/ALESSI-Tea-Rex-Bollitore.jpg\" \/>\n\t<meta property=\"og:image:width\" content=\"1200\" \/>\n\t<meta property=\"og:image:height\" content=\"1200\" \/>\n\t<meta property=\"og:image:type\" content=\"image\/jpeg\" \/>\n<meta name=\"twitter:card\" content=\"summary_large_image\" \/>\n<script type=\"application\/ld+json\" class=\"yoast-schema-graph\">{\"@context\":\"https:\/\/schema.org\",\"@graph\":[{\"@type\":\"WebPage\",\"@id\":\"https:\/\/www.erresse-shop.it\/es\/shop\/cocina\/hervidores\/alessi-3909-hervidor-copia-2\/\",\"url\":\"https:\/\/www.erresse-shop.it\/es\/shop\/cocina\/hervidores\/alessi-3909-hervidor-copia-2\/\",\"name\":\"ALESSI Tea Rex Hervidor - Erresse Shop\",\"isPartOf\":{\"@id\":\"https:\/\/www.erresse-shop.it\/es\/#website\"},\"datePublished\":\"2025-02-28T11:10:43+00:00\",\"dateModified\":\"2025-02-28T11:22:39+00:00\",\"description\":\"La tetera de Michael Graves es reconocida internacionalmente como uno de los \u00edconos del dise\u00f1o contempor\u00e1neo, gracias a la mezcla de lenguaje pop y\",\"breadcrumb\":{\"@id\":\"https:\/\/www.erresse-shop.it\/es\/shop\/cocina\/hervidores\/alessi-3909-hervidor-copia-2\/#breadcrumb\"},\"inLanguage\":\"es\",\"potentialAction\":[{\"@type\":\"ReadAction\",\"target\":[\"https:\/\/www.erresse-shop.it\/es\/shop\/cocina\/hervidores\/alessi-3909-hervidor-copia-2\/\"]}]},{\"@type\":\"BreadcrumbList\",\"@id\":\"https:\/\/www.erresse-shop.it\/es\/shop\/cocina\/hervidores\/alessi-3909-hervidor-copia-2\/#breadcrumb\",\"itemListElement\":[{\"@type\":\"ListItem\",\"position\":1,\"name\":\"Home\",\"item\":\"https:\/\/www.erresse-shop.it\/es\/\"},{\"@type\":\"ListItem\",\"position\":2,\"name\":\"Shop\",\"item\":\"https:\/\/www.erresse-shop.it\/es\/shop\/\"},{\"@type\":\"ListItem\",\"position\":3,\"name\":\"ALESSI Tea Rex Hervidor\"}]},{\"@type\":\"WebSite\",\"@id\":\"https:\/\/www.erresse-shop.it\/es\/#website\",\"url\":\"https:\/\/www.erresse-shop.it\/es\/\",\"name\":\"Erresse Shop\",\"description\":\"Articoli di qualit\u00e0 per la casa\",\"potentialAction\":[{\"@type\":\"SearchAction\",\"target\":{\"@type\":\"EntryPoint\",\"urlTemplate\":\"https:\/\/www.erresse-shop.it\/es\/?s={search_term_string}\"},\"query-input\":\"required name=search_term_string\"}],\"inLanguage\":\"es\"}]}<\/script>\n<!-- \/ Yoast SEO Premium plugin. -->","yoast_head_json":{"title":"ALESSI Tea Rex Hervidor - Erresse Shop","description":"La tetera de Michael Graves es reconocida internacionalmente como uno de los \u00edconos del dise\u00f1o contempor\u00e1neo, gracias a la mezcla de lenguaje pop y","robots":{"index":"index","follow":"follow","max-snippet":"max-snippet:-1","max-image-preview":"max-image-preview:large","max-video-preview":"max-video-preview:-1"},"canonical":"https:\/\/www.erresse-shop.it\/es\/shop\/cocina\/hervidores\/alessi-3909-hervidor-copia-2\/","og_locale":"es_ES","og_type":"article","og_title":"ALESSI Tea Rex Hervidor","og_description":"La tetera de Michael Graves es reconocida internacionalmente como uno de los \u00edconos del dise\u00f1o contempor\u00e1neo, gracias a la mezcla de lenguaje pop y","og_url":"https:\/\/www.erresse-shop.it\/es\/shop\/cocina\/hervidores\/alessi-3909-hervidor-copia-2\/","og_site_name":"Erresse Shop","article_modified_time":"2025-02-28T11:22:39+00:00","og_image":[{"width":1200,"height":1200,"url":"https:\/\/www.erresse-shop.it\/wp-content\/uploads\/2025\/02\/ALESSI-Tea-Rex-Bollitore.jpg","type":"image\/jpeg"}],"twitter_card":"summary_large_image","schema":{"@context":"https:\/\/schema.org","@graph":[{"@type":"WebPage","@id":"https:\/\/www.erresse-shop.it\/es\/shop\/cocina\/hervidores\/alessi-3909-hervidor-copia-2\/","url":"https:\/\/www.erresse-shop.it\/es\/shop\/cocina\/hervidores\/alessi-3909-hervidor-copia-2\/","name":"ALESSI Tea Rex Hervidor - Erresse Shop","isPartOf":{"@id":"https:\/\/www.erresse-shop.it\/es\/#website"},"datePublished":"2025-02-28T11:10:43+00:00","dateModified":"2025-02-28T11:22:39+00:00","description":"La tetera de Michael Graves es reconocida internacionalmente como uno de los \u00edconos del dise\u00f1o contempor\u00e1neo, gracias a la mezcla de lenguaje pop y","breadcrumb":{"@id":"https:\/\/www.erresse-shop.it\/es\/shop\/cocina\/hervidores\/alessi-3909-hervidor-copia-2\/#breadcrumb"},"inLanguage":"es","potentialAction":[{"@type":"ReadAction","target":["https:\/\/www.erresse-shop.it\/es\/shop\/cocina\/hervidores\/alessi-3909-hervidor-copia-2\/"]}]},{"@type":"BreadcrumbList","@id":"https:\/\/www.erresse-shop.it\/es\/shop\/cocina\/hervidores\/alessi-3909-hervidor-copia-2\/#breadcrumb","itemListElement":[{"@type":"ListItem","position":1,"name":"Home","item":"https:\/\/www.erresse-shop.it\/es\/"},{"@type":"ListItem","position":2,"name":"Shop","item":"https:\/\/www.erresse-shop.it\/es\/shop\/"},{"@type":"ListItem","position":3,"name":"ALESSI Tea Rex Hervidor"}]},{"@type":"WebSite","@id":"https:\/\/www.erresse-shop.it\/es\/#website","url":"https:\/\/www.erresse-shop.it\/es\/","name":"Erresse Shop","description":"Articoli di qualit\u00e0 per la casa","potentialAction":[{"@type":"SearchAction","target":{"@type":"EntryPoint","urlTemplate":"https:\/\/www.erresse-shop.it\/es\/?s={search_term_string}"},"query-input":"required name=search_term_string"}],"inLanguage":"es"}]}},"df_price":82.5,"df_sale_price":82.5,"df_regular_price":165,"df_image_link":"https:\/\/www.erresse-shop.it\/wp-content\/uploads\/2025\/02\/ALESSI-Tea-Rex-Bollitore-300x300.jpg","_links":{"self":[{"href":"https:\/\/www.erresse-shop.it\/es\/wp-json\/wp\/v2\/product\/473524"}],"collection":[{"href":"https:\/\/www.erresse-shop.it\/es\/wp-json\/wp\/v2\/product"}],"about":[{"href":"https:\/\/www.erresse-shop.it\/es\/wp-json\/wp\/v2\/types\/product"}],"wp:featuredmedia":[{"embeddable":true,"href":"https:\/\/www.erresse-shop.it\/es\/wp-json\/wp\/v2\/media\/473548"}],"wp:attachment":[{"href":"https:\/\/www.erresse-shop.it\/es\/wp-json\/wp\/v2\/media?parent=473524"}],"wp:term":[{"taxonomy":"product_cat","embeddable":true,"href":"https:\/\/www.erresse-shop.it\/es\/wp-json\/wp\/v2\/product_cat?post=473524"},{"taxonomy":"product_tag","embeddable":true,"href":"https:\/\/www.erresse-shop.it\/es\/wp-json\/wp\/v2\/product_tag?post=473524"}],"curies":[{"name":"wp","href":"https:\/\/api.w.org\/{rel}","templated":true}]}}