{"id":472955,"date":"2025-02-27T14:22:24","date_gmt":"2025-02-27T14:22:27","guid":{"rendered":"https:\/\/www.erresse-shop.it\/?post_type=product&#038;p=472955"},"modified":"2025-02-27T15:03:29","modified_gmt":"2025-02-27T15:03:29","slug":"bascula-de-cocina-smegverde-copia","status":"publish","type":"product","link":"https:\/\/www.erresse-shop.it\/es\/shop\/pequenos-electrodomesticos\/escalas\/bascula-de-cocina-smegverde-copia\/","title":{"rendered":"ALESSI Pliss\u00e9 Balanza digital de cocina Blanco"},"content":{"rendered":"<p>De Michele De Lucchi llega un nuevo miembro de la familia Pliss\u00e9: la b\u00e1scula de cocina digital. Las l\u00edneas precisas y elegantes de la decoraci\u00f3n embellecen un objeto de altas prestaciones funcionales. Un innovador sistema permite colgar la b\u00e1scula en la pared, transform\u00e1ndola en un elemento decorativo. Un nuevo gesto para un objeto que se convierte en protagonista del paisaje dom\u00e9stico.<\/p>\n<p>B\u00e1scula de cocina digital fabricada en resina termopl\u00e1stica y cristal templado. Se puede colgar con soporte de pared. Bater\u00eda recargable.<\/p>\n<p><strong>Caracter\u00edsticas:<\/strong><\/p>\n<div id=\"secci\u00f3n-shopify-especificaciones-del-producto\" class=\"secci\u00f3n-shopify\">\n<ul class=\"especificaciones-del-producto\">\n<li class=\"product-specifications__item\"><span class=\"product-specifications__title\">Di\u00e1metro (cm):\u00a0<\/span><span class=\"product-specifications__value\">27,50<\/span><\/li>\n<li class=\"product-specifications__item\"><span class=\"product-specifications__title\">Altura (cm):\u00a0<\/span><span class=\"product-specifications__value\">2,80<\/span><\/li>\n<\/ul>\n<div class=\"especificaciones-del-producto__bottom\"><\/div>\n<\/div>\n<h2 class=\"template-product__accordion-subtitle subt\u00edtulo-1\"><\/h2>\n","protected":false},"excerpt":{"rendered":"<p>De Michele De Lucchi llega un nuevo miembro de la familia Pliss\u00e9: la b\u00e1scula de cocina digital. Las l\u00edneas precisas<\/p>\n","protected":false},"featured_media":472985,"template":"","meta":{"_acf_changed":false,"inline_featured_image":false},"product_cat":[25979,16073],"product_tag":[],"acf":[],"yoast_head":"<!-- This site is optimized with the Yoast SEO Premium plugin v18.6 (Yoast SEO v19.13) - https:\/\/yoast.com\/wordpress\/plugins\/seo\/ -->\n<title>ALESSI Pliss\u00e9 Balanza digital de cocina Blanco - Erresse Shop<\/title>\n<meta name=\"description\" content=\"De Michele De Lucchi llega un nuevo miembro de la familia Pliss\u00e9: la b\u00e1scula de cocina digital. Las l\u00edneas precisas y elegantes de la decoraci\u00f3n\" \/>\n<meta name=\"robots\" content=\"index, follow, max-snippet:-1, max-image-preview:large, max-video-preview:-1\" \/>\n<link rel=\"canonical\" href=\"https:\/\/www.erresse-shop.it\/es\/shop\/pequenos-electrodomesticos\/escalas\/bascula-de-cocina-smegverde-copia\/\" \/>\n<meta property=\"og:locale\" content=\"es_ES\" \/>\n<meta property=\"og:type\" content=\"article\" \/>\n<meta property=\"og:title\" content=\"ALESSI Pliss\u00e9 Balanza digital de cocina Blanco\" \/>\n<meta property=\"og:description\" content=\"De Michele De Lucchi llega un nuevo miembro de la familia Pliss\u00e9: la b\u00e1scula de cocina digital. Las l\u00edneas precisas y elegantes de la decoraci\u00f3n\" \/>\n<meta property=\"og:url\" content=\"https:\/\/www.erresse-shop.it\/es\/shop\/pequenos-electrodomesticos\/escalas\/bascula-de-cocina-smegverde-copia\/\" \/>\n<meta property=\"og:site_name\" content=\"Erresse Shop\" \/>\n<meta property=\"article:modified_time\" content=\"2025-02-27T15:03:29+00:00\" \/>\n<meta property=\"og:image\" content=\"https:\/\/www.erresse-shop.it\/wp-content\/uploads\/2025\/02\/ALESSI-Plisse-Bilancia-da-Cucina-Bianco.jpg\" \/>\n\t<meta property=\"og:image:width\" content=\"1200\" \/>\n\t<meta property=\"og:image:height\" content=\"1200\" \/>\n\t<meta property=\"og:image:type\" content=\"image\/jpeg\" \/>\n<meta name=\"twitter:card\" content=\"summary_large_image\" \/>\n<script type=\"application\/ld+json\" class=\"yoast-schema-graph\">{\"@context\":\"https:\/\/schema.org\",\"@graph\":[{\"@type\":\"WebPage\",\"@id\":\"https:\/\/www.erresse-shop.it\/es\/shop\/pequenos-electrodomesticos\/escalas\/bascula-de-cocina-smegverde-copia\/\",\"url\":\"https:\/\/www.erresse-shop.it\/es\/shop\/pequenos-electrodomesticos\/escalas\/bascula-de-cocina-smegverde-copia\/\",\"name\":\"ALESSI Pliss\u00e9 Balanza digital de cocina Blanco - Erresse Shop\",\"isPartOf\":{\"@id\":\"https:\/\/www.erresse-shop.it\/es\/#website\"},\"datePublished\":\"2025-02-27T14:22:27+00:00\",\"dateModified\":\"2025-02-27T15:03:29+00:00\",\"description\":\"De Michele De Lucchi llega un nuevo miembro de la familia Pliss\u00e9: la b\u00e1scula de cocina digital. Las l\u00edneas precisas y elegantes de la decoraci\u00f3n\",\"breadcrumb\":{\"@id\":\"https:\/\/www.erresse-shop.it\/es\/shop\/pequenos-electrodomesticos\/escalas\/bascula-de-cocina-smegverde-copia\/#breadcrumb\"},\"inLanguage\":\"es\",\"potentialAction\":[{\"@type\":\"ReadAction\",\"target\":[\"https:\/\/www.erresse-shop.it\/es\/shop\/pequenos-electrodomesticos\/escalas\/bascula-de-cocina-smegverde-copia\/\"]}]},{\"@type\":\"BreadcrumbList\",\"@id\":\"https:\/\/www.erresse-shop.it\/es\/shop\/pequenos-electrodomesticos\/escalas\/bascula-de-cocina-smegverde-copia\/#breadcrumb\",\"itemListElement\":[{\"@type\":\"ListItem\",\"position\":1,\"name\":\"Home\",\"item\":\"https:\/\/www.erresse-shop.it\/es\/\"},{\"@type\":\"ListItem\",\"position\":2,\"name\":\"Shop\",\"item\":\"https:\/\/www.erresse-shop.it\/es\/shop\/\"},{\"@type\":\"ListItem\",\"position\":3,\"name\":\"ALESSI Pliss\u00e9 Balanza digital de cocina Blanco\"}]},{\"@type\":\"WebSite\",\"@id\":\"https:\/\/www.erresse-shop.it\/es\/#website\",\"url\":\"https:\/\/www.erresse-shop.it\/es\/\",\"name\":\"Erresse Shop\",\"description\":\"Articoli di qualit\u00e0 per la casa\",\"potentialAction\":[{\"@type\":\"SearchAction\",\"target\":{\"@type\":\"EntryPoint\",\"urlTemplate\":\"https:\/\/www.erresse-shop.it\/es\/?s={search_term_string}\"},\"query-input\":\"required name=search_term_string\"}],\"inLanguage\":\"es\"}]}<\/script>\n<!-- \/ Yoast SEO Premium plugin. -->","yoast_head_json":{"title":"ALESSI Pliss\u00e9 Balanza digital de cocina Blanco - Erresse Shop","description":"De Michele De Lucchi llega un nuevo miembro de la familia Pliss\u00e9: la b\u00e1scula de cocina digital. Las l\u00edneas precisas y elegantes de la decoraci\u00f3n","robots":{"index":"index","follow":"follow","max-snippet":"max-snippet:-1","max-image-preview":"max-image-preview:large","max-video-preview":"max-video-preview:-1"},"canonical":"https:\/\/www.erresse-shop.it\/es\/shop\/pequenos-electrodomesticos\/escalas\/bascula-de-cocina-smegverde-copia\/","og_locale":"es_ES","og_type":"article","og_title":"ALESSI Pliss\u00e9 Balanza digital de cocina Blanco","og_description":"De Michele De Lucchi llega un nuevo miembro de la familia Pliss\u00e9: la b\u00e1scula de cocina digital. Las l\u00edneas precisas y elegantes de la decoraci\u00f3n","og_url":"https:\/\/www.erresse-shop.it\/es\/shop\/pequenos-electrodomesticos\/escalas\/bascula-de-cocina-smegverde-copia\/","og_site_name":"Erresse Shop","article_modified_time":"2025-02-27T15:03:29+00:00","og_image":[{"width":1200,"height":1200,"url":"https:\/\/www.erresse-shop.it\/wp-content\/uploads\/2025\/02\/ALESSI-Plisse-Bilancia-da-Cucina-Bianco.jpg","type":"image\/jpeg"}],"twitter_card":"summary_large_image","schema":{"@context":"https:\/\/schema.org","@graph":[{"@type":"WebPage","@id":"https:\/\/www.erresse-shop.it\/es\/shop\/pequenos-electrodomesticos\/escalas\/bascula-de-cocina-smegverde-copia\/","url":"https:\/\/www.erresse-shop.it\/es\/shop\/pequenos-electrodomesticos\/escalas\/bascula-de-cocina-smegverde-copia\/","name":"ALESSI Pliss\u00e9 Balanza digital de cocina Blanco - Erresse Shop","isPartOf":{"@id":"https:\/\/www.erresse-shop.it\/es\/#website"},"datePublished":"2025-02-27T14:22:27+00:00","dateModified":"2025-02-27T15:03:29+00:00","description":"De Michele De Lucchi llega un nuevo miembro de la familia Pliss\u00e9: la b\u00e1scula de cocina digital. Las l\u00edneas precisas y elegantes de la decoraci\u00f3n","breadcrumb":{"@id":"https:\/\/www.erresse-shop.it\/es\/shop\/pequenos-electrodomesticos\/escalas\/bascula-de-cocina-smegverde-copia\/#breadcrumb"},"inLanguage":"es","potentialAction":[{"@type":"ReadAction","target":["https:\/\/www.erresse-shop.it\/es\/shop\/pequenos-electrodomesticos\/escalas\/bascula-de-cocina-smegverde-copia\/"]}]},{"@type":"BreadcrumbList","@id":"https:\/\/www.erresse-shop.it\/es\/shop\/pequenos-electrodomesticos\/escalas\/bascula-de-cocina-smegverde-copia\/#breadcrumb","itemListElement":[{"@type":"ListItem","position":1,"name":"Home","item":"https:\/\/www.erresse-shop.it\/es\/"},{"@type":"ListItem","position":2,"name":"Shop","item":"https:\/\/www.erresse-shop.it\/es\/shop\/"},{"@type":"ListItem","position":3,"name":"ALESSI Pliss\u00e9 Balanza digital de cocina Blanco"}]},{"@type":"WebSite","@id":"https:\/\/www.erresse-shop.it\/es\/#website","url":"https:\/\/www.erresse-shop.it\/es\/","name":"Erresse Shop","description":"Articoli di qualit\u00e0 per la casa","potentialAction":[{"@type":"SearchAction","target":{"@type":"EntryPoint","urlTemplate":"https:\/\/www.erresse-shop.it\/es\/?s={search_term_string}"},"query-input":"required name=search_term_string"}],"inLanguage":"es"}]}},"df_price":35,"df_sale_price":35,"df_regular_price":70,"df_image_link":"https:\/\/www.erresse-shop.it\/wp-content\/uploads\/2025\/02\/ALESSI-Plisse-Bilancia-da-Cucina-Bianco-300x300.jpg","_links":{"self":[{"href":"https:\/\/www.erresse-shop.it\/es\/wp-json\/wp\/v2\/product\/472955"}],"collection":[{"href":"https:\/\/www.erresse-shop.it\/es\/wp-json\/wp\/v2\/product"}],"about":[{"href":"https:\/\/www.erresse-shop.it\/es\/wp-json\/wp\/v2\/types\/product"}],"wp:featuredmedia":[{"embeddable":true,"href":"https:\/\/www.erresse-shop.it\/es\/wp-json\/wp\/v2\/media\/472985"}],"wp:attachment":[{"href":"https:\/\/www.erresse-shop.it\/es\/wp-json\/wp\/v2\/media?parent=472955"}],"wp:term":[{"taxonomy":"product_cat","embeddable":true,"href":"https:\/\/www.erresse-shop.it\/es\/wp-json\/wp\/v2\/product_cat?post=472955"},{"taxonomy":"product_tag","embeddable":true,"href":"https:\/\/www.erresse-shop.it\/es\/wp-json\/wp\/v2\/product_tag?post=472955"}],"curies":[{"name":"wp","href":"https:\/\/api.w.org\/{rel}","templated":true}]}}