{"id":472871,"date":"2025-02-27T13:10:39","date_gmt":"2025-02-27T13:10:42","guid":{"rendered":"https:\/\/www.erresse-shop.it\/?post_type=product&#038;p=472871"},"modified":"2025-02-27T13:21:41","modified_gmt":"2025-02-27T13:21:41","slug":"alessi-9090-cafetera-espresso-3-tazas-copia","status":"publish","type":"product","link":"https:\/\/www.erresse-shop.it\/es\/shop\/cocina\/cafeteras\/alessi-9090-cafetera-espresso-3-tazas-copia\/","title":{"rendered":"ALESSI 9090 Cafetera Espresso 6 tazas"},"content":{"rendered":"<p>La 9090 es la primera cafetera expreso de la historia de Alessi, pero tambi\u00e9n la primera de los numerosos premios Compasso d\u2019Oro y el primer objeto Alessi expuesto en el MOMA de Nueva York. \u201cQuer\u00eda darle a este coche un rendimiento que otros no tienen\u201d. Con estas palabras Richard Sapper describi\u00f3 la idea de la que parti\u00f3. La 9090 es original no s\u00f3lo por su particular forma, sino tambi\u00e9n por algunas innovaciones funcionales, como la base ensanchada que permite aprovechar al m\u00e1ximo el calor, el ca\u00f1o antigoteo y el cierre de palanca que permite abrirla con un simple gesto de la mano.<\/p>\n<p>Cafetera espresso en acero inoxidable 18\/10. Fondo de acero magn\u00e9tico <strong>tambi\u00e9n apto para cocina de inducci\u00f3n. <\/strong><\/p>\n<p><strong>Atenci\u00f3n<\/strong>: comprueba que tu placa de inducci\u00f3n pueda activarse con un di\u00e1metro m\u00ednimo de 90 mm.<\/p>\n<p><strong>Caracter\u00edsticas:<\/strong><\/p>\n<ul class=\"especificaciones-del-producto\">\n<li class=\"product-specifications__item\"><span class=\"product-specifications__title\">Tazas: 6<\/span><\/li>\n<li class=\"product-specifications__item\"><span class=\"product-specifications__title\">Capacidad (cl): 30.00<\/span><\/li>\n<li class=\"product-specifications__item\"><span class=\"product-specifications__title\">Di\u00e1metro (cm): 12.50<\/span><\/li>\n<li class=\"product-specifications__item\"><span class=\"product-specifications__title\">Altura (cm): 20.50<\/span><\/li>\n<\/ul>\n","protected":false},"excerpt":{"rendered":"<p>La 9090 es la primera cafetera expreso de la historia de Alessi, pero tambi\u00e9n la primera de los numerosos premios<\/p>\n","protected":false},"featured_media":472889,"template":"","meta":{"_acf_changed":false,"inline_featured_image":false},"product_cat":[16042,16040],"product_tag":[16353,16486,23986],"acf":[],"yoast_head":"<!-- This site is optimized with the Yoast SEO Premium plugin v18.6 (Yoast SEO v19.13) - https:\/\/yoast.com\/wordpress\/plugins\/seo\/ -->\n<title>ALESSI 9090 Cafetera Espresso 6 tazas - Erresse Shop<\/title>\n<meta name=\"description\" content=\"La 9090 es la primera cafetera expreso de la historia de Alessi, pero tambi\u00e9n la primera de los numerosos premios Compasso d\u2019Oro y el primer objeto Alessi\" \/>\n<meta name=\"robots\" content=\"index, follow, max-snippet:-1, max-image-preview:large, max-video-preview:-1\" \/>\n<link rel=\"canonical\" href=\"https:\/\/www.erresse-shop.it\/es\/shop\/cocina\/cafeteras\/alessi-9090-cafetera-espresso-3-tazas-copia\/\" \/>\n<meta property=\"og:locale\" content=\"es_ES\" \/>\n<meta property=\"og:type\" content=\"article\" \/>\n<meta property=\"og:title\" content=\"ALESSI 9090 Cafetera Espresso 6 tazas\" \/>\n<meta property=\"og:description\" content=\"La 9090 es la primera cafetera expreso de la historia de Alessi, pero tambi\u00e9n la primera de los numerosos premios Compasso d\u2019Oro y el primer objeto Alessi\" \/>\n<meta property=\"og:url\" content=\"https:\/\/www.erresse-shop.it\/es\/shop\/cocina\/cafeteras\/alessi-9090-cafetera-espresso-3-tazas-copia\/\" \/>\n<meta property=\"og:site_name\" content=\"Erresse Shop\" \/>\n<meta property=\"article:modified_time\" content=\"2025-02-27T13:21:41+00:00\" \/>\n<meta property=\"og:image\" content=\"https:\/\/www.erresse-shop.it\/wp-content\/uploads\/2025\/02\/ALESSI-9090-Caffettiera-Espresso-6-Tazze.jpg\" \/>\n\t<meta property=\"og:image:width\" content=\"1200\" \/>\n\t<meta property=\"og:image:height\" content=\"1200\" \/>\n\t<meta property=\"og:image:type\" content=\"image\/jpeg\" \/>\n<meta name=\"twitter:card\" content=\"summary_large_image\" \/>\n<script type=\"application\/ld+json\" class=\"yoast-schema-graph\">{\"@context\":\"https:\/\/schema.org\",\"@graph\":[{\"@type\":\"WebPage\",\"@id\":\"https:\/\/www.erresse-shop.it\/es\/shop\/cocina\/cafeteras\/alessi-9090-cafetera-espresso-3-tazas-copia\/\",\"url\":\"https:\/\/www.erresse-shop.it\/es\/shop\/cocina\/cafeteras\/alessi-9090-cafetera-espresso-3-tazas-copia\/\",\"name\":\"ALESSI 9090 Cafetera Espresso 6 tazas - Erresse Shop\",\"isPartOf\":{\"@id\":\"https:\/\/www.erresse-shop.it\/es\/#website\"},\"datePublished\":\"2025-02-27T13:10:42+00:00\",\"dateModified\":\"2025-02-27T13:21:41+00:00\",\"description\":\"La 9090 es la primera cafetera expreso de la historia de Alessi, pero tambi\u00e9n la primera de los numerosos premios Compasso d\u2019Oro y el primer objeto Alessi\",\"breadcrumb\":{\"@id\":\"https:\/\/www.erresse-shop.it\/es\/shop\/cocina\/cafeteras\/alessi-9090-cafetera-espresso-3-tazas-copia\/#breadcrumb\"},\"inLanguage\":\"es\",\"potentialAction\":[{\"@type\":\"ReadAction\",\"target\":[\"https:\/\/www.erresse-shop.it\/es\/shop\/cocina\/cafeteras\/alessi-9090-cafetera-espresso-3-tazas-copia\/\"]}]},{\"@type\":\"BreadcrumbList\",\"@id\":\"https:\/\/www.erresse-shop.it\/es\/shop\/cocina\/cafeteras\/alessi-9090-cafetera-espresso-3-tazas-copia\/#breadcrumb\",\"itemListElement\":[{\"@type\":\"ListItem\",\"position\":1,\"name\":\"Home\",\"item\":\"https:\/\/www.erresse-shop.it\/es\/\"},{\"@type\":\"ListItem\",\"position\":2,\"name\":\"Shop\",\"item\":\"https:\/\/www.erresse-shop.it\/es\/shop\/\"},{\"@type\":\"ListItem\",\"position\":3,\"name\":\"ALESSI 9090 Cafetera Espresso 6 tazas\"}]},{\"@type\":\"WebSite\",\"@id\":\"https:\/\/www.erresse-shop.it\/es\/#website\",\"url\":\"https:\/\/www.erresse-shop.it\/es\/\",\"name\":\"Erresse Shop\",\"description\":\"Articoli di qualit\u00e0 per la casa\",\"potentialAction\":[{\"@type\":\"SearchAction\",\"target\":{\"@type\":\"EntryPoint\",\"urlTemplate\":\"https:\/\/www.erresse-shop.it\/es\/?s={search_term_string}\"},\"query-input\":\"required name=search_term_string\"}],\"inLanguage\":\"es\"}]}<\/script>\n<!-- \/ Yoast SEO Premium plugin. -->","yoast_head_json":{"title":"ALESSI 9090 Cafetera Espresso 6 tazas - Erresse Shop","description":"La 9090 es la primera cafetera expreso de la historia de Alessi, pero tambi\u00e9n la primera de los numerosos premios Compasso d\u2019Oro y el primer objeto Alessi","robots":{"index":"index","follow":"follow","max-snippet":"max-snippet:-1","max-image-preview":"max-image-preview:large","max-video-preview":"max-video-preview:-1"},"canonical":"https:\/\/www.erresse-shop.it\/es\/shop\/cocina\/cafeteras\/alessi-9090-cafetera-espresso-3-tazas-copia\/","og_locale":"es_ES","og_type":"article","og_title":"ALESSI 9090 Cafetera Espresso 6 tazas","og_description":"La 9090 es la primera cafetera expreso de la historia de Alessi, pero tambi\u00e9n la primera de los numerosos premios Compasso d\u2019Oro y el primer objeto Alessi","og_url":"https:\/\/www.erresse-shop.it\/es\/shop\/cocina\/cafeteras\/alessi-9090-cafetera-espresso-3-tazas-copia\/","og_site_name":"Erresse Shop","article_modified_time":"2025-02-27T13:21:41+00:00","og_image":[{"width":1200,"height":1200,"url":"https:\/\/www.erresse-shop.it\/wp-content\/uploads\/2025\/02\/ALESSI-9090-Caffettiera-Espresso-6-Tazze.jpg","type":"image\/jpeg"}],"twitter_card":"summary_large_image","schema":{"@context":"https:\/\/schema.org","@graph":[{"@type":"WebPage","@id":"https:\/\/www.erresse-shop.it\/es\/shop\/cocina\/cafeteras\/alessi-9090-cafetera-espresso-3-tazas-copia\/","url":"https:\/\/www.erresse-shop.it\/es\/shop\/cocina\/cafeteras\/alessi-9090-cafetera-espresso-3-tazas-copia\/","name":"ALESSI 9090 Cafetera Espresso 6 tazas - Erresse Shop","isPartOf":{"@id":"https:\/\/www.erresse-shop.it\/es\/#website"},"datePublished":"2025-02-27T13:10:42+00:00","dateModified":"2025-02-27T13:21:41+00:00","description":"La 9090 es la primera cafetera expreso de la historia de Alessi, pero tambi\u00e9n la primera de los numerosos premios Compasso d\u2019Oro y el primer objeto Alessi","breadcrumb":{"@id":"https:\/\/www.erresse-shop.it\/es\/shop\/cocina\/cafeteras\/alessi-9090-cafetera-espresso-3-tazas-copia\/#breadcrumb"},"inLanguage":"es","potentialAction":[{"@type":"ReadAction","target":["https:\/\/www.erresse-shop.it\/es\/shop\/cocina\/cafeteras\/alessi-9090-cafetera-espresso-3-tazas-copia\/"]}]},{"@type":"BreadcrumbList","@id":"https:\/\/www.erresse-shop.it\/es\/shop\/cocina\/cafeteras\/alessi-9090-cafetera-espresso-3-tazas-copia\/#breadcrumb","itemListElement":[{"@type":"ListItem","position":1,"name":"Home","item":"https:\/\/www.erresse-shop.it\/es\/"},{"@type":"ListItem","position":2,"name":"Shop","item":"https:\/\/www.erresse-shop.it\/es\/shop\/"},{"@type":"ListItem","position":3,"name":"ALESSI 9090 Cafetera Espresso 6 tazas"}]},{"@type":"WebSite","@id":"https:\/\/www.erresse-shop.it\/es\/#website","url":"https:\/\/www.erresse-shop.it\/es\/","name":"Erresse Shop","description":"Articoli di qualit\u00e0 per la casa","potentialAction":[{"@type":"SearchAction","target":{"@type":"EntryPoint","urlTemplate":"https:\/\/www.erresse-shop.it\/es\/?s={search_term_string}"},"query-input":"required name=search_term_string"}],"inLanguage":"es"}]}},"df_price":97.5,"df_sale_price":97.5,"df_regular_price":195,"df_image_link":"https:\/\/www.erresse-shop.it\/wp-content\/uploads\/2025\/02\/ALESSI-9090-Caffettiera-Espresso-6-Tazze-300x300.jpg","_links":{"self":[{"href":"https:\/\/www.erresse-shop.it\/es\/wp-json\/wp\/v2\/product\/472871"}],"collection":[{"href":"https:\/\/www.erresse-shop.it\/es\/wp-json\/wp\/v2\/product"}],"about":[{"href":"https:\/\/www.erresse-shop.it\/es\/wp-json\/wp\/v2\/types\/product"}],"wp:featuredmedia":[{"embeddable":true,"href":"https:\/\/www.erresse-shop.it\/es\/wp-json\/wp\/v2\/media\/472889"}],"wp:attachment":[{"href":"https:\/\/www.erresse-shop.it\/es\/wp-json\/wp\/v2\/media?parent=472871"}],"wp:term":[{"taxonomy":"product_cat","embeddable":true,"href":"https:\/\/www.erresse-shop.it\/es\/wp-json\/wp\/v2\/product_cat?post=472871"},{"taxonomy":"product_tag","embeddable":true,"href":"https:\/\/www.erresse-shop.it\/es\/wp-json\/wp\/v2\/product_tag?post=472871"}],"curies":[{"name":"wp","href":"https:\/\/api.w.org\/{rel}","templated":true}]}}