{"id":472787,"date":"2025-02-27T10:42:15","date_gmt":"2025-02-27T10:42:18","guid":{"rendered":"https:\/\/www.erresse-shop.it\/?post_type=product&#038;p=472787"},"modified":"2025-02-27T11:03:11","modified_gmt":"2025-02-27T11:03:11","slug":"alessi-pulcina-cafetera-rojo-6-tazas-copia","status":"publish","type":"product","link":"https:\/\/www.erresse-shop.it\/es\/shop\/cocina\/cafeteras\/alessi-pulcina-cafetera-rojo-6-tazas-copia\/","title":{"rendered":"ALESSI Barkoffee Cafetera con filtro a presi\u00f3n 8 tazas"},"content":{"rendered":"<p>Dise\u00f1ada por Michael Boucquillon y Donia Maaoui, la colecci\u00f3n Bark -del ingl\u00e9s corteza- se inspira en los \u00e1rboles que rodean la casa de los dos dise\u00f1adores: un lugar de experimentaci\u00f3n, meditaci\u00f3n y trabajo donde se vive en simbiosis con la naturaleza. Para quienes aprecian el caf\u00e9 preparado por infusi\u00f3n, la colecci\u00f3n ofrece una cafetera de filtro a presi\u00f3n con la que obtener una bebida de sabor intenso y especial.<\/p>\n<p>Cafetera de filtro a presi\u00f3n o infusor en acero inoxidable 18\/10 y cristal pirof\u00edlico, 8 tazas.<\/p>\n<p>Caracter\u00edsticas<br \/>\n&#8211; Capacidad: 8 tazas<br \/>\n&#8211; Altura: 17 cm<br \/>\n&#8211; Anchura: 15 cm<br \/>\n-Longitud: 10 cm<\/p>\n","protected":false},"excerpt":{"rendered":"<p>Dise\u00f1ada por Michael Boucquillon y Donia Maaoui, la colecci\u00f3n Bark -del ingl\u00e9s corteza- se inspira en los \u00e1rboles que rodean<\/p>\n","protected":false},"featured_media":472805,"template":"","meta":{"_acf_changed":false,"inline_featured_image":false},"product_cat":[16042,16040],"product_tag":[16486],"acf":[],"yoast_head":"<!-- This site is optimized with the Yoast SEO Premium plugin v18.6 (Yoast SEO v19.13) - https:\/\/yoast.com\/wordpress\/plugins\/seo\/ -->\n<title>ALESSI Barkoffee Cafetera con filtro a presi\u00f3n 8 tazas - Erresse Shop<\/title>\n<meta name=\"description\" content=\"Dise\u00f1ada por Michael Boucquillon y Donia Maaoui, la colecci\u00f3n Bark -del ingl\u00e9s corteza- se inspira en los \u00e1rboles que rodean la casa de los dos\" \/>\n<meta name=\"robots\" content=\"index, follow, max-snippet:-1, max-image-preview:large, max-video-preview:-1\" \/>\n<link rel=\"canonical\" href=\"https:\/\/www.erresse-shop.it\/es\/shop\/cocina\/cafeteras\/alessi-pulcina-cafetera-rojo-6-tazas-copia\/\" \/>\n<meta property=\"og:locale\" content=\"es_ES\" \/>\n<meta property=\"og:type\" content=\"article\" \/>\n<meta property=\"og:title\" content=\"ALESSI Barkoffee Cafetera con filtro a presi\u00f3n 8 tazas\" \/>\n<meta property=\"og:description\" content=\"Dise\u00f1ada por Michael Boucquillon y Donia Maaoui, la colecci\u00f3n Bark -del ingl\u00e9s corteza- se inspira en los \u00e1rboles que rodean la casa de los dos\" \/>\n<meta property=\"og:url\" content=\"https:\/\/www.erresse-shop.it\/es\/shop\/cocina\/cafeteras\/alessi-pulcina-cafetera-rojo-6-tazas-copia\/\" \/>\n<meta property=\"og:site_name\" content=\"Erresse Shop\" \/>\n<meta property=\"article:modified_time\" content=\"2025-02-27T11:03:11+00:00\" \/>\n<meta property=\"og:image\" content=\"https:\/\/www.erresse-shop.it\/wp-content\/uploads\/2025\/02\/ALESSI-Barkoffee-Caffettiera-a-Presso-Filtro-8-Tazze.jpg\" \/>\n\t<meta property=\"og:image:width\" content=\"1200\" \/>\n\t<meta property=\"og:image:height\" content=\"1200\" \/>\n\t<meta property=\"og:image:type\" content=\"image\/jpeg\" \/>\n<meta name=\"twitter:card\" content=\"summary_large_image\" \/>\n<script type=\"application\/ld+json\" class=\"yoast-schema-graph\">{\"@context\":\"https:\/\/schema.org\",\"@graph\":[{\"@type\":\"WebPage\",\"@id\":\"https:\/\/www.erresse-shop.it\/es\/shop\/cocina\/cafeteras\/alessi-pulcina-cafetera-rojo-6-tazas-copia\/\",\"url\":\"https:\/\/www.erresse-shop.it\/es\/shop\/cocina\/cafeteras\/alessi-pulcina-cafetera-rojo-6-tazas-copia\/\",\"name\":\"ALESSI Barkoffee Cafetera con filtro a presi\u00f3n 8 tazas - Erresse Shop\",\"isPartOf\":{\"@id\":\"https:\/\/www.erresse-shop.it\/es\/#website\"},\"datePublished\":\"2025-02-27T10:42:18+00:00\",\"dateModified\":\"2025-02-27T11:03:11+00:00\",\"description\":\"Dise\u00f1ada por Michael Boucquillon y Donia Maaoui, la colecci\u00f3n Bark -del ingl\u00e9s corteza- se inspira en los \u00e1rboles que rodean la casa de los dos\",\"breadcrumb\":{\"@id\":\"https:\/\/www.erresse-shop.it\/es\/shop\/cocina\/cafeteras\/alessi-pulcina-cafetera-rojo-6-tazas-copia\/#breadcrumb\"},\"inLanguage\":\"es\",\"potentialAction\":[{\"@type\":\"ReadAction\",\"target\":[\"https:\/\/www.erresse-shop.it\/es\/shop\/cocina\/cafeteras\/alessi-pulcina-cafetera-rojo-6-tazas-copia\/\"]}]},{\"@type\":\"BreadcrumbList\",\"@id\":\"https:\/\/www.erresse-shop.it\/es\/shop\/cocina\/cafeteras\/alessi-pulcina-cafetera-rojo-6-tazas-copia\/#breadcrumb\",\"itemListElement\":[{\"@type\":\"ListItem\",\"position\":1,\"name\":\"Home\",\"item\":\"https:\/\/www.erresse-shop.it\/es\/\"},{\"@type\":\"ListItem\",\"position\":2,\"name\":\"Shop\",\"item\":\"https:\/\/www.erresse-shop.it\/es\/shop\/\"},{\"@type\":\"ListItem\",\"position\":3,\"name\":\"ALESSI Barkoffee Cafetera con filtro a presi\u00f3n 8 tazas\"}]},{\"@type\":\"WebSite\",\"@id\":\"https:\/\/www.erresse-shop.it\/es\/#website\",\"url\":\"https:\/\/www.erresse-shop.it\/es\/\",\"name\":\"Erresse Shop\",\"description\":\"Articoli di qualit\u00e0 per la casa\",\"potentialAction\":[{\"@type\":\"SearchAction\",\"target\":{\"@type\":\"EntryPoint\",\"urlTemplate\":\"https:\/\/www.erresse-shop.it\/es\/?s={search_term_string}\"},\"query-input\":\"required name=search_term_string\"}],\"inLanguage\":\"es\"}]}<\/script>\n<!-- \/ Yoast SEO Premium plugin. -->","yoast_head_json":{"title":"ALESSI Barkoffee Cafetera con filtro a presi\u00f3n 8 tazas - Erresse Shop","description":"Dise\u00f1ada por Michael Boucquillon y Donia Maaoui, la colecci\u00f3n Bark -del ingl\u00e9s corteza- se inspira en los \u00e1rboles que rodean la casa de los dos","robots":{"index":"index","follow":"follow","max-snippet":"max-snippet:-1","max-image-preview":"max-image-preview:large","max-video-preview":"max-video-preview:-1"},"canonical":"https:\/\/www.erresse-shop.it\/es\/shop\/cocina\/cafeteras\/alessi-pulcina-cafetera-rojo-6-tazas-copia\/","og_locale":"es_ES","og_type":"article","og_title":"ALESSI Barkoffee Cafetera con filtro a presi\u00f3n 8 tazas","og_description":"Dise\u00f1ada por Michael Boucquillon y Donia Maaoui, la colecci\u00f3n Bark -del ingl\u00e9s corteza- se inspira en los \u00e1rboles que rodean la casa de los dos","og_url":"https:\/\/www.erresse-shop.it\/es\/shop\/cocina\/cafeteras\/alessi-pulcina-cafetera-rojo-6-tazas-copia\/","og_site_name":"Erresse Shop","article_modified_time":"2025-02-27T11:03:11+00:00","og_image":[{"width":1200,"height":1200,"url":"https:\/\/www.erresse-shop.it\/wp-content\/uploads\/2025\/02\/ALESSI-Barkoffee-Caffettiera-a-Presso-Filtro-8-Tazze.jpg","type":"image\/jpeg"}],"twitter_card":"summary_large_image","schema":{"@context":"https:\/\/schema.org","@graph":[{"@type":"WebPage","@id":"https:\/\/www.erresse-shop.it\/es\/shop\/cocina\/cafeteras\/alessi-pulcina-cafetera-rojo-6-tazas-copia\/","url":"https:\/\/www.erresse-shop.it\/es\/shop\/cocina\/cafeteras\/alessi-pulcina-cafetera-rojo-6-tazas-copia\/","name":"ALESSI Barkoffee Cafetera con filtro a presi\u00f3n 8 tazas - Erresse Shop","isPartOf":{"@id":"https:\/\/www.erresse-shop.it\/es\/#website"},"datePublished":"2025-02-27T10:42:18+00:00","dateModified":"2025-02-27T11:03:11+00:00","description":"Dise\u00f1ada por Michael Boucquillon y Donia Maaoui, la colecci\u00f3n Bark -del ingl\u00e9s corteza- se inspira en los \u00e1rboles que rodean la casa de los dos","breadcrumb":{"@id":"https:\/\/www.erresse-shop.it\/es\/shop\/cocina\/cafeteras\/alessi-pulcina-cafetera-rojo-6-tazas-copia\/#breadcrumb"},"inLanguage":"es","potentialAction":[{"@type":"ReadAction","target":["https:\/\/www.erresse-shop.it\/es\/shop\/cocina\/cafeteras\/alessi-pulcina-cafetera-rojo-6-tazas-copia\/"]}]},{"@type":"BreadcrumbList","@id":"https:\/\/www.erresse-shop.it\/es\/shop\/cocina\/cafeteras\/alessi-pulcina-cafetera-rojo-6-tazas-copia\/#breadcrumb","itemListElement":[{"@type":"ListItem","position":1,"name":"Home","item":"https:\/\/www.erresse-shop.it\/es\/"},{"@type":"ListItem","position":2,"name":"Shop","item":"https:\/\/www.erresse-shop.it\/es\/shop\/"},{"@type":"ListItem","position":3,"name":"ALESSI Barkoffee Cafetera con filtro a presi\u00f3n 8 tazas"}]},{"@type":"WebSite","@id":"https:\/\/www.erresse-shop.it\/es\/#website","url":"https:\/\/www.erresse-shop.it\/es\/","name":"Erresse Shop","description":"Articoli di qualit\u00e0 per la casa","potentialAction":[{"@type":"SearchAction","target":{"@type":"EntryPoint","urlTemplate":"https:\/\/www.erresse-shop.it\/es\/?s={search_term_string}"},"query-input":"required name=search_term_string"}],"inLanguage":"es"}]}},"df_price":48,"df_sale_price":48,"df_regular_price":96,"df_image_link":"https:\/\/www.erresse-shop.it\/wp-content\/uploads\/2025\/02\/ALESSI-Barkoffee-Caffettiera-a-Presso-Filtro-8-Tazze-300x300.jpg","_links":{"self":[{"href":"https:\/\/www.erresse-shop.it\/es\/wp-json\/wp\/v2\/product\/472787"}],"collection":[{"href":"https:\/\/www.erresse-shop.it\/es\/wp-json\/wp\/v2\/product"}],"about":[{"href":"https:\/\/www.erresse-shop.it\/es\/wp-json\/wp\/v2\/types\/product"}],"wp:featuredmedia":[{"embeddable":true,"href":"https:\/\/www.erresse-shop.it\/es\/wp-json\/wp\/v2\/media\/472805"}],"wp:attachment":[{"href":"https:\/\/www.erresse-shop.it\/es\/wp-json\/wp\/v2\/media?parent=472787"}],"wp:term":[{"taxonomy":"product_cat","embeddable":true,"href":"https:\/\/www.erresse-shop.it\/es\/wp-json\/wp\/v2\/product_cat?post=472787"},{"taxonomy":"product_tag","embeddable":true,"href":"https:\/\/www.erresse-shop.it\/es\/wp-json\/wp\/v2\/product_tag?post=472787"}],"curies":[{"name":"wp","href":"https:\/\/api.w.org\/{rel}","templated":true}]}}