{"id":472769,"date":"2025-02-27T10:30:53","date_gmt":"2025-02-27T10:30:56","guid":{"rendered":"https:\/\/www.erresse-shop.it\/?post_type=product&#038;p=472769"},"modified":"2025-02-27T10:38:48","modified_gmt":"2025-02-27T10:38:48","slug":"alessi-alessandro-m-sacacorchos-azul-claro-rojo-copia","status":"publish","type":"product","link":"https:\/\/www.erresse-shop.it\/es\/shop\/tabla\/vino\/sacacorchos\/alessi-alessandro-m-sacacorchos-azul-claro-rojo-copia\/","title":{"rendered":"ALESSI Alessandro M. Sacacorchos Amarillo Negro"},"content":{"rendered":"<p>Autorretrato del dise\u00f1o creado por Alessandro Mendini, el sacacorchos Alessandro M. vuelve en la colecci\u00f3n Colour Tales vestido con una serie de trajes tornasolados, homenaje a la investigaci\u00f3n crom\u00e1tica de su creador. Dedicado a los coleccionistas de Alessandro Mendini y de sus sacacorchos transformistas, y para quienes desean descorchar un buen vino con un instrumento en el que se funden funci\u00f3n y emoci\u00f3n.<\/p>\n<p>Sacacorchos de resina termopl\u00e1stica y zamak cromado<\/p>\n<p>Caracter\u00edsticas<br \/>\n&#8211; Di\u00e1metro: 6 cm<br \/>\n&#8211; Altura: 21 cm<\/p>\n","protected":false},"excerpt":{"rendered":"<p>Autorretrato del dise\u00f1o creado por Alessandro Mendini, el sacacorchos Alessandro M. vuelve en la colecci\u00f3n Colour Tales vestido con una<\/p>\n","protected":false},"featured_media":472782,"template":"","meta":{"_acf_changed":false,"inline_featured_image":false},"product_cat":[16053,16027,16051],"product_tag":[21204,17245,16887],"acf":[],"yoast_head":"<!-- This site is optimized with the Yoast SEO Premium plugin v18.6 (Yoast SEO v19.13) - https:\/\/yoast.com\/wordpress\/plugins\/seo\/ -->\n<title>ALESSI Alessandro M. Sacacorchos Amarillo Negro - Erresse Shop<\/title>\n<meta name=\"description\" content=\"Autorretrato del dise\u00f1o creado por Alessandro Mendini, el sacacorchos Alessandro M. vuelve en la colecci\u00f3n Colour Tales vestido con una serie de trajes\" \/>\n<meta name=\"robots\" content=\"index, follow, max-snippet:-1, max-image-preview:large, max-video-preview:-1\" \/>\n<link rel=\"canonical\" href=\"https:\/\/www.erresse-shop.it\/es\/shop\/tabla\/vino\/sacacorchos\/alessi-alessandro-m-sacacorchos-azul-claro-rojo-copia\/\" \/>\n<meta property=\"og:locale\" content=\"es_ES\" \/>\n<meta property=\"og:type\" content=\"article\" \/>\n<meta property=\"og:title\" content=\"ALESSI Alessandro M. Sacacorchos Amarillo Negro\" \/>\n<meta property=\"og:description\" content=\"Autorretrato del dise\u00f1o creado por Alessandro Mendini, el sacacorchos Alessandro M. vuelve en la colecci\u00f3n Colour Tales vestido con una serie de trajes\" \/>\n<meta property=\"og:url\" content=\"https:\/\/www.erresse-shop.it\/es\/shop\/tabla\/vino\/sacacorchos\/alessi-alessandro-m-sacacorchos-azul-claro-rojo-copia\/\" \/>\n<meta property=\"og:site_name\" content=\"Erresse Shop\" \/>\n<meta property=\"article:modified_time\" content=\"2025-02-27T10:38:48+00:00\" \/>\n<meta property=\"og:image\" content=\"https:\/\/www.erresse-shop.it\/wp-content\/uploads\/2025\/02\/ALESSI-Alessandro-M.-Cavatappi-Giallo-Nero.jpg\" \/>\n\t<meta property=\"og:image:width\" content=\"1200\" \/>\n\t<meta property=\"og:image:height\" content=\"1200\" \/>\n\t<meta property=\"og:image:type\" content=\"image\/jpeg\" \/>\n<meta name=\"twitter:card\" content=\"summary_large_image\" \/>\n<script type=\"application\/ld+json\" class=\"yoast-schema-graph\">{\"@context\":\"https:\/\/schema.org\",\"@graph\":[{\"@type\":\"WebPage\",\"@id\":\"https:\/\/www.erresse-shop.it\/es\/shop\/tabla\/vino\/sacacorchos\/alessi-alessandro-m-sacacorchos-azul-claro-rojo-copia\/\",\"url\":\"https:\/\/www.erresse-shop.it\/es\/shop\/tabla\/vino\/sacacorchos\/alessi-alessandro-m-sacacorchos-azul-claro-rojo-copia\/\",\"name\":\"ALESSI Alessandro M. Sacacorchos Amarillo Negro - Erresse Shop\",\"isPartOf\":{\"@id\":\"https:\/\/www.erresse-shop.it\/es\/#website\"},\"datePublished\":\"2025-02-27T10:30:56+00:00\",\"dateModified\":\"2025-02-27T10:38:48+00:00\",\"description\":\"Autorretrato del dise\u00f1o creado por Alessandro Mendini, el sacacorchos Alessandro M. vuelve en la colecci\u00f3n Colour Tales vestido con una serie de trajes\",\"breadcrumb\":{\"@id\":\"https:\/\/www.erresse-shop.it\/es\/shop\/tabla\/vino\/sacacorchos\/alessi-alessandro-m-sacacorchos-azul-claro-rojo-copia\/#breadcrumb\"},\"inLanguage\":\"es\",\"potentialAction\":[{\"@type\":\"ReadAction\",\"target\":[\"https:\/\/www.erresse-shop.it\/es\/shop\/tabla\/vino\/sacacorchos\/alessi-alessandro-m-sacacorchos-azul-claro-rojo-copia\/\"]}]},{\"@type\":\"BreadcrumbList\",\"@id\":\"https:\/\/www.erresse-shop.it\/es\/shop\/tabla\/vino\/sacacorchos\/alessi-alessandro-m-sacacorchos-azul-claro-rojo-copia\/#breadcrumb\",\"itemListElement\":[{\"@type\":\"ListItem\",\"position\":1,\"name\":\"Home\",\"item\":\"https:\/\/www.erresse-shop.it\/es\/\"},{\"@type\":\"ListItem\",\"position\":2,\"name\":\"Shop\",\"item\":\"https:\/\/www.erresse-shop.it\/es\/shop\/\"},{\"@type\":\"ListItem\",\"position\":3,\"name\":\"ALESSI Alessandro M. Sacacorchos Amarillo Negro\"}]},{\"@type\":\"WebSite\",\"@id\":\"https:\/\/www.erresse-shop.it\/es\/#website\",\"url\":\"https:\/\/www.erresse-shop.it\/es\/\",\"name\":\"Erresse Shop\",\"description\":\"Articoli di qualit\u00e0 per la casa\",\"potentialAction\":[{\"@type\":\"SearchAction\",\"target\":{\"@type\":\"EntryPoint\",\"urlTemplate\":\"https:\/\/www.erresse-shop.it\/es\/?s={search_term_string}\"},\"query-input\":\"required name=search_term_string\"}],\"inLanguage\":\"es\"}]}<\/script>\n<!-- \/ Yoast SEO Premium plugin. -->","yoast_head_json":{"title":"ALESSI Alessandro M. Sacacorchos Amarillo Negro - Erresse Shop","description":"Autorretrato del dise\u00f1o creado por Alessandro Mendini, el sacacorchos Alessandro M. vuelve en la colecci\u00f3n Colour Tales vestido con una serie de trajes","robots":{"index":"index","follow":"follow","max-snippet":"max-snippet:-1","max-image-preview":"max-image-preview:large","max-video-preview":"max-video-preview:-1"},"canonical":"https:\/\/www.erresse-shop.it\/es\/shop\/tabla\/vino\/sacacorchos\/alessi-alessandro-m-sacacorchos-azul-claro-rojo-copia\/","og_locale":"es_ES","og_type":"article","og_title":"ALESSI Alessandro M. Sacacorchos Amarillo Negro","og_description":"Autorretrato del dise\u00f1o creado por Alessandro Mendini, el sacacorchos Alessandro M. vuelve en la colecci\u00f3n Colour Tales vestido con una serie de trajes","og_url":"https:\/\/www.erresse-shop.it\/es\/shop\/tabla\/vino\/sacacorchos\/alessi-alessandro-m-sacacorchos-azul-claro-rojo-copia\/","og_site_name":"Erresse Shop","article_modified_time":"2025-02-27T10:38:48+00:00","og_image":[{"width":1200,"height":1200,"url":"https:\/\/www.erresse-shop.it\/wp-content\/uploads\/2025\/02\/ALESSI-Alessandro-M.-Cavatappi-Giallo-Nero.jpg","type":"image\/jpeg"}],"twitter_card":"summary_large_image","schema":{"@context":"https:\/\/schema.org","@graph":[{"@type":"WebPage","@id":"https:\/\/www.erresse-shop.it\/es\/shop\/tabla\/vino\/sacacorchos\/alessi-alessandro-m-sacacorchos-azul-claro-rojo-copia\/","url":"https:\/\/www.erresse-shop.it\/es\/shop\/tabla\/vino\/sacacorchos\/alessi-alessandro-m-sacacorchos-azul-claro-rojo-copia\/","name":"ALESSI Alessandro M. Sacacorchos Amarillo Negro - Erresse Shop","isPartOf":{"@id":"https:\/\/www.erresse-shop.it\/es\/#website"},"datePublished":"2025-02-27T10:30:56+00:00","dateModified":"2025-02-27T10:38:48+00:00","description":"Autorretrato del dise\u00f1o creado por Alessandro Mendini, el sacacorchos Alessandro M. vuelve en la colecci\u00f3n Colour Tales vestido con una serie de trajes","breadcrumb":{"@id":"https:\/\/www.erresse-shop.it\/es\/shop\/tabla\/vino\/sacacorchos\/alessi-alessandro-m-sacacorchos-azul-claro-rojo-copia\/#breadcrumb"},"inLanguage":"es","potentialAction":[{"@type":"ReadAction","target":["https:\/\/www.erresse-shop.it\/es\/shop\/tabla\/vino\/sacacorchos\/alessi-alessandro-m-sacacorchos-azul-claro-rojo-copia\/"]}]},{"@type":"BreadcrumbList","@id":"https:\/\/www.erresse-shop.it\/es\/shop\/tabla\/vino\/sacacorchos\/alessi-alessandro-m-sacacorchos-azul-claro-rojo-copia\/#breadcrumb","itemListElement":[{"@type":"ListItem","position":1,"name":"Home","item":"https:\/\/www.erresse-shop.it\/es\/"},{"@type":"ListItem","position":2,"name":"Shop","item":"https:\/\/www.erresse-shop.it\/es\/shop\/"},{"@type":"ListItem","position":3,"name":"ALESSI Alessandro M. Sacacorchos Amarillo Negro"}]},{"@type":"WebSite","@id":"https:\/\/www.erresse-shop.it\/es\/#website","url":"https:\/\/www.erresse-shop.it\/es\/","name":"Erresse Shop","description":"Articoli di qualit\u00e0 per la casa","potentialAction":[{"@type":"SearchAction","target":{"@type":"EntryPoint","urlTemplate":"https:\/\/www.erresse-shop.it\/es\/?s={search_term_string}"},"query-input":"required name=search_term_string"}],"inLanguage":"es"}]}},"df_price":25,"df_sale_price":25,"df_regular_price":50,"df_image_link":"https:\/\/www.erresse-shop.it\/wp-content\/uploads\/2025\/02\/ALESSI-Alessandro-M.-Cavatappi-Giallo-Nero-300x300.jpg","_links":{"self":[{"href":"https:\/\/www.erresse-shop.it\/es\/wp-json\/wp\/v2\/product\/472769"}],"collection":[{"href":"https:\/\/www.erresse-shop.it\/es\/wp-json\/wp\/v2\/product"}],"about":[{"href":"https:\/\/www.erresse-shop.it\/es\/wp-json\/wp\/v2\/types\/product"}],"wp:featuredmedia":[{"embeddable":true,"href":"https:\/\/www.erresse-shop.it\/es\/wp-json\/wp\/v2\/media\/472782"}],"wp:attachment":[{"href":"https:\/\/www.erresse-shop.it\/es\/wp-json\/wp\/v2\/media?parent=472769"}],"wp:term":[{"taxonomy":"product_cat","embeddable":true,"href":"https:\/\/www.erresse-shop.it\/es\/wp-json\/wp\/v2\/product_cat?post=472769"},{"taxonomy":"product_tag","embeddable":true,"href":"https:\/\/www.erresse-shop.it\/es\/wp-json\/wp\/v2\/product_tag?post=472769"}],"curies":[{"name":"wp","href":"https:\/\/api.w.org\/{rel}","templated":true}]}}