{"id":472661,"date":"2025-02-27T09:37:19","date_gmt":"2025-02-27T09:37:23","guid":{"rendered":"https:\/\/www.erresse-shop.it\/?post_type=product&#038;p=472661"},"modified":"2025-02-27T09:47:46","modified_gmt":"2025-02-27T09:47:46","slug":"alessi-parmenide-rallador-blanco-copia","status":"publish","type":"product","link":"https:\/\/www.erresse-shop.it\/es\/shop\/cocina\/ralladores\/alessi-parmenide-rallador-blanco-copia\/","title":{"rendered":"ALESSI Parmenide Rallador Rojo"},"content":{"rendered":"<p>El rallador de queso Parm\u00e9nides, dise\u00f1ado por Alejandro Ruiz, combina dos tipolog\u00edas del paisaje dom\u00e9stico: el rallador de queso y la quesera, convirti\u00e9ndose as\u00ed tambi\u00e9n en un atractivo recipiente de sobremesa para el queso ya rallado. Parm\u00e9nides forma parte de la colecci\u00f3n del Museo de Arte Moderno de Nueva York.<\/p>\n<p>Rallador de resina termopl\u00e1stica y rallador de acero.<\/p>\n<p><strong>Caracter\u00edsticas:<\/strong><\/p>\n<ul>\n<li>Altura (cm): 6,70<\/li>\n<li>Largo (cm): 15,30<\/li>\n<li>Anchura (cm): 7,50<\/li>\n<\/ul>\n","protected":false},"excerpt":{"rendered":"<p>El rallador de queso Parm\u00e9nides, dise\u00f1ado por Alejandro Ruiz, combina dos tipolog\u00edas del paisaje dom\u00e9stico: el rallador de queso y<\/p>\n","protected":false},"featured_media":472715,"template":"","meta":{"_acf_changed":false,"inline_featured_image":false},"product_cat":[16040,26039],"product_tag":[16136,19077,17245],"acf":[],"yoast_head":"<!-- This site is optimized with the Yoast SEO Premium plugin v18.6 (Yoast SEO v19.13) - https:\/\/yoast.com\/wordpress\/plugins\/seo\/ -->\n<title>ALESSI Parmenide Rallador Rojo - Erresse Shop<\/title>\n<meta name=\"description\" content=\"El rallador de queso Parm\u00e9nides, dise\u00f1ado por Alejandro Ruiz, combina dos tipolog\u00edas del paisaje dom\u00e9stico: el rallador de queso y la quesera,\" \/>\n<meta name=\"robots\" content=\"index, follow, max-snippet:-1, max-image-preview:large, max-video-preview:-1\" \/>\n<link rel=\"canonical\" href=\"https:\/\/www.erresse-shop.it\/es\/shop\/cocina\/ralladores\/alessi-parmenide-rallador-blanco-copia\/\" \/>\n<meta property=\"og:locale\" content=\"es_ES\" \/>\n<meta property=\"og:type\" content=\"article\" \/>\n<meta property=\"og:title\" content=\"ALESSI Parmenide Rallador Rojo\" \/>\n<meta property=\"og:description\" content=\"El rallador de queso Parm\u00e9nides, dise\u00f1ado por Alejandro Ruiz, combina dos tipolog\u00edas del paisaje dom\u00e9stico: el rallador de queso y la quesera,\" \/>\n<meta property=\"og:url\" content=\"https:\/\/www.erresse-shop.it\/es\/shop\/cocina\/ralladores\/alessi-parmenide-rallador-blanco-copia\/\" \/>\n<meta property=\"og:site_name\" content=\"Erresse Shop\" \/>\n<meta property=\"article:modified_time\" content=\"2025-02-27T09:47:46+00:00\" \/>\n<meta property=\"og:image\" content=\"https:\/\/www.erresse-shop.it\/wp-content\/uploads\/2025\/02\/ALESSI-Parmenide-GrattugiaRosso.jpg\" \/>\n\t<meta property=\"og:image:width\" content=\"1200\" \/>\n\t<meta property=\"og:image:height\" content=\"1200\" \/>\n\t<meta property=\"og:image:type\" content=\"image\/jpeg\" \/>\n<meta name=\"twitter:card\" content=\"summary_large_image\" \/>\n<script type=\"application\/ld+json\" class=\"yoast-schema-graph\">{\"@context\":\"https:\/\/schema.org\",\"@graph\":[{\"@type\":\"WebPage\",\"@id\":\"https:\/\/www.erresse-shop.it\/es\/shop\/cocina\/ralladores\/alessi-parmenide-rallador-blanco-copia\/\",\"url\":\"https:\/\/www.erresse-shop.it\/es\/shop\/cocina\/ralladores\/alessi-parmenide-rallador-blanco-copia\/\",\"name\":\"ALESSI Parmenide Rallador Rojo - Erresse Shop\",\"isPartOf\":{\"@id\":\"https:\/\/www.erresse-shop.it\/es\/#website\"},\"datePublished\":\"2025-02-27T09:37:23+00:00\",\"dateModified\":\"2025-02-27T09:47:46+00:00\",\"description\":\"El rallador de queso Parm\u00e9nides, dise\u00f1ado por Alejandro Ruiz, combina dos tipolog\u00edas del paisaje dom\u00e9stico: el rallador de queso y la quesera,\",\"breadcrumb\":{\"@id\":\"https:\/\/www.erresse-shop.it\/es\/shop\/cocina\/ralladores\/alessi-parmenide-rallador-blanco-copia\/#breadcrumb\"},\"inLanguage\":\"es\",\"potentialAction\":[{\"@type\":\"ReadAction\",\"target\":[\"https:\/\/www.erresse-shop.it\/es\/shop\/cocina\/ralladores\/alessi-parmenide-rallador-blanco-copia\/\"]}]},{\"@type\":\"BreadcrumbList\",\"@id\":\"https:\/\/www.erresse-shop.it\/es\/shop\/cocina\/ralladores\/alessi-parmenide-rallador-blanco-copia\/#breadcrumb\",\"itemListElement\":[{\"@type\":\"ListItem\",\"position\":1,\"name\":\"Home\",\"item\":\"https:\/\/www.erresse-shop.it\/es\/\"},{\"@type\":\"ListItem\",\"position\":2,\"name\":\"Shop\",\"item\":\"https:\/\/www.erresse-shop.it\/es\/shop\/\"},{\"@type\":\"ListItem\",\"position\":3,\"name\":\"ALESSI Parmenide Rallador Rojo\"}]},{\"@type\":\"WebSite\",\"@id\":\"https:\/\/www.erresse-shop.it\/es\/#website\",\"url\":\"https:\/\/www.erresse-shop.it\/es\/\",\"name\":\"Erresse Shop\",\"description\":\"Articoli di qualit\u00e0 per la casa\",\"potentialAction\":[{\"@type\":\"SearchAction\",\"target\":{\"@type\":\"EntryPoint\",\"urlTemplate\":\"https:\/\/www.erresse-shop.it\/es\/?s={search_term_string}\"},\"query-input\":\"required name=search_term_string\"}],\"inLanguage\":\"es\"}]}<\/script>\n<!-- \/ Yoast SEO Premium plugin. -->","yoast_head_json":{"title":"ALESSI Parmenide Rallador Rojo - Erresse Shop","description":"El rallador de queso Parm\u00e9nides, dise\u00f1ado por Alejandro Ruiz, combina dos tipolog\u00edas del paisaje dom\u00e9stico: el rallador de queso y la quesera,","robots":{"index":"index","follow":"follow","max-snippet":"max-snippet:-1","max-image-preview":"max-image-preview:large","max-video-preview":"max-video-preview:-1"},"canonical":"https:\/\/www.erresse-shop.it\/es\/shop\/cocina\/ralladores\/alessi-parmenide-rallador-blanco-copia\/","og_locale":"es_ES","og_type":"article","og_title":"ALESSI Parmenide Rallador Rojo","og_description":"El rallador de queso Parm\u00e9nides, dise\u00f1ado por Alejandro Ruiz, combina dos tipolog\u00edas del paisaje dom\u00e9stico: el rallador de queso y la quesera,","og_url":"https:\/\/www.erresse-shop.it\/es\/shop\/cocina\/ralladores\/alessi-parmenide-rallador-blanco-copia\/","og_site_name":"Erresse Shop","article_modified_time":"2025-02-27T09:47:46+00:00","og_image":[{"width":1200,"height":1200,"url":"https:\/\/www.erresse-shop.it\/wp-content\/uploads\/2025\/02\/ALESSI-Parmenide-GrattugiaRosso.jpg","type":"image\/jpeg"}],"twitter_card":"summary_large_image","schema":{"@context":"https:\/\/schema.org","@graph":[{"@type":"WebPage","@id":"https:\/\/www.erresse-shop.it\/es\/shop\/cocina\/ralladores\/alessi-parmenide-rallador-blanco-copia\/","url":"https:\/\/www.erresse-shop.it\/es\/shop\/cocina\/ralladores\/alessi-parmenide-rallador-blanco-copia\/","name":"ALESSI Parmenide Rallador Rojo - Erresse Shop","isPartOf":{"@id":"https:\/\/www.erresse-shop.it\/es\/#website"},"datePublished":"2025-02-27T09:37:23+00:00","dateModified":"2025-02-27T09:47:46+00:00","description":"El rallador de queso Parm\u00e9nides, dise\u00f1ado por Alejandro Ruiz, combina dos tipolog\u00edas del paisaje dom\u00e9stico: el rallador de queso y la quesera,","breadcrumb":{"@id":"https:\/\/www.erresse-shop.it\/es\/shop\/cocina\/ralladores\/alessi-parmenide-rallador-blanco-copia\/#breadcrumb"},"inLanguage":"es","potentialAction":[{"@type":"ReadAction","target":["https:\/\/www.erresse-shop.it\/es\/shop\/cocina\/ralladores\/alessi-parmenide-rallador-blanco-copia\/"]}]},{"@type":"BreadcrumbList","@id":"https:\/\/www.erresse-shop.it\/es\/shop\/cocina\/ralladores\/alessi-parmenide-rallador-blanco-copia\/#breadcrumb","itemListElement":[{"@type":"ListItem","position":1,"name":"Home","item":"https:\/\/www.erresse-shop.it\/es\/"},{"@type":"ListItem","position":2,"name":"Shop","item":"https:\/\/www.erresse-shop.it\/es\/shop\/"},{"@type":"ListItem","position":3,"name":"ALESSI Parmenide Rallador Rojo"}]},{"@type":"WebSite","@id":"https:\/\/www.erresse-shop.it\/es\/#website","url":"https:\/\/www.erresse-shop.it\/es\/","name":"Erresse Shop","description":"Articoli di qualit\u00e0 per la casa","potentialAction":[{"@type":"SearchAction","target":{"@type":"EntryPoint","urlTemplate":"https:\/\/www.erresse-shop.it\/es\/?s={search_term_string}"},"query-input":"required name=search_term_string"}],"inLanguage":"es"}]}},"df_price":10,"df_sale_price":10,"df_regular_price":20,"df_image_link":"https:\/\/www.erresse-shop.it\/wp-content\/uploads\/2025\/02\/ALESSI-Parmenide-GrattugiaRosso-300x300.jpg","_links":{"self":[{"href":"https:\/\/www.erresse-shop.it\/es\/wp-json\/wp\/v2\/product\/472661"}],"collection":[{"href":"https:\/\/www.erresse-shop.it\/es\/wp-json\/wp\/v2\/product"}],"about":[{"href":"https:\/\/www.erresse-shop.it\/es\/wp-json\/wp\/v2\/types\/product"}],"wp:featuredmedia":[{"embeddable":true,"href":"https:\/\/www.erresse-shop.it\/es\/wp-json\/wp\/v2\/media\/472715"}],"wp:attachment":[{"href":"https:\/\/www.erresse-shop.it\/es\/wp-json\/wp\/v2\/media?parent=472661"}],"wp:term":[{"taxonomy":"product_cat","embeddable":true,"href":"https:\/\/www.erresse-shop.it\/es\/wp-json\/wp\/v2\/product_cat?post=472661"},{"taxonomy":"product_tag","embeddable":true,"href":"https:\/\/www.erresse-shop.it\/es\/wp-json\/wp\/v2\/product_tag?post=472661"}],"curies":[{"name":"wp","href":"https:\/\/api.w.org\/{rel}","templated":true}]}}