{"id":472461,"date":"2025-02-27T07:19:17","date_gmt":"2025-02-27T07:19:19","guid":{"rendered":"https:\/\/www.erresse-shop.it\/?post_type=product&#038;p=472461"},"modified":"2025-04-26T20:30:08","modified_gmt":"2025-04-26T20:30:08","slug":"alessi-il-conico-hervidor-copia","status":"publish","type":"product","link":"https:\/\/www.erresse-shop.it\/es\/shop\/cocina\/accesorios\/alessi-il-conico-hervidor-copia\/","title":{"rendered":"ALESSI Juicy Salif Exprimidor"},"content":{"rendered":"<p>Juicy Salif, el icono definitivo del dise\u00f1o y exprimidor de dise\u00f1o revolucionario pero sorprendentemente funcional. Esbozado en sus rasgos esenciales por Philippe Starck durante unas vacaciones junto al mar en Italia en un mantel individual de pizzer\u00eda. Omnipresente en los hogares de todo el mundo y expuesto en los museos m\u00e1s prestigiosos del planeta, Juicy Salif es algo m\u00e1s que un exprimidor: se ha convertido en un icono del dise\u00f1o industrial internacional.<\/p>\n<p>Exprimidor de aluminio fundido<\/p>\n<p><strong>Caracter\u00edsticas<\/strong><\/p>\n<ul>\n<li>Di\u00e1metro: 14 cm<\/li>\n<li>Altura: 29 cm<\/li>\n<\/ul>\n","protected":false},"excerpt":{"rendered":"<p>Juicy Salif, el icono definitivo del dise\u00f1o y exprimidor de dise\u00f1o revolucionario pero sorprendentemente funcional. Esbozado en sus rasgos esenciales<\/p>\n","protected":false},"featured_media":472479,"template":"","meta":{"_acf_changed":false,"inline_featured_image":false},"product_cat":[16041,16040],"product_tag":[16136,17654,16673],"acf":[],"yoast_head":"<!-- This site is optimized with the Yoast SEO Premium plugin v18.6 (Yoast SEO v19.13) - https:\/\/yoast.com\/wordpress\/plugins\/seo\/ -->\n<title>ALESSI Juicy Salif Exprimidor - Erresse Shop<\/title>\n<meta name=\"description\" content=\"Juicy Salif, el icono definitivo del dise\u00f1o y exprimidor de dise\u00f1o revolucionario pero sorprendentemente funcional. Esbozado en sus rasgos esenciales por\" \/>\n<meta name=\"robots\" content=\"index, follow, max-snippet:-1, max-image-preview:large, max-video-preview:-1\" \/>\n<link rel=\"canonical\" href=\"https:\/\/www.erresse-shop.it\/es\/shop\/cocina\/accesorios\/alessi-il-conico-hervidor-copia\/\" \/>\n<meta property=\"og:locale\" content=\"es_ES\" \/>\n<meta property=\"og:type\" content=\"article\" \/>\n<meta property=\"og:title\" content=\"ALESSI Juicy Salif Exprimidor\" \/>\n<meta property=\"og:description\" content=\"Juicy Salif, el icono definitivo del dise\u00f1o y exprimidor de dise\u00f1o revolucionario pero sorprendentemente funcional. Esbozado en sus rasgos esenciales por\" \/>\n<meta property=\"og:url\" content=\"https:\/\/www.erresse-shop.it\/es\/shop\/cocina\/accesorios\/alessi-il-conico-hervidor-copia\/\" \/>\n<meta property=\"og:site_name\" content=\"Erresse Shop\" \/>\n<meta property=\"article:modified_time\" content=\"2025-04-26T20:30:08+00:00\" \/>\n<meta property=\"og:image\" content=\"https:\/\/www.erresse-shop.it\/wp-content\/uploads\/2025\/02\/ALESSI-Juicy-Salif-Spremiagrumi.jpg\" \/>\n\t<meta property=\"og:image:width\" content=\"1200\" \/>\n\t<meta property=\"og:image:height\" content=\"1200\" \/>\n\t<meta property=\"og:image:type\" content=\"image\/jpeg\" \/>\n<meta name=\"twitter:card\" content=\"summary_large_image\" \/>\n<script type=\"application\/ld+json\" class=\"yoast-schema-graph\">{\"@context\":\"https:\/\/schema.org\",\"@graph\":[{\"@type\":\"WebPage\",\"@id\":\"https:\/\/www.erresse-shop.it\/es\/shop\/cocina\/accesorios\/alessi-il-conico-hervidor-copia\/\",\"url\":\"https:\/\/www.erresse-shop.it\/es\/shop\/cocina\/accesorios\/alessi-il-conico-hervidor-copia\/\",\"name\":\"ALESSI Juicy Salif Exprimidor - Erresse Shop\",\"isPartOf\":{\"@id\":\"https:\/\/www.erresse-shop.it\/es\/#website\"},\"datePublished\":\"2025-02-27T07:19:19+00:00\",\"dateModified\":\"2025-04-26T20:30:08+00:00\",\"description\":\"Juicy Salif, el icono definitivo del dise\u00f1o y exprimidor de dise\u00f1o revolucionario pero sorprendentemente funcional. Esbozado en sus rasgos esenciales por\",\"breadcrumb\":{\"@id\":\"https:\/\/www.erresse-shop.it\/es\/shop\/cocina\/accesorios\/alessi-il-conico-hervidor-copia\/#breadcrumb\"},\"inLanguage\":\"es\",\"potentialAction\":[{\"@type\":\"ReadAction\",\"target\":[\"https:\/\/www.erresse-shop.it\/es\/shop\/cocina\/accesorios\/alessi-il-conico-hervidor-copia\/\"]}]},{\"@type\":\"BreadcrumbList\",\"@id\":\"https:\/\/www.erresse-shop.it\/es\/shop\/cocina\/accesorios\/alessi-il-conico-hervidor-copia\/#breadcrumb\",\"itemListElement\":[{\"@type\":\"ListItem\",\"position\":1,\"name\":\"Home\",\"item\":\"https:\/\/www.erresse-shop.it\/es\/\"},{\"@type\":\"ListItem\",\"position\":2,\"name\":\"Shop\",\"item\":\"https:\/\/www.erresse-shop.it\/es\/shop\/\"},{\"@type\":\"ListItem\",\"position\":3,\"name\":\"ALESSI Juicy Salif Exprimidor\"}]},{\"@type\":\"WebSite\",\"@id\":\"https:\/\/www.erresse-shop.it\/es\/#website\",\"url\":\"https:\/\/www.erresse-shop.it\/es\/\",\"name\":\"Erresse Shop\",\"description\":\"Articoli di qualit\u00e0 per la casa\",\"potentialAction\":[{\"@type\":\"SearchAction\",\"target\":{\"@type\":\"EntryPoint\",\"urlTemplate\":\"https:\/\/www.erresse-shop.it\/es\/?s={search_term_string}\"},\"query-input\":\"required name=search_term_string\"}],\"inLanguage\":\"es\"}]}<\/script>\n<!-- \/ Yoast SEO Premium plugin. -->","yoast_head_json":{"title":"ALESSI Juicy Salif Exprimidor - Erresse Shop","description":"Juicy Salif, el icono definitivo del dise\u00f1o y exprimidor de dise\u00f1o revolucionario pero sorprendentemente funcional. Esbozado en sus rasgos esenciales por","robots":{"index":"index","follow":"follow","max-snippet":"max-snippet:-1","max-image-preview":"max-image-preview:large","max-video-preview":"max-video-preview:-1"},"canonical":"https:\/\/www.erresse-shop.it\/es\/shop\/cocina\/accesorios\/alessi-il-conico-hervidor-copia\/","og_locale":"es_ES","og_type":"article","og_title":"ALESSI Juicy Salif Exprimidor","og_description":"Juicy Salif, el icono definitivo del dise\u00f1o y exprimidor de dise\u00f1o revolucionario pero sorprendentemente funcional. Esbozado en sus rasgos esenciales por","og_url":"https:\/\/www.erresse-shop.it\/es\/shop\/cocina\/accesorios\/alessi-il-conico-hervidor-copia\/","og_site_name":"Erresse Shop","article_modified_time":"2025-04-26T20:30:08+00:00","og_image":[{"width":1200,"height":1200,"url":"https:\/\/www.erresse-shop.it\/wp-content\/uploads\/2025\/02\/ALESSI-Juicy-Salif-Spremiagrumi.jpg","type":"image\/jpeg"}],"twitter_card":"summary_large_image","schema":{"@context":"https:\/\/schema.org","@graph":[{"@type":"WebPage","@id":"https:\/\/www.erresse-shop.it\/es\/shop\/cocina\/accesorios\/alessi-il-conico-hervidor-copia\/","url":"https:\/\/www.erresse-shop.it\/es\/shop\/cocina\/accesorios\/alessi-il-conico-hervidor-copia\/","name":"ALESSI Juicy Salif Exprimidor - Erresse Shop","isPartOf":{"@id":"https:\/\/www.erresse-shop.it\/es\/#website"},"datePublished":"2025-02-27T07:19:19+00:00","dateModified":"2025-04-26T20:30:08+00:00","description":"Juicy Salif, el icono definitivo del dise\u00f1o y exprimidor de dise\u00f1o revolucionario pero sorprendentemente funcional. Esbozado en sus rasgos esenciales por","breadcrumb":{"@id":"https:\/\/www.erresse-shop.it\/es\/shop\/cocina\/accesorios\/alessi-il-conico-hervidor-copia\/#breadcrumb"},"inLanguage":"es","potentialAction":[{"@type":"ReadAction","target":["https:\/\/www.erresse-shop.it\/es\/shop\/cocina\/accesorios\/alessi-il-conico-hervidor-copia\/"]}]},{"@type":"BreadcrumbList","@id":"https:\/\/www.erresse-shop.it\/es\/shop\/cocina\/accesorios\/alessi-il-conico-hervidor-copia\/#breadcrumb","itemListElement":[{"@type":"ListItem","position":1,"name":"Home","item":"https:\/\/www.erresse-shop.it\/es\/"},{"@type":"ListItem","position":2,"name":"Shop","item":"https:\/\/www.erresse-shop.it\/es\/shop\/"},{"@type":"ListItem","position":3,"name":"ALESSI Juicy Salif Exprimidor"}]},{"@type":"WebSite","@id":"https:\/\/www.erresse-shop.it\/es\/#website","url":"https:\/\/www.erresse-shop.it\/es\/","name":"Erresse Shop","description":"Articoli di qualit\u00e0 per la casa","potentialAction":[{"@type":"SearchAction","target":{"@type":"EntryPoint","urlTemplate":"https:\/\/www.erresse-shop.it\/es\/?s={search_term_string}"},"query-input":"required name=search_term_string"}],"inLanguage":"es"}]}},"df_price":42.5,"df_sale_price":42.5,"df_regular_price":85,"df_image_link":"https:\/\/www.erresse-shop.it\/wp-content\/uploads\/2025\/02\/ALESSI-Juicy-Salif-Spremiagrumi-300x300.jpg","_links":{"self":[{"href":"https:\/\/www.erresse-shop.it\/es\/wp-json\/wp\/v2\/product\/472461"}],"collection":[{"href":"https:\/\/www.erresse-shop.it\/es\/wp-json\/wp\/v2\/product"}],"about":[{"href":"https:\/\/www.erresse-shop.it\/es\/wp-json\/wp\/v2\/types\/product"}],"wp:featuredmedia":[{"embeddable":true,"href":"https:\/\/www.erresse-shop.it\/es\/wp-json\/wp\/v2\/media\/472479"}],"wp:attachment":[{"href":"https:\/\/www.erresse-shop.it\/es\/wp-json\/wp\/v2\/media?parent=472461"}],"wp:term":[{"taxonomy":"product_cat","embeddable":true,"href":"https:\/\/www.erresse-shop.it\/es\/wp-json\/wp\/v2\/product_cat?post=472461"},{"taxonomy":"product_tag","embeddable":true,"href":"https:\/\/www.erresse-shop.it\/es\/wp-json\/wp\/v2\/product_tag?post=472461"}],"curies":[{"name":"wp","href":"https:\/\/api.w.org\/{rel}","templated":true}]}}