{"id":472237,"date":"2025-02-26T10:37:57","date_gmt":"2025-02-26T10:38:00","guid":{"rendered":"https:\/\/www.erresse-shop.it\/?post_type=product&#038;p=472237"},"modified":"2026-02-23T09:50:20","modified_gmt":"2026-02-23T09:50:20","slug":"alessi-la-cintura-di-orione-cacerola-baja-24-cm-dos-asas","status":"publish","type":"product","link":"https:\/\/www.erresse-shop.it\/es\/shop\/sartenes-y-ollas\/ollas-y-cacerolas\/alessi-la-cintura-di-orione-cacerola-baja-24-cm-dos-asas\/","title":{"rendered":"ALESSI La Cintura di Orione Cacerola baja 24 cm Dos asas"},"content":{"rendered":"<p>La serie de utensilios de cocina La Cintura di Orione est\u00e1 dise\u00f1ada para aquellos que buscan lo mejor en la cocina, garantizando el rendimiento profesional de los mejores chefs incluso en casa. La cazuela baja de dos asas est\u00e1 fabricada en trilamina, para una excelente conducci\u00f3n del calor, y es apta para todas las placas, incluida la inducci\u00f3n. Perfecta para guisar y estofar.<\/p>\n<p>Cacerola baja de dos asas fabricada en trilaminia. Fondo de acero magn\u00e9tico apto tambi\u00e9n para cocinas de inducci\u00f3n.<\/p>\n<p><strong>Caracter\u00edsticas:<\/strong><\/p>\n<ul>\n<li>Capacidad (cl): 270.00<\/li>\n<li>Altura (cm): 6.00<\/li>\n<li>Largo (cm): 33.00<\/li>\n<li>Anchura (cm): 24.00<\/li>\n<\/ul>\n","protected":false},"excerpt":{"rendered":"<p>La serie de utensilios de cocina La Cintura di Orione est\u00e1 dise\u00f1ada para aquellos que buscan lo mejor en la<\/p>\n","protected":false},"featured_media":472255,"template":"","meta":{"_acf_changed":false,"inline_featured_image":false},"product_cat":[16067,16058],"product_tag":[16110,16111,16211,21537,16158],"acf":[],"yoast_head":"<!-- This site is optimized with the Yoast SEO Premium plugin v18.6 (Yoast SEO v19.13) - https:\/\/yoast.com\/wordpress\/plugins\/seo\/ -->\n<title>ALESSI La Cintura di Orione Cacerola baja 24 cm Dos asas - Erresse Shop<\/title>\n<meta name=\"description\" content=\"La serie de utensilios de cocina La Cintura di Orione est\u00e1 dise\u00f1ada para aquellos que buscan lo mejor en la cocina, garantizando el rendimiento\" \/>\n<meta name=\"robots\" content=\"index, follow, max-snippet:-1, max-image-preview:large, max-video-preview:-1\" \/>\n<link rel=\"canonical\" href=\"https:\/\/www.erresse-shop.it\/es\/shop\/sartenes-y-ollas\/ollas-y-cacerolas\/alessi-la-cintura-di-orione-cacerola-baja-24-cm-dos-asas\/\" \/>\n<meta property=\"og:locale\" content=\"es_ES\" \/>\n<meta property=\"og:type\" content=\"article\" \/>\n<meta property=\"og:title\" content=\"ALESSI La Cintura di Orione Cacerola baja 24 cm Dos asas\" \/>\n<meta property=\"og:description\" content=\"La serie de utensilios de cocina La Cintura di Orione est\u00e1 dise\u00f1ada para aquellos que buscan lo mejor en la cocina, garantizando el rendimiento\" \/>\n<meta property=\"og:url\" content=\"https:\/\/www.erresse-shop.it\/es\/shop\/sartenes-y-ollas\/ollas-y-cacerolas\/alessi-la-cintura-di-orione-cacerola-baja-24-cm-dos-asas\/\" \/>\n<meta property=\"og:site_name\" content=\"Erresse Shop\" \/>\n<meta property=\"article:modified_time\" content=\"2026-02-23T09:50:20+00:00\" \/>\n<meta property=\"og:image\" content=\"https:\/\/www.erresse-shop.it\/wp-content\/uploads\/2025\/02\/ALESSI-La-Cintura-di-Orione-Casseruola-Bassa-24-cm-Due-Manici.jpg\" \/>\n\t<meta property=\"og:image:width\" content=\"1200\" \/>\n\t<meta property=\"og:image:height\" content=\"1200\" \/>\n\t<meta property=\"og:image:type\" content=\"image\/jpeg\" \/>\n<meta name=\"twitter:card\" content=\"summary_large_image\" \/>\n<script type=\"application\/ld+json\" class=\"yoast-schema-graph\">{\"@context\":\"https:\/\/schema.org\",\"@graph\":[{\"@type\":\"WebPage\",\"@id\":\"https:\/\/www.erresse-shop.it\/es\/shop\/sartenes-y-ollas\/ollas-y-cacerolas\/alessi-la-cintura-di-orione-cacerola-baja-24-cm-dos-asas\/\",\"url\":\"https:\/\/www.erresse-shop.it\/es\/shop\/sartenes-y-ollas\/ollas-y-cacerolas\/alessi-la-cintura-di-orione-cacerola-baja-24-cm-dos-asas\/\",\"name\":\"ALESSI La Cintura di Orione Cacerola baja 24 cm Dos asas - Erresse Shop\",\"isPartOf\":{\"@id\":\"https:\/\/www.erresse-shop.it\/es\/#website\"},\"datePublished\":\"2025-02-26T10:38:00+00:00\",\"dateModified\":\"2026-02-23T09:50:20+00:00\",\"description\":\"La serie de utensilios de cocina La Cintura di Orione est\u00e1 dise\u00f1ada para aquellos que buscan lo mejor en la cocina, garantizando el rendimiento\",\"breadcrumb\":{\"@id\":\"https:\/\/www.erresse-shop.it\/es\/shop\/sartenes-y-ollas\/ollas-y-cacerolas\/alessi-la-cintura-di-orione-cacerola-baja-24-cm-dos-asas\/#breadcrumb\"},\"inLanguage\":\"es\",\"potentialAction\":[{\"@type\":\"ReadAction\",\"target\":[\"https:\/\/www.erresse-shop.it\/es\/shop\/sartenes-y-ollas\/ollas-y-cacerolas\/alessi-la-cintura-di-orione-cacerola-baja-24-cm-dos-asas\/\"]}]},{\"@type\":\"BreadcrumbList\",\"@id\":\"https:\/\/www.erresse-shop.it\/es\/shop\/sartenes-y-ollas\/ollas-y-cacerolas\/alessi-la-cintura-di-orione-cacerola-baja-24-cm-dos-asas\/#breadcrumb\",\"itemListElement\":[{\"@type\":\"ListItem\",\"position\":1,\"name\":\"Home\",\"item\":\"https:\/\/www.erresse-shop.it\/es\/\"},{\"@type\":\"ListItem\",\"position\":2,\"name\":\"Shop\",\"item\":\"https:\/\/www.erresse-shop.it\/es\/shop\/\"},{\"@type\":\"ListItem\",\"position\":3,\"name\":\"ALESSI La Cintura di Orione Cacerola baja 24 cm Dos asas\"}]},{\"@type\":\"WebSite\",\"@id\":\"https:\/\/www.erresse-shop.it\/es\/#website\",\"url\":\"https:\/\/www.erresse-shop.it\/es\/\",\"name\":\"Erresse Shop\",\"description\":\"Articoli di qualit\u00e0 per la casa\",\"potentialAction\":[{\"@type\":\"SearchAction\",\"target\":{\"@type\":\"EntryPoint\",\"urlTemplate\":\"https:\/\/www.erresse-shop.it\/es\/?s={search_term_string}\"},\"query-input\":\"required name=search_term_string\"}],\"inLanguage\":\"es\"}]}<\/script>\n<!-- \/ Yoast SEO Premium plugin. -->","yoast_head_json":{"title":"ALESSI La Cintura di Orione Cacerola baja 24 cm Dos asas - Erresse Shop","description":"La serie de utensilios de cocina La Cintura di Orione est\u00e1 dise\u00f1ada para aquellos que buscan lo mejor en la cocina, garantizando el rendimiento","robots":{"index":"index","follow":"follow","max-snippet":"max-snippet:-1","max-image-preview":"max-image-preview:large","max-video-preview":"max-video-preview:-1"},"canonical":"https:\/\/www.erresse-shop.it\/es\/shop\/sartenes-y-ollas\/ollas-y-cacerolas\/alessi-la-cintura-di-orione-cacerola-baja-24-cm-dos-asas\/","og_locale":"es_ES","og_type":"article","og_title":"ALESSI La Cintura di Orione Cacerola baja 24 cm Dos asas","og_description":"La serie de utensilios de cocina La Cintura di Orione est\u00e1 dise\u00f1ada para aquellos que buscan lo mejor en la cocina, garantizando el rendimiento","og_url":"https:\/\/www.erresse-shop.it\/es\/shop\/sartenes-y-ollas\/ollas-y-cacerolas\/alessi-la-cintura-di-orione-cacerola-baja-24-cm-dos-asas\/","og_site_name":"Erresse Shop","article_modified_time":"2026-02-23T09:50:20+00:00","og_image":[{"width":1200,"height":1200,"url":"https:\/\/www.erresse-shop.it\/wp-content\/uploads\/2025\/02\/ALESSI-La-Cintura-di-Orione-Casseruola-Bassa-24-cm-Due-Manici.jpg","type":"image\/jpeg"}],"twitter_card":"summary_large_image","schema":{"@context":"https:\/\/schema.org","@graph":[{"@type":"WebPage","@id":"https:\/\/www.erresse-shop.it\/es\/shop\/sartenes-y-ollas\/ollas-y-cacerolas\/alessi-la-cintura-di-orione-cacerola-baja-24-cm-dos-asas\/","url":"https:\/\/www.erresse-shop.it\/es\/shop\/sartenes-y-ollas\/ollas-y-cacerolas\/alessi-la-cintura-di-orione-cacerola-baja-24-cm-dos-asas\/","name":"ALESSI La Cintura di Orione Cacerola baja 24 cm Dos asas - Erresse Shop","isPartOf":{"@id":"https:\/\/www.erresse-shop.it\/es\/#website"},"datePublished":"2025-02-26T10:38:00+00:00","dateModified":"2026-02-23T09:50:20+00:00","description":"La serie de utensilios de cocina La Cintura di Orione est\u00e1 dise\u00f1ada para aquellos que buscan lo mejor en la cocina, garantizando el rendimiento","breadcrumb":{"@id":"https:\/\/www.erresse-shop.it\/es\/shop\/sartenes-y-ollas\/ollas-y-cacerolas\/alessi-la-cintura-di-orione-cacerola-baja-24-cm-dos-asas\/#breadcrumb"},"inLanguage":"es","potentialAction":[{"@type":"ReadAction","target":["https:\/\/www.erresse-shop.it\/es\/shop\/sartenes-y-ollas\/ollas-y-cacerolas\/alessi-la-cintura-di-orione-cacerola-baja-24-cm-dos-asas\/"]}]},{"@type":"BreadcrumbList","@id":"https:\/\/www.erresse-shop.it\/es\/shop\/sartenes-y-ollas\/ollas-y-cacerolas\/alessi-la-cintura-di-orione-cacerola-baja-24-cm-dos-asas\/#breadcrumb","itemListElement":[{"@type":"ListItem","position":1,"name":"Home","item":"https:\/\/www.erresse-shop.it\/es\/"},{"@type":"ListItem","position":2,"name":"Shop","item":"https:\/\/www.erresse-shop.it\/es\/shop\/"},{"@type":"ListItem","position":3,"name":"ALESSI La Cintura di Orione Cacerola baja 24 cm Dos asas"}]},{"@type":"WebSite","@id":"https:\/\/www.erresse-shop.it\/es\/#website","url":"https:\/\/www.erresse-shop.it\/es\/","name":"Erresse Shop","description":"Articoli di qualit\u00e0 per la casa","potentialAction":[{"@type":"SearchAction","target":{"@type":"EntryPoint","urlTemplate":"https:\/\/www.erresse-shop.it\/es\/?s={search_term_string}"},"query-input":"required name=search_term_string"}],"inLanguage":"es"}]}},"df_price":99,"df_sale_price":99,"df_regular_price":175,"df_image_link":"https:\/\/www.erresse-shop.it\/wp-content\/uploads\/2025\/02\/ALESSI-La-Cintura-di-Orione-Casseruola-Bassa-24-cm-Due-Manici-300x300.jpg","_links":{"self":[{"href":"https:\/\/www.erresse-shop.it\/es\/wp-json\/wp\/v2\/product\/472237"}],"collection":[{"href":"https:\/\/www.erresse-shop.it\/es\/wp-json\/wp\/v2\/product"}],"about":[{"href":"https:\/\/www.erresse-shop.it\/es\/wp-json\/wp\/v2\/types\/product"}],"wp:featuredmedia":[{"embeddable":true,"href":"https:\/\/www.erresse-shop.it\/es\/wp-json\/wp\/v2\/media\/472255"}],"wp:attachment":[{"href":"https:\/\/www.erresse-shop.it\/es\/wp-json\/wp\/v2\/media?parent=472237"}],"wp:term":[{"taxonomy":"product_cat","embeddable":true,"href":"https:\/\/www.erresse-shop.it\/es\/wp-json\/wp\/v2\/product_cat?post=472237"},{"taxonomy":"product_tag","embeddable":true,"href":"https:\/\/www.erresse-shop.it\/es\/wp-json\/wp\/v2\/product_tag?post=472237"}],"curies":[{"name":"wp","href":"https:\/\/api.w.org\/{rel}","templated":true}]}}