{"id":472177,"date":"2025-02-26T09:36:43","date_gmt":"2025-02-26T09:36:46","guid":{"rendered":"https:\/\/www.erresse-shop.it\/?post_type=product&#038;p=472177"},"modified":"2026-02-23T09:52:08","modified_gmt":"2026-02-23T09:52:08","slug":"alessi-la-cintura-di-orione-cacerola-16-cm-dos-asas","status":"publish","type":"product","link":"https:\/\/www.erresse-shop.it\/es\/shop\/sartenes-y-ollas\/ollas-y-cacerolas\/alessi-la-cintura-di-orione-cacerola-16-cm-dos-asas\/","title":{"rendered":"ALESSI La Cintura di Orione Cacerola 16 cm Dos Asas"},"content":{"rendered":"<p>Caracterizada por su forma esencial, la cacerola de la serie La Cintura di Orione destaca por la calidad de sus materiales y su alto rendimiento y durabilidad en la cocci\u00f3n. Fabricada en trilaminado, la cazuela es apta para todas las placas, incluida la inducci\u00f3n, y garantiza una correcta distribuci\u00f3n del calor por toda la superficie de la olla. Adecuada para estofar, guisar, asar y preparar sabrosos risottos.<\/p>\n<p>Cacerola de trilamina . Fondo de acero magn\u00e9tico tambi\u00e9n apto para cocinas de inducci\u00f3n.<\/p>\n<p><strong>Caracter\u00edsticas:<\/strong><\/p>\n<p>Capacidad (cl): 160.00<br \/>\nAltura (cm): 8.00<br \/>\nLargo (cm): 20.00<br \/>\nAnchura (cm): 16.00<\/p>\n","protected":false},"excerpt":{"rendered":"<p>Caracterizada por su forma esencial, la cacerola de la serie La Cintura di Orione destaca por la calidad de sus<\/p>\n","protected":false},"featured_media":472197,"template":"","meta":{"_acf_changed":false,"inline_featured_image":false},"product_cat":[16067,16058],"product_tag":[16110,16111,16211,21537,16158],"acf":[],"yoast_head":"<!-- This site is optimized with the Yoast SEO Premium plugin v18.6 (Yoast SEO v19.13) - https:\/\/yoast.com\/wordpress\/plugins\/seo\/ -->\n<title>ALESSI La Cintura di Orione Cacerola 16 cm Dos Asas - Erresse Shop<\/title>\n<meta name=\"description\" content=\"Caracterizada por su forma esencial, la cacerola de la serie La Cintura di Orione destaca por la calidad de sus materiales y su alto rendimiento y\" \/>\n<meta name=\"robots\" content=\"index, follow, max-snippet:-1, max-image-preview:large, max-video-preview:-1\" \/>\n<link rel=\"canonical\" href=\"https:\/\/www.erresse-shop.it\/es\/shop\/sartenes-y-ollas\/ollas-y-cacerolas\/alessi-la-cintura-di-orione-cacerola-16-cm-dos-asas\/\" \/>\n<meta property=\"og:locale\" content=\"es_ES\" \/>\n<meta property=\"og:type\" content=\"article\" \/>\n<meta property=\"og:title\" content=\"ALESSI La Cintura di Orione Cacerola 16 cm Dos Asas\" \/>\n<meta property=\"og:description\" content=\"Caracterizada por su forma esencial, la cacerola de la serie La Cintura di Orione destaca por la calidad de sus materiales y su alto rendimiento y\" \/>\n<meta property=\"og:url\" content=\"https:\/\/www.erresse-shop.it\/es\/shop\/sartenes-y-ollas\/ollas-y-cacerolas\/alessi-la-cintura-di-orione-cacerola-16-cm-dos-asas\/\" \/>\n<meta property=\"og:site_name\" content=\"Erresse Shop\" \/>\n<meta property=\"article:modified_time\" content=\"2026-02-23T09:52:08+00:00\" \/>\n<meta property=\"og:image\" content=\"https:\/\/www.erresse-shop.it\/wp-content\/uploads\/2025\/02\/ALESSI-La-Cintura-di-Orione-Casseruola-16-cm-Due-Manici.jpg\" \/>\n\t<meta property=\"og:image:width\" content=\"1200\" \/>\n\t<meta property=\"og:image:height\" content=\"1200\" \/>\n\t<meta property=\"og:image:type\" content=\"image\/jpeg\" \/>\n<meta name=\"twitter:card\" content=\"summary_large_image\" \/>\n<script type=\"application\/ld+json\" class=\"yoast-schema-graph\">{\"@context\":\"https:\/\/schema.org\",\"@graph\":[{\"@type\":\"WebPage\",\"@id\":\"https:\/\/www.erresse-shop.it\/es\/shop\/sartenes-y-ollas\/ollas-y-cacerolas\/alessi-la-cintura-di-orione-cacerola-16-cm-dos-asas\/\",\"url\":\"https:\/\/www.erresse-shop.it\/es\/shop\/sartenes-y-ollas\/ollas-y-cacerolas\/alessi-la-cintura-di-orione-cacerola-16-cm-dos-asas\/\",\"name\":\"ALESSI La Cintura di Orione Cacerola 16 cm Dos Asas - Erresse Shop\",\"isPartOf\":{\"@id\":\"https:\/\/www.erresse-shop.it\/es\/#website\"},\"datePublished\":\"2025-02-26T09:36:46+00:00\",\"dateModified\":\"2026-02-23T09:52:08+00:00\",\"description\":\"Caracterizada por su forma esencial, la cacerola de la serie La Cintura di Orione destaca por la calidad de sus materiales y su alto rendimiento y\",\"breadcrumb\":{\"@id\":\"https:\/\/www.erresse-shop.it\/es\/shop\/sartenes-y-ollas\/ollas-y-cacerolas\/alessi-la-cintura-di-orione-cacerola-16-cm-dos-asas\/#breadcrumb\"},\"inLanguage\":\"es\",\"potentialAction\":[{\"@type\":\"ReadAction\",\"target\":[\"https:\/\/www.erresse-shop.it\/es\/shop\/sartenes-y-ollas\/ollas-y-cacerolas\/alessi-la-cintura-di-orione-cacerola-16-cm-dos-asas\/\"]}]},{\"@type\":\"BreadcrumbList\",\"@id\":\"https:\/\/www.erresse-shop.it\/es\/shop\/sartenes-y-ollas\/ollas-y-cacerolas\/alessi-la-cintura-di-orione-cacerola-16-cm-dos-asas\/#breadcrumb\",\"itemListElement\":[{\"@type\":\"ListItem\",\"position\":1,\"name\":\"Home\",\"item\":\"https:\/\/www.erresse-shop.it\/es\/\"},{\"@type\":\"ListItem\",\"position\":2,\"name\":\"Shop\",\"item\":\"https:\/\/www.erresse-shop.it\/es\/shop\/\"},{\"@type\":\"ListItem\",\"position\":3,\"name\":\"ALESSI La Cintura di Orione Cacerola 16 cm Dos Asas\"}]},{\"@type\":\"WebSite\",\"@id\":\"https:\/\/www.erresse-shop.it\/es\/#website\",\"url\":\"https:\/\/www.erresse-shop.it\/es\/\",\"name\":\"Erresse Shop\",\"description\":\"Articoli di qualit\u00e0 per la casa\",\"potentialAction\":[{\"@type\":\"SearchAction\",\"target\":{\"@type\":\"EntryPoint\",\"urlTemplate\":\"https:\/\/www.erresse-shop.it\/es\/?s={search_term_string}\"},\"query-input\":\"required name=search_term_string\"}],\"inLanguage\":\"es\"}]}<\/script>\n<!-- \/ Yoast SEO Premium plugin. -->","yoast_head_json":{"title":"ALESSI La Cintura di Orione Cacerola 16 cm Dos Asas - Erresse Shop","description":"Caracterizada por su forma esencial, la cacerola de la serie La Cintura di Orione destaca por la calidad de sus materiales y su alto rendimiento y","robots":{"index":"index","follow":"follow","max-snippet":"max-snippet:-1","max-image-preview":"max-image-preview:large","max-video-preview":"max-video-preview:-1"},"canonical":"https:\/\/www.erresse-shop.it\/es\/shop\/sartenes-y-ollas\/ollas-y-cacerolas\/alessi-la-cintura-di-orione-cacerola-16-cm-dos-asas\/","og_locale":"es_ES","og_type":"article","og_title":"ALESSI La Cintura di Orione Cacerola 16 cm Dos Asas","og_description":"Caracterizada por su forma esencial, la cacerola de la serie La Cintura di Orione destaca por la calidad de sus materiales y su alto rendimiento y","og_url":"https:\/\/www.erresse-shop.it\/es\/shop\/sartenes-y-ollas\/ollas-y-cacerolas\/alessi-la-cintura-di-orione-cacerola-16-cm-dos-asas\/","og_site_name":"Erresse Shop","article_modified_time":"2026-02-23T09:52:08+00:00","og_image":[{"width":1200,"height":1200,"url":"https:\/\/www.erresse-shop.it\/wp-content\/uploads\/2025\/02\/ALESSI-La-Cintura-di-Orione-Casseruola-16-cm-Due-Manici.jpg","type":"image\/jpeg"}],"twitter_card":"summary_large_image","schema":{"@context":"https:\/\/schema.org","@graph":[{"@type":"WebPage","@id":"https:\/\/www.erresse-shop.it\/es\/shop\/sartenes-y-ollas\/ollas-y-cacerolas\/alessi-la-cintura-di-orione-cacerola-16-cm-dos-asas\/","url":"https:\/\/www.erresse-shop.it\/es\/shop\/sartenes-y-ollas\/ollas-y-cacerolas\/alessi-la-cintura-di-orione-cacerola-16-cm-dos-asas\/","name":"ALESSI La Cintura di Orione Cacerola 16 cm Dos Asas - Erresse Shop","isPartOf":{"@id":"https:\/\/www.erresse-shop.it\/es\/#website"},"datePublished":"2025-02-26T09:36:46+00:00","dateModified":"2026-02-23T09:52:08+00:00","description":"Caracterizada por su forma esencial, la cacerola de la serie La Cintura di Orione destaca por la calidad de sus materiales y su alto rendimiento y","breadcrumb":{"@id":"https:\/\/www.erresse-shop.it\/es\/shop\/sartenes-y-ollas\/ollas-y-cacerolas\/alessi-la-cintura-di-orione-cacerola-16-cm-dos-asas\/#breadcrumb"},"inLanguage":"es","potentialAction":[{"@type":"ReadAction","target":["https:\/\/www.erresse-shop.it\/es\/shop\/sartenes-y-ollas\/ollas-y-cacerolas\/alessi-la-cintura-di-orione-cacerola-16-cm-dos-asas\/"]}]},{"@type":"BreadcrumbList","@id":"https:\/\/www.erresse-shop.it\/es\/shop\/sartenes-y-ollas\/ollas-y-cacerolas\/alessi-la-cintura-di-orione-cacerola-16-cm-dos-asas\/#breadcrumb","itemListElement":[{"@type":"ListItem","position":1,"name":"Home","item":"https:\/\/www.erresse-shop.it\/es\/"},{"@type":"ListItem","position":2,"name":"Shop","item":"https:\/\/www.erresse-shop.it\/es\/shop\/"},{"@type":"ListItem","position":3,"name":"ALESSI La Cintura di Orione Cacerola 16 cm Dos Asas"}]},{"@type":"WebSite","@id":"https:\/\/www.erresse-shop.it\/es\/#website","url":"https:\/\/www.erresse-shop.it\/es\/","name":"Erresse Shop","description":"Articoli di qualit\u00e0 per la casa","potentialAction":[{"@type":"SearchAction","target":{"@type":"EntryPoint","urlTemplate":"https:\/\/www.erresse-shop.it\/es\/?s={search_term_string}"},"query-input":"required name=search_term_string"}],"inLanguage":"es"}]}},"df_price":89.95,"df_sale_price":89.95,"df_regular_price":145,"df_image_link":"https:\/\/www.erresse-shop.it\/wp-content\/uploads\/2025\/02\/ALESSI-La-Cintura-di-Orione-Casseruola-16-cm-Due-Manici-300x300.jpg","_links":{"self":[{"href":"https:\/\/www.erresse-shop.it\/es\/wp-json\/wp\/v2\/product\/472177"}],"collection":[{"href":"https:\/\/www.erresse-shop.it\/es\/wp-json\/wp\/v2\/product"}],"about":[{"href":"https:\/\/www.erresse-shop.it\/es\/wp-json\/wp\/v2\/types\/product"}],"wp:featuredmedia":[{"embeddable":true,"href":"https:\/\/www.erresse-shop.it\/es\/wp-json\/wp\/v2\/media\/472197"}],"wp:attachment":[{"href":"https:\/\/www.erresse-shop.it\/es\/wp-json\/wp\/v2\/media?parent=472177"}],"wp:term":[{"taxonomy":"product_cat","embeddable":true,"href":"https:\/\/www.erresse-shop.it\/es\/wp-json\/wp\/v2\/product_cat?post=472177"},{"taxonomy":"product_tag","embeddable":true,"href":"https:\/\/www.erresse-shop.it\/es\/wp-json\/wp\/v2\/product_tag?post=472177"}],"curies":[{"name":"wp","href":"https:\/\/api.w.org\/{rel}","templated":true}]}}