{"id":472007,"date":"2020-09-24T07:32:06","date_gmt":"2020-09-24T07:32:06","guid":{"rendered":"https:\/\/www.erresse-shop.it\/shop\/senza-categoria\/alessi-mami-set-de-ollas-7-piezas\/"},"modified":"2020-09-24T07:32:06","modified_gmt":"2020-09-24T07:32:06","slug":"alessi-mami-set-de-ollas-7-piezas","status":"publish","type":"product","link":"https:\/\/www.erresse-shop.it\/es\/shop\/sartenes-y-ollas\/juegos-de-ollas\/alessi-mami-set-de-ollas-7-piezas\/","title":{"rendered":"ALESSI Mami Set de ollas 7 piezas"},"content":{"rendered":"<p>Las ollas de la colecci\u00f3n Mami, creada por Stefano Giovannoni, son un canto a las formas suaves y panzudas de los utensilios tradicionales italianos desde los que se esparcen por el hogar los apetitosos aromas del almuerzo de los domingos. La bater\u00eda de cocina Mami est\u00e1 fabricada en acero inoxidable 18\/10 con acabado pulido.<\/p>\n<p>El juego se compone de la siguiente manera<br \/>\n&#8211; Cacerola de 20 cm (SG100\/20)<br \/>\n&#8211; Cacerola con dos asas 20 cm (SG101\/20)<br \/>\n&#8211; Cacerola baja con dos asas 24 cm (SG102\/24)<br \/>\n&#8211; Cacerola larga 14 cm (SG105\/14)<br \/>\n&#8211; Tapa 14 cm (SG200\/14)<br \/>\n&#8211; Tapa 20 cm (SG200\/20)<br \/>\n&#8211; Tapa 24 cm (SG200\/24)<\/p>\n<p>Bater\u00eda de cocina tambi\u00e9n apta para placas de inducci\u00f3n.<br \/>\nApto para lavavajillas<\/p>\n","protected":false},"excerpt":{"rendered":"<p>Las ollas de la colecci\u00f3n Mami, creada por Stefano Giovannoni, son un canto a las formas suaves y panzudas de<\/p>\n","protected":false},"featured_media":472006,"template":"","meta":{"_acf_changed":false,"inline_featured_image":false},"product_cat":[16064,16058],"product_tag":[16129,22976,23469,16703],"acf":[],"yoast_head":"<!-- This site is optimized with the Yoast SEO Premium plugin v18.6 (Yoast SEO v19.13) - https:\/\/yoast.com\/wordpress\/plugins\/seo\/ -->\n<title>ALESSI Mami Set de ollas 7 piezas - Erresse Shop<\/title>\n<meta name=\"description\" content=\"Las ollas de la colecci\u00f3n Mami, creada por Stefano Giovannoni, son un canto a las formas suaves y panzudas de los utensilios tradicionales italianos desde\" \/>\n<meta name=\"robots\" content=\"index, follow, max-snippet:-1, max-image-preview:large, max-video-preview:-1\" \/>\n<link rel=\"canonical\" href=\"https:\/\/www.erresse-shop.it\/es\/shop\/sartenes-y-ollas\/juegos-de-ollas\/alessi-mami-set-de-ollas-7-piezas\/\" \/>\n<meta property=\"og:locale\" content=\"es_ES\" \/>\n<meta property=\"og:type\" content=\"article\" \/>\n<meta property=\"og:title\" content=\"ALESSI Mami Set de ollas 7 piezas\" \/>\n<meta property=\"og:description\" content=\"Las ollas de la colecci\u00f3n Mami, creada por Stefano Giovannoni, son un canto a las formas suaves y panzudas de los utensilios tradicionales italianos desde\" \/>\n<meta property=\"og:url\" content=\"https:\/\/www.erresse-shop.it\/es\/shop\/sartenes-y-ollas\/juegos-de-ollas\/alessi-mami-set-de-ollas-7-piezas\/\" \/>\n<meta property=\"og:site_name\" content=\"Erresse Shop\" \/>\n<meta property=\"og:image\" content=\"https:\/\/www.erresse-shop.it\/wp-content\/uploads\/2020\/09\/ALESSI-Mami-Set-di-Pentole-7-pz.jpg\" \/>\n\t<meta property=\"og:image:width\" content=\"1200\" \/>\n\t<meta property=\"og:image:height\" content=\"1200\" \/>\n\t<meta property=\"og:image:type\" content=\"image\/jpeg\" \/>\n<meta name=\"twitter:card\" content=\"summary_large_image\" \/>\n<script type=\"application\/ld+json\" class=\"yoast-schema-graph\">{\"@context\":\"https:\/\/schema.org\",\"@graph\":[{\"@type\":\"WebPage\",\"@id\":\"https:\/\/www.erresse-shop.it\/es\/shop\/sartenes-y-ollas\/juegos-de-ollas\/alessi-mami-set-de-ollas-7-piezas\/\",\"url\":\"https:\/\/www.erresse-shop.it\/es\/shop\/sartenes-y-ollas\/juegos-de-ollas\/alessi-mami-set-de-ollas-7-piezas\/\",\"name\":\"ALESSI Mami Set de ollas 7 piezas - Erresse Shop\",\"isPartOf\":{\"@id\":\"https:\/\/www.erresse-shop.it\/es\/#website\"},\"datePublished\":\"2020-09-24T07:32:06+00:00\",\"dateModified\":\"2020-09-24T07:32:06+00:00\",\"description\":\"Las ollas de la colecci\u00f3n Mami, creada por Stefano Giovannoni, son un canto a las formas suaves y panzudas de los utensilios tradicionales italianos desde\",\"breadcrumb\":{\"@id\":\"https:\/\/www.erresse-shop.it\/es\/shop\/sartenes-y-ollas\/juegos-de-ollas\/alessi-mami-set-de-ollas-7-piezas\/#breadcrumb\"},\"inLanguage\":\"es\",\"potentialAction\":[{\"@type\":\"ReadAction\",\"target\":[\"https:\/\/www.erresse-shop.it\/es\/shop\/sartenes-y-ollas\/juegos-de-ollas\/alessi-mami-set-de-ollas-7-piezas\/\"]}]},{\"@type\":\"BreadcrumbList\",\"@id\":\"https:\/\/www.erresse-shop.it\/es\/shop\/sartenes-y-ollas\/juegos-de-ollas\/alessi-mami-set-de-ollas-7-piezas\/#breadcrumb\",\"itemListElement\":[{\"@type\":\"ListItem\",\"position\":1,\"name\":\"Home\",\"item\":\"https:\/\/www.erresse-shop.it\/es\/\"},{\"@type\":\"ListItem\",\"position\":2,\"name\":\"Shop\",\"item\":\"https:\/\/www.erresse-shop.it\/es\/shop\/\"},{\"@type\":\"ListItem\",\"position\":3,\"name\":\"ALESSI Mami Set de ollas 7 piezas\"}]},{\"@type\":\"WebSite\",\"@id\":\"https:\/\/www.erresse-shop.it\/es\/#website\",\"url\":\"https:\/\/www.erresse-shop.it\/es\/\",\"name\":\"Erresse Shop\",\"description\":\"Articoli di qualit\u00e0 per la casa\",\"potentialAction\":[{\"@type\":\"SearchAction\",\"target\":{\"@type\":\"EntryPoint\",\"urlTemplate\":\"https:\/\/www.erresse-shop.it\/es\/?s={search_term_string}\"},\"query-input\":\"required name=search_term_string\"}],\"inLanguage\":\"es\"}]}<\/script>\n<!-- \/ Yoast SEO Premium plugin. -->","yoast_head_json":{"title":"ALESSI Mami Set de ollas 7 piezas - Erresse Shop","description":"Las ollas de la colecci\u00f3n Mami, creada por Stefano Giovannoni, son un canto a las formas suaves y panzudas de los utensilios tradicionales italianos desde","robots":{"index":"index","follow":"follow","max-snippet":"max-snippet:-1","max-image-preview":"max-image-preview:large","max-video-preview":"max-video-preview:-1"},"canonical":"https:\/\/www.erresse-shop.it\/es\/shop\/sartenes-y-ollas\/juegos-de-ollas\/alessi-mami-set-de-ollas-7-piezas\/","og_locale":"es_ES","og_type":"article","og_title":"ALESSI Mami Set de ollas 7 piezas","og_description":"Las ollas de la colecci\u00f3n Mami, creada por Stefano Giovannoni, son un canto a las formas suaves y panzudas de los utensilios tradicionales italianos desde","og_url":"https:\/\/www.erresse-shop.it\/es\/shop\/sartenes-y-ollas\/juegos-de-ollas\/alessi-mami-set-de-ollas-7-piezas\/","og_site_name":"Erresse Shop","og_image":[{"width":1200,"height":1200,"url":"https:\/\/www.erresse-shop.it\/wp-content\/uploads\/2020\/09\/ALESSI-Mami-Set-di-Pentole-7-pz.jpg","type":"image\/jpeg"}],"twitter_card":"summary_large_image","schema":{"@context":"https:\/\/schema.org","@graph":[{"@type":"WebPage","@id":"https:\/\/www.erresse-shop.it\/es\/shop\/sartenes-y-ollas\/juegos-de-ollas\/alessi-mami-set-de-ollas-7-piezas\/","url":"https:\/\/www.erresse-shop.it\/es\/shop\/sartenes-y-ollas\/juegos-de-ollas\/alessi-mami-set-de-ollas-7-piezas\/","name":"ALESSI Mami Set de ollas 7 piezas - Erresse Shop","isPartOf":{"@id":"https:\/\/www.erresse-shop.it\/es\/#website"},"datePublished":"2020-09-24T07:32:06+00:00","dateModified":"2020-09-24T07:32:06+00:00","description":"Las ollas de la colecci\u00f3n Mami, creada por Stefano Giovannoni, son un canto a las formas suaves y panzudas de los utensilios tradicionales italianos desde","breadcrumb":{"@id":"https:\/\/www.erresse-shop.it\/es\/shop\/sartenes-y-ollas\/juegos-de-ollas\/alessi-mami-set-de-ollas-7-piezas\/#breadcrumb"},"inLanguage":"es","potentialAction":[{"@type":"ReadAction","target":["https:\/\/www.erresse-shop.it\/es\/shop\/sartenes-y-ollas\/juegos-de-ollas\/alessi-mami-set-de-ollas-7-piezas\/"]}]},{"@type":"BreadcrumbList","@id":"https:\/\/www.erresse-shop.it\/es\/shop\/sartenes-y-ollas\/juegos-de-ollas\/alessi-mami-set-de-ollas-7-piezas\/#breadcrumb","itemListElement":[{"@type":"ListItem","position":1,"name":"Home","item":"https:\/\/www.erresse-shop.it\/es\/"},{"@type":"ListItem","position":2,"name":"Shop","item":"https:\/\/www.erresse-shop.it\/es\/shop\/"},{"@type":"ListItem","position":3,"name":"ALESSI Mami Set de ollas 7 piezas"}]},{"@type":"WebSite","@id":"https:\/\/www.erresse-shop.it\/es\/#website","url":"https:\/\/www.erresse-shop.it\/es\/","name":"Erresse Shop","description":"Articoli di qualit\u00e0 per la casa","potentialAction":[{"@type":"SearchAction","target":{"@type":"EntryPoint","urlTemplate":"https:\/\/www.erresse-shop.it\/es\/?s={search_term_string}"},"query-input":"required name=search_term_string"}],"inLanguage":"es"}]}},"df_price":289.95,"df_sale_price":289.95,"df_regular_price":400,"df_image_link":"https:\/\/www.erresse-shop.it\/wp-content\/uploads\/2020\/09\/ALESSI-Mami-Set-di-Pentole-7-pz-300x300.jpg","_links":{"self":[{"href":"https:\/\/www.erresse-shop.it\/es\/wp-json\/wp\/v2\/product\/472007"}],"collection":[{"href":"https:\/\/www.erresse-shop.it\/es\/wp-json\/wp\/v2\/product"}],"about":[{"href":"https:\/\/www.erresse-shop.it\/es\/wp-json\/wp\/v2\/types\/product"}],"wp:featuredmedia":[{"embeddable":true,"href":"https:\/\/www.erresse-shop.it\/es\/wp-json\/wp\/v2\/media\/472006"}],"wp:attachment":[{"href":"https:\/\/www.erresse-shop.it\/es\/wp-json\/wp\/v2\/media?parent=472007"}],"wp:term":[{"taxonomy":"product_cat","embeddable":true,"href":"https:\/\/www.erresse-shop.it\/es\/wp-json\/wp\/v2\/product_cat?post=472007"},{"taxonomy":"product_tag","embeddable":true,"href":"https:\/\/www.erresse-shop.it\/es\/wp-json\/wp\/v2\/product_tag?post=472007"}],"curies":[{"name":"wp","href":"https:\/\/api.w.org\/{rel}","templated":true}]}}