{"id":471991,"date":"2020-08-05T07:58:58","date_gmt":"2020-08-05T07:58:58","guid":{"rendered":"https:\/\/www.erresse-shop.it\/shop\/senza-categoria\/alessi-hervidor-con-pajaro-azul\/"},"modified":"2020-08-05T07:58:58","modified_gmt":"2020-08-05T07:58:58","slug":"alessi-hervidor-con-pajaro-azul","status":"publish","type":"product","link":"https:\/\/www.erresse-shop.it\/es\/shop\/cocina\/hervidores\/alessi-hervidor-con-pajaro-azul\/","title":{"rendered":"ALESSI Hervidor con p\u00e1jaro azul"},"content":{"rendered":"<p>La tetera 9093 con silbato en forma de p\u00e1jaro es uno de los objetos m\u00e1s vendidos de Alessi en todo el mundo. El dise\u00f1o de esta tetera, creado por Michael Graves en 1985, mezcla influencias cultas del arte europeo, el pop americano y referencias a las culturas precolombinas. Este personal\u00edsimo lenguaje visual de Graves es el responsable del extraordinario \u00e9xito que la tetera ha cosechado desde el a\u00f1o de su producci\u00f3n. Un objeto culto y elegante, pero al mismo tiempo juguet\u00f3n y divertido: cuando el agua hierve, el p\u00e1jaro canta, arrancando inevitablemente una sonrisa.<\/p>\n<p>Caracter\u00edsticas<br \/>\n&#8211; Capacidad: 2 L<br \/>\n&#8211; Di\u00e1metro: 22 cm<br \/>\n&#8211; Altura: 22,50 cm<\/p>\n<p><strong>Apta para inducci\u00f3n<\/strong><\/p>\n<p><span style=\"text-decoration: underline;\"><strong>Not for sale outside from Europe<\/strong><\/span><\/p>\n","protected":false},"excerpt":{"rendered":"<p>La tetera 9093 con silbato en forma de p\u00e1jaro es uno de los objetos m\u00e1s vendidos de Alessi en todo<\/p>\n","protected":false},"featured_media":471989,"template":"","meta":{"_acf_changed":false,"inline_featured_image":false},"product_cat":[16040,21075],"product_tag":[16258,16158],"acf":[],"yoast_head":"<!-- This site is optimized with the Yoast SEO Premium plugin v18.6 (Yoast SEO v19.13) - https:\/\/yoast.com\/wordpress\/plugins\/seo\/ -->\n<title>ALESSI Hervidor con p\u00e1jaro azul - Erresse Shop<\/title>\n<meta name=\"description\" content=\"La tetera 9093 con silbato en forma de p\u00e1jaro es uno de los objetos m\u00e1s vendidos de Alessi en todo el mundo. El dise\u00f1o de esta tetera, creado por Michael\" \/>\n<meta name=\"robots\" content=\"index, follow, max-snippet:-1, max-image-preview:large, max-video-preview:-1\" \/>\n<link rel=\"canonical\" href=\"https:\/\/www.erresse-shop.it\/es\/shop\/cocina\/hervidores\/alessi-hervidor-con-pajaro-azul\/\" \/>\n<meta property=\"og:locale\" content=\"es_ES\" \/>\n<meta property=\"og:type\" content=\"article\" \/>\n<meta property=\"og:title\" content=\"ALESSI Hervidor con p\u00e1jaro azul\" \/>\n<meta property=\"og:description\" content=\"La tetera 9093 con silbato en forma de p\u00e1jaro es uno de los objetos m\u00e1s vendidos de Alessi en todo el mundo. El dise\u00f1o de esta tetera, creado por Michael\" \/>\n<meta property=\"og:url\" content=\"https:\/\/www.erresse-shop.it\/es\/shop\/cocina\/hervidores\/alessi-hervidor-con-pajaro-azul\/\" \/>\n<meta property=\"og:site_name\" content=\"Erresse Shop\" \/>\n<meta property=\"og:image\" content=\"https:\/\/www.erresse-shop.it\/wp-content\/uploads\/2020\/08\/ALESSI-Bollitore-con-Uccellino-Azzurro.jpg\" \/>\n\t<meta property=\"og:image:width\" content=\"1200\" \/>\n\t<meta property=\"og:image:height\" content=\"1200\" \/>\n\t<meta property=\"og:image:type\" content=\"image\/jpeg\" \/>\n<meta name=\"twitter:card\" content=\"summary_large_image\" \/>\n<script type=\"application\/ld+json\" class=\"yoast-schema-graph\">{\"@context\":\"https:\/\/schema.org\",\"@graph\":[{\"@type\":\"WebPage\",\"@id\":\"https:\/\/www.erresse-shop.it\/es\/shop\/cocina\/hervidores\/alessi-hervidor-con-pajaro-azul\/\",\"url\":\"https:\/\/www.erresse-shop.it\/es\/shop\/cocina\/hervidores\/alessi-hervidor-con-pajaro-azul\/\",\"name\":\"ALESSI Hervidor con p\u00e1jaro azul - Erresse Shop\",\"isPartOf\":{\"@id\":\"https:\/\/www.erresse-shop.it\/es\/#website\"},\"datePublished\":\"2020-08-05T07:58:58+00:00\",\"dateModified\":\"2020-08-05T07:58:58+00:00\",\"description\":\"La tetera 9093 con silbato en forma de p\u00e1jaro es uno de los objetos m\u00e1s vendidos de Alessi en todo el mundo. El dise\u00f1o de esta tetera, creado por Michael\",\"breadcrumb\":{\"@id\":\"https:\/\/www.erresse-shop.it\/es\/shop\/cocina\/hervidores\/alessi-hervidor-con-pajaro-azul\/#breadcrumb\"},\"inLanguage\":\"es\",\"potentialAction\":[{\"@type\":\"ReadAction\",\"target\":[\"https:\/\/www.erresse-shop.it\/es\/shop\/cocina\/hervidores\/alessi-hervidor-con-pajaro-azul\/\"]}]},{\"@type\":\"BreadcrumbList\",\"@id\":\"https:\/\/www.erresse-shop.it\/es\/shop\/cocina\/hervidores\/alessi-hervidor-con-pajaro-azul\/#breadcrumb\",\"itemListElement\":[{\"@type\":\"ListItem\",\"position\":1,\"name\":\"Home\",\"item\":\"https:\/\/www.erresse-shop.it\/es\/\"},{\"@type\":\"ListItem\",\"position\":2,\"name\":\"Shop\",\"item\":\"https:\/\/www.erresse-shop.it\/es\/shop\/\"},{\"@type\":\"ListItem\",\"position\":3,\"name\":\"ALESSI Hervidor con p\u00e1jaro azul\"}]},{\"@type\":\"WebSite\",\"@id\":\"https:\/\/www.erresse-shop.it\/es\/#website\",\"url\":\"https:\/\/www.erresse-shop.it\/es\/\",\"name\":\"Erresse Shop\",\"description\":\"Articoli di qualit\u00e0 per la casa\",\"potentialAction\":[{\"@type\":\"SearchAction\",\"target\":{\"@type\":\"EntryPoint\",\"urlTemplate\":\"https:\/\/www.erresse-shop.it\/es\/?s={search_term_string}\"},\"query-input\":\"required name=search_term_string\"}],\"inLanguage\":\"es\"}]}<\/script>\n<!-- \/ Yoast SEO Premium plugin. -->","yoast_head_json":{"title":"ALESSI Hervidor con p\u00e1jaro azul - Erresse Shop","description":"La tetera 9093 con silbato en forma de p\u00e1jaro es uno de los objetos m\u00e1s vendidos de Alessi en todo el mundo. El dise\u00f1o de esta tetera, creado por Michael","robots":{"index":"index","follow":"follow","max-snippet":"max-snippet:-1","max-image-preview":"max-image-preview:large","max-video-preview":"max-video-preview:-1"},"canonical":"https:\/\/www.erresse-shop.it\/es\/shop\/cocina\/hervidores\/alessi-hervidor-con-pajaro-azul\/","og_locale":"es_ES","og_type":"article","og_title":"ALESSI Hervidor con p\u00e1jaro azul","og_description":"La tetera 9093 con silbato en forma de p\u00e1jaro es uno de los objetos m\u00e1s vendidos de Alessi en todo el mundo. El dise\u00f1o de esta tetera, creado por Michael","og_url":"https:\/\/www.erresse-shop.it\/es\/shop\/cocina\/hervidores\/alessi-hervidor-con-pajaro-azul\/","og_site_name":"Erresse Shop","og_image":[{"width":1200,"height":1200,"url":"https:\/\/www.erresse-shop.it\/wp-content\/uploads\/2020\/08\/ALESSI-Bollitore-con-Uccellino-Azzurro.jpg","type":"image\/jpeg"}],"twitter_card":"summary_large_image","schema":{"@context":"https:\/\/schema.org","@graph":[{"@type":"WebPage","@id":"https:\/\/www.erresse-shop.it\/es\/shop\/cocina\/hervidores\/alessi-hervidor-con-pajaro-azul\/","url":"https:\/\/www.erresse-shop.it\/es\/shop\/cocina\/hervidores\/alessi-hervidor-con-pajaro-azul\/","name":"ALESSI Hervidor con p\u00e1jaro azul - Erresse Shop","isPartOf":{"@id":"https:\/\/www.erresse-shop.it\/es\/#website"},"datePublished":"2020-08-05T07:58:58+00:00","dateModified":"2020-08-05T07:58:58+00:00","description":"La tetera 9093 con silbato en forma de p\u00e1jaro es uno de los objetos m\u00e1s vendidos de Alessi en todo el mundo. El dise\u00f1o de esta tetera, creado por Michael","breadcrumb":{"@id":"https:\/\/www.erresse-shop.it\/es\/shop\/cocina\/hervidores\/alessi-hervidor-con-pajaro-azul\/#breadcrumb"},"inLanguage":"es","potentialAction":[{"@type":"ReadAction","target":["https:\/\/www.erresse-shop.it\/es\/shop\/cocina\/hervidores\/alessi-hervidor-con-pajaro-azul\/"]}]},{"@type":"BreadcrumbList","@id":"https:\/\/www.erresse-shop.it\/es\/shop\/cocina\/hervidores\/alessi-hervidor-con-pajaro-azul\/#breadcrumb","itemListElement":[{"@type":"ListItem","position":1,"name":"Home","item":"https:\/\/www.erresse-shop.it\/es\/"},{"@type":"ListItem","position":2,"name":"Shop","item":"https:\/\/www.erresse-shop.it\/es\/shop\/"},{"@type":"ListItem","position":3,"name":"ALESSI Hervidor con p\u00e1jaro azul"}]},{"@type":"WebSite","@id":"https:\/\/www.erresse-shop.it\/es\/#website","url":"https:\/\/www.erresse-shop.it\/es\/","name":"Erresse Shop","description":"Articoli di qualit\u00e0 per la casa","potentialAction":[{"@type":"SearchAction","target":{"@type":"EntryPoint","urlTemplate":"https:\/\/www.erresse-shop.it\/es\/?s={search_term_string}"},"query-input":"required name=search_term_string"}],"inLanguage":"es"}]}},"df_price":126.4,"df_sale_price":126.4,"df_regular_price":158,"df_image_link":"https:\/\/www.erresse-shop.it\/wp-content\/uploads\/2020\/08\/ALESSI-Bollitore-con-Uccellino-Azzurro-300x300.jpg","_links":{"self":[{"href":"https:\/\/www.erresse-shop.it\/es\/wp-json\/wp\/v2\/product\/471991"}],"collection":[{"href":"https:\/\/www.erresse-shop.it\/es\/wp-json\/wp\/v2\/product"}],"about":[{"href":"https:\/\/www.erresse-shop.it\/es\/wp-json\/wp\/v2\/types\/product"}],"wp:featuredmedia":[{"embeddable":true,"href":"https:\/\/www.erresse-shop.it\/es\/wp-json\/wp\/v2\/media\/471989"}],"wp:attachment":[{"href":"https:\/\/www.erresse-shop.it\/es\/wp-json\/wp\/v2\/media?parent=471991"}],"wp:term":[{"taxonomy":"product_cat","embeddable":true,"href":"https:\/\/www.erresse-shop.it\/es\/wp-json\/wp\/v2\/product_cat?post=471991"},{"taxonomy":"product_tag","embeddable":true,"href":"https:\/\/www.erresse-shop.it\/es\/wp-json\/wp\/v2\/product_tag?post=471991"}],"curies":[{"name":"wp","href":"https:\/\/api.w.org\/{rel}","templated":true}]}}