{"id":471775,"date":"2020-08-05T10:26:47","date_gmt":"2020-08-05T10:26:47","guid":{"rendered":"https:\/\/www.erresse-shop.it\/shop\/senza-categoria\/alessi-pulcina-cafetera-de-induccion-rojo-6-tazas\/"},"modified":"2020-08-05T10:26:47","modified_gmt":"2020-08-05T10:26:47","slug":"alessi-pulcina-cafetera-de-induccion-rojo-6-tazas","status":"publish","type":"product","link":"https:\/\/www.erresse-shop.it\/es\/shop\/cocina\/cafeteras\/alessi-pulcina-cafetera-de-induccion-rojo-6-tazas\/","title":{"rendered":"ALESSI Pulcina Cafetera de inducci\u00f3n Rojo 6 tazas"},"content":{"rendered":"<p>Una moka revolucionaria que combina la tecnolog\u00eda desarrollada por illycaff\u00e8 y la experiencia en dise\u00f1o de Alessi. Dise\u00f1ada por Michele de Lucchi, Pulcina incorpora una peque\u00f1a pero sustancial innovaci\u00f3n de dise\u00f1o que interrumpe la erogaci\u00f3n de la bebida en el momento justo, antes de que el caf\u00e9 adquiera un regusto amargo. Esto realza el aroma redondo y con cuerpo de esta bebida. La boquilla, que recuerda el pico de un pollito (de ah\u00ed el nombre de la cafetera) permite cortar perfectamente la gota.<\/p>\n<p>Cafetera de aluminio fundido. Asa y pomo en PA, de color rojo. Base magn\u00e9tica de acero apta tambi\u00e9n para cocinas de inducci\u00f3n.<\/p>\n<p>Atenci\u00f3n: Por favor, compruebe que su placa de inducci\u00f3n es capaz de cocer con un di\u00e1metro m\u00ednimo de 90 mm<\/p>\n<p><strong>Caracter\u00edsticas:<\/strong><br \/>\n&#8211; Capacidad: 6 tazas<br \/>\n&#8211; Altura: 26 cm<br \/>\n&#8211; Anchura: 12 cm<\/p>\n","protected":false},"excerpt":{"rendered":"<p>Una moka revolucionaria que combina la tecnolog\u00eda desarrollada por illycaff\u00e8 y la experiencia en dise\u00f1o de Alessi. Dise\u00f1ada por Michele<\/p>\n","protected":false},"featured_media":471774,"template":"","meta":{"_acf_changed":false,"inline_featured_image":false},"product_cat":[16042,16040],"product_tag":[16486],"acf":[],"yoast_head":"<!-- This site is optimized with the Yoast SEO Premium plugin v18.6 (Yoast SEO v19.13) - https:\/\/yoast.com\/wordpress\/plugins\/seo\/ -->\n<title>ALESSI Pulcina Cafetera de inducci\u00f3n Rojo 6 tazas - Erresse Shop<\/title>\n<meta name=\"description\" content=\"Una moka revolucionaria que combina la tecnolog\u00eda desarrollada por illycaff\u00e8 y la experiencia en dise\u00f1o de Alessi. Dise\u00f1ada por Michele de Lucchi, Pulcina\" \/>\n<meta name=\"robots\" content=\"index, follow, max-snippet:-1, max-image-preview:large, max-video-preview:-1\" \/>\n<link rel=\"canonical\" href=\"https:\/\/www.erresse-shop.it\/es\/shop\/cocina\/cafeteras\/alessi-pulcina-cafetera-de-induccion-rojo-6-tazas\/\" \/>\n<meta property=\"og:locale\" content=\"es_ES\" \/>\n<meta property=\"og:type\" content=\"article\" \/>\n<meta property=\"og:title\" content=\"ALESSI Pulcina Cafetera de inducci\u00f3n Rojo 6 tazas\" \/>\n<meta property=\"og:description\" content=\"Una moka revolucionaria que combina la tecnolog\u00eda desarrollada por illycaff\u00e8 y la experiencia en dise\u00f1o de Alessi. Dise\u00f1ada por Michele de Lucchi, Pulcina\" \/>\n<meta property=\"og:url\" content=\"https:\/\/www.erresse-shop.it\/es\/shop\/cocina\/cafeteras\/alessi-pulcina-cafetera-de-induccion-rojo-6-tazas\/\" \/>\n<meta property=\"og:site_name\" content=\"Erresse Shop\" \/>\n<meta property=\"og:image\" content=\"https:\/\/www.erresse-shop.it\/wp-content\/uploads\/2020\/08\/ALESSI-Pulcina-Caffettiera-a-Induzione-Rosso-6-Tazze.jpg\" \/>\n\t<meta property=\"og:image:width\" content=\"1200\" \/>\n\t<meta property=\"og:image:height\" content=\"1200\" \/>\n\t<meta property=\"og:image:type\" content=\"image\/jpeg\" \/>\n<meta name=\"twitter:card\" content=\"summary_large_image\" \/>\n<script type=\"application\/ld+json\" class=\"yoast-schema-graph\">{\"@context\":\"https:\/\/schema.org\",\"@graph\":[{\"@type\":\"WebPage\",\"@id\":\"https:\/\/www.erresse-shop.it\/es\/shop\/cocina\/cafeteras\/alessi-pulcina-cafetera-de-induccion-rojo-6-tazas\/\",\"url\":\"https:\/\/www.erresse-shop.it\/es\/shop\/cocina\/cafeteras\/alessi-pulcina-cafetera-de-induccion-rojo-6-tazas\/\",\"name\":\"ALESSI Pulcina Cafetera de inducci\u00f3n Rojo 6 tazas - Erresse Shop\",\"isPartOf\":{\"@id\":\"https:\/\/www.erresse-shop.it\/es\/#website\"},\"datePublished\":\"2020-08-05T10:26:47+00:00\",\"dateModified\":\"2020-08-05T10:26:47+00:00\",\"description\":\"Una moka revolucionaria que combina la tecnolog\u00eda desarrollada por illycaff\u00e8 y la experiencia en dise\u00f1o de Alessi. Dise\u00f1ada por Michele de Lucchi, Pulcina\",\"breadcrumb\":{\"@id\":\"https:\/\/www.erresse-shop.it\/es\/shop\/cocina\/cafeteras\/alessi-pulcina-cafetera-de-induccion-rojo-6-tazas\/#breadcrumb\"},\"inLanguage\":\"es\",\"potentialAction\":[{\"@type\":\"ReadAction\",\"target\":[\"https:\/\/www.erresse-shop.it\/es\/shop\/cocina\/cafeteras\/alessi-pulcina-cafetera-de-induccion-rojo-6-tazas\/\"]}]},{\"@type\":\"BreadcrumbList\",\"@id\":\"https:\/\/www.erresse-shop.it\/es\/shop\/cocina\/cafeteras\/alessi-pulcina-cafetera-de-induccion-rojo-6-tazas\/#breadcrumb\",\"itemListElement\":[{\"@type\":\"ListItem\",\"position\":1,\"name\":\"Home\",\"item\":\"https:\/\/www.erresse-shop.it\/es\/\"},{\"@type\":\"ListItem\",\"position\":2,\"name\":\"Shop\",\"item\":\"https:\/\/www.erresse-shop.it\/es\/shop\/\"},{\"@type\":\"ListItem\",\"position\":3,\"name\":\"ALESSI Pulcina Cafetera de inducci\u00f3n Rojo 6 tazas\"}]},{\"@type\":\"WebSite\",\"@id\":\"https:\/\/www.erresse-shop.it\/es\/#website\",\"url\":\"https:\/\/www.erresse-shop.it\/es\/\",\"name\":\"Erresse Shop\",\"description\":\"Articoli di qualit\u00e0 per la casa\",\"potentialAction\":[{\"@type\":\"SearchAction\",\"target\":{\"@type\":\"EntryPoint\",\"urlTemplate\":\"https:\/\/www.erresse-shop.it\/es\/?s={search_term_string}\"},\"query-input\":\"required name=search_term_string\"}],\"inLanguage\":\"es\"}]}<\/script>\n<!-- \/ Yoast SEO Premium plugin. -->","yoast_head_json":{"title":"ALESSI Pulcina Cafetera de inducci\u00f3n Rojo 6 tazas - Erresse Shop","description":"Una moka revolucionaria que combina la tecnolog\u00eda desarrollada por illycaff\u00e8 y la experiencia en dise\u00f1o de Alessi. Dise\u00f1ada por Michele de Lucchi, Pulcina","robots":{"index":"index","follow":"follow","max-snippet":"max-snippet:-1","max-image-preview":"max-image-preview:large","max-video-preview":"max-video-preview:-1"},"canonical":"https:\/\/www.erresse-shop.it\/es\/shop\/cocina\/cafeteras\/alessi-pulcina-cafetera-de-induccion-rojo-6-tazas\/","og_locale":"es_ES","og_type":"article","og_title":"ALESSI Pulcina Cafetera de inducci\u00f3n Rojo 6 tazas","og_description":"Una moka revolucionaria que combina la tecnolog\u00eda desarrollada por illycaff\u00e8 y la experiencia en dise\u00f1o de Alessi. Dise\u00f1ada por Michele de Lucchi, Pulcina","og_url":"https:\/\/www.erresse-shop.it\/es\/shop\/cocina\/cafeteras\/alessi-pulcina-cafetera-de-induccion-rojo-6-tazas\/","og_site_name":"Erresse Shop","og_image":[{"width":1200,"height":1200,"url":"https:\/\/www.erresse-shop.it\/wp-content\/uploads\/2020\/08\/ALESSI-Pulcina-Caffettiera-a-Induzione-Rosso-6-Tazze.jpg","type":"image\/jpeg"}],"twitter_card":"summary_large_image","schema":{"@context":"https:\/\/schema.org","@graph":[{"@type":"WebPage","@id":"https:\/\/www.erresse-shop.it\/es\/shop\/cocina\/cafeteras\/alessi-pulcina-cafetera-de-induccion-rojo-6-tazas\/","url":"https:\/\/www.erresse-shop.it\/es\/shop\/cocina\/cafeteras\/alessi-pulcina-cafetera-de-induccion-rojo-6-tazas\/","name":"ALESSI Pulcina Cafetera de inducci\u00f3n Rojo 6 tazas - Erresse Shop","isPartOf":{"@id":"https:\/\/www.erresse-shop.it\/es\/#website"},"datePublished":"2020-08-05T10:26:47+00:00","dateModified":"2020-08-05T10:26:47+00:00","description":"Una moka revolucionaria que combina la tecnolog\u00eda desarrollada por illycaff\u00e8 y la experiencia en dise\u00f1o de Alessi. Dise\u00f1ada por Michele de Lucchi, Pulcina","breadcrumb":{"@id":"https:\/\/www.erresse-shop.it\/es\/shop\/cocina\/cafeteras\/alessi-pulcina-cafetera-de-induccion-rojo-6-tazas\/#breadcrumb"},"inLanguage":"es","potentialAction":[{"@type":"ReadAction","target":["https:\/\/www.erresse-shop.it\/es\/shop\/cocina\/cafeteras\/alessi-pulcina-cafetera-de-induccion-rojo-6-tazas\/"]}]},{"@type":"BreadcrumbList","@id":"https:\/\/www.erresse-shop.it\/es\/shop\/cocina\/cafeteras\/alessi-pulcina-cafetera-de-induccion-rojo-6-tazas\/#breadcrumb","itemListElement":[{"@type":"ListItem","position":1,"name":"Home","item":"https:\/\/www.erresse-shop.it\/es\/"},{"@type":"ListItem","position":2,"name":"Shop","item":"https:\/\/www.erresse-shop.it\/es\/shop\/"},{"@type":"ListItem","position":3,"name":"ALESSI Pulcina Cafetera de inducci\u00f3n Rojo 6 tazas"}]},{"@type":"WebSite","@id":"https:\/\/www.erresse-shop.it\/es\/#website","url":"https:\/\/www.erresse-shop.it\/es\/","name":"Erresse Shop","description":"Articoli di qualit\u00e0 per la casa","potentialAction":[{"@type":"SearchAction","target":{"@type":"EntryPoint","urlTemplate":"https:\/\/www.erresse-shop.it\/es\/?s={search_term_string}"},"query-input":"required name=search_term_string"}],"inLanguage":"es"}]}},"df_price":65,"df_sale_price":65,"df_regular_price":130,"df_image_link":"https:\/\/www.erresse-shop.it\/wp-content\/uploads\/2020\/08\/ALESSI-Pulcina-Caffettiera-a-Induzione-Rosso-6-Tazze-300x300.jpg","_links":{"self":[{"href":"https:\/\/www.erresse-shop.it\/es\/wp-json\/wp\/v2\/product\/471775"}],"collection":[{"href":"https:\/\/www.erresse-shop.it\/es\/wp-json\/wp\/v2\/product"}],"about":[{"href":"https:\/\/www.erresse-shop.it\/es\/wp-json\/wp\/v2\/types\/product"}],"wp:featuredmedia":[{"embeddable":true,"href":"https:\/\/www.erresse-shop.it\/es\/wp-json\/wp\/v2\/media\/471774"}],"wp:attachment":[{"href":"https:\/\/www.erresse-shop.it\/es\/wp-json\/wp\/v2\/media?parent=471775"}],"wp:term":[{"taxonomy":"product_cat","embeddable":true,"href":"https:\/\/www.erresse-shop.it\/es\/wp-json\/wp\/v2\/product_cat?post=471775"},{"taxonomy":"product_tag","embeddable":true,"href":"https:\/\/www.erresse-shop.it\/es\/wp-json\/wp\/v2\/product_tag?post=471775"}],"curies":[{"name":"wp","href":"https:\/\/api.w.org\/{rel}","templated":true}]}}