{"id":471716,"date":"2020-08-05T14:11:48","date_gmt":"2020-08-05T14:11:48","guid":{"rendered":"https:\/\/www.erresse-shop.it\/shop\/senza-categoria\/alessi-girotondo-porta-palillos-inox\/"},"modified":"2020-08-05T14:11:48","modified_gmt":"2020-08-05T14:11:48","slug":"alessi-girotondo-porta-palillos-inox","status":"publish","type":"product","link":"https:\/\/www.erresse-shop.it\/es\/shop\/tabla\/cestas-y-cuencos\/alessi-girotondo-porta-palillos-inox\/","title":{"rendered":"ALESSI Girotondo Porta-Palillos Inox"},"content":{"rendered":"<p>El portabrotes de acero perforado con forma de hombrecillo es un elegante accesorio de cocina fabricado en acero inoxidable de alta calidad. Su dise\u00f1o \u00fanico presenta una estructura perforada que le confiere ligereza y un toque moderno. Los peque\u00f1os moldes con forma de hombre, grabados con precisi\u00f3n en la superficie, a\u00f1aden un elemento de originalidad y jovialidad al producto. Perfecto para mantener los grisines ordenados y f\u00e1cilmente accesibles, este soporte para grisines es tambi\u00e9n una gran idea de regalo para los amantes de la cocina y del arte de la mesa.<\/p>\n<p>Di\u00e1metro: 9 cm<br \/>\nAltura: 15 cm<\/p>\n","protected":false},"excerpt":{"rendered":"<p>El portabrotes de acero perforado con forma de hombrecillo es un elegante accesorio de cocina fabricado en acero inoxidable de<\/p>\n","protected":false},"featured_media":471715,"template":"","meta":{"_acf_changed":false,"inline_featured_image":false},"product_cat":[16037,16027],"product_tag":[16225,23840,17245],"acf":[],"yoast_head":"<!-- This site is optimized with the Yoast SEO Premium plugin v18.6 (Yoast SEO v19.13) - https:\/\/yoast.com\/wordpress\/plugins\/seo\/ -->\n<title>ALESSI Girotondo Porta-Palillos Inox - Erresse Shop<\/title>\n<meta name=\"description\" content=\"El portabrotes de acero perforado con forma de hombrecillo es un elegante accesorio de cocina fabricado en acero inoxidable de alta calidad. Su dise\u00f1o\" \/>\n<meta name=\"robots\" content=\"index, follow, max-snippet:-1, max-image-preview:large, max-video-preview:-1\" \/>\n<link rel=\"canonical\" href=\"https:\/\/www.erresse-shop.it\/es\/shop\/tabla\/cestas-y-cuencos\/alessi-girotondo-porta-palillos-inox\/\" \/>\n<meta property=\"og:locale\" content=\"es_ES\" \/>\n<meta property=\"og:type\" content=\"article\" \/>\n<meta property=\"og:title\" content=\"ALESSI Girotondo Porta-Palillos Inox\" \/>\n<meta property=\"og:description\" content=\"El portabrotes de acero perforado con forma de hombrecillo es un elegante accesorio de cocina fabricado en acero inoxidable de alta calidad. Su dise\u00f1o\" \/>\n<meta property=\"og:url\" content=\"https:\/\/www.erresse-shop.it\/es\/shop\/tabla\/cestas-y-cuencos\/alessi-girotondo-porta-palillos-inox\/\" \/>\n<meta property=\"og:site_name\" content=\"Erresse Shop\" \/>\n<meta property=\"og:image\" content=\"https:\/\/www.erresse-shop.it\/wp-content\/uploads\/2020\/08\/ALESSI-Girotondo-Portagrissini-Inox.jpg\" \/>\n\t<meta property=\"og:image:width\" content=\"1200\" \/>\n\t<meta property=\"og:image:height\" content=\"1200\" \/>\n\t<meta property=\"og:image:type\" content=\"image\/jpeg\" \/>\n<meta name=\"twitter:card\" content=\"summary_large_image\" \/>\n<script type=\"application\/ld+json\" class=\"yoast-schema-graph\">{\"@context\":\"https:\/\/schema.org\",\"@graph\":[{\"@type\":\"WebPage\",\"@id\":\"https:\/\/www.erresse-shop.it\/es\/shop\/tabla\/cestas-y-cuencos\/alessi-girotondo-porta-palillos-inox\/\",\"url\":\"https:\/\/www.erresse-shop.it\/es\/shop\/tabla\/cestas-y-cuencos\/alessi-girotondo-porta-palillos-inox\/\",\"name\":\"ALESSI Girotondo Porta-Palillos Inox - Erresse Shop\",\"isPartOf\":{\"@id\":\"https:\/\/www.erresse-shop.it\/es\/#website\"},\"datePublished\":\"2020-08-05T14:11:48+00:00\",\"dateModified\":\"2020-08-05T14:11:48+00:00\",\"description\":\"El portabrotes de acero perforado con forma de hombrecillo es un elegante accesorio de cocina fabricado en acero inoxidable de alta calidad. Su dise\u00f1o\",\"breadcrumb\":{\"@id\":\"https:\/\/www.erresse-shop.it\/es\/shop\/tabla\/cestas-y-cuencos\/alessi-girotondo-porta-palillos-inox\/#breadcrumb\"},\"inLanguage\":\"es\",\"potentialAction\":[{\"@type\":\"ReadAction\",\"target\":[\"https:\/\/www.erresse-shop.it\/es\/shop\/tabla\/cestas-y-cuencos\/alessi-girotondo-porta-palillos-inox\/\"]}]},{\"@type\":\"BreadcrumbList\",\"@id\":\"https:\/\/www.erresse-shop.it\/es\/shop\/tabla\/cestas-y-cuencos\/alessi-girotondo-porta-palillos-inox\/#breadcrumb\",\"itemListElement\":[{\"@type\":\"ListItem\",\"position\":1,\"name\":\"Home\",\"item\":\"https:\/\/www.erresse-shop.it\/es\/\"},{\"@type\":\"ListItem\",\"position\":2,\"name\":\"Shop\",\"item\":\"https:\/\/www.erresse-shop.it\/es\/shop\/\"},{\"@type\":\"ListItem\",\"position\":3,\"name\":\"ALESSI Girotondo Porta-Palillos Inox\"}]},{\"@type\":\"WebSite\",\"@id\":\"https:\/\/www.erresse-shop.it\/es\/#website\",\"url\":\"https:\/\/www.erresse-shop.it\/es\/\",\"name\":\"Erresse Shop\",\"description\":\"Articoli di qualit\u00e0 per la casa\",\"potentialAction\":[{\"@type\":\"SearchAction\",\"target\":{\"@type\":\"EntryPoint\",\"urlTemplate\":\"https:\/\/www.erresse-shop.it\/es\/?s={search_term_string}\"},\"query-input\":\"required name=search_term_string\"}],\"inLanguage\":\"es\"}]}<\/script>\n<!-- \/ Yoast SEO Premium plugin. -->","yoast_head_json":{"title":"ALESSI Girotondo Porta-Palillos Inox - Erresse Shop","description":"El portabrotes de acero perforado con forma de hombrecillo es un elegante accesorio de cocina fabricado en acero inoxidable de alta calidad. Su dise\u00f1o","robots":{"index":"index","follow":"follow","max-snippet":"max-snippet:-1","max-image-preview":"max-image-preview:large","max-video-preview":"max-video-preview:-1"},"canonical":"https:\/\/www.erresse-shop.it\/es\/shop\/tabla\/cestas-y-cuencos\/alessi-girotondo-porta-palillos-inox\/","og_locale":"es_ES","og_type":"article","og_title":"ALESSI Girotondo Porta-Palillos Inox","og_description":"El portabrotes de acero perforado con forma de hombrecillo es un elegante accesorio de cocina fabricado en acero inoxidable de alta calidad. Su dise\u00f1o","og_url":"https:\/\/www.erresse-shop.it\/es\/shop\/tabla\/cestas-y-cuencos\/alessi-girotondo-porta-palillos-inox\/","og_site_name":"Erresse Shop","og_image":[{"width":1200,"height":1200,"url":"https:\/\/www.erresse-shop.it\/wp-content\/uploads\/2020\/08\/ALESSI-Girotondo-Portagrissini-Inox.jpg","type":"image\/jpeg"}],"twitter_card":"summary_large_image","schema":{"@context":"https:\/\/schema.org","@graph":[{"@type":"WebPage","@id":"https:\/\/www.erresse-shop.it\/es\/shop\/tabla\/cestas-y-cuencos\/alessi-girotondo-porta-palillos-inox\/","url":"https:\/\/www.erresse-shop.it\/es\/shop\/tabla\/cestas-y-cuencos\/alessi-girotondo-porta-palillos-inox\/","name":"ALESSI Girotondo Porta-Palillos Inox - Erresse Shop","isPartOf":{"@id":"https:\/\/www.erresse-shop.it\/es\/#website"},"datePublished":"2020-08-05T14:11:48+00:00","dateModified":"2020-08-05T14:11:48+00:00","description":"El portabrotes de acero perforado con forma de hombrecillo es un elegante accesorio de cocina fabricado en acero inoxidable de alta calidad. Su dise\u00f1o","breadcrumb":{"@id":"https:\/\/www.erresse-shop.it\/es\/shop\/tabla\/cestas-y-cuencos\/alessi-girotondo-porta-palillos-inox\/#breadcrumb"},"inLanguage":"es","potentialAction":[{"@type":"ReadAction","target":["https:\/\/www.erresse-shop.it\/es\/shop\/tabla\/cestas-y-cuencos\/alessi-girotondo-porta-palillos-inox\/"]}]},{"@type":"BreadcrumbList","@id":"https:\/\/www.erresse-shop.it\/es\/shop\/tabla\/cestas-y-cuencos\/alessi-girotondo-porta-palillos-inox\/#breadcrumb","itemListElement":[{"@type":"ListItem","position":1,"name":"Home","item":"https:\/\/www.erresse-shop.it\/es\/"},{"@type":"ListItem","position":2,"name":"Shop","item":"https:\/\/www.erresse-shop.it\/es\/shop\/"},{"@type":"ListItem","position":3,"name":"ALESSI Girotondo Porta-Palillos Inox"}]},{"@type":"WebSite","@id":"https:\/\/www.erresse-shop.it\/es\/#website","url":"https:\/\/www.erresse-shop.it\/es\/","name":"Erresse Shop","description":"Articoli di qualit\u00e0 per la casa","potentialAction":[{"@type":"SearchAction","target":{"@type":"EntryPoint","urlTemplate":"https:\/\/www.erresse-shop.it\/es\/?s={search_term_string}"},"query-input":"required name=search_term_string"}],"inLanguage":"es"}]}},"df_price":62.95,"df_sale_price":62.95,"df_regular_price":68,"df_image_link":"https:\/\/www.erresse-shop.it\/wp-content\/uploads\/2020\/08\/ALESSI-Girotondo-Portagrissini-Inox-300x300.jpg","_links":{"self":[{"href":"https:\/\/www.erresse-shop.it\/es\/wp-json\/wp\/v2\/product\/471716"}],"collection":[{"href":"https:\/\/www.erresse-shop.it\/es\/wp-json\/wp\/v2\/product"}],"about":[{"href":"https:\/\/www.erresse-shop.it\/es\/wp-json\/wp\/v2\/types\/product"}],"wp:featuredmedia":[{"embeddable":true,"href":"https:\/\/www.erresse-shop.it\/es\/wp-json\/wp\/v2\/media\/471715"}],"wp:attachment":[{"href":"https:\/\/www.erresse-shop.it\/es\/wp-json\/wp\/v2\/media?parent=471716"}],"wp:term":[{"taxonomy":"product_cat","embeddable":true,"href":"https:\/\/www.erresse-shop.it\/es\/wp-json\/wp\/v2\/product_cat?post=471716"},{"taxonomy":"product_tag","embeddable":true,"href":"https:\/\/www.erresse-shop.it\/es\/wp-json\/wp\/v2\/product_tag?post=471716"}],"curies":[{"name":"wp","href":"https:\/\/api.w.org\/{rel}","templated":true}]}}