{"id":471350,"date":"2020-08-05T07:26:29","date_gmt":"2020-08-05T07:26:29","guid":{"rendered":"https:\/\/www.erresse-shop.it\/shop\/senza-categoria\/alessi-plisse-hervidor-electrico-negro-17l\/"},"modified":"2025-02-24T14:33:24","modified_gmt":"2025-02-24T14:33:24","slug":"alessi-plisse-hervidor-electrico-negro-17l","status":"publish","type":"product","link":"https:\/\/www.erresse-shop.it\/es\/shop\/pequenos-electrodomesticos\/hervidores-electricos\/alessi-plisse-hervidor-electrico-negro-17l\/","title":{"rendered":"ALESSI Pliss\u00e9 Hervidor el\u00e9ctrico negro 1,7L"},"content":{"rendered":"<p>Dise\u00f1ado por Michele De Lucchi, el hervidor Pliss\u00e9 combina aspectos funcionales con un dise\u00f1o pl\u00e1stico y fascinante que revela la formaci\u00f3n como arquitecto del dise\u00f1ador, as\u00ed como sus pasiones por la artesan\u00eda y la escultura. Como un tejido que un denso plisado transforma en un objeto tridimensional, este hervidor recuerda a un vestido de alta costura, un bello objeto para dejar expuesto en la encimera de la cocina.<\/p>\n<p>Caracter\u00edsticas<br \/>\n&#8211; Enchufe europeo<br \/>\n&#8211; Capacidad: 1,7 l<br \/>\n&#8211; Altura: 29 cm<br \/>\n&#8211; Anchura: 16 cm<\/p>\n<p><u style=\"font-size: 13px; line-height: 20.8px;\"><strong>Not for sale outside from Europe<\/strong>&lt;\/u<\/u><\/p>\n","protected":false},"excerpt":{"rendered":"<p>Dise\u00f1ado por Michele De Lucchi, el hervidor Pliss\u00e9 combina aspectos funcionales con un dise\u00f1o pl\u00e1stico y fascinante que revela la<\/p>\n","protected":false},"featured_media":471349,"template":"","meta":{"_acf_changed":false,"inline_featured_image":false},"product_cat":[16074,16073],"product_tag":[16259,16178,16258],"acf":[],"yoast_head":"<!-- This site is optimized with the Yoast SEO Premium plugin v18.6 (Yoast SEO v19.13) - https:\/\/yoast.com\/wordpress\/plugins\/seo\/ -->\n<title>ALESSI Pliss\u00e9 Hervidor el\u00e9ctrico negro 1,7L - Erresse Shop<\/title>\n<meta name=\"description\" content=\"Dise\u00f1ado por Michele De Lucchi, el hervidor Pliss\u00e9 combina aspectos funcionales con un dise\u00f1o pl\u00e1stico y fascinante que revela la formaci\u00f3n como\" \/>\n<meta name=\"robots\" content=\"index, follow, max-snippet:-1, max-image-preview:large, max-video-preview:-1\" \/>\n<link rel=\"canonical\" href=\"https:\/\/www.erresse-shop.it\/es\/shop\/pequenos-electrodomesticos\/hervidores-electricos\/alessi-plisse-hervidor-electrico-negro-17l\/\" \/>\n<meta property=\"og:locale\" content=\"es_ES\" \/>\n<meta property=\"og:type\" content=\"article\" \/>\n<meta property=\"og:title\" content=\"ALESSI Pliss\u00e9 Hervidor el\u00e9ctrico negro 1,7L\" \/>\n<meta property=\"og:description\" content=\"Dise\u00f1ado por Michele De Lucchi, el hervidor Pliss\u00e9 combina aspectos funcionales con un dise\u00f1o pl\u00e1stico y fascinante que revela la formaci\u00f3n como\" \/>\n<meta property=\"og:url\" content=\"https:\/\/www.erresse-shop.it\/es\/shop\/pequenos-electrodomesticos\/hervidores-electricos\/alessi-plisse-hervidor-electrico-negro-17l\/\" \/>\n<meta property=\"og:site_name\" content=\"Erresse Shop\" \/>\n<meta property=\"article:modified_time\" content=\"2025-02-24T14:33:24+00:00\" \/>\n<meta property=\"og:image\" content=\"https:\/\/www.erresse-shop.it\/wp-content\/uploads\/2020\/08\/ALESSI-Plisse-Bollitore-Elettrico-Nero-17L.jpg\" \/>\n\t<meta property=\"og:image:width\" content=\"1200\" \/>\n\t<meta property=\"og:image:height\" content=\"1200\" \/>\n\t<meta property=\"og:image:type\" content=\"image\/jpeg\" \/>\n<meta name=\"twitter:card\" content=\"summary_large_image\" \/>\n<script type=\"application\/ld+json\" class=\"yoast-schema-graph\">{\"@context\":\"https:\/\/schema.org\",\"@graph\":[{\"@type\":\"WebPage\",\"@id\":\"https:\/\/www.erresse-shop.it\/es\/shop\/pequenos-electrodomesticos\/hervidores-electricos\/alessi-plisse-hervidor-electrico-negro-17l\/\",\"url\":\"https:\/\/www.erresse-shop.it\/es\/shop\/pequenos-electrodomesticos\/hervidores-electricos\/alessi-plisse-hervidor-electrico-negro-17l\/\",\"name\":\"ALESSI Pliss\u00e9 Hervidor el\u00e9ctrico negro 1,7L - Erresse Shop\",\"isPartOf\":{\"@id\":\"https:\/\/www.erresse-shop.it\/es\/#website\"},\"datePublished\":\"2020-08-05T07:26:29+00:00\",\"dateModified\":\"2025-02-24T14:33:24+00:00\",\"description\":\"Dise\u00f1ado por Michele De Lucchi, el hervidor Pliss\u00e9 combina aspectos funcionales con un dise\u00f1o pl\u00e1stico y fascinante que revela la formaci\u00f3n como\",\"breadcrumb\":{\"@id\":\"https:\/\/www.erresse-shop.it\/es\/shop\/pequenos-electrodomesticos\/hervidores-electricos\/alessi-plisse-hervidor-electrico-negro-17l\/#breadcrumb\"},\"inLanguage\":\"es\",\"potentialAction\":[{\"@type\":\"ReadAction\",\"target\":[\"https:\/\/www.erresse-shop.it\/es\/shop\/pequenos-electrodomesticos\/hervidores-electricos\/alessi-plisse-hervidor-electrico-negro-17l\/\"]}]},{\"@type\":\"BreadcrumbList\",\"@id\":\"https:\/\/www.erresse-shop.it\/es\/shop\/pequenos-electrodomesticos\/hervidores-electricos\/alessi-plisse-hervidor-electrico-negro-17l\/#breadcrumb\",\"itemListElement\":[{\"@type\":\"ListItem\",\"position\":1,\"name\":\"Home\",\"item\":\"https:\/\/www.erresse-shop.it\/es\/\"},{\"@type\":\"ListItem\",\"position\":2,\"name\":\"Shop\",\"item\":\"https:\/\/www.erresse-shop.it\/es\/shop\/\"},{\"@type\":\"ListItem\",\"position\":3,\"name\":\"ALESSI Pliss\u00e9 Hervidor el\u00e9ctrico negro 1,7L\"}]},{\"@type\":\"WebSite\",\"@id\":\"https:\/\/www.erresse-shop.it\/es\/#website\",\"url\":\"https:\/\/www.erresse-shop.it\/es\/\",\"name\":\"Erresse Shop\",\"description\":\"Articoli di qualit\u00e0 per la casa\",\"potentialAction\":[{\"@type\":\"SearchAction\",\"target\":{\"@type\":\"EntryPoint\",\"urlTemplate\":\"https:\/\/www.erresse-shop.it\/es\/?s={search_term_string}\"},\"query-input\":\"required name=search_term_string\"}],\"inLanguage\":\"es\"}]}<\/script>\n<!-- \/ Yoast SEO Premium plugin. -->","yoast_head_json":{"title":"ALESSI Pliss\u00e9 Hervidor el\u00e9ctrico negro 1,7L - Erresse Shop","description":"Dise\u00f1ado por Michele De Lucchi, el hervidor Pliss\u00e9 combina aspectos funcionales con un dise\u00f1o pl\u00e1stico y fascinante que revela la formaci\u00f3n como","robots":{"index":"index","follow":"follow","max-snippet":"max-snippet:-1","max-image-preview":"max-image-preview:large","max-video-preview":"max-video-preview:-1"},"canonical":"https:\/\/www.erresse-shop.it\/es\/shop\/pequenos-electrodomesticos\/hervidores-electricos\/alessi-plisse-hervidor-electrico-negro-17l\/","og_locale":"es_ES","og_type":"article","og_title":"ALESSI Pliss\u00e9 Hervidor el\u00e9ctrico negro 1,7L","og_description":"Dise\u00f1ado por Michele De Lucchi, el hervidor Pliss\u00e9 combina aspectos funcionales con un dise\u00f1o pl\u00e1stico y fascinante que revela la formaci\u00f3n como","og_url":"https:\/\/www.erresse-shop.it\/es\/shop\/pequenos-electrodomesticos\/hervidores-electricos\/alessi-plisse-hervidor-electrico-negro-17l\/","og_site_name":"Erresse Shop","article_modified_time":"2025-02-24T14:33:24+00:00","og_image":[{"width":1200,"height":1200,"url":"https:\/\/www.erresse-shop.it\/wp-content\/uploads\/2020\/08\/ALESSI-Plisse-Bollitore-Elettrico-Nero-17L.jpg","type":"image\/jpeg"}],"twitter_card":"summary_large_image","schema":{"@context":"https:\/\/schema.org","@graph":[{"@type":"WebPage","@id":"https:\/\/www.erresse-shop.it\/es\/shop\/pequenos-electrodomesticos\/hervidores-electricos\/alessi-plisse-hervidor-electrico-negro-17l\/","url":"https:\/\/www.erresse-shop.it\/es\/shop\/pequenos-electrodomesticos\/hervidores-electricos\/alessi-plisse-hervidor-electrico-negro-17l\/","name":"ALESSI Pliss\u00e9 Hervidor el\u00e9ctrico negro 1,7L - Erresse Shop","isPartOf":{"@id":"https:\/\/www.erresse-shop.it\/es\/#website"},"datePublished":"2020-08-05T07:26:29+00:00","dateModified":"2025-02-24T14:33:24+00:00","description":"Dise\u00f1ado por Michele De Lucchi, el hervidor Pliss\u00e9 combina aspectos funcionales con un dise\u00f1o pl\u00e1stico y fascinante que revela la formaci\u00f3n como","breadcrumb":{"@id":"https:\/\/www.erresse-shop.it\/es\/shop\/pequenos-electrodomesticos\/hervidores-electricos\/alessi-plisse-hervidor-electrico-negro-17l\/#breadcrumb"},"inLanguage":"es","potentialAction":[{"@type":"ReadAction","target":["https:\/\/www.erresse-shop.it\/es\/shop\/pequenos-electrodomesticos\/hervidores-electricos\/alessi-plisse-hervidor-electrico-negro-17l\/"]}]},{"@type":"BreadcrumbList","@id":"https:\/\/www.erresse-shop.it\/es\/shop\/pequenos-electrodomesticos\/hervidores-electricos\/alessi-plisse-hervidor-electrico-negro-17l\/#breadcrumb","itemListElement":[{"@type":"ListItem","position":1,"name":"Home","item":"https:\/\/www.erresse-shop.it\/es\/"},{"@type":"ListItem","position":2,"name":"Shop","item":"https:\/\/www.erresse-shop.it\/es\/shop\/"},{"@type":"ListItem","position":3,"name":"ALESSI Pliss\u00e9 Hervidor el\u00e9ctrico negro 1,7L"}]},{"@type":"WebSite","@id":"https:\/\/www.erresse-shop.it\/es\/#website","url":"https:\/\/www.erresse-shop.it\/es\/","name":"Erresse Shop","description":"Articoli di qualit\u00e0 per la casa","potentialAction":[{"@type":"SearchAction","target":{"@type":"EntryPoint","urlTemplate":"https:\/\/www.erresse-shop.it\/es\/?s={search_term_string}"},"query-input":"required name=search_term_string"}],"inLanguage":"es"}]}},"df_price":52.5,"df_sale_price":52.5,"df_regular_price":105,"df_image_link":"https:\/\/www.erresse-shop.it\/wp-content\/uploads\/2020\/08\/ALESSI-Plisse-Bollitore-Elettrico-Nero-17L-300x300.jpg","_links":{"self":[{"href":"https:\/\/www.erresse-shop.it\/es\/wp-json\/wp\/v2\/product\/471350"}],"collection":[{"href":"https:\/\/www.erresse-shop.it\/es\/wp-json\/wp\/v2\/product"}],"about":[{"href":"https:\/\/www.erresse-shop.it\/es\/wp-json\/wp\/v2\/types\/product"}],"wp:featuredmedia":[{"embeddable":true,"href":"https:\/\/www.erresse-shop.it\/es\/wp-json\/wp\/v2\/media\/471349"}],"wp:attachment":[{"href":"https:\/\/www.erresse-shop.it\/es\/wp-json\/wp\/v2\/media?parent=471350"}],"wp:term":[{"taxonomy":"product_cat","embeddable":true,"href":"https:\/\/www.erresse-shop.it\/es\/wp-json\/wp\/v2\/product_cat?post=471350"},{"taxonomy":"product_tag","embeddable":true,"href":"https:\/\/www.erresse-shop.it\/es\/wp-json\/wp\/v2\/product_tag?post=471350"}],"curies":[{"name":"wp","href":"https:\/\/api.w.org\/{rel}","templated":true}]}}