{"id":471245,"date":"2025-02-24T10:10:08","date_gmt":"2025-02-24T10:10:11","guid":{"rendered":"https:\/\/www.erresse-shop.it\/?post_type=product&#038;p=471245"},"modified":"2025-03-07T07:27:11","modified_gmt":"2025-03-07T07:27:11","slug":"stockli-set-de-fondue-titlis-16-cm-copia","status":"publish","type":"product","link":"https:\/\/www.erresse-shop.it\/es\/shop\/pequenos-electrodomesticos\/parrillas-y-barbacoas\/stockli-set-de-fondue-titlis-16-cm-copia\/","title":{"rendered":"STOCKLI Cheeseboard V8 Raclette Grill"},"content":{"rendered":"<p>Ha elegido un producto de calidad de St\u00f6ckli, que le proporcionar\u00e1 satisfacci\u00f3n durante muchos a\u00f1os.<\/p>\n<p>El aparato \u00abCheeseboard V8 Grill\u00bb dispone de una placa de parrilla patentada y de nuevo desarrollo. De hecho, a la izquierda y a la derecha de la placa se ha aplicado una protecci\u00f3n contra salpicaduras que, al reducir las salpicaduras de grasa y jugo, reduce tambi\u00e9n la formaci\u00f3n de humo.<br \/>\nEsta tabla de quesos tambi\u00e9n cuenta con una bandeja de apoyo que se puede utilizar para hacer pausas breves durante la comida. De hecho, es posible colocar c\u00f3modamente la sart\u00e9n sobre la bandeja.<\/p>\n<p><strong>Especificaciones t\u00e9cnicas<\/strong><\/p>\n<p><strong>Dimensiones (An x Al x Pr):<\/strong> 50 x 13,6 x 20,3 cm<br \/>\n<strong>Color:<\/strong> Negro<br \/>\n<strong>N\u00famero m\u00e1ximo de personas:<\/strong> 8<br \/>\n<strong>Temperatura ajustable:<\/strong> S\u00ed<br \/>\n<strong>Placa de parrilla antiadherente:<\/strong> S\u00ed<br \/>\n<strong>Tensi\u00f3n est\u00e1ndar y enchufe Schuko 230 V<\/strong><\/p>\n<p><span style=\"text-decoration: underline;\"><strong>Not for sale outside Europe<\/strong><\/span><\/p>\n","protected":false},"excerpt":{"rendered":"<p>Ha elegido un producto de calidad de St\u00f6ckli, que le proporcionar\u00e1 satisfacci\u00f3n durante muchos a\u00f1os. El aparato \u00abCheeseboard V8 Grill\u00bb<\/p>\n","protected":false},"featured_media":471272,"template":"","meta":{"_acf_changed":false,"inline_featured_image":false},"product_cat":[16083,16073],"product_tag":[16168],"acf":[],"yoast_head":"<!-- This site is optimized with the Yoast SEO Premium plugin v18.6 (Yoast SEO v19.13) - https:\/\/yoast.com\/wordpress\/plugins\/seo\/ -->\n<title>STOCKLI Cheeseboard V8 Raclette Grill - Erresse Shop<\/title>\n<meta name=\"description\" content=\"Ha elegido un producto de calidad de St\u00f6ckli, que le proporcionar\u00e1 satisfacci\u00f3n durante muchos a\u00f1os. El aparato \u00abCheeseboard V8 Grill\u00bb dispone de una\" \/>\n<meta name=\"robots\" content=\"index, follow, max-snippet:-1, max-image-preview:large, max-video-preview:-1\" \/>\n<link rel=\"canonical\" href=\"https:\/\/www.erresse-shop.it\/es\/shop\/pequenos-electrodomesticos\/parrillas-y-barbacoas\/stockli-set-de-fondue-titlis-16-cm-copia\/\" \/>\n<meta property=\"og:locale\" content=\"es_ES\" \/>\n<meta property=\"og:type\" content=\"article\" \/>\n<meta property=\"og:title\" content=\"STOCKLI Cheeseboard V8 Raclette Grill\" \/>\n<meta property=\"og:description\" content=\"Ha elegido un producto de calidad de St\u00f6ckli, que le proporcionar\u00e1 satisfacci\u00f3n durante muchos a\u00f1os. El aparato \u00abCheeseboard V8 Grill\u00bb dispone de una\" \/>\n<meta property=\"og:url\" content=\"https:\/\/www.erresse-shop.it\/es\/shop\/pequenos-electrodomesticos\/parrillas-y-barbacoas\/stockli-set-de-fondue-titlis-16-cm-copia\/\" \/>\n<meta property=\"og:site_name\" content=\"Erresse Shop\" \/>\n<meta property=\"article:modified_time\" content=\"2025-03-07T07:27:11+00:00\" \/>\n<meta property=\"og:image\" content=\"https:\/\/www.erresse-shop.it\/wp-content\/uploads\/2025\/02\/STOCKLI-Cheeseboard-V8-Grill-Griglia-per-Raclette.jpg\" \/>\n\t<meta property=\"og:image:width\" content=\"1200\" \/>\n\t<meta property=\"og:image:height\" content=\"1200\" \/>\n\t<meta property=\"og:image:type\" content=\"image\/jpeg\" \/>\n<meta name=\"twitter:card\" content=\"summary_large_image\" \/>\n<script type=\"application\/ld+json\" class=\"yoast-schema-graph\">{\"@context\":\"https:\/\/schema.org\",\"@graph\":[{\"@type\":\"WebPage\",\"@id\":\"https:\/\/www.erresse-shop.it\/es\/shop\/pequenos-electrodomesticos\/parrillas-y-barbacoas\/stockli-set-de-fondue-titlis-16-cm-copia\/\",\"url\":\"https:\/\/www.erresse-shop.it\/es\/shop\/pequenos-electrodomesticos\/parrillas-y-barbacoas\/stockli-set-de-fondue-titlis-16-cm-copia\/\",\"name\":\"STOCKLI Cheeseboard V8 Raclette Grill - Erresse Shop\",\"isPartOf\":{\"@id\":\"https:\/\/www.erresse-shop.it\/es\/#website\"},\"datePublished\":\"2025-02-24T10:10:11+00:00\",\"dateModified\":\"2025-03-07T07:27:11+00:00\",\"description\":\"Ha elegido un producto de calidad de St\u00f6ckli, que le proporcionar\u00e1 satisfacci\u00f3n durante muchos a\u00f1os. El aparato \u00abCheeseboard V8 Grill\u00bb dispone de una\",\"breadcrumb\":{\"@id\":\"https:\/\/www.erresse-shop.it\/es\/shop\/pequenos-electrodomesticos\/parrillas-y-barbacoas\/stockli-set-de-fondue-titlis-16-cm-copia\/#breadcrumb\"},\"inLanguage\":\"es\",\"potentialAction\":[{\"@type\":\"ReadAction\",\"target\":[\"https:\/\/www.erresse-shop.it\/es\/shop\/pequenos-electrodomesticos\/parrillas-y-barbacoas\/stockli-set-de-fondue-titlis-16-cm-copia\/\"]}]},{\"@type\":\"BreadcrumbList\",\"@id\":\"https:\/\/www.erresse-shop.it\/es\/shop\/pequenos-electrodomesticos\/parrillas-y-barbacoas\/stockli-set-de-fondue-titlis-16-cm-copia\/#breadcrumb\",\"itemListElement\":[{\"@type\":\"ListItem\",\"position\":1,\"name\":\"Home\",\"item\":\"https:\/\/www.erresse-shop.it\/es\/\"},{\"@type\":\"ListItem\",\"position\":2,\"name\":\"Shop\",\"item\":\"https:\/\/www.erresse-shop.it\/es\/shop\/\"},{\"@type\":\"ListItem\",\"position\":3,\"name\":\"STOCKLI Cheeseboard V8 Raclette Grill\"}]},{\"@type\":\"WebSite\",\"@id\":\"https:\/\/www.erresse-shop.it\/es\/#website\",\"url\":\"https:\/\/www.erresse-shop.it\/es\/\",\"name\":\"Erresse Shop\",\"description\":\"Articoli di qualit\u00e0 per la casa\",\"potentialAction\":[{\"@type\":\"SearchAction\",\"target\":{\"@type\":\"EntryPoint\",\"urlTemplate\":\"https:\/\/www.erresse-shop.it\/es\/?s={search_term_string}\"},\"query-input\":\"required name=search_term_string\"}],\"inLanguage\":\"es\"}]}<\/script>\n<!-- \/ Yoast SEO Premium plugin. -->","yoast_head_json":{"title":"STOCKLI Cheeseboard V8 Raclette Grill - Erresse Shop","description":"Ha elegido un producto de calidad de St\u00f6ckli, que le proporcionar\u00e1 satisfacci\u00f3n durante muchos a\u00f1os. El aparato \u00abCheeseboard V8 Grill\u00bb dispone de una","robots":{"index":"index","follow":"follow","max-snippet":"max-snippet:-1","max-image-preview":"max-image-preview:large","max-video-preview":"max-video-preview:-1"},"canonical":"https:\/\/www.erresse-shop.it\/es\/shop\/pequenos-electrodomesticos\/parrillas-y-barbacoas\/stockli-set-de-fondue-titlis-16-cm-copia\/","og_locale":"es_ES","og_type":"article","og_title":"STOCKLI Cheeseboard V8 Raclette Grill","og_description":"Ha elegido un producto de calidad de St\u00f6ckli, que le proporcionar\u00e1 satisfacci\u00f3n durante muchos a\u00f1os. El aparato \u00abCheeseboard V8 Grill\u00bb dispone de una","og_url":"https:\/\/www.erresse-shop.it\/es\/shop\/pequenos-electrodomesticos\/parrillas-y-barbacoas\/stockli-set-de-fondue-titlis-16-cm-copia\/","og_site_name":"Erresse Shop","article_modified_time":"2025-03-07T07:27:11+00:00","og_image":[{"width":1200,"height":1200,"url":"https:\/\/www.erresse-shop.it\/wp-content\/uploads\/2025\/02\/STOCKLI-Cheeseboard-V8-Grill-Griglia-per-Raclette.jpg","type":"image\/jpeg"}],"twitter_card":"summary_large_image","schema":{"@context":"https:\/\/schema.org","@graph":[{"@type":"WebPage","@id":"https:\/\/www.erresse-shop.it\/es\/shop\/pequenos-electrodomesticos\/parrillas-y-barbacoas\/stockli-set-de-fondue-titlis-16-cm-copia\/","url":"https:\/\/www.erresse-shop.it\/es\/shop\/pequenos-electrodomesticos\/parrillas-y-barbacoas\/stockli-set-de-fondue-titlis-16-cm-copia\/","name":"STOCKLI Cheeseboard V8 Raclette Grill - Erresse Shop","isPartOf":{"@id":"https:\/\/www.erresse-shop.it\/es\/#website"},"datePublished":"2025-02-24T10:10:11+00:00","dateModified":"2025-03-07T07:27:11+00:00","description":"Ha elegido un producto de calidad de St\u00f6ckli, que le proporcionar\u00e1 satisfacci\u00f3n durante muchos a\u00f1os. El aparato \u00abCheeseboard V8 Grill\u00bb dispone de una","breadcrumb":{"@id":"https:\/\/www.erresse-shop.it\/es\/shop\/pequenos-electrodomesticos\/parrillas-y-barbacoas\/stockli-set-de-fondue-titlis-16-cm-copia\/#breadcrumb"},"inLanguage":"es","potentialAction":[{"@type":"ReadAction","target":["https:\/\/www.erresse-shop.it\/es\/shop\/pequenos-electrodomesticos\/parrillas-y-barbacoas\/stockli-set-de-fondue-titlis-16-cm-copia\/"]}]},{"@type":"BreadcrumbList","@id":"https:\/\/www.erresse-shop.it\/es\/shop\/pequenos-electrodomesticos\/parrillas-y-barbacoas\/stockli-set-de-fondue-titlis-16-cm-copia\/#breadcrumb","itemListElement":[{"@type":"ListItem","position":1,"name":"Home","item":"https:\/\/www.erresse-shop.it\/es\/"},{"@type":"ListItem","position":2,"name":"Shop","item":"https:\/\/www.erresse-shop.it\/es\/shop\/"},{"@type":"ListItem","position":3,"name":"STOCKLI Cheeseboard V8 Raclette Grill"}]},{"@type":"WebSite","@id":"https:\/\/www.erresse-shop.it\/es\/#website","url":"https:\/\/www.erresse-shop.it\/es\/","name":"Erresse Shop","description":"Articoli di qualit\u00e0 per la casa","potentialAction":[{"@type":"SearchAction","target":{"@type":"EntryPoint","urlTemplate":"https:\/\/www.erresse-shop.it\/es\/?s={search_term_string}"},"query-input":"required name=search_term_string"}],"inLanguage":"es"}]}},"df_price":152.1,"df_sale_price":152.1,"df_regular_price":169,"df_image_link":"https:\/\/www.erresse-shop.it\/wp-content\/uploads\/2025\/02\/STOCKLI-Cheeseboard-V8-Grill-Griglia-per-Raclette-300x300.jpg","_links":{"self":[{"href":"https:\/\/www.erresse-shop.it\/es\/wp-json\/wp\/v2\/product\/471245"}],"collection":[{"href":"https:\/\/www.erresse-shop.it\/es\/wp-json\/wp\/v2\/product"}],"about":[{"href":"https:\/\/www.erresse-shop.it\/es\/wp-json\/wp\/v2\/types\/product"}],"wp:featuredmedia":[{"embeddable":true,"href":"https:\/\/www.erresse-shop.it\/es\/wp-json\/wp\/v2\/media\/471272"}],"wp:attachment":[{"href":"https:\/\/www.erresse-shop.it\/es\/wp-json\/wp\/v2\/media?parent=471245"}],"wp:term":[{"taxonomy":"product_cat","embeddable":true,"href":"https:\/\/www.erresse-shop.it\/es\/wp-json\/wp\/v2\/product_cat?post=471245"},{"taxonomy":"product_tag","embeddable":true,"href":"https:\/\/www.erresse-shop.it\/es\/wp-json\/wp\/v2\/product_tag?post=471245"}],"curies":[{"name":"wp","href":"https:\/\/api.w.org\/{rel}","templated":true}]}}