{"id":471183,"date":"2025-02-24T09:10:38","date_gmt":"2025-02-24T09:10:40","guid":{"rendered":"https:\/\/www.erresse-shop.it\/?post_type=product&#038;p=471183"},"modified":"2025-02-24T09:29:38","modified_gmt":"2025-02-24T09:29:38","slug":"stockli-set-de-fondue-titlis-big-21-cm-copia-2","status":"publish","type":"product","link":"https:\/\/www.erresse-shop.it\/es\/shop\/cocina\/stockli-set-de-fondue-titlis-big-21-cm-copia-2\/","title":{"rendered":"STOCKLI Set de fondue Titlis 16 cm"},"content":{"rendered":"<p><strong>Compartir juntos, sentirse bien juntos<\/strong><\/p>\n<p>El mango de madera clara crea un agradable contraste con la robusta olla de hierro fundido negro, que es compatible con inducci\u00f3n y est\u00e1 equipada con protecci\u00f3n contra salpicaduras. El rechaud de hierro fundido tiene una base de madera y est\u00e1 equipado con un quemador de seguridad para pasta, adecuado para fondue de carne (6 personas) o fondue de queso (2 &#8211; 3 personas). El set incluye seis tenedores para fondue de carne con mangos de madera. El calentador se puede introducir en la olla, de modo que todo el conjunto se puede guardar ahorrando espacio.<\/p>\n<p><strong>Especificaciones t\u00e9cnicas<\/strong><\/p>\n<p><strong>Tipo de quemador:<\/strong> Pasta combustible<br \/>\n<strong>Di\u00e1metro:<\/strong> 16 cm<br \/>\n<strong>Tipo de fondue:<\/strong> Carne \/ Pescado \/ Queso<br \/>\n<strong>Color:<\/strong> Negro<br \/>\n<strong>N\u00famero m\u00e1ximo de personas:<\/strong> 6<\/p>\n","protected":false},"excerpt":{"rendered":"<p>Compartir juntos, sentirse bien juntos El mango de madera clara crea un agradable contraste con la robusta olla de hierro<\/p>\n","protected":false},"featured_media":471209,"template":"","meta":{"_acf_changed":false,"inline_featured_image":false},"product_cat":[16040],"product_tag":[16256],"acf":[],"yoast_head":"<!-- This site is optimized with the Yoast SEO Premium plugin v18.6 (Yoast SEO v19.13) - https:\/\/yoast.com\/wordpress\/plugins\/seo\/ -->\n<title>STOCKLI Set de fondue Titlis 16 cm - Erresse Shop<\/title>\n<meta name=\"description\" content=\"Compartir juntos, sentirse bien juntos El mango de madera clara crea un agradable contraste con la robusta olla de hierro fundido negro, que es compatible\" \/>\n<meta name=\"robots\" content=\"index, follow, max-snippet:-1, max-image-preview:large, max-video-preview:-1\" \/>\n<link rel=\"canonical\" href=\"https:\/\/www.erresse-shop.it\/es\/shop\/cocina\/stockli-set-de-fondue-titlis-big-21-cm-copia-2\/\" \/>\n<meta property=\"og:locale\" content=\"es_ES\" \/>\n<meta property=\"og:type\" content=\"article\" \/>\n<meta property=\"og:title\" content=\"STOCKLI Set de fondue Titlis 16 cm\" \/>\n<meta property=\"og:description\" content=\"Compartir juntos, sentirse bien juntos El mango de madera clara crea un agradable contraste con la robusta olla de hierro fundido negro, que es compatible\" \/>\n<meta property=\"og:url\" content=\"https:\/\/www.erresse-shop.it\/es\/shop\/cocina\/stockli-set-de-fondue-titlis-big-21-cm-copia-2\/\" \/>\n<meta property=\"og:site_name\" content=\"Erresse Shop\" \/>\n<meta property=\"article:modified_time\" content=\"2025-02-24T09:29:38+00:00\" \/>\n<meta property=\"og:image\" content=\"https:\/\/www.erresse-shop.it\/wp-content\/uploads\/2025\/02\/STOCKLI-Set-Fonduta-Titlis-16-cm.jpg\" \/>\n\t<meta property=\"og:image:width\" content=\"1200\" \/>\n\t<meta property=\"og:image:height\" content=\"1200\" \/>\n\t<meta property=\"og:image:type\" content=\"image\/jpeg\" \/>\n<meta name=\"twitter:card\" content=\"summary_large_image\" \/>\n<script type=\"application\/ld+json\" class=\"yoast-schema-graph\">{\"@context\":\"https:\/\/schema.org\",\"@graph\":[{\"@type\":\"WebPage\",\"@id\":\"https:\/\/www.erresse-shop.it\/es\/shop\/cocina\/stockli-set-de-fondue-titlis-big-21-cm-copia-2\/\",\"url\":\"https:\/\/www.erresse-shop.it\/es\/shop\/cocina\/stockli-set-de-fondue-titlis-big-21-cm-copia-2\/\",\"name\":\"STOCKLI Set de fondue Titlis 16 cm - Erresse Shop\",\"isPartOf\":{\"@id\":\"https:\/\/www.erresse-shop.it\/es\/#website\"},\"datePublished\":\"2025-02-24T09:10:40+00:00\",\"dateModified\":\"2025-02-24T09:29:38+00:00\",\"description\":\"Compartir juntos, sentirse bien juntos El mango de madera clara crea un agradable contraste con la robusta olla de hierro fundido negro, que es compatible\",\"breadcrumb\":{\"@id\":\"https:\/\/www.erresse-shop.it\/es\/shop\/cocina\/stockli-set-de-fondue-titlis-big-21-cm-copia-2\/#breadcrumb\"},\"inLanguage\":\"es\",\"potentialAction\":[{\"@type\":\"ReadAction\",\"target\":[\"https:\/\/www.erresse-shop.it\/es\/shop\/cocina\/stockli-set-de-fondue-titlis-big-21-cm-copia-2\/\"]}]},{\"@type\":\"BreadcrumbList\",\"@id\":\"https:\/\/www.erresse-shop.it\/es\/shop\/cocina\/stockli-set-de-fondue-titlis-big-21-cm-copia-2\/#breadcrumb\",\"itemListElement\":[{\"@type\":\"ListItem\",\"position\":1,\"name\":\"Home\",\"item\":\"https:\/\/www.erresse-shop.it\/es\/\"},{\"@type\":\"ListItem\",\"position\":2,\"name\":\"Shop\",\"item\":\"https:\/\/www.erresse-shop.it\/es\/shop\/\"},{\"@type\":\"ListItem\",\"position\":3,\"name\":\"STOCKLI Set de fondue Titlis 16 cm\"}]},{\"@type\":\"WebSite\",\"@id\":\"https:\/\/www.erresse-shop.it\/es\/#website\",\"url\":\"https:\/\/www.erresse-shop.it\/es\/\",\"name\":\"Erresse Shop\",\"description\":\"Articoli di qualit\u00e0 per la casa\",\"potentialAction\":[{\"@type\":\"SearchAction\",\"target\":{\"@type\":\"EntryPoint\",\"urlTemplate\":\"https:\/\/www.erresse-shop.it\/es\/?s={search_term_string}\"},\"query-input\":\"required name=search_term_string\"}],\"inLanguage\":\"es\"}]}<\/script>\n<!-- \/ Yoast SEO Premium plugin. -->","yoast_head_json":{"title":"STOCKLI Set de fondue Titlis 16 cm - Erresse Shop","description":"Compartir juntos, sentirse bien juntos El mango de madera clara crea un agradable contraste con la robusta olla de hierro fundido negro, que es compatible","robots":{"index":"index","follow":"follow","max-snippet":"max-snippet:-1","max-image-preview":"max-image-preview:large","max-video-preview":"max-video-preview:-1"},"canonical":"https:\/\/www.erresse-shop.it\/es\/shop\/cocina\/stockli-set-de-fondue-titlis-big-21-cm-copia-2\/","og_locale":"es_ES","og_type":"article","og_title":"STOCKLI Set de fondue Titlis 16 cm","og_description":"Compartir juntos, sentirse bien juntos El mango de madera clara crea un agradable contraste con la robusta olla de hierro fundido negro, que es compatible","og_url":"https:\/\/www.erresse-shop.it\/es\/shop\/cocina\/stockli-set-de-fondue-titlis-big-21-cm-copia-2\/","og_site_name":"Erresse Shop","article_modified_time":"2025-02-24T09:29:38+00:00","og_image":[{"width":1200,"height":1200,"url":"https:\/\/www.erresse-shop.it\/wp-content\/uploads\/2025\/02\/STOCKLI-Set-Fonduta-Titlis-16-cm.jpg","type":"image\/jpeg"}],"twitter_card":"summary_large_image","schema":{"@context":"https:\/\/schema.org","@graph":[{"@type":"WebPage","@id":"https:\/\/www.erresse-shop.it\/es\/shop\/cocina\/stockli-set-de-fondue-titlis-big-21-cm-copia-2\/","url":"https:\/\/www.erresse-shop.it\/es\/shop\/cocina\/stockli-set-de-fondue-titlis-big-21-cm-copia-2\/","name":"STOCKLI Set de fondue Titlis 16 cm - Erresse Shop","isPartOf":{"@id":"https:\/\/www.erresse-shop.it\/es\/#website"},"datePublished":"2025-02-24T09:10:40+00:00","dateModified":"2025-02-24T09:29:38+00:00","description":"Compartir juntos, sentirse bien juntos El mango de madera clara crea un agradable contraste con la robusta olla de hierro fundido negro, que es compatible","breadcrumb":{"@id":"https:\/\/www.erresse-shop.it\/es\/shop\/cocina\/stockli-set-de-fondue-titlis-big-21-cm-copia-2\/#breadcrumb"},"inLanguage":"es","potentialAction":[{"@type":"ReadAction","target":["https:\/\/www.erresse-shop.it\/es\/shop\/cocina\/stockli-set-de-fondue-titlis-big-21-cm-copia-2\/"]}]},{"@type":"BreadcrumbList","@id":"https:\/\/www.erresse-shop.it\/es\/shop\/cocina\/stockli-set-de-fondue-titlis-big-21-cm-copia-2\/#breadcrumb","itemListElement":[{"@type":"ListItem","position":1,"name":"Home","item":"https:\/\/www.erresse-shop.it\/es\/"},{"@type":"ListItem","position":2,"name":"Shop","item":"https:\/\/www.erresse-shop.it\/es\/shop\/"},{"@type":"ListItem","position":3,"name":"STOCKLI Set de fondue Titlis 16 cm"}]},{"@type":"WebSite","@id":"https:\/\/www.erresse-shop.it\/es\/#website","url":"https:\/\/www.erresse-shop.it\/es\/","name":"Erresse Shop","description":"Articoli di qualit\u00e0 per la casa","potentialAction":[{"@type":"SearchAction","target":{"@type":"EntryPoint","urlTemplate":"https:\/\/www.erresse-shop.it\/es\/?s={search_term_string}"},"query-input":"required name=search_term_string"}],"inLanguage":"es"}]}},"df_price":138.6,"df_sale_price":138.6,"df_regular_price":154,"df_image_link":"https:\/\/www.erresse-shop.it\/wp-content\/uploads\/2025\/02\/STOCKLI-Set-Fonduta-Titlis-16-cm-300x300.jpg","_links":{"self":[{"href":"https:\/\/www.erresse-shop.it\/es\/wp-json\/wp\/v2\/product\/471183"}],"collection":[{"href":"https:\/\/www.erresse-shop.it\/es\/wp-json\/wp\/v2\/product"}],"about":[{"href":"https:\/\/www.erresse-shop.it\/es\/wp-json\/wp\/v2\/types\/product"}],"wp:featuredmedia":[{"embeddable":true,"href":"https:\/\/www.erresse-shop.it\/es\/wp-json\/wp\/v2\/media\/471209"}],"wp:attachment":[{"href":"https:\/\/www.erresse-shop.it\/es\/wp-json\/wp\/v2\/media?parent=471183"}],"wp:term":[{"taxonomy":"product_cat","embeddable":true,"href":"https:\/\/www.erresse-shop.it\/es\/wp-json\/wp\/v2\/product_cat?post=471183"},{"taxonomy":"product_tag","embeddable":true,"href":"https:\/\/www.erresse-shop.it\/es\/wp-json\/wp\/v2\/product_tag?post=471183"}],"curies":[{"name":"wp","href":"https:\/\/api.w.org\/{rel}","templated":true}]}}