{"id":471101,"date":"2025-02-24T07:48:34","date_gmt":"2025-02-24T07:48:37","guid":{"rendered":"https:\/\/www.erresse-shop.it\/?post_type=product&#038;p=471101"},"modified":"2025-02-24T08:04:35","modified_gmt":"2025-02-24T08:04:35","slug":"jura-cafetera-giga-we8-chrome-copia","status":"publish","type":"product","link":"https:\/\/www.erresse-shop.it\/es\/shop\/pequenos-electrodomesticos\/maquinas-de-cafe\/automatico\/jura-cafetera-giga-we8-chrome-copia\/","title":{"rendered":"JURA Cafetera GIGA WE6 Piano Black"},"content":{"rendered":"<div class=\"subt\u00edtulo de la p\u00e1gina\">\n<p><span style=\"font-size: 14pt;\"><strong>Especialidades cl\u00e1sicas de caf\u00e9 para el lugar de trabajo<\/strong><\/span><\/p>\n<p>Donde los clientes, empleados e invitados disfrutan del caf\u00e9, se crea un ambiente agradable: el caf\u00e9 contribuye a que el ambiente sea sereno, comunicativo y productivo. El caf\u00e9 da alas a la mente y fomenta la creatividad. Es imposible imaginar un entorno de trabajo sin caf\u00e9. La nueva WE6 es la herramienta virtuosa que puede preparar perfectamente especialidades de caf\u00e9 cl\u00e1sicas, desde ristretto hasta caf\u00e9 cr\u00e8me, incluido el espresso.<\/p>\n<\/div>\n<div class=\"informaci\u00f3n de la p\u00e1gina\">\n<p><span style=\"font-size: 14pt;\"><strong>Tecnolog\u00edas de vanguardia para un placer perfecto<\/strong><\/span><\/p>\n<p>El molinillo de caf\u00e9 profesional Aroma garantiza un 12,2%* m\u00e1s de aroma y una alta calidad de molienda que se mantiene inalterada durante toda la vida \u00fatil de la m\u00e1quina. Su geometr\u00eda perfeccionada consigue la curva de rectificado \u00f3ptima. Esto significa que el mayor porcentaje de part\u00edculas finas permite que los aromas se liberen en toda su intensidad.<\/p>\n<p>* Molinillo de caf\u00e9 arom\u00e1tico profesional en comparaci\u00f3n con los molinillos de caf\u00e9 convencionales<\/p>\n<p><span style=\"font-size: 14pt;\"><strong>Garant\u00eda de higiene certificada por T\u00dcV<\/strong><\/span><\/p>\n<p>En las empresas, la limpieza y la higiene son siempre de m\u00e1xima importancia. Por ello, los programas de aclarado y limpieza integrados, junto con los productos de limpieza desarrollados especialmente para las m\u00e1quinas autom\u00e1ticas JURA, garantizan una higiene absoluta con solo pulsar un bot\u00f3n; adem\u00e1s, est\u00e1n certificados por T\u00dcV Rheinland: esto convierte a la WE6 en la opci\u00f3n ideal tambi\u00e9n para empresas en las que est\u00e1 en vigor el protocolo HACCP*.<\/p>\n<p><span style=\"font-size: 14pt;\"><strong>Tan individual como tus necesidades<\/strong><\/span><\/p>\n<p>Los requisitos var\u00edan seg\u00fan el \u00e1rea de aplicaci\u00f3n: es por eso que el WE6 ofrece una programaci\u00f3n y personalizaci\u00f3n vers\u00e1tiles. Por ejemplo, la cantidad de agua y caf\u00e9 en polvo se puede adaptar perfectamente a las preferencias individuales y a los platos utilizados. De manera similar, al bloquear otras especialidades, es posible favorecer ciertas especialidades de caf\u00e9. Si lo desea, tambi\u00e9n hay varios modos disponibles que le permiten cambiar la configuraci\u00f3n predeterminada o la cantidad de caf\u00e9 dispensado en la taza solo despu\u00e9s de ingresar una combinaci\u00f3n de teclas espec\u00edfica. De esta manera se excluye cualquier mal uso.<\/p>\n<p>* Protocolo de An\u00e1lisis de Peligros y Puntos Cr\u00edticos de Control<\/p>\n<p><span style=\"font-size: 14pt;\"><strong>Tan individual como tus necesidades<\/strong><\/span><\/p>\n<p>Los requisitos var\u00edan seg\u00fan el \u00e1rea de aplicaci\u00f3n: es por eso que el WE6 ofrece una programaci\u00f3n y personalizaci\u00f3n vers\u00e1tiles. Por ejemplo, la cantidad de agua y caf\u00e9 en polvo se puede adaptar perfectamente a las preferencias individuales y a los platos utilizados. De manera similar, al bloquear otras especialidades, es posible favorecer ciertas especialidades de caf\u00e9. Si lo desea, tambi\u00e9n hay varios modos disponibles que le permiten cambiar la configuraci\u00f3n predeterminada o la cantidad de caf\u00e9 dispensado en la taza solo despu\u00e9s de ingresar una combinaci\u00f3n de teclas espec\u00edfica. De esta manera se excluye cualquier mal uso.<\/p>\n<\/div>\n<p><span style=\"font-size: 14pt;\"><strong>Especificaciones t\u00e9cnicas<\/strong><\/span><\/p>\n<p><strong>Capacidad del tanque de agua:<\/strong>3\u00a0l<br \/>\n<strong>Capacidad del contenedor de granos de caf\u00e9:<\/strong> 500 g<br \/>\n<strong>Contenedor de posos de caf\u00e9:<\/strong> (porciones aproximadas) 25<br \/>\nLongitud del cable: 1,1 m<br \/>\n<strong>Voltaje \/ Potencia:<\/strong> 230 V ~ \/ 1450 W<br \/>\n<strong>Peso:<\/strong> 10 kg<br \/>\n<strong>Dimensiones (An \u00d7 Al \u00d7 Pr):<\/strong> 29,5 \u00d7 41,9 \u00d7 44,4 cm<\/p>\n","protected":false},"excerpt":{"rendered":"<p>Especialidades cl\u00e1sicas de caf\u00e9 para el lugar de trabajo Donde los clientes, empleados e invitados disfrutan del caf\u00e9, se crea<\/p>\n","protected":false},"featured_media":471133,"template":"","meta":{"_acf_changed":false,"inline_featured_image":false},"product_cat":[25362,16076,16073],"product_tag":[23574,20769,23570,16395],"acf":[],"yoast_head":"<!-- This site is optimized with the Yoast SEO Premium plugin v18.6 (Yoast SEO v19.13) - https:\/\/yoast.com\/wordpress\/plugins\/seo\/ -->\n<title>JURA Cafetera GIGA WE6 Piano Black - Erresse Shop<\/title>\n<meta name=\"description\" content=\"Especialidades cl\u00e1sicas de caf\u00e9 para el lugar de trabajo Donde los clientes, empleados e invitados disfrutan del caf\u00e9, se crea un ambiente agradable: el\" \/>\n<meta name=\"robots\" content=\"index, follow, max-snippet:-1, max-image-preview:large, max-video-preview:-1\" \/>\n<link rel=\"canonical\" href=\"https:\/\/www.erresse-shop.it\/es\/shop\/pequenos-electrodomesticos\/maquinas-de-cafe\/automatico\/jura-cafetera-giga-we8-chrome-copia\/\" \/>\n<meta property=\"og:locale\" content=\"es_ES\" \/>\n<meta property=\"og:type\" content=\"article\" \/>\n<meta property=\"og:title\" content=\"JURA Cafetera GIGA WE6 Piano Black\" \/>\n<meta property=\"og:description\" content=\"Especialidades cl\u00e1sicas de caf\u00e9 para el lugar de trabajo Donde los clientes, empleados e invitados disfrutan del caf\u00e9, se crea un ambiente agradable: el\" \/>\n<meta property=\"og:url\" content=\"https:\/\/www.erresse-shop.it\/es\/shop\/pequenos-electrodomesticos\/maquinas-de-cafe\/automatico\/jura-cafetera-giga-we8-chrome-copia\/\" \/>\n<meta property=\"og:site_name\" content=\"Erresse Shop\" \/>\n<meta property=\"article:modified_time\" content=\"2025-02-24T08:04:35+00:00\" \/>\n<meta property=\"og:image\" content=\"https:\/\/www.erresse-shop.it\/wp-content\/uploads\/2025\/02\/JURA-Macchina-Da-Caffe-GIGA-WE8-Piano-Black.jpg\" \/>\n\t<meta property=\"og:image:width\" content=\"1200\" \/>\n\t<meta property=\"og:image:height\" content=\"1200\" \/>\n\t<meta property=\"og:image:type\" content=\"image\/jpeg\" \/>\n<meta name=\"twitter:card\" content=\"summary_large_image\" \/>\n<script type=\"application\/ld+json\" class=\"yoast-schema-graph\">{\"@context\":\"https:\/\/schema.org\",\"@graph\":[{\"@type\":\"WebPage\",\"@id\":\"https:\/\/www.erresse-shop.it\/es\/shop\/pequenos-electrodomesticos\/maquinas-de-cafe\/automatico\/jura-cafetera-giga-we8-chrome-copia\/\",\"url\":\"https:\/\/www.erresse-shop.it\/es\/shop\/pequenos-electrodomesticos\/maquinas-de-cafe\/automatico\/jura-cafetera-giga-we8-chrome-copia\/\",\"name\":\"JURA Cafetera GIGA WE6 Piano Black - Erresse Shop\",\"isPartOf\":{\"@id\":\"https:\/\/www.erresse-shop.it\/es\/#website\"},\"datePublished\":\"2025-02-24T07:48:37+00:00\",\"dateModified\":\"2025-02-24T08:04:35+00:00\",\"description\":\"Especialidades cl\u00e1sicas de caf\u00e9 para el lugar de trabajo Donde los clientes, empleados e invitados disfrutan del caf\u00e9, se crea un ambiente agradable: el\",\"breadcrumb\":{\"@id\":\"https:\/\/www.erresse-shop.it\/es\/shop\/pequenos-electrodomesticos\/maquinas-de-cafe\/automatico\/jura-cafetera-giga-we8-chrome-copia\/#breadcrumb\"},\"inLanguage\":\"es\",\"potentialAction\":[{\"@type\":\"ReadAction\",\"target\":[\"https:\/\/www.erresse-shop.it\/es\/shop\/pequenos-electrodomesticos\/maquinas-de-cafe\/automatico\/jura-cafetera-giga-we8-chrome-copia\/\"]}]},{\"@type\":\"BreadcrumbList\",\"@id\":\"https:\/\/www.erresse-shop.it\/es\/shop\/pequenos-electrodomesticos\/maquinas-de-cafe\/automatico\/jura-cafetera-giga-we8-chrome-copia\/#breadcrumb\",\"itemListElement\":[{\"@type\":\"ListItem\",\"position\":1,\"name\":\"Home\",\"item\":\"https:\/\/www.erresse-shop.it\/es\/\"},{\"@type\":\"ListItem\",\"position\":2,\"name\":\"Shop\",\"item\":\"https:\/\/www.erresse-shop.it\/es\/shop\/\"},{\"@type\":\"ListItem\",\"position\":3,\"name\":\"JURA Cafetera GIGA WE6 Piano Black\"}]},{\"@type\":\"WebSite\",\"@id\":\"https:\/\/www.erresse-shop.it\/es\/#website\",\"url\":\"https:\/\/www.erresse-shop.it\/es\/\",\"name\":\"Erresse Shop\",\"description\":\"Articoli di qualit\u00e0 per la casa\",\"potentialAction\":[{\"@type\":\"SearchAction\",\"target\":{\"@type\":\"EntryPoint\",\"urlTemplate\":\"https:\/\/www.erresse-shop.it\/es\/?s={search_term_string}\"},\"query-input\":\"required name=search_term_string\"}],\"inLanguage\":\"es\"}]}<\/script>\n<!-- \/ Yoast SEO Premium plugin. -->","yoast_head_json":{"title":"JURA Cafetera GIGA WE6 Piano Black - Erresse Shop","description":"Especialidades cl\u00e1sicas de caf\u00e9 para el lugar de trabajo Donde los clientes, empleados e invitados disfrutan del caf\u00e9, se crea un ambiente agradable: el","robots":{"index":"index","follow":"follow","max-snippet":"max-snippet:-1","max-image-preview":"max-image-preview:large","max-video-preview":"max-video-preview:-1"},"canonical":"https:\/\/www.erresse-shop.it\/es\/shop\/pequenos-electrodomesticos\/maquinas-de-cafe\/automatico\/jura-cafetera-giga-we8-chrome-copia\/","og_locale":"es_ES","og_type":"article","og_title":"JURA Cafetera GIGA WE6 Piano Black","og_description":"Especialidades cl\u00e1sicas de caf\u00e9 para el lugar de trabajo Donde los clientes, empleados e invitados disfrutan del caf\u00e9, se crea un ambiente agradable: el","og_url":"https:\/\/www.erresse-shop.it\/es\/shop\/pequenos-electrodomesticos\/maquinas-de-cafe\/automatico\/jura-cafetera-giga-we8-chrome-copia\/","og_site_name":"Erresse Shop","article_modified_time":"2025-02-24T08:04:35+00:00","og_image":[{"width":1200,"height":1200,"url":"https:\/\/www.erresse-shop.it\/wp-content\/uploads\/2025\/02\/JURA-Macchina-Da-Caffe-GIGA-WE8-Piano-Black.jpg","type":"image\/jpeg"}],"twitter_card":"summary_large_image","schema":{"@context":"https:\/\/schema.org","@graph":[{"@type":"WebPage","@id":"https:\/\/www.erresse-shop.it\/es\/shop\/pequenos-electrodomesticos\/maquinas-de-cafe\/automatico\/jura-cafetera-giga-we8-chrome-copia\/","url":"https:\/\/www.erresse-shop.it\/es\/shop\/pequenos-electrodomesticos\/maquinas-de-cafe\/automatico\/jura-cafetera-giga-we8-chrome-copia\/","name":"JURA Cafetera GIGA WE6 Piano Black - Erresse Shop","isPartOf":{"@id":"https:\/\/www.erresse-shop.it\/es\/#website"},"datePublished":"2025-02-24T07:48:37+00:00","dateModified":"2025-02-24T08:04:35+00:00","description":"Especialidades cl\u00e1sicas de caf\u00e9 para el lugar de trabajo Donde los clientes, empleados e invitados disfrutan del caf\u00e9, se crea un ambiente agradable: el","breadcrumb":{"@id":"https:\/\/www.erresse-shop.it\/es\/shop\/pequenos-electrodomesticos\/maquinas-de-cafe\/automatico\/jura-cafetera-giga-we8-chrome-copia\/#breadcrumb"},"inLanguage":"es","potentialAction":[{"@type":"ReadAction","target":["https:\/\/www.erresse-shop.it\/es\/shop\/pequenos-electrodomesticos\/maquinas-de-cafe\/automatico\/jura-cafetera-giga-we8-chrome-copia\/"]}]},{"@type":"BreadcrumbList","@id":"https:\/\/www.erresse-shop.it\/es\/shop\/pequenos-electrodomesticos\/maquinas-de-cafe\/automatico\/jura-cafetera-giga-we8-chrome-copia\/#breadcrumb","itemListElement":[{"@type":"ListItem","position":1,"name":"Home","item":"https:\/\/www.erresse-shop.it\/es\/"},{"@type":"ListItem","position":2,"name":"Shop","item":"https:\/\/www.erresse-shop.it\/es\/shop\/"},{"@type":"ListItem","position":3,"name":"JURA Cafetera GIGA WE6 Piano Black"}]},{"@type":"WebSite","@id":"https:\/\/www.erresse-shop.it\/es\/#website","url":"https:\/\/www.erresse-shop.it\/es\/","name":"Erresse Shop","description":"Articoli di qualit\u00e0 per la casa","potentialAction":[{"@type":"SearchAction","target":{"@type":"EntryPoint","urlTemplate":"https:\/\/www.erresse-shop.it\/es\/?s={search_term_string}"},"query-input":"required name=search_term_string"}],"inLanguage":"es"}]}},"df_price":1439.1000000000001,"df_sale_price":1439.1000000000001,"df_regular_price":1599,"df_image_link":"https:\/\/www.erresse-shop.it\/wp-content\/uploads\/2025\/02\/JURA-Macchina-Da-Caffe-GIGA-WE8-Piano-Black-300x300.jpg","_links":{"self":[{"href":"https:\/\/www.erresse-shop.it\/es\/wp-json\/wp\/v2\/product\/471101"}],"collection":[{"href":"https:\/\/www.erresse-shop.it\/es\/wp-json\/wp\/v2\/product"}],"about":[{"href":"https:\/\/www.erresse-shop.it\/es\/wp-json\/wp\/v2\/types\/product"}],"wp:featuredmedia":[{"embeddable":true,"href":"https:\/\/www.erresse-shop.it\/es\/wp-json\/wp\/v2\/media\/471133"}],"wp:attachment":[{"href":"https:\/\/www.erresse-shop.it\/es\/wp-json\/wp\/v2\/media?parent=471101"}],"wp:term":[{"taxonomy":"product_cat","embeddable":true,"href":"https:\/\/www.erresse-shop.it\/es\/wp-json\/wp\/v2\/product_cat?post=471101"},{"taxonomy":"product_tag","embeddable":true,"href":"https:\/\/www.erresse-shop.it\/es\/wp-json\/wp\/v2\/product_tag?post=471101"}],"curies":[{"name":"wp","href":"https:\/\/api.w.org\/{rel}","templated":true}]}}