{"id":470910,"date":"2025-02-21T13:09:46","date_gmt":"2025-02-21T13:09:49","guid":{"rendered":"https:\/\/www.erresse-shop.it\/?post_type=product&#038;p=470910"},"modified":"2026-02-23T10:13:08","modified_gmt":"2026-02-23T10:13:08","slug":"victorinox-pelador-universal-negro","status":"publish","type":"product","link":"https:\/\/www.erresse-shop.it\/es\/shop\/cocina\/cuchillos\/cuchillos-de-cocina\/victorinox-pelador-universal-negro\/","title":{"rendered":"VICTORINOX Pelador universal negro"},"content":{"rendered":"<p><span style=\"font-size: 14pt;\"><strong>Pelador universal con borde ultra afilado<\/strong><\/span><br \/>\nCocinar es un arte en el que se dibuja con gusto y se decora con colores. Como maestro de su cocina, usted merece las herramientas adecuadas para expresar su creatividad. En estos casos resulta muy \u00fatil el pelador de patatas universal Victorinox. Su borde dentado est\u00e1 listo para hacer frente a las c\u00e1scaras m\u00e1s dif\u00edciles mientras que su mango ergon\u00f3mico hace que cocinar sea divertido y f\u00e1cil.<\/p>\n<p><strong>Dimensiones<\/strong><\/p>\n<ul>\n<li>Altura: 20 mm<\/li>\n<li>Longitud: 175 mm<\/li>\n<li>Ancho: 21 mm<\/li>\n<li>Peso: 21 g<\/li>\n<\/ul>\n<p><strong>Material<\/strong>: Elast\u00f3mero y polipropileno.<\/p>\n","protected":false},"excerpt":{"rendered":"<p>Pelador universal con borde ultra afilado Cocinar es un arte en el que se dibuja con gusto y se decora<\/p>\n","protected":false},"featured_media":470918,"template":"","meta":{"_acf_changed":false,"inline_featured_image":false},"product_cat":[16040,16043,16047],"product_tag":[25039,16528,24605,25023],"acf":[],"yoast_head":"<!-- This site is optimized with the Yoast SEO Premium plugin v18.6 (Yoast SEO v19.13) - https:\/\/yoast.com\/wordpress\/plugins\/seo\/ -->\n<title>VICTORINOX Pelador universal negro - Erresse Shop<\/title>\n<meta name=\"description\" content=\"Pelador universal con borde ultra afilado Cocinar es un arte en el que se dibuja con gusto y se decora con colores. Como maestro de su cocina, usted\" \/>\n<meta name=\"robots\" content=\"index, follow, max-snippet:-1, max-image-preview:large, max-video-preview:-1\" \/>\n<link rel=\"canonical\" href=\"https:\/\/www.erresse-shop.it\/es\/shop\/cocina\/cuchillos\/cuchillos-de-cocina\/victorinox-pelador-universal-negro\/\" \/>\n<meta property=\"og:locale\" content=\"es_ES\" \/>\n<meta property=\"og:type\" content=\"article\" \/>\n<meta property=\"og:title\" content=\"VICTORINOX Pelador universal negro\" \/>\n<meta property=\"og:description\" content=\"Pelador universal con borde ultra afilado Cocinar es un arte en el que se dibuja con gusto y se decora con colores. Como maestro de su cocina, usted\" \/>\n<meta property=\"og:url\" content=\"https:\/\/www.erresse-shop.it\/es\/shop\/cocina\/cuchillos\/cuchillos-de-cocina\/victorinox-pelador-universal-negro\/\" \/>\n<meta property=\"og:site_name\" content=\"Erresse Shop\" \/>\n<meta property=\"article:modified_time\" content=\"2026-02-23T10:13:08+00:00\" \/>\n<meta property=\"og:image\" content=\"https:\/\/www.erresse-shop.it\/wp-content\/uploads\/2025\/02\/VICTORINOX-Sbucciatore-Universale-Nero.jpg\" \/>\n\t<meta property=\"og:image:width\" content=\"1200\" \/>\n\t<meta property=\"og:image:height\" content=\"1200\" \/>\n\t<meta property=\"og:image:type\" content=\"image\/jpeg\" \/>\n<meta name=\"twitter:card\" content=\"summary_large_image\" \/>\n<script type=\"application\/ld+json\" class=\"yoast-schema-graph\">{\"@context\":\"https:\/\/schema.org\",\"@graph\":[{\"@type\":\"WebPage\",\"@id\":\"https:\/\/www.erresse-shop.it\/es\/shop\/cocina\/cuchillos\/cuchillos-de-cocina\/victorinox-pelador-universal-negro\/\",\"url\":\"https:\/\/www.erresse-shop.it\/es\/shop\/cocina\/cuchillos\/cuchillos-de-cocina\/victorinox-pelador-universal-negro\/\",\"name\":\"VICTORINOX Pelador universal negro - Erresse Shop\",\"isPartOf\":{\"@id\":\"https:\/\/www.erresse-shop.it\/es\/#website\"},\"datePublished\":\"2025-02-21T13:09:49+00:00\",\"dateModified\":\"2026-02-23T10:13:08+00:00\",\"description\":\"Pelador universal con borde ultra afilado Cocinar es un arte en el que se dibuja con gusto y se decora con colores. Como maestro de su cocina, usted\",\"breadcrumb\":{\"@id\":\"https:\/\/www.erresse-shop.it\/es\/shop\/cocina\/cuchillos\/cuchillos-de-cocina\/victorinox-pelador-universal-negro\/#breadcrumb\"},\"inLanguage\":\"es\",\"potentialAction\":[{\"@type\":\"ReadAction\",\"target\":[\"https:\/\/www.erresse-shop.it\/es\/shop\/cocina\/cuchillos\/cuchillos-de-cocina\/victorinox-pelador-universal-negro\/\"]}]},{\"@type\":\"BreadcrumbList\",\"@id\":\"https:\/\/www.erresse-shop.it\/es\/shop\/cocina\/cuchillos\/cuchillos-de-cocina\/victorinox-pelador-universal-negro\/#breadcrumb\",\"itemListElement\":[{\"@type\":\"ListItem\",\"position\":1,\"name\":\"Home\",\"item\":\"https:\/\/www.erresse-shop.it\/es\/\"},{\"@type\":\"ListItem\",\"position\":2,\"name\":\"Shop\",\"item\":\"https:\/\/www.erresse-shop.it\/es\/shop\/\"},{\"@type\":\"ListItem\",\"position\":3,\"name\":\"VICTORINOX Pelador universal negro\"}]},{\"@type\":\"WebSite\",\"@id\":\"https:\/\/www.erresse-shop.it\/es\/#website\",\"url\":\"https:\/\/www.erresse-shop.it\/es\/\",\"name\":\"Erresse Shop\",\"description\":\"Articoli di qualit\u00e0 per la casa\",\"potentialAction\":[{\"@type\":\"SearchAction\",\"target\":{\"@type\":\"EntryPoint\",\"urlTemplate\":\"https:\/\/www.erresse-shop.it\/es\/?s={search_term_string}\"},\"query-input\":\"required name=search_term_string\"}],\"inLanguage\":\"es\"}]}<\/script>\n<!-- \/ Yoast SEO Premium plugin. -->","yoast_head_json":{"title":"VICTORINOX Pelador universal negro - Erresse Shop","description":"Pelador universal con borde ultra afilado Cocinar es un arte en el que se dibuja con gusto y se decora con colores. Como maestro de su cocina, usted","robots":{"index":"index","follow":"follow","max-snippet":"max-snippet:-1","max-image-preview":"max-image-preview:large","max-video-preview":"max-video-preview:-1"},"canonical":"https:\/\/www.erresse-shop.it\/es\/shop\/cocina\/cuchillos\/cuchillos-de-cocina\/victorinox-pelador-universal-negro\/","og_locale":"es_ES","og_type":"article","og_title":"VICTORINOX Pelador universal negro","og_description":"Pelador universal con borde ultra afilado Cocinar es un arte en el que se dibuja con gusto y se decora con colores. Como maestro de su cocina, usted","og_url":"https:\/\/www.erresse-shop.it\/es\/shop\/cocina\/cuchillos\/cuchillos-de-cocina\/victorinox-pelador-universal-negro\/","og_site_name":"Erresse Shop","article_modified_time":"2026-02-23T10:13:08+00:00","og_image":[{"width":1200,"height":1200,"url":"https:\/\/www.erresse-shop.it\/wp-content\/uploads\/2025\/02\/VICTORINOX-Sbucciatore-Universale-Nero.jpg","type":"image\/jpeg"}],"twitter_card":"summary_large_image","schema":{"@context":"https:\/\/schema.org","@graph":[{"@type":"WebPage","@id":"https:\/\/www.erresse-shop.it\/es\/shop\/cocina\/cuchillos\/cuchillos-de-cocina\/victorinox-pelador-universal-negro\/","url":"https:\/\/www.erresse-shop.it\/es\/shop\/cocina\/cuchillos\/cuchillos-de-cocina\/victorinox-pelador-universal-negro\/","name":"VICTORINOX Pelador universal negro - Erresse Shop","isPartOf":{"@id":"https:\/\/www.erresse-shop.it\/es\/#website"},"datePublished":"2025-02-21T13:09:49+00:00","dateModified":"2026-02-23T10:13:08+00:00","description":"Pelador universal con borde ultra afilado Cocinar es un arte en el que se dibuja con gusto y se decora con colores. Como maestro de su cocina, usted","breadcrumb":{"@id":"https:\/\/www.erresse-shop.it\/es\/shop\/cocina\/cuchillos\/cuchillos-de-cocina\/victorinox-pelador-universal-negro\/#breadcrumb"},"inLanguage":"es","potentialAction":[{"@type":"ReadAction","target":["https:\/\/www.erresse-shop.it\/es\/shop\/cocina\/cuchillos\/cuchillos-de-cocina\/victorinox-pelador-universal-negro\/"]}]},{"@type":"BreadcrumbList","@id":"https:\/\/www.erresse-shop.it\/es\/shop\/cocina\/cuchillos\/cuchillos-de-cocina\/victorinox-pelador-universal-negro\/#breadcrumb","itemListElement":[{"@type":"ListItem","position":1,"name":"Home","item":"https:\/\/www.erresse-shop.it\/es\/"},{"@type":"ListItem","position":2,"name":"Shop","item":"https:\/\/www.erresse-shop.it\/es\/shop\/"},{"@type":"ListItem","position":3,"name":"VICTORINOX Pelador universal negro"}]},{"@type":"WebSite","@id":"https:\/\/www.erresse-shop.it\/es\/#website","url":"https:\/\/www.erresse-shop.it\/es\/","name":"Erresse Shop","description":"Articoli di qualit\u00e0 per la casa","potentialAction":[{"@type":"SearchAction","target":{"@type":"EntryPoint","urlTemplate":"https:\/\/www.erresse-shop.it\/es\/?s={search_term_string}"},"query-input":"required name=search_term_string"}],"inLanguage":"es"}]}},"df_price":4.99,"df_sale_price":4.99,"df_regular_price":10,"df_image_link":"https:\/\/www.erresse-shop.it\/wp-content\/uploads\/2025\/02\/VICTORINOX-Sbucciatore-Universale-Nero-300x300.jpg","_links":{"self":[{"href":"https:\/\/www.erresse-shop.it\/es\/wp-json\/wp\/v2\/product\/470910"}],"collection":[{"href":"https:\/\/www.erresse-shop.it\/es\/wp-json\/wp\/v2\/product"}],"about":[{"href":"https:\/\/www.erresse-shop.it\/es\/wp-json\/wp\/v2\/types\/product"}],"wp:featuredmedia":[{"embeddable":true,"href":"https:\/\/www.erresse-shop.it\/es\/wp-json\/wp\/v2\/media\/470918"}],"wp:attachment":[{"href":"https:\/\/www.erresse-shop.it\/es\/wp-json\/wp\/v2\/media?parent=470910"}],"wp:term":[{"taxonomy":"product_cat","embeddable":true,"href":"https:\/\/www.erresse-shop.it\/es\/wp-json\/wp\/v2\/product_cat?post=470910"},{"taxonomy":"product_tag","embeddable":true,"href":"https:\/\/www.erresse-shop.it\/es\/wp-json\/wp\/v2\/product_tag?post=470910"}],"curies":[{"name":"wp","href":"https:\/\/api.w.org\/{rel}","templated":true}]}}