{"id":470883,"date":"2025-02-21T11:46:55","date_gmt":"2025-02-21T11:46:58","guid":{"rendered":"https:\/\/www.erresse-shop.it\/?post_type=product&#038;p=470883"},"modified":"2025-02-21T11:58:34","modified_gmt":"2025-02-21T11:58:34","slug":"miyabi-5000-mcd-shotoh-13-cm-copia","status":"publish","type":"product","link":"https:\/\/www.erresse-shop.it\/es\/shop\/cocina\/cuchillos\/cuchillos-de-cocina\/miyabi-5000-mcd-shotoh-13-cm-copia\/","title":{"rendered":"MIYABI 5000 MCD Gyutoh 24 cm"},"content":{"rendered":"<p>El cuchillo Miyabi Black 5000MCD es una aut\u00e9ntica obra de arte. La hoja est\u00e1 hecha de acero en polvo de microcarburo MC66, endurecido en hielo a unos impresionantes 66 HRC. De esta manera obtendr\u00e1s un filo excepcionalmente afilado y duradero. La hoja est\u00e1 envuelta en 132 capas adicionales de acero, creando un hermoso patr\u00f3n floral de damasco. El mango de la serie Miyabi Black est\u00e1 fabricado con madera de fresno negro \u00fanica en su tipo. La veta y el color de la madera de fresno negro contrastan con el patr\u00f3n de damasco de la hoja. El mango est\u00e1 fabricado en la tradicional forma de &#8220;D&#8221;, que ofrece una ergonom\u00eda \u00f3ptima para cortar sin esfuerzo. Hecho a mano en Seki, Jap\u00f3n<\/p>\n<ul>\n<li>La hoja est\u00e1 hecha de 133 capas de acero, que crean un patr\u00f3n de damasco floral.<\/li>\n<li>El acero de microcarburo MC66 est\u00e1 endurecido a 66 HRC<\/li>\n<li>Mango en forma de D en hermosa madera de fresno negro<\/li>\n<li>Afilado con el m\u00e9todo tradicional Honbazuke de tres pasos<\/li>\n<li>Hecho a mano en Seki, Jap\u00f3n<\/li>\n<\/ul>\n<p><strong>CARACTER\u00cdSTICAS<\/strong><\/p>\n<ul>\n<li>Color: Marr\u00f3n<\/li>\n<li>Material: MC63<\/li>\n<li>Tipo de mango: espiga oculta<\/li>\n<li>Tipo de borde: liso<\/li>\n<\/ul>\n<p>Acabado de los bordes: afilado Honbazuke<\/p>\n<ul>\n<li>M\u00e9todo de producci\u00f3n: soldado<\/li>\n<li>Dureza de la hoja (HRC): 63 HRC<\/li>\n<li>Color del mango: marr\u00f3n-negro<\/li>\n<li>Material del mango: Arce negro<\/li>\n<\/ul>\n<p><strong>DIMENSIONES<\/strong><\/p>\n<ul>\n<li class=\"attribute\"><span class=\"label\">Peso neto:<\/span><span class=\"value\">0,22 kg<\/span><\/li>\n<li class=\"attribute\"><span class=\"label\">Longitud del producto:<\/span><span class=\"value\">37,70 cm<\/span><\/li>\n<li class=\"attribute\"><span class=\"label\">Ancho del producto:<\/span><span class=\"value\">2,20 cm<\/span><\/li>\n<li class=\"attribute\"><span class=\"label\">Altura del producto:<\/span><span class=\"value\">5,30 cm<\/span><\/li>\n<li class=\"attribute\"><span class=\"label\">Longitud de la hoja:<\/span><span class=\"value\">24,00 cm<\/span><\/li>\n<li class=\"attribute\"><span class=\"label\">Longitud del mango:<\/span><span class=\"value\">13,70 cm<\/span><\/li>\n<li class=\"attribute\"><span class=\"label\">Ancho del mango:<\/span><span class=\"value\">2,30 cm<\/span><\/li>\n<li class=\"attribute\"><span class=\"label\">Ancho de la hoja:<\/span><span class=\"value\">0,20 cm<\/span><\/li>\n<li class=\"attribute\"><span class=\"label\">Grosor de la hoja:<\/span><span class=\"value\">0,20 cm<\/span><\/li>\n<\/ul>\n","protected":false},"excerpt":{"rendered":"<p>El cuchillo Miyabi Black 5000MCD es una aut\u00e9ntica obra de arte. La hoja est\u00e1 hecha de acero en polvo de<\/p>\n","protected":false},"featured_media":470903,"template":"","meta":{"_acf_changed":false,"inline_featured_image":false},"product_cat":[16040,16043,16047],"product_tag":[25029,16162,16432,22496,24682,25023,17812],"acf":[],"yoast_head":"<!-- This site is optimized with the Yoast SEO Premium plugin v18.6 (Yoast SEO v19.13) - https:\/\/yoast.com\/wordpress\/plugins\/seo\/ -->\n<title>MIYABI 5000 MCD Gyutoh 24 cm - Erresse Shop<\/title>\n<meta name=\"description\" content=\"El cuchillo Miyabi Black 5000MCD es una aut\u00e9ntica obra de arte. La hoja est\u00e1 hecha de acero en polvo de microcarburo MC66, endurecido en hielo a unos\" \/>\n<meta name=\"robots\" content=\"index, follow, max-snippet:-1, max-image-preview:large, max-video-preview:-1\" \/>\n<link rel=\"canonical\" href=\"https:\/\/www.erresse-shop.it\/es\/shop\/cocina\/cuchillos\/cuchillos-de-cocina\/miyabi-5000-mcd-shotoh-13-cm-copia\/\" \/>\n<meta property=\"og:locale\" content=\"es_ES\" \/>\n<meta property=\"og:type\" content=\"article\" \/>\n<meta property=\"og:title\" content=\"MIYABI 5000 MCD Gyutoh 24 cm\" \/>\n<meta property=\"og:description\" content=\"El cuchillo Miyabi Black 5000MCD es una aut\u00e9ntica obra de arte. La hoja est\u00e1 hecha de acero en polvo de microcarburo MC66, endurecido en hielo a unos\" \/>\n<meta property=\"og:url\" content=\"https:\/\/www.erresse-shop.it\/es\/shop\/cocina\/cuchillos\/cuchillos-de-cocina\/miyabi-5000-mcd-shotoh-13-cm-copia\/\" \/>\n<meta property=\"og:site_name\" content=\"Erresse Shop\" \/>\n<meta property=\"article:modified_time\" content=\"2025-02-21T11:58:34+00:00\" \/>\n<meta property=\"og:image\" content=\"https:\/\/www.erresse-shop.it\/wp-content\/uploads\/2025\/02\/MIYABI-5000-MCD-Gyutoh-24-cm.jpg\" \/>\n\t<meta property=\"og:image:width\" content=\"1200\" \/>\n\t<meta property=\"og:image:height\" content=\"1200\" \/>\n\t<meta property=\"og:image:type\" content=\"image\/jpeg\" \/>\n<meta name=\"twitter:card\" content=\"summary_large_image\" \/>\n<script type=\"application\/ld+json\" class=\"yoast-schema-graph\">{\"@context\":\"https:\/\/schema.org\",\"@graph\":[{\"@type\":\"WebPage\",\"@id\":\"https:\/\/www.erresse-shop.it\/es\/shop\/cocina\/cuchillos\/cuchillos-de-cocina\/miyabi-5000-mcd-shotoh-13-cm-copia\/\",\"url\":\"https:\/\/www.erresse-shop.it\/es\/shop\/cocina\/cuchillos\/cuchillos-de-cocina\/miyabi-5000-mcd-shotoh-13-cm-copia\/\",\"name\":\"MIYABI 5000 MCD Gyutoh 24 cm - Erresse Shop\",\"isPartOf\":{\"@id\":\"https:\/\/www.erresse-shop.it\/es\/#website\"},\"datePublished\":\"2025-02-21T11:46:58+00:00\",\"dateModified\":\"2025-02-21T11:58:34+00:00\",\"description\":\"El cuchillo Miyabi Black 5000MCD es una aut\u00e9ntica obra de arte. La hoja est\u00e1 hecha de acero en polvo de microcarburo MC66, endurecido en hielo a unos\",\"breadcrumb\":{\"@id\":\"https:\/\/www.erresse-shop.it\/es\/shop\/cocina\/cuchillos\/cuchillos-de-cocina\/miyabi-5000-mcd-shotoh-13-cm-copia\/#breadcrumb\"},\"inLanguage\":\"es\",\"potentialAction\":[{\"@type\":\"ReadAction\",\"target\":[\"https:\/\/www.erresse-shop.it\/es\/shop\/cocina\/cuchillos\/cuchillos-de-cocina\/miyabi-5000-mcd-shotoh-13-cm-copia\/\"]}]},{\"@type\":\"BreadcrumbList\",\"@id\":\"https:\/\/www.erresse-shop.it\/es\/shop\/cocina\/cuchillos\/cuchillos-de-cocina\/miyabi-5000-mcd-shotoh-13-cm-copia\/#breadcrumb\",\"itemListElement\":[{\"@type\":\"ListItem\",\"position\":1,\"name\":\"Home\",\"item\":\"https:\/\/www.erresse-shop.it\/es\/\"},{\"@type\":\"ListItem\",\"position\":2,\"name\":\"Shop\",\"item\":\"https:\/\/www.erresse-shop.it\/es\/shop\/\"},{\"@type\":\"ListItem\",\"position\":3,\"name\":\"MIYABI 5000 MCD Gyutoh 24 cm\"}]},{\"@type\":\"WebSite\",\"@id\":\"https:\/\/www.erresse-shop.it\/es\/#website\",\"url\":\"https:\/\/www.erresse-shop.it\/es\/\",\"name\":\"Erresse Shop\",\"description\":\"Articoli di qualit\u00e0 per la casa\",\"potentialAction\":[{\"@type\":\"SearchAction\",\"target\":{\"@type\":\"EntryPoint\",\"urlTemplate\":\"https:\/\/www.erresse-shop.it\/es\/?s={search_term_string}\"},\"query-input\":\"required name=search_term_string\"}],\"inLanguage\":\"es\"}]}<\/script>\n<!-- \/ Yoast SEO Premium plugin. -->","yoast_head_json":{"title":"MIYABI 5000 MCD Gyutoh 24 cm - Erresse Shop","description":"El cuchillo Miyabi Black 5000MCD es una aut\u00e9ntica obra de arte. La hoja est\u00e1 hecha de acero en polvo de microcarburo MC66, endurecido en hielo a unos","robots":{"index":"index","follow":"follow","max-snippet":"max-snippet:-1","max-image-preview":"max-image-preview:large","max-video-preview":"max-video-preview:-1"},"canonical":"https:\/\/www.erresse-shop.it\/es\/shop\/cocina\/cuchillos\/cuchillos-de-cocina\/miyabi-5000-mcd-shotoh-13-cm-copia\/","og_locale":"es_ES","og_type":"article","og_title":"MIYABI 5000 MCD Gyutoh 24 cm","og_description":"El cuchillo Miyabi Black 5000MCD es una aut\u00e9ntica obra de arte. La hoja est\u00e1 hecha de acero en polvo de microcarburo MC66, endurecido en hielo a unos","og_url":"https:\/\/www.erresse-shop.it\/es\/shop\/cocina\/cuchillos\/cuchillos-de-cocina\/miyabi-5000-mcd-shotoh-13-cm-copia\/","og_site_name":"Erresse Shop","article_modified_time":"2025-02-21T11:58:34+00:00","og_image":[{"width":1200,"height":1200,"url":"https:\/\/www.erresse-shop.it\/wp-content\/uploads\/2025\/02\/MIYABI-5000-MCD-Gyutoh-24-cm.jpg","type":"image\/jpeg"}],"twitter_card":"summary_large_image","schema":{"@context":"https:\/\/schema.org","@graph":[{"@type":"WebPage","@id":"https:\/\/www.erresse-shop.it\/es\/shop\/cocina\/cuchillos\/cuchillos-de-cocina\/miyabi-5000-mcd-shotoh-13-cm-copia\/","url":"https:\/\/www.erresse-shop.it\/es\/shop\/cocina\/cuchillos\/cuchillos-de-cocina\/miyabi-5000-mcd-shotoh-13-cm-copia\/","name":"MIYABI 5000 MCD Gyutoh 24 cm - Erresse Shop","isPartOf":{"@id":"https:\/\/www.erresse-shop.it\/es\/#website"},"datePublished":"2025-02-21T11:46:58+00:00","dateModified":"2025-02-21T11:58:34+00:00","description":"El cuchillo Miyabi Black 5000MCD es una aut\u00e9ntica obra de arte. La hoja est\u00e1 hecha de acero en polvo de microcarburo MC66, endurecido en hielo a unos","breadcrumb":{"@id":"https:\/\/www.erresse-shop.it\/es\/shop\/cocina\/cuchillos\/cuchillos-de-cocina\/miyabi-5000-mcd-shotoh-13-cm-copia\/#breadcrumb"},"inLanguage":"es","potentialAction":[{"@type":"ReadAction","target":["https:\/\/www.erresse-shop.it\/es\/shop\/cocina\/cuchillos\/cuchillos-de-cocina\/miyabi-5000-mcd-shotoh-13-cm-copia\/"]}]},{"@type":"BreadcrumbList","@id":"https:\/\/www.erresse-shop.it\/es\/shop\/cocina\/cuchillos\/cuchillos-de-cocina\/miyabi-5000-mcd-shotoh-13-cm-copia\/#breadcrumb","itemListElement":[{"@type":"ListItem","position":1,"name":"Home","item":"https:\/\/www.erresse-shop.it\/es\/"},{"@type":"ListItem","position":2,"name":"Shop","item":"https:\/\/www.erresse-shop.it\/es\/shop\/"},{"@type":"ListItem","position":3,"name":"MIYABI 5000 MCD Gyutoh 24 cm"}]},{"@type":"WebSite","@id":"https:\/\/www.erresse-shop.it\/es\/#website","url":"https:\/\/www.erresse-shop.it\/es\/","name":"Erresse Shop","description":"Articoli di qualit\u00e0 per la casa","potentialAction":[{"@type":"SearchAction","target":{"@type":"EntryPoint","urlTemplate":"https:\/\/www.erresse-shop.it\/es\/?s={search_term_string}"},"query-input":"required name=search_term_string"}],"inLanguage":"es"}]}},"df_price":263.45000000000005,"df_sale_price":263.45000000000005,"df_regular_price":479,"df_image_link":"https:\/\/www.erresse-shop.it\/wp-content\/uploads\/2025\/02\/MIYABI-5000-MCD-Gyutoh-24-cm-300x300.jpg","_links":{"self":[{"href":"https:\/\/www.erresse-shop.it\/es\/wp-json\/wp\/v2\/product\/470883"}],"collection":[{"href":"https:\/\/www.erresse-shop.it\/es\/wp-json\/wp\/v2\/product"}],"about":[{"href":"https:\/\/www.erresse-shop.it\/es\/wp-json\/wp\/v2\/types\/product"}],"wp:featuredmedia":[{"embeddable":true,"href":"https:\/\/www.erresse-shop.it\/es\/wp-json\/wp\/v2\/media\/470903"}],"wp:attachment":[{"href":"https:\/\/www.erresse-shop.it\/es\/wp-json\/wp\/v2\/media?parent=470883"}],"wp:term":[{"taxonomy":"product_cat","embeddable":true,"href":"https:\/\/www.erresse-shop.it\/es\/wp-json\/wp\/v2\/product_cat?post=470883"},{"taxonomy":"product_tag","embeddable":true,"href":"https:\/\/www.erresse-shop.it\/es\/wp-json\/wp\/v2\/product_tag?post=470883"}],"curies":[{"name":"wp","href":"https:\/\/api.w.org\/{rel}","templated":true}]}}