{"id":470851,"date":"2025-02-21T11:29:49","date_gmt":"2025-02-21T11:29:53","guid":{"rendered":"https:\/\/www.erresse-shop.it\/?post_type=product&#038;p=470851"},"modified":"2026-02-23T10:18:43","modified_gmt":"2026-02-23T10:18:43","slug":"zwilling-tijeras-multifuncion-20-cm","status":"publish","type":"product","link":"https:\/\/www.erresse-shop.it\/es\/shop\/cocina\/herramientas\/zwilling-tijeras-multifuncion-20-cm\/","title":{"rendered":"ZWILLING Tijeras multifunci\u00f3n 20 cm"},"content":{"rendered":"<p>Las tijeras de cocina ZWILLING J.A. Henckels TWIN puede realizar f\u00e1cilmente cualquier tipo de corte en la cocina. Ya sea que est\u00e9 cortando hierbas, cortando diferentes tipos de alimentos o abriendo paquetes, estas tijeras siempre estar\u00e1n a la altura de la tarea. Todos ellos est\u00e1n fijados con un tornillo que garantiza la precisi\u00f3n del movimiento de las cuchillas y la facilidad de afilado. Todas las tijeras de cocina ZWILLING J.A. Los Henckels son aptos para lavavajillas.<\/p>\n<ul>\n<li>La f\u00f3rmula especial del acero inoxidable garantiza la durabilidad del producto.<\/li>\n<li>Hojas FRIODUR\u00ae endurecidas con tratamiento criog\u00e9nico para una excepcional durabilidad de las superficies de corte y resistencia a la corrosi\u00f3n.<\/li>\n<li>Las resistentes hojas de las tijeras est\u00e1n afiladas a mano.<\/li>\n<li>El microdentado agarra el material y corta incluso los materiales m\u00e1s gruesos con facilidad<\/li>\n<li>La herramienta integrada es \u00fatil para aflojar tapas especialmente dif\u00edciles de abrir.<\/li>\n<\/ul>\n","protected":false},"excerpt":{"rendered":"<p>Las tijeras de cocina ZWILLING J.A. Henckels TWIN puede realizar f\u00e1cilmente cualquier tipo de corte en la cocina. Ya sea<\/p>\n","protected":false},"featured_media":470875,"template":"","meta":{"_acf_changed":false,"inline_featured_image":false},"product_cat":[16040,25335],"product_tag":[25039,17115,20083,25023],"acf":[],"yoast_head":"<!-- This site is optimized with the Yoast SEO Premium plugin v18.6 (Yoast SEO v19.13) - https:\/\/yoast.com\/wordpress\/plugins\/seo\/ -->\n<title>ZWILLING Tijeras multifunci\u00f3n 20 cm - Erresse Shop<\/title>\n<meta name=\"description\" content=\"Las tijeras de cocina ZWILLING J.A. Henckels TWIN puede realizar f\u00e1cilmente cualquier tipo de corte en la cocina. Ya sea que est\u00e9 cortando hierbas,\" \/>\n<meta name=\"robots\" content=\"index, follow, max-snippet:-1, max-image-preview:large, max-video-preview:-1\" \/>\n<link rel=\"canonical\" href=\"https:\/\/www.erresse-shop.it\/es\/shop\/cocina\/herramientas\/zwilling-tijeras-multifuncion-20-cm\/\" \/>\n<meta property=\"og:locale\" content=\"es_ES\" \/>\n<meta property=\"og:type\" content=\"article\" \/>\n<meta property=\"og:title\" content=\"ZWILLING Tijeras multifunci\u00f3n 20 cm\" \/>\n<meta property=\"og:description\" content=\"Las tijeras de cocina ZWILLING J.A. Henckels TWIN puede realizar f\u00e1cilmente cualquier tipo de corte en la cocina. Ya sea que est\u00e9 cortando hierbas,\" \/>\n<meta property=\"og:url\" content=\"https:\/\/www.erresse-shop.it\/es\/shop\/cocina\/herramientas\/zwilling-tijeras-multifuncion-20-cm\/\" \/>\n<meta property=\"og:site_name\" content=\"Erresse Shop\" \/>\n<meta property=\"article:modified_time\" content=\"2026-02-23T10:18:43+00:00\" \/>\n<meta property=\"og:image\" content=\"https:\/\/www.erresse-shop.it\/wp-content\/uploads\/2025\/02\/ZWILLING-Forbici-Multifunzione-20-cm.jpg\" \/>\n\t<meta property=\"og:image:width\" content=\"1200\" \/>\n\t<meta property=\"og:image:height\" content=\"1200\" \/>\n\t<meta property=\"og:image:type\" content=\"image\/jpeg\" \/>\n<meta name=\"twitter:card\" content=\"summary_large_image\" \/>\n<script type=\"application\/ld+json\" class=\"yoast-schema-graph\">{\"@context\":\"https:\/\/schema.org\",\"@graph\":[{\"@type\":\"WebPage\",\"@id\":\"https:\/\/www.erresse-shop.it\/es\/shop\/cocina\/herramientas\/zwilling-tijeras-multifuncion-20-cm\/\",\"url\":\"https:\/\/www.erresse-shop.it\/es\/shop\/cocina\/herramientas\/zwilling-tijeras-multifuncion-20-cm\/\",\"name\":\"ZWILLING Tijeras multifunci\u00f3n 20 cm - Erresse Shop\",\"isPartOf\":{\"@id\":\"https:\/\/www.erresse-shop.it\/es\/#website\"},\"datePublished\":\"2025-02-21T11:29:53+00:00\",\"dateModified\":\"2026-02-23T10:18:43+00:00\",\"description\":\"Las tijeras de cocina ZWILLING J.A. Henckels TWIN puede realizar f\u00e1cilmente cualquier tipo de corte en la cocina. Ya sea que est\u00e9 cortando hierbas,\",\"breadcrumb\":{\"@id\":\"https:\/\/www.erresse-shop.it\/es\/shop\/cocina\/herramientas\/zwilling-tijeras-multifuncion-20-cm\/#breadcrumb\"},\"inLanguage\":\"es\",\"potentialAction\":[{\"@type\":\"ReadAction\",\"target\":[\"https:\/\/www.erresse-shop.it\/es\/shop\/cocina\/herramientas\/zwilling-tijeras-multifuncion-20-cm\/\"]}]},{\"@type\":\"BreadcrumbList\",\"@id\":\"https:\/\/www.erresse-shop.it\/es\/shop\/cocina\/herramientas\/zwilling-tijeras-multifuncion-20-cm\/#breadcrumb\",\"itemListElement\":[{\"@type\":\"ListItem\",\"position\":1,\"name\":\"Home\",\"item\":\"https:\/\/www.erresse-shop.it\/es\/\"},{\"@type\":\"ListItem\",\"position\":2,\"name\":\"Shop\",\"item\":\"https:\/\/www.erresse-shop.it\/es\/shop\/\"},{\"@type\":\"ListItem\",\"position\":3,\"name\":\"ZWILLING Tijeras multifunci\u00f3n 20 cm\"}]},{\"@type\":\"WebSite\",\"@id\":\"https:\/\/www.erresse-shop.it\/es\/#website\",\"url\":\"https:\/\/www.erresse-shop.it\/es\/\",\"name\":\"Erresse Shop\",\"description\":\"Articoli di qualit\u00e0 per la casa\",\"potentialAction\":[{\"@type\":\"SearchAction\",\"target\":{\"@type\":\"EntryPoint\",\"urlTemplate\":\"https:\/\/www.erresse-shop.it\/es\/?s={search_term_string}\"},\"query-input\":\"required name=search_term_string\"}],\"inLanguage\":\"es\"}]}<\/script>\n<!-- \/ Yoast SEO Premium plugin. -->","yoast_head_json":{"title":"ZWILLING Tijeras multifunci\u00f3n 20 cm - Erresse Shop","description":"Las tijeras de cocina ZWILLING J.A. Henckels TWIN puede realizar f\u00e1cilmente cualquier tipo de corte en la cocina. Ya sea que est\u00e9 cortando hierbas,","robots":{"index":"index","follow":"follow","max-snippet":"max-snippet:-1","max-image-preview":"max-image-preview:large","max-video-preview":"max-video-preview:-1"},"canonical":"https:\/\/www.erresse-shop.it\/es\/shop\/cocina\/herramientas\/zwilling-tijeras-multifuncion-20-cm\/","og_locale":"es_ES","og_type":"article","og_title":"ZWILLING Tijeras multifunci\u00f3n 20 cm","og_description":"Las tijeras de cocina ZWILLING J.A. Henckels TWIN puede realizar f\u00e1cilmente cualquier tipo de corte en la cocina. Ya sea que est\u00e9 cortando hierbas,","og_url":"https:\/\/www.erresse-shop.it\/es\/shop\/cocina\/herramientas\/zwilling-tijeras-multifuncion-20-cm\/","og_site_name":"Erresse Shop","article_modified_time":"2026-02-23T10:18:43+00:00","og_image":[{"width":1200,"height":1200,"url":"https:\/\/www.erresse-shop.it\/wp-content\/uploads\/2025\/02\/ZWILLING-Forbici-Multifunzione-20-cm.jpg","type":"image\/jpeg"}],"twitter_card":"summary_large_image","schema":{"@context":"https:\/\/schema.org","@graph":[{"@type":"WebPage","@id":"https:\/\/www.erresse-shop.it\/es\/shop\/cocina\/herramientas\/zwilling-tijeras-multifuncion-20-cm\/","url":"https:\/\/www.erresse-shop.it\/es\/shop\/cocina\/herramientas\/zwilling-tijeras-multifuncion-20-cm\/","name":"ZWILLING Tijeras multifunci\u00f3n 20 cm - Erresse Shop","isPartOf":{"@id":"https:\/\/www.erresse-shop.it\/es\/#website"},"datePublished":"2025-02-21T11:29:53+00:00","dateModified":"2026-02-23T10:18:43+00:00","description":"Las tijeras de cocina ZWILLING J.A. Henckels TWIN puede realizar f\u00e1cilmente cualquier tipo de corte en la cocina. Ya sea que est\u00e9 cortando hierbas,","breadcrumb":{"@id":"https:\/\/www.erresse-shop.it\/es\/shop\/cocina\/herramientas\/zwilling-tijeras-multifuncion-20-cm\/#breadcrumb"},"inLanguage":"es","potentialAction":[{"@type":"ReadAction","target":["https:\/\/www.erresse-shop.it\/es\/shop\/cocina\/herramientas\/zwilling-tijeras-multifuncion-20-cm\/"]}]},{"@type":"BreadcrumbList","@id":"https:\/\/www.erresse-shop.it\/es\/shop\/cocina\/herramientas\/zwilling-tijeras-multifuncion-20-cm\/#breadcrumb","itemListElement":[{"@type":"ListItem","position":1,"name":"Home","item":"https:\/\/www.erresse-shop.it\/es\/"},{"@type":"ListItem","position":2,"name":"Shop","item":"https:\/\/www.erresse-shop.it\/es\/shop\/"},{"@type":"ListItem","position":3,"name":"ZWILLING Tijeras multifunci\u00f3n 20 cm"}]},{"@type":"WebSite","@id":"https:\/\/www.erresse-shop.it\/es\/#website","url":"https:\/\/www.erresse-shop.it\/es\/","name":"Erresse Shop","description":"Articoli di qualit\u00e0 per la casa","potentialAction":[{"@type":"SearchAction","target":{"@type":"EntryPoint","urlTemplate":"https:\/\/www.erresse-shop.it\/es\/?s={search_term_string}"},"query-input":"required name=search_term_string"}],"inLanguage":"es"}]}},"df_price":22,"df_sale_price":22,"df_regular_price":44.95,"df_image_link":"https:\/\/www.erresse-shop.it\/wp-content\/uploads\/2025\/02\/ZWILLING-Forbici-Multifunzione-20-cm-300x300.jpg","_links":{"self":[{"href":"https:\/\/www.erresse-shop.it\/es\/wp-json\/wp\/v2\/product\/470851"}],"collection":[{"href":"https:\/\/www.erresse-shop.it\/es\/wp-json\/wp\/v2\/product"}],"about":[{"href":"https:\/\/www.erresse-shop.it\/es\/wp-json\/wp\/v2\/types\/product"}],"wp:featuredmedia":[{"embeddable":true,"href":"https:\/\/www.erresse-shop.it\/es\/wp-json\/wp\/v2\/media\/470875"}],"wp:attachment":[{"href":"https:\/\/www.erresse-shop.it\/es\/wp-json\/wp\/v2\/media?parent=470851"}],"wp:term":[{"taxonomy":"product_cat","embeddable":true,"href":"https:\/\/www.erresse-shop.it\/es\/wp-json\/wp\/v2\/product_cat?post=470851"},{"taxonomy":"product_tag","embeddable":true,"href":"https:\/\/www.erresse-shop.it\/es\/wp-json\/wp\/v2\/product_tag?post=470851"}],"curies":[{"name":"wp","href":"https:\/\/api.w.org\/{rel}","templated":true}]}}