{"id":470756,"date":"2025-02-21T10:08:58","date_gmt":"2025-02-21T10:09:01","guid":{"rendered":"https:\/\/www.erresse-shop.it\/?post_type=product&#038;p=470756"},"modified":"2026-02-23T10:33:56","modified_gmt":"2026-02-23T10:33:56","slug":"mario-luca-giusti-italia-copa-de-vino-6-piezas-rubi","status":"publish","type":"product","link":"https:\/\/www.erresse-shop.it\/es\/shop\/tabla\/vino\/calices\/mario-luca-giusti-italia-copa-de-vino-6-piezas-rubi\/","title":{"rendered":"MARIO LUCA GIUSTI Italia Copa de vino 6 piezas Rub\u00ed"},"content":{"rendered":"<p>Objetos bellos, limpios, simples y elegantes, de dise\u00f1o, coloridos: dise\u00f1ados y creados por el estilista Mario Luca Giusti de Florencia.<\/p>\n<p>Una nueva y moderna forma de pensar en vasos, jarras, soportes para tartas y accesorios de mesa en material pl\u00e1stico: acr\u00edlico y policarbonato.<\/p>\n<p>Las colecciones, estudiadas y dise\u00f1adas por el propio Giusti, se enriquecen cada a\u00f1o con nuevos modelos, a\u00f1adiendo objetos con formas imaginativas y colores que van del blanco al negro, del transparente a los colores m\u00e1s brillantes. La inspiraci\u00f3n viene de la naturaleza, del paisaje, del arte italiano; Para hacer un vaso se mira una colina o las facetas de un diamante, para un juego de platos se roba un dise\u00f1o decimon\u00f3nico, las plantas de la selva ecuatorial, las flores de un jard\u00edn ingl\u00e9s, el pelaje de los animales de la sabana. Para los colores se toman prestados los del arco iris y m\u00e1s a\u00fan.<\/p>\n","protected":false},"excerpt":{"rendered":"<p>Objetos bellos, limpios, simples y elegantes, de dise\u00f1o, coloridos: dise\u00f1ados y creados por el estilista Mario Luca Giusti de Florencia.<\/p>\n","protected":false},"featured_media":470763,"template":"","meta":{"_acf_changed":false,"inline_featured_image":false},"product_cat":[16052,16027,16051],"product_tag":[25029,17757,21992,21987,19386,23343,16617,25873,24605,16117,16610,25023,23684],"acf":[],"yoast_head":"<!-- This site is optimized with the Yoast SEO Premium plugin v18.6 (Yoast SEO v19.13) - https:\/\/yoast.com\/wordpress\/plugins\/seo\/ -->\n<title>MARIO LUCA GIUSTI Italia Copa de vino 6 piezas Rub\u00ed - Erresse Shop<\/title>\n<meta name=\"description\" content=\"Objetos bellos, limpios, simples y elegantes, de dise\u00f1o, coloridos: dise\u00f1ados y creados por el estilista Mario Luca Giusti de Florencia. Una nueva y\" \/>\n<meta name=\"robots\" content=\"index, follow, max-snippet:-1, max-image-preview:large, max-video-preview:-1\" \/>\n<link rel=\"canonical\" href=\"https:\/\/www.erresse-shop.it\/es\/shop\/tabla\/vino\/calices\/mario-luca-giusti-italia-copa-de-vino-6-piezas-rubi\/\" \/>\n<meta property=\"og:locale\" content=\"es_ES\" \/>\n<meta property=\"og:type\" content=\"article\" \/>\n<meta property=\"og:title\" content=\"MARIO LUCA GIUSTI Italia Copa de vino 6 piezas Rub\u00ed\" \/>\n<meta property=\"og:description\" content=\"Objetos bellos, limpios, simples y elegantes, de dise\u00f1o, coloridos: dise\u00f1ados y creados por el estilista Mario Luca Giusti de Florencia. Una nueva y\" \/>\n<meta property=\"og:url\" content=\"https:\/\/www.erresse-shop.it\/es\/shop\/tabla\/vino\/calices\/mario-luca-giusti-italia-copa-de-vino-6-piezas-rubi\/\" \/>\n<meta property=\"og:site_name\" content=\"Erresse Shop\" \/>\n<meta property=\"article:modified_time\" content=\"2026-02-23T10:33:56+00:00\" \/>\n<meta property=\"og:image\" content=\"https:\/\/www.erresse-shop.it\/wp-content\/uploads\/2025\/02\/MARIO-LUCA-GIUSTI-Italia-Calice-Vino-6-pezzi-Rubino.jpg\" \/>\n\t<meta property=\"og:image:width\" content=\"1200\" \/>\n\t<meta property=\"og:image:height\" content=\"1200\" \/>\n\t<meta property=\"og:image:type\" content=\"image\/jpeg\" \/>\n<meta name=\"twitter:card\" content=\"summary_large_image\" \/>\n<script type=\"application\/ld+json\" class=\"yoast-schema-graph\">{\"@context\":\"https:\/\/schema.org\",\"@graph\":[{\"@type\":\"WebPage\",\"@id\":\"https:\/\/www.erresse-shop.it\/es\/shop\/tabla\/vino\/calices\/mario-luca-giusti-italia-copa-de-vino-6-piezas-rubi\/\",\"url\":\"https:\/\/www.erresse-shop.it\/es\/shop\/tabla\/vino\/calices\/mario-luca-giusti-italia-copa-de-vino-6-piezas-rubi\/\",\"name\":\"MARIO LUCA GIUSTI Italia Copa de vino 6 piezas Rub\u00ed - Erresse Shop\",\"isPartOf\":{\"@id\":\"https:\/\/www.erresse-shop.it\/es\/#website\"},\"datePublished\":\"2025-02-21T10:09:01+00:00\",\"dateModified\":\"2026-02-23T10:33:56+00:00\",\"description\":\"Objetos bellos, limpios, simples y elegantes, de dise\u00f1o, coloridos: dise\u00f1ados y creados por el estilista Mario Luca Giusti de Florencia. Una nueva y\",\"breadcrumb\":{\"@id\":\"https:\/\/www.erresse-shop.it\/es\/shop\/tabla\/vino\/calices\/mario-luca-giusti-italia-copa-de-vino-6-piezas-rubi\/#breadcrumb\"},\"inLanguage\":\"es\",\"potentialAction\":[{\"@type\":\"ReadAction\",\"target\":[\"https:\/\/www.erresse-shop.it\/es\/shop\/tabla\/vino\/calices\/mario-luca-giusti-italia-copa-de-vino-6-piezas-rubi\/\"]}]},{\"@type\":\"BreadcrumbList\",\"@id\":\"https:\/\/www.erresse-shop.it\/es\/shop\/tabla\/vino\/calices\/mario-luca-giusti-italia-copa-de-vino-6-piezas-rubi\/#breadcrumb\",\"itemListElement\":[{\"@type\":\"ListItem\",\"position\":1,\"name\":\"Home\",\"item\":\"https:\/\/www.erresse-shop.it\/es\/\"},{\"@type\":\"ListItem\",\"position\":2,\"name\":\"Shop\",\"item\":\"https:\/\/www.erresse-shop.it\/es\/shop\/\"},{\"@type\":\"ListItem\",\"position\":3,\"name\":\"MARIO LUCA GIUSTI Italia Copa de vino 6 piezas Rub\u00ed\"}]},{\"@type\":\"WebSite\",\"@id\":\"https:\/\/www.erresse-shop.it\/es\/#website\",\"url\":\"https:\/\/www.erresse-shop.it\/es\/\",\"name\":\"Erresse Shop\",\"description\":\"Articoli di qualit\u00e0 per la casa\",\"potentialAction\":[{\"@type\":\"SearchAction\",\"target\":{\"@type\":\"EntryPoint\",\"urlTemplate\":\"https:\/\/www.erresse-shop.it\/es\/?s={search_term_string}\"},\"query-input\":\"required name=search_term_string\"}],\"inLanguage\":\"es\"}]}<\/script>\n<!-- \/ Yoast SEO Premium plugin. -->","yoast_head_json":{"title":"MARIO LUCA GIUSTI Italia Copa de vino 6 piezas Rub\u00ed - Erresse Shop","description":"Objetos bellos, limpios, simples y elegantes, de dise\u00f1o, coloridos: dise\u00f1ados y creados por el estilista Mario Luca Giusti de Florencia. Una nueva y","robots":{"index":"index","follow":"follow","max-snippet":"max-snippet:-1","max-image-preview":"max-image-preview:large","max-video-preview":"max-video-preview:-1"},"canonical":"https:\/\/www.erresse-shop.it\/es\/shop\/tabla\/vino\/calices\/mario-luca-giusti-italia-copa-de-vino-6-piezas-rubi\/","og_locale":"es_ES","og_type":"article","og_title":"MARIO LUCA GIUSTI Italia Copa de vino 6 piezas Rub\u00ed","og_description":"Objetos bellos, limpios, simples y elegantes, de dise\u00f1o, coloridos: dise\u00f1ados y creados por el estilista Mario Luca Giusti de Florencia. Una nueva y","og_url":"https:\/\/www.erresse-shop.it\/es\/shop\/tabla\/vino\/calices\/mario-luca-giusti-italia-copa-de-vino-6-piezas-rubi\/","og_site_name":"Erresse Shop","article_modified_time":"2026-02-23T10:33:56+00:00","og_image":[{"width":1200,"height":1200,"url":"https:\/\/www.erresse-shop.it\/wp-content\/uploads\/2025\/02\/MARIO-LUCA-GIUSTI-Italia-Calice-Vino-6-pezzi-Rubino.jpg","type":"image\/jpeg"}],"twitter_card":"summary_large_image","schema":{"@context":"https:\/\/schema.org","@graph":[{"@type":"WebPage","@id":"https:\/\/www.erresse-shop.it\/es\/shop\/tabla\/vino\/calices\/mario-luca-giusti-italia-copa-de-vino-6-piezas-rubi\/","url":"https:\/\/www.erresse-shop.it\/es\/shop\/tabla\/vino\/calices\/mario-luca-giusti-italia-copa-de-vino-6-piezas-rubi\/","name":"MARIO LUCA GIUSTI Italia Copa de vino 6 piezas Rub\u00ed - Erresse Shop","isPartOf":{"@id":"https:\/\/www.erresse-shop.it\/es\/#website"},"datePublished":"2025-02-21T10:09:01+00:00","dateModified":"2026-02-23T10:33:56+00:00","description":"Objetos bellos, limpios, simples y elegantes, de dise\u00f1o, coloridos: dise\u00f1ados y creados por el estilista Mario Luca Giusti de Florencia. Una nueva y","breadcrumb":{"@id":"https:\/\/www.erresse-shop.it\/es\/shop\/tabla\/vino\/calices\/mario-luca-giusti-italia-copa-de-vino-6-piezas-rubi\/#breadcrumb"},"inLanguage":"es","potentialAction":[{"@type":"ReadAction","target":["https:\/\/www.erresse-shop.it\/es\/shop\/tabla\/vino\/calices\/mario-luca-giusti-italia-copa-de-vino-6-piezas-rubi\/"]}]},{"@type":"BreadcrumbList","@id":"https:\/\/www.erresse-shop.it\/es\/shop\/tabla\/vino\/calices\/mario-luca-giusti-italia-copa-de-vino-6-piezas-rubi\/#breadcrumb","itemListElement":[{"@type":"ListItem","position":1,"name":"Home","item":"https:\/\/www.erresse-shop.it\/es\/"},{"@type":"ListItem","position":2,"name":"Shop","item":"https:\/\/www.erresse-shop.it\/es\/shop\/"},{"@type":"ListItem","position":3,"name":"MARIO LUCA GIUSTI Italia Copa de vino 6 piezas Rub\u00ed"}]},{"@type":"WebSite","@id":"https:\/\/www.erresse-shop.it\/es\/#website","url":"https:\/\/www.erresse-shop.it\/es\/","name":"Erresse Shop","description":"Articoli di qualit\u00e0 per la casa","potentialAction":[{"@type":"SearchAction","target":{"@type":"EntryPoint","urlTemplate":"https:\/\/www.erresse-shop.it\/es\/?s={search_term_string}"},"query-input":"required name=search_term_string"}],"inLanguage":"es"}]}},"df_price":89,"df_sale_price":89,"df_regular_price":150,"df_image_link":"https:\/\/www.erresse-shop.it\/wp-content\/uploads\/2025\/02\/MARIO-LUCA-GIUSTI-Italia-Calice-Vino-6-pezzi-Rubino-300x300.jpg","_links":{"self":[{"href":"https:\/\/www.erresse-shop.it\/es\/wp-json\/wp\/v2\/product\/470756"}],"collection":[{"href":"https:\/\/www.erresse-shop.it\/es\/wp-json\/wp\/v2\/product"}],"about":[{"href":"https:\/\/www.erresse-shop.it\/es\/wp-json\/wp\/v2\/types\/product"}],"wp:featuredmedia":[{"embeddable":true,"href":"https:\/\/www.erresse-shop.it\/es\/wp-json\/wp\/v2\/media\/470763"}],"wp:attachment":[{"href":"https:\/\/www.erresse-shop.it\/es\/wp-json\/wp\/v2\/media?parent=470756"}],"wp:term":[{"taxonomy":"product_cat","embeddable":true,"href":"https:\/\/www.erresse-shop.it\/es\/wp-json\/wp\/v2\/product_cat?post=470756"},{"taxonomy":"product_tag","embeddable":true,"href":"https:\/\/www.erresse-shop.it\/es\/wp-json\/wp\/v2\/product_tag?post=470756"}],"curies":[{"name":"wp","href":"https:\/\/api.w.org\/{rel}","templated":true}]}}