{"id":470559,"date":"2025-02-21T07:38:14","date_gmt":"2025-02-21T07:38:17","guid":{"rendered":"https:\/\/www.erresse-shop.it\/?post_type=product&#038;p=470559"},"modified":"2025-02-21T07:52:11","modified_gmt":"2025-02-21T07:52:11","slug":"jura-cafetera-giga-x8-platino-copia","status":"publish","type":"product","link":"https:\/\/www.erresse-shop.it\/es\/shop\/pequenos-electrodomesticos\/maquinas-de-cafe\/automatico\/jura-cafetera-giga-x8-platino-copia\/","title":{"rendered":"JURA Cafetera GIGA X4 Dark Inox"},"content":{"rendered":"<div class=\"page-subtitle\"><span style=\"font-size: 14pt;\"><strong>Para disfrutar al m\u00e1ximo las especialidades de caf\u00e9 negro<\/strong><\/span><\/div>\n<div class=\"informaci\u00f3n de la p\u00e1gina\">\n<p>El X4 ofrece un disfrute del caf\u00e9 insuperable. Muele granos de caf\u00e9 con el molinillo de aroma profesional (P.A.G.2) y combina tres innovadores procesos de preparaci\u00f3n de JURA. Con la funci\u00f3n One-Touch Lungo obtendr\u00e1s especialidades arom\u00e1ticas de Americano y Lungo con una nota caracter\u00edstica. El apreciado caf\u00e9 cr\u00e8me se beneficia de la tecnolog\u00eda de preparaci\u00f3n 3D, mientras que el espresso es fuerte y aterciopelado gracias al proceso de extracci\u00f3n pulsada (P.E.P.<sup>\u00ae<\/sup>).<\/p>\n<p><span style=\"font-size: 14pt;\"><strong>Calidad de caf\u00e9 excepcional<\/strong><\/span><\/p>\n<p>El moderno molinillo de caf\u00e9 Professional Aroma Grinder (P.A.G.2) est\u00e1 dise\u00f1ado para una molienda perfecta y lleva toda la variedad de aromas del caf\u00e9 de cualquier variedad y tueste a tu taza. Entre una preparaci\u00f3n y otra, el molinillo de caf\u00e9 permanece en modo de espera para conservarlo y aumentar su vida \u00fatil. Tres procesos de elaboraci\u00f3n diferentes garantizan un resultado perfecto, otorgando autom\u00e1ticamente a la especialidad seleccionada su car\u00e1cter distintivo con solo tocar un bot\u00f3n.<\/p>\n<p><span style=\"font-size: 14pt;\"><strong>M\u00e1xima usabilidad<\/strong><\/span><\/p>\n<p>El X4 destaca por su doble profesionalidad, ya que tiene en cuenta tanto las necesidades de los directivos como las de los usuarios. Con una pantalla de 3,5 pulgadas y botones de selecci\u00f3n directa, ofrece un c\u00f3modo acceso al mundo del placer. Desde el punto de vista operativo, convence por sus posibilidades de configuraci\u00f3n y bloqueo. Gracias al dep\u00f3sito de agua y al contenedor de granos de caf\u00e9 con cerradura, el X4 est\u00e1 protegido de intervenciones externas. Est\u00e1 equipado con componentes ergon\u00f3micos como la bandeja de recogida de agua y el contenedor de posos de caf\u00e9 que garantizan un f\u00e1cil manejo en el uso diario.<\/p>\n<p><span style=\"font-size: 14pt;\"><strong>Aspecto profesional atemporal<\/strong><\/span><\/p>\n<p>La X4 presenta el dise\u00f1o cl\u00e1sico de JURA en color Dark Inox y un lenguaje de dise\u00f1o lineal que llama la atenci\u00f3n y queda muy bien tanto en entornos de dise\u00f1o como en el mostrador de restauraci\u00f3n. El dise\u00f1o del X4 es el resultado del equilibrio perfecto entre est\u00e9tica y funcionalidad.<\/p>\n<p><span style=\"font-size: 14pt;\"><strong>Admite m\u00e9todos de pago modernos<\/strong><\/span><\/p>\n<p>El X4 admite el est\u00e1ndar MDB y permite la conexi\u00f3n a varios sistemas de pago. Ya sea pago con tarjeta de cr\u00e9dito, con tarjeta de cr\u00e9dito o con pago m\u00f3vil, con el kit de interfaz JURA MDB 2.0 el X4 ofrece la m\u00e1xima flexibilidad. El JURA Pocket Pilot 2.0 tambi\u00e9n demuestra ser una soluci\u00f3n convincente. Al combinar el pago sin contacto con un sistema de facturaci\u00f3n y gesti\u00f3n, este software gratuito se convierte en una herramienta basada en la web.<\/p>\n<\/div>\n<p><span style=\"font-size: 14pt;\"><strong>Especificaciones t\u00e9cnicas<\/strong><\/span><\/p>\n<p>Capacidad del dep\u00f3sito de agua: 5 l<br \/>\n<strong>Capacidad del contenedor de granos de caf\u00e9:<\/strong> 500 g<br \/>\n<strong>Contenedor de posos de caf\u00e9:<\/strong> (porciones aprox.) 40<br \/>\nLongitud del cable: 1,2 m<br \/>\n<strong>Voltaje\/Potencia:<\/strong> 230 V ~\/1450 W<br \/>\n<strong>Consumo en espera:<\/strong> \u2264 0,5 W<br \/>\n<strong>Peso:<\/strong> 13,5 kg<br \/>\n<strong>Dimensiones (An \u00d7 Al \u00d7 Pr):<\/strong>\u00a0 37,3\u2009\u00d7\u200947\u2009\u00d7\u200946,1 cm<\/p>\n","protected":false},"excerpt":{"rendered":"<p>Para disfrutar al m\u00e1ximo las especialidades de caf\u00e9 negro El X4 ofrece un disfrute del caf\u00e9 insuperable. Muele granos de<\/p>\n","protected":false},"featured_media":470585,"template":"","meta":{"_acf_changed":false,"inline_featured_image":false},"product_cat":[25362,16076,16073],"product_tag":[23574,20769,23570,16395],"acf":[],"yoast_head":"<!-- This site is optimized with the Yoast SEO Premium plugin v18.6 (Yoast SEO v19.13) - https:\/\/yoast.com\/wordpress\/plugins\/seo\/ -->\n<title>JURA Cafetera GIGA X4 Dark Inox - Erresse Shop<\/title>\n<meta name=\"description\" content=\"Para disfrutar al m\u00e1ximo las especialidades de caf\u00e9 negro El X4 ofrece un disfrute del caf\u00e9 insuperable. Muele granos de caf\u00e9 con el molinillo de aroma\" \/>\n<meta name=\"robots\" content=\"index, follow, max-snippet:-1, max-image-preview:large, max-video-preview:-1\" \/>\n<link rel=\"canonical\" href=\"https:\/\/www.erresse-shop.it\/es\/shop\/pequenos-electrodomesticos\/maquinas-de-cafe\/automatico\/jura-cafetera-giga-x8-platino-copia\/\" \/>\n<meta property=\"og:locale\" content=\"es_ES\" \/>\n<meta property=\"og:type\" content=\"article\" \/>\n<meta property=\"og:title\" content=\"JURA Cafetera GIGA X4 Dark Inox\" \/>\n<meta property=\"og:description\" content=\"Para disfrutar al m\u00e1ximo las especialidades de caf\u00e9 negro El X4 ofrece un disfrute del caf\u00e9 insuperable. Muele granos de caf\u00e9 con el molinillo de aroma\" \/>\n<meta property=\"og:url\" content=\"https:\/\/www.erresse-shop.it\/es\/shop\/pequenos-electrodomesticos\/maquinas-de-cafe\/automatico\/jura-cafetera-giga-x8-platino-copia\/\" \/>\n<meta property=\"og:site_name\" content=\"Erresse Shop\" \/>\n<meta property=\"article:modified_time\" content=\"2025-02-21T07:52:11+00:00\" \/>\n<meta property=\"og:image\" content=\"https:\/\/www.erresse-shop.it\/wp-content\/uploads\/2025\/02\/JURA-Macchina-Da-Caffe-GIGA-X4-Dark-Inox.jpg\" \/>\n\t<meta property=\"og:image:width\" content=\"1200\" \/>\n\t<meta property=\"og:image:height\" content=\"1200\" \/>\n\t<meta property=\"og:image:type\" content=\"image\/jpeg\" \/>\n<meta name=\"twitter:card\" content=\"summary_large_image\" \/>\n<script type=\"application\/ld+json\" class=\"yoast-schema-graph\">{\"@context\":\"https:\/\/schema.org\",\"@graph\":[{\"@type\":\"WebPage\",\"@id\":\"https:\/\/www.erresse-shop.it\/es\/shop\/pequenos-electrodomesticos\/maquinas-de-cafe\/automatico\/jura-cafetera-giga-x8-platino-copia\/\",\"url\":\"https:\/\/www.erresse-shop.it\/es\/shop\/pequenos-electrodomesticos\/maquinas-de-cafe\/automatico\/jura-cafetera-giga-x8-platino-copia\/\",\"name\":\"JURA Cafetera GIGA X4 Dark Inox - Erresse Shop\",\"isPartOf\":{\"@id\":\"https:\/\/www.erresse-shop.it\/es\/#website\"},\"datePublished\":\"2025-02-21T07:38:17+00:00\",\"dateModified\":\"2025-02-21T07:52:11+00:00\",\"description\":\"Para disfrutar al m\u00e1ximo las especialidades de caf\u00e9 negro El X4 ofrece un disfrute del caf\u00e9 insuperable. Muele granos de caf\u00e9 con el molinillo de aroma\",\"breadcrumb\":{\"@id\":\"https:\/\/www.erresse-shop.it\/es\/shop\/pequenos-electrodomesticos\/maquinas-de-cafe\/automatico\/jura-cafetera-giga-x8-platino-copia\/#breadcrumb\"},\"inLanguage\":\"es\",\"potentialAction\":[{\"@type\":\"ReadAction\",\"target\":[\"https:\/\/www.erresse-shop.it\/es\/shop\/pequenos-electrodomesticos\/maquinas-de-cafe\/automatico\/jura-cafetera-giga-x8-platino-copia\/\"]}]},{\"@type\":\"BreadcrumbList\",\"@id\":\"https:\/\/www.erresse-shop.it\/es\/shop\/pequenos-electrodomesticos\/maquinas-de-cafe\/automatico\/jura-cafetera-giga-x8-platino-copia\/#breadcrumb\",\"itemListElement\":[{\"@type\":\"ListItem\",\"position\":1,\"name\":\"Home\",\"item\":\"https:\/\/www.erresse-shop.it\/es\/\"},{\"@type\":\"ListItem\",\"position\":2,\"name\":\"Shop\",\"item\":\"https:\/\/www.erresse-shop.it\/es\/shop\/\"},{\"@type\":\"ListItem\",\"position\":3,\"name\":\"JURA Cafetera GIGA X4 Dark Inox\"}]},{\"@type\":\"WebSite\",\"@id\":\"https:\/\/www.erresse-shop.it\/es\/#website\",\"url\":\"https:\/\/www.erresse-shop.it\/es\/\",\"name\":\"Erresse Shop\",\"description\":\"Articoli di qualit\u00e0 per la casa\",\"potentialAction\":[{\"@type\":\"SearchAction\",\"target\":{\"@type\":\"EntryPoint\",\"urlTemplate\":\"https:\/\/www.erresse-shop.it\/es\/?s={search_term_string}\"},\"query-input\":\"required name=search_term_string\"}],\"inLanguage\":\"es\"}]}<\/script>\n<!-- \/ Yoast SEO Premium plugin. -->","yoast_head_json":{"title":"JURA Cafetera GIGA X4 Dark Inox - Erresse Shop","description":"Para disfrutar al m\u00e1ximo las especialidades de caf\u00e9 negro El X4 ofrece un disfrute del caf\u00e9 insuperable. Muele granos de caf\u00e9 con el molinillo de aroma","robots":{"index":"index","follow":"follow","max-snippet":"max-snippet:-1","max-image-preview":"max-image-preview:large","max-video-preview":"max-video-preview:-1"},"canonical":"https:\/\/www.erresse-shop.it\/es\/shop\/pequenos-electrodomesticos\/maquinas-de-cafe\/automatico\/jura-cafetera-giga-x8-platino-copia\/","og_locale":"es_ES","og_type":"article","og_title":"JURA Cafetera GIGA X4 Dark Inox","og_description":"Para disfrutar al m\u00e1ximo las especialidades de caf\u00e9 negro El X4 ofrece un disfrute del caf\u00e9 insuperable. Muele granos de caf\u00e9 con el molinillo de aroma","og_url":"https:\/\/www.erresse-shop.it\/es\/shop\/pequenos-electrodomesticos\/maquinas-de-cafe\/automatico\/jura-cafetera-giga-x8-platino-copia\/","og_site_name":"Erresse Shop","article_modified_time":"2025-02-21T07:52:11+00:00","og_image":[{"width":1200,"height":1200,"url":"https:\/\/www.erresse-shop.it\/wp-content\/uploads\/2025\/02\/JURA-Macchina-Da-Caffe-GIGA-X4-Dark-Inox.jpg","type":"image\/jpeg"}],"twitter_card":"summary_large_image","schema":{"@context":"https:\/\/schema.org","@graph":[{"@type":"WebPage","@id":"https:\/\/www.erresse-shop.it\/es\/shop\/pequenos-electrodomesticos\/maquinas-de-cafe\/automatico\/jura-cafetera-giga-x8-platino-copia\/","url":"https:\/\/www.erresse-shop.it\/es\/shop\/pequenos-electrodomesticos\/maquinas-de-cafe\/automatico\/jura-cafetera-giga-x8-platino-copia\/","name":"JURA Cafetera GIGA X4 Dark Inox - Erresse Shop","isPartOf":{"@id":"https:\/\/www.erresse-shop.it\/es\/#website"},"datePublished":"2025-02-21T07:38:17+00:00","dateModified":"2025-02-21T07:52:11+00:00","description":"Para disfrutar al m\u00e1ximo las especialidades de caf\u00e9 negro El X4 ofrece un disfrute del caf\u00e9 insuperable. Muele granos de caf\u00e9 con el molinillo de aroma","breadcrumb":{"@id":"https:\/\/www.erresse-shop.it\/es\/shop\/pequenos-electrodomesticos\/maquinas-de-cafe\/automatico\/jura-cafetera-giga-x8-platino-copia\/#breadcrumb"},"inLanguage":"es","potentialAction":[{"@type":"ReadAction","target":["https:\/\/www.erresse-shop.it\/es\/shop\/pequenos-electrodomesticos\/maquinas-de-cafe\/automatico\/jura-cafetera-giga-x8-platino-copia\/"]}]},{"@type":"BreadcrumbList","@id":"https:\/\/www.erresse-shop.it\/es\/shop\/pequenos-electrodomesticos\/maquinas-de-cafe\/automatico\/jura-cafetera-giga-x8-platino-copia\/#breadcrumb","itemListElement":[{"@type":"ListItem","position":1,"name":"Home","item":"https:\/\/www.erresse-shop.it\/es\/"},{"@type":"ListItem","position":2,"name":"Shop","item":"https:\/\/www.erresse-shop.it\/es\/shop\/"},{"@type":"ListItem","position":3,"name":"JURA Cafetera GIGA X4 Dark Inox"}]},{"@type":"WebSite","@id":"https:\/\/www.erresse-shop.it\/es\/#website","url":"https:\/\/www.erresse-shop.it\/es\/","name":"Erresse Shop","description":"Articoli di qualit\u00e0 per la casa","potentialAction":[{"@type":"SearchAction","target":{"@type":"EntryPoint","urlTemplate":"https:\/\/www.erresse-shop.it\/es\/?s={search_term_string}"},"query-input":"required name=search_term_string"}],"inLanguage":"es"}]}},"df_price":2899.95,"df_sale_price":2899.95,"df_regular_price":3279,"df_image_link":"https:\/\/www.erresse-shop.it\/wp-content\/uploads\/2025\/02\/JURA-Macchina-Da-Caffe-GIGA-X4-Dark-Inox-300x300.jpg","_links":{"self":[{"href":"https:\/\/www.erresse-shop.it\/es\/wp-json\/wp\/v2\/product\/470559"}],"collection":[{"href":"https:\/\/www.erresse-shop.it\/es\/wp-json\/wp\/v2\/product"}],"about":[{"href":"https:\/\/www.erresse-shop.it\/es\/wp-json\/wp\/v2\/types\/product"}],"wp:featuredmedia":[{"embeddable":true,"href":"https:\/\/www.erresse-shop.it\/es\/wp-json\/wp\/v2\/media\/470585"}],"wp:attachment":[{"href":"https:\/\/www.erresse-shop.it\/es\/wp-json\/wp\/v2\/media?parent=470559"}],"wp:term":[{"taxonomy":"product_cat","embeddable":true,"href":"https:\/\/www.erresse-shop.it\/es\/wp-json\/wp\/v2\/product_cat?post=470559"},{"taxonomy":"product_tag","embeddable":true,"href":"https:\/\/www.erresse-shop.it\/es\/wp-json\/wp\/v2\/product_tag?post=470559"}],"curies":[{"name":"wp","href":"https:\/\/api.w.org\/{rel}","templated":true}]}}