{"id":470506,"date":"2025-02-21T07:16:13","date_gmt":"2025-02-21T07:16:16","guid":{"rendered":"https:\/\/www.erresse-shop.it\/?post_type=product&#038;p=470506"},"modified":"2025-02-21T07:36:25","modified_gmt":"2025-02-21T07:36:25","slug":"jura-cafetera-giga-x10-dark-inox-copia","status":"publish","type":"product","link":"https:\/\/www.erresse-shop.it\/es\/shop\/pequenos-electrodomesticos\/maquinas-de-cafe\/automatico\/jura-cafetera-giga-x10-dark-inox-copia\/","title":{"rendered":"JURA Cafetera GIGA X8 Platino"},"content":{"rendered":"<p><span style=\"font-size: 14pt;\"><strong>Tecnolog\u00edas de vanguardia para un placer perfecto<\/strong><\/span><\/p>\n<p>El molinillo de caf\u00e9 profesional Aroma garantiza un 12,2%* m\u00e1s de aroma y una alta calidad de molienda que se mantiene inalterada durante toda la vida \u00fatil de la m\u00e1quina. Su geometr\u00eda perfeccionada consigue la curva de rectificado \u00f3ptima. Esto significa que el mayor porcentaje de part\u00edculas finas permite que los aromas se liberen en toda su intensidad.<\/p>\n<p>El proceso de extracci\u00f3n pulsada (P.E.P.\u00ae) optimiza el tiempo de extracci\u00f3n para especialidades cortas, haciendo del ristretto y el espresso un verdadero fest\u00edn para el paladar. El X8 cuenta con un pico combinado regulable en altura que, gracias a la tecnolog\u00eda de microespuma, permite preparar especialidades de moda con una leche o espuma de leche insuperable.<\/p>\n<p>Todos los elementos de control del X8 est\u00e1n dispuestos en el panel frontal, claramente visibles a primera vista y f\u00e1cilmente accesibles. El llenado del dep\u00f3sito de agua y del contenedor de granos de caf\u00e9 tambi\u00e9n es f\u00e1cil desde la parte frontal. El dep\u00f3sito de agua y el contenedor de granos de caf\u00e9 est\u00e1n equipados de serie con un mecanismo de bloqueo que permite bloquearlos para protegerlos contra intervenciones no autorizadas. La bandeja de recogida de agua y el contenedor de posos de caf\u00e9 est\u00e1n dise\u00f1ados seg\u00fan criterios ergon\u00f3micos y se pueden extraer con una sola mano para un vaciado r\u00e1pido e higi\u00e9nico.<\/p>\n<p>La coherencia de la filosof\u00eda operativa se evidencia en los elementos de control. La pantalla a color de 2,8\u201d en formato vertical, en combinaci\u00f3n con los botones de preparaci\u00f3n grandes y claramente definidos, hacen que el manejo sea sencillo e intuitivo incluso para los usuarios menos experimentados. Los botones (preparaci\u00f3n o mantenimiento) se pueden bloquear si se desea para evitar un uso incorrecto, cambios de programaci\u00f3n no autorizados o activaci\u00f3n accidental durante las operaciones de limpieza.<\/p>\n<p><span style=\"font-size: 14pt;\"><strong>Garant\u00eda de higiene certificada por T\u00dcV<\/strong><\/span><\/p>\n<p>El nuevo X8 es tan intuitivo de mantener como de utilizar. Los programas de limpieza y enjuague integrados, combinados con los productos de mantenimiento originales de JURA, garantizan una higiene y limpieza con certificaci\u00f3n T\u00dcV. Incluso la limpieza del sistema de leche del X8 est\u00e1 automatizada y funciona con solo tocar un bot\u00f3n. El enorme dispensador combinado se puede desmontar en tan solo unos sencillos pasos. Los dispensadores de leche situados en la parte frontal interior son f\u00e1cilmente accesibles y se pueden sustituir sin problemas en caso de necesidad.<\/p>\n<p><span style=\"font-size: 14pt;\"><strong>Tan individual como tus necesidades<\/strong><\/span><\/p>\n<p>En combinaci\u00f3n con otras m\u00e1quinas autom\u00e1ticas y con elegantes accesorios como el calienta tazas, Cool Control, el kit de agua fresca o el sistema de facturaci\u00f3n, la X8 representa la base ideal para la creaci\u00f3n de soluciones completas e individuales para los m\u00e1s diversos \u00e1mbitos de aplicaci\u00f3n.<\/p>\n<p><span style=\"font-size: 14pt;\"><strong>Especificaciones t\u00e9cnicas<\/strong><\/span><\/p>\n<p><strong>Capacidad del dep\u00f3sito de agua:<\/strong> 5 l<br \/>\n<strong>Capacidad del contenedor de granos de caf\u00e9:<\/strong> 500 g<br \/>\n<strong>Contenedor de posos de caf\u00e9:<\/strong> (porciones aprox.) 40<br \/>\n<strong>Longitud del cable:<\/strong> 1,2 m<br \/>\n<strong>Voltaje\/Potencia:<\/strong> 220\u2009\u2013\u2009240 V ~\u2009\/\u20091450 W<br \/>\n<strong>Consumo en espera:<\/strong> \u2264 0,5 W<br \/>\n<strong>Peso:<\/strong> 14 kg<br \/>\n<strong>Dimensiones (An \u00d7 Al \u00d7 Pr):<\/strong>\u00a0 37,3\u2009\u00d7\u200947\u2009\u00d7\u200946,1 cm<\/p>\n","protected":false},"excerpt":{"rendered":"<p>Tecnolog\u00edas de vanguardia para un placer perfecto El molinillo de caf\u00e9 profesional Aroma garantiza un 12,2%* m\u00e1s de aroma y<\/p>\n","protected":false},"featured_media":470544,"template":"","meta":{"_acf_changed":false,"inline_featured_image":false},"product_cat":[25362,16076,16073],"product_tag":[23574,20769,23570,16395],"acf":[],"yoast_head":"<!-- This site is optimized with the Yoast SEO Premium plugin v18.6 (Yoast SEO v19.13) - https:\/\/yoast.com\/wordpress\/plugins\/seo\/ -->\n<title>JURA Cafetera GIGA X8 Platino - Erresse Shop<\/title>\n<meta name=\"description\" content=\"Tecnolog\u00edas de vanguardia para un placer perfecto El molinillo de caf\u00e9 profesional Aroma garantiza un 12,2%* m\u00e1s de aroma y una alta calidad de molienda\" \/>\n<meta name=\"robots\" content=\"index, follow, max-snippet:-1, max-image-preview:large, max-video-preview:-1\" \/>\n<link rel=\"canonical\" href=\"https:\/\/www.erresse-shop.it\/es\/shop\/pequenos-electrodomesticos\/maquinas-de-cafe\/automatico\/jura-cafetera-giga-x10-dark-inox-copia\/\" \/>\n<meta property=\"og:locale\" content=\"es_ES\" \/>\n<meta property=\"og:type\" content=\"article\" \/>\n<meta property=\"og:title\" content=\"JURA Cafetera GIGA X8 Platino\" \/>\n<meta property=\"og:description\" content=\"Tecnolog\u00edas de vanguardia para un placer perfecto El molinillo de caf\u00e9 profesional Aroma garantiza un 12,2%* m\u00e1s de aroma y una alta calidad de molienda\" \/>\n<meta property=\"og:url\" content=\"https:\/\/www.erresse-shop.it\/es\/shop\/pequenos-electrodomesticos\/maquinas-de-cafe\/automatico\/jura-cafetera-giga-x10-dark-inox-copia\/\" \/>\n<meta property=\"og:site_name\" content=\"Erresse Shop\" \/>\n<meta property=\"article:modified_time\" content=\"2025-02-21T07:36:25+00:00\" \/>\n<meta property=\"og:image\" content=\"https:\/\/www.erresse-shop.it\/wp-content\/uploads\/2025\/02\/JURA-Macchina-Da-Caffe-GIGA-X8-Platino.jpg\" \/>\n\t<meta property=\"og:image:width\" content=\"1200\" \/>\n\t<meta property=\"og:image:height\" content=\"1200\" \/>\n\t<meta property=\"og:image:type\" content=\"image\/jpeg\" \/>\n<meta name=\"twitter:card\" content=\"summary_large_image\" \/>\n<script type=\"application\/ld+json\" class=\"yoast-schema-graph\">{\"@context\":\"https:\/\/schema.org\",\"@graph\":[{\"@type\":\"WebPage\",\"@id\":\"https:\/\/www.erresse-shop.it\/es\/shop\/pequenos-electrodomesticos\/maquinas-de-cafe\/automatico\/jura-cafetera-giga-x10-dark-inox-copia\/\",\"url\":\"https:\/\/www.erresse-shop.it\/es\/shop\/pequenos-electrodomesticos\/maquinas-de-cafe\/automatico\/jura-cafetera-giga-x10-dark-inox-copia\/\",\"name\":\"JURA Cafetera GIGA X8 Platino - Erresse Shop\",\"isPartOf\":{\"@id\":\"https:\/\/www.erresse-shop.it\/es\/#website\"},\"datePublished\":\"2025-02-21T07:16:16+00:00\",\"dateModified\":\"2025-02-21T07:36:25+00:00\",\"description\":\"Tecnolog\u00edas de vanguardia para un placer perfecto El molinillo de caf\u00e9 profesional Aroma garantiza un 12,2%* m\u00e1s de aroma y una alta calidad de molienda\",\"breadcrumb\":{\"@id\":\"https:\/\/www.erresse-shop.it\/es\/shop\/pequenos-electrodomesticos\/maquinas-de-cafe\/automatico\/jura-cafetera-giga-x10-dark-inox-copia\/#breadcrumb\"},\"inLanguage\":\"es\",\"potentialAction\":[{\"@type\":\"ReadAction\",\"target\":[\"https:\/\/www.erresse-shop.it\/es\/shop\/pequenos-electrodomesticos\/maquinas-de-cafe\/automatico\/jura-cafetera-giga-x10-dark-inox-copia\/\"]}]},{\"@type\":\"BreadcrumbList\",\"@id\":\"https:\/\/www.erresse-shop.it\/es\/shop\/pequenos-electrodomesticos\/maquinas-de-cafe\/automatico\/jura-cafetera-giga-x10-dark-inox-copia\/#breadcrumb\",\"itemListElement\":[{\"@type\":\"ListItem\",\"position\":1,\"name\":\"Home\",\"item\":\"https:\/\/www.erresse-shop.it\/es\/\"},{\"@type\":\"ListItem\",\"position\":2,\"name\":\"Shop\",\"item\":\"https:\/\/www.erresse-shop.it\/es\/shop\/\"},{\"@type\":\"ListItem\",\"position\":3,\"name\":\"JURA Cafetera GIGA X8 Platino\"}]},{\"@type\":\"WebSite\",\"@id\":\"https:\/\/www.erresse-shop.it\/es\/#website\",\"url\":\"https:\/\/www.erresse-shop.it\/es\/\",\"name\":\"Erresse Shop\",\"description\":\"Articoli di qualit\u00e0 per la casa\",\"potentialAction\":[{\"@type\":\"SearchAction\",\"target\":{\"@type\":\"EntryPoint\",\"urlTemplate\":\"https:\/\/www.erresse-shop.it\/es\/?s={search_term_string}\"},\"query-input\":\"required name=search_term_string\"}],\"inLanguage\":\"es\"}]}<\/script>\n<!-- \/ Yoast SEO Premium plugin. -->","yoast_head_json":{"title":"JURA Cafetera GIGA X8 Platino - Erresse Shop","description":"Tecnolog\u00edas de vanguardia para un placer perfecto El molinillo de caf\u00e9 profesional Aroma garantiza un 12,2%* m\u00e1s de aroma y una alta calidad de molienda","robots":{"index":"index","follow":"follow","max-snippet":"max-snippet:-1","max-image-preview":"max-image-preview:large","max-video-preview":"max-video-preview:-1"},"canonical":"https:\/\/www.erresse-shop.it\/es\/shop\/pequenos-electrodomesticos\/maquinas-de-cafe\/automatico\/jura-cafetera-giga-x10-dark-inox-copia\/","og_locale":"es_ES","og_type":"article","og_title":"JURA Cafetera GIGA X8 Platino","og_description":"Tecnolog\u00edas de vanguardia para un placer perfecto El molinillo de caf\u00e9 profesional Aroma garantiza un 12,2%* m\u00e1s de aroma y una alta calidad de molienda","og_url":"https:\/\/www.erresse-shop.it\/es\/shop\/pequenos-electrodomesticos\/maquinas-de-cafe\/automatico\/jura-cafetera-giga-x10-dark-inox-copia\/","og_site_name":"Erresse Shop","article_modified_time":"2025-02-21T07:36:25+00:00","og_image":[{"width":1200,"height":1200,"url":"https:\/\/www.erresse-shop.it\/wp-content\/uploads\/2025\/02\/JURA-Macchina-Da-Caffe-GIGA-X8-Platino.jpg","type":"image\/jpeg"}],"twitter_card":"summary_large_image","schema":{"@context":"https:\/\/schema.org","@graph":[{"@type":"WebPage","@id":"https:\/\/www.erresse-shop.it\/es\/shop\/pequenos-electrodomesticos\/maquinas-de-cafe\/automatico\/jura-cafetera-giga-x10-dark-inox-copia\/","url":"https:\/\/www.erresse-shop.it\/es\/shop\/pequenos-electrodomesticos\/maquinas-de-cafe\/automatico\/jura-cafetera-giga-x10-dark-inox-copia\/","name":"JURA Cafetera GIGA X8 Platino - Erresse Shop","isPartOf":{"@id":"https:\/\/www.erresse-shop.it\/es\/#website"},"datePublished":"2025-02-21T07:16:16+00:00","dateModified":"2025-02-21T07:36:25+00:00","description":"Tecnolog\u00edas de vanguardia para un placer perfecto El molinillo de caf\u00e9 profesional Aroma garantiza un 12,2%* m\u00e1s de aroma y una alta calidad de molienda","breadcrumb":{"@id":"https:\/\/www.erresse-shop.it\/es\/shop\/pequenos-electrodomesticos\/maquinas-de-cafe\/automatico\/jura-cafetera-giga-x10-dark-inox-copia\/#breadcrumb"},"inLanguage":"es","potentialAction":[{"@type":"ReadAction","target":["https:\/\/www.erresse-shop.it\/es\/shop\/pequenos-electrodomesticos\/maquinas-de-cafe\/automatico\/jura-cafetera-giga-x10-dark-inox-copia\/"]}]},{"@type":"BreadcrumbList","@id":"https:\/\/www.erresse-shop.it\/es\/shop\/pequenos-electrodomesticos\/maquinas-de-cafe\/automatico\/jura-cafetera-giga-x10-dark-inox-copia\/#breadcrumb","itemListElement":[{"@type":"ListItem","position":1,"name":"Home","item":"https:\/\/www.erresse-shop.it\/es\/"},{"@type":"ListItem","position":2,"name":"Shop","item":"https:\/\/www.erresse-shop.it\/es\/shop\/"},{"@type":"ListItem","position":3,"name":"JURA Cafetera GIGA X8 Platino"}]},{"@type":"WebSite","@id":"https:\/\/www.erresse-shop.it\/es\/#website","url":"https:\/\/www.erresse-shop.it\/es\/","name":"Erresse Shop","description":"Articoli di qualit\u00e0 per la casa","potentialAction":[{"@type":"SearchAction","target":{"@type":"EntryPoint","urlTemplate":"https:\/\/www.erresse-shop.it\/es\/?s={search_term_string}"},"query-input":"required name=search_term_string"}],"inLanguage":"es"}]}},"df_price":2699.1,"df_sale_price":2699.1,"df_regular_price":2999,"df_image_link":"https:\/\/www.erresse-shop.it\/wp-content\/uploads\/2025\/02\/JURA-Macchina-Da-Caffe-GIGA-X8-Platino-300x300.jpg","_links":{"self":[{"href":"https:\/\/www.erresse-shop.it\/es\/wp-json\/wp\/v2\/product\/470506"}],"collection":[{"href":"https:\/\/www.erresse-shop.it\/es\/wp-json\/wp\/v2\/product"}],"about":[{"href":"https:\/\/www.erresse-shop.it\/es\/wp-json\/wp\/v2\/types\/product"}],"wp:featuredmedia":[{"embeddable":true,"href":"https:\/\/www.erresse-shop.it\/es\/wp-json\/wp\/v2\/media\/470544"}],"wp:attachment":[{"href":"https:\/\/www.erresse-shop.it\/es\/wp-json\/wp\/v2\/media?parent=470506"}],"wp:term":[{"taxonomy":"product_cat","embeddable":true,"href":"https:\/\/www.erresse-shop.it\/es\/wp-json\/wp\/v2\/product_cat?post=470506"},{"taxonomy":"product_tag","embeddable":true,"href":"https:\/\/www.erresse-shop.it\/es\/wp-json\/wp\/v2\/product_tag?post=470506"}],"curies":[{"name":"wp","href":"https:\/\/api.w.org\/{rel}","templated":true}]}}