{"id":470464,"date":"2025-02-21T06:53:58","date_gmt":"2025-02-21T06:54:03","guid":{"rendered":"https:\/\/www.erresse-shop.it\/?post_type=product&#038;p=470464"},"modified":"2025-02-21T07:11:06","modified_gmt":"2025-02-21T07:11:06","slug":"jura-cafetera-giga-w10-diamond-silver-copia","status":"publish","type":"product","link":"https:\/\/www.erresse-shop.it\/es\/shop\/pequenos-electrodomesticos\/maquinas-de-cafe\/automatico\/jura-cafetera-giga-w10-diamond-silver-copia\/","title":{"rendered":"JURA Cafetera GIGA X10 Dark Inox"},"content":{"rendered":"<p><span style=\"font-size: 14pt;\"><strong>La m\u00e1quina profesional para especialidades de caf\u00e9 fr\u00edo y caliente. Vers\u00e1til, robusto, fiable.<\/strong><\/span><\/p>\n<p>El X10 establece nuevos est\u00e1ndares en variedad y frescura. Todo gracias a las 35 especialidades de caf\u00e9 que puede ofrecer, nueve de ellas extra\u00eddas en fr\u00edo. La extracci\u00f3n en fr\u00edo totalmente autom\u00e1tica es el sello distintivo del X10 y permite llevar la frescura del Cold Brew al sector profesional.<\/p>\n<p><span style=\"font-size: 14pt;\"><strong>Caf\u00e9 fr\u00edo con solo pulsar un bot\u00f3n<\/strong><\/span><\/p>\n<p>Con Cold Brew, la X10 lleva el sabor fresco del caf\u00e9 a la oficina y a las \u00e1reas de autoservicio. Con solo pulsar un bot\u00f3n, podr\u00e1 obtener caf\u00e9 molido extra\u00eddo en fr\u00edo sin c\u00e1psulas: todo esto es posible gracias al proceso de extracci\u00f3n en fr\u00edo desarrollado por JURA. Durante el proceso de extracci\u00f3n, el agua fr\u00eda fluye a trav\u00e9s del caf\u00e9 reci\u00e9n molido, a alta presi\u00f3n y pulsando a un ritmo lento. Los aromas frutales se absorben mejor en el agua, para obtener una bebida fr\u00eda natural y energ\u00e9tica.<\/p>\n<p><span style=\"font-size: 14pt;\"><strong>Especialidades para todos los gustos<\/strong><\/span><\/p>\n<p>La variedad es la caracter\u00edstica principal del X10. Dise\u00f1ada para ofrecer un sabor extraordinario, la cafetera autom\u00e1tica profesional convence con sus 35 especialidades de caf\u00e9. Desde los cl\u00e1sicos de la cafeter\u00eda como el espresso y el capuchino, hasta especialidades de caf\u00e9 con leche como el latte macchiato, hasta el adorado Cold Brew, hay algo para todos. Como siempre, la nueva boquilla central combinada dispensar\u00e1 caf\u00e9 en tu taza con solo tocar un bot\u00f3n. El X10 redefine la pausa del caf\u00e9 en oficinas y \u00e1reas de autoservicio, con un alcance nunca antes visto.<\/p>\n<p><span style=\"font-size: 14pt;\"><strong>Elegante y robusto<\/strong><\/span><\/p>\n<p>La forma sigue a la funci\u00f3n: este es el principio del X10, que se caracteriza por l\u00edneas limpias y una gu\u00eda directa para el usuario. Es f\u00e1cil de usar, gracias al pico regulable en altura que combina salidas de agua caliente, leche y caf\u00e9. El nuevo frontal en Dark Inox resalta el car\u00e1cter profesional y la elegancia atemporal de la cafetera autom\u00e1tica. La pantalla de 3,5&#8243; de la X10 es pr\u00e1ctica e intuitiva. Integrada en el frontal y complementada con botones f\u00edsicos, la pantalla hace que esta cafetera autom\u00e1tica profesional sea extremadamente clara.<\/p>\n<p><strong>Compatibilidad con m\u00e9todos de pago modernos<\/strong><\/p>\n<p>El X10 se puede integrar con la interfaz JURA MDB. De esta manera puede soportar los sistemas de pago m\u00e1s populares para lograr la m\u00e1xima flexibilidad y simplicidad. Sistemas de pago POS, por lotes o m\u00f3viles: las posibilidades son numerosas. Otra opci\u00f3n es el JURA Pocket Pilot. El software gratuito de JURA que combina el pago sin contacto con un sistema de facturaci\u00f3n y administraci\u00f3n.<\/p>\n<p><span style=\"font-size: 14pt;\"><strong>Especificaciones t\u00e9cnicas<\/strong><\/span><\/p>\n<p><strong>Capacidad del dep\u00f3sito de agua:<\/strong> 5 l<br \/>\n<strong>Capacidad del contenedor de granos de caf\u00e9:<\/strong> 500 g<br \/>\n<strong>Contenedor de posos de caf\u00e9:<\/strong> (porciones aprox.) 40<br \/>\n<strong>Longitud del cable:<\/strong> 1,2 m<br \/>\n<strong>Voltaje \/ Potencia:<\/strong> 230 V ~ \/ 1450 W<br \/>\n<strong>Consumo en espera:<\/strong> \u2264 0,5 W<br \/>\n<strong>Peso:<\/strong> 14 kg<br \/>\n<strong>Dimensiones (An \u00d7 Al \u00d7 Pr):<\/strong>\u00a0 37,3\u2009\u00d7\u200947\u2009\u00d7\u200946,1 cm<\/p>\n","protected":false},"excerpt":{"rendered":"<p>La m\u00e1quina profesional para especialidades de caf\u00e9 fr\u00edo y caliente. Vers\u00e1til, robusto, fiable. El X10 establece nuevos est\u00e1ndares en variedad<\/p>\n","protected":false},"featured_media":470478,"template":"","meta":{"_acf_changed":false,"inline_featured_image":false},"product_cat":[25362,16076,16073],"product_tag":[23574,20769,23570,16395],"acf":[],"yoast_head":"<!-- This site is optimized with the Yoast SEO Premium plugin v18.6 (Yoast SEO v19.13) - https:\/\/yoast.com\/wordpress\/plugins\/seo\/ -->\n<title>JURA Cafetera GIGA X10 Dark Inox - Erresse Shop<\/title>\n<meta name=\"description\" content=\"La m\u00e1quina profesional para especialidades de caf\u00e9 fr\u00edo y caliente. Vers\u00e1til, robusto, fiable. El X10 establece nuevos est\u00e1ndares en variedad y frescura.\" \/>\n<meta name=\"robots\" content=\"index, follow, max-snippet:-1, max-image-preview:large, max-video-preview:-1\" \/>\n<link rel=\"canonical\" href=\"https:\/\/www.erresse-shop.it\/es\/shop\/pequenos-electrodomesticos\/maquinas-de-cafe\/automatico\/jura-cafetera-giga-w10-diamond-silver-copia\/\" \/>\n<meta property=\"og:locale\" content=\"es_ES\" \/>\n<meta property=\"og:type\" content=\"article\" \/>\n<meta property=\"og:title\" content=\"JURA Cafetera GIGA X10 Dark Inox\" \/>\n<meta property=\"og:description\" content=\"La m\u00e1quina profesional para especialidades de caf\u00e9 fr\u00edo y caliente. Vers\u00e1til, robusto, fiable. El X10 establece nuevos est\u00e1ndares en variedad y frescura.\" \/>\n<meta property=\"og:url\" content=\"https:\/\/www.erresse-shop.it\/es\/shop\/pequenos-electrodomesticos\/maquinas-de-cafe\/automatico\/jura-cafetera-giga-w10-diamond-silver-copia\/\" \/>\n<meta property=\"og:site_name\" content=\"Erresse Shop\" \/>\n<meta property=\"article:modified_time\" content=\"2025-02-21T07:11:06+00:00\" \/>\n<meta property=\"og:image\" content=\"https:\/\/www.erresse-shop.it\/wp-content\/uploads\/2025\/02\/JURA-Macchina-Da-Caffe-GIGA-X10-Dark-Inox.jpg\" \/>\n\t<meta property=\"og:image:width\" content=\"1200\" \/>\n\t<meta property=\"og:image:height\" content=\"1200\" \/>\n\t<meta property=\"og:image:type\" content=\"image\/jpeg\" \/>\n<meta name=\"twitter:card\" content=\"summary_large_image\" \/>\n<script type=\"application\/ld+json\" class=\"yoast-schema-graph\">{\"@context\":\"https:\/\/schema.org\",\"@graph\":[{\"@type\":\"WebPage\",\"@id\":\"https:\/\/www.erresse-shop.it\/es\/shop\/pequenos-electrodomesticos\/maquinas-de-cafe\/automatico\/jura-cafetera-giga-w10-diamond-silver-copia\/\",\"url\":\"https:\/\/www.erresse-shop.it\/es\/shop\/pequenos-electrodomesticos\/maquinas-de-cafe\/automatico\/jura-cafetera-giga-w10-diamond-silver-copia\/\",\"name\":\"JURA Cafetera GIGA X10 Dark Inox - Erresse Shop\",\"isPartOf\":{\"@id\":\"https:\/\/www.erresse-shop.it\/es\/#website\"},\"datePublished\":\"2025-02-21T06:54:03+00:00\",\"dateModified\":\"2025-02-21T07:11:06+00:00\",\"description\":\"La m\u00e1quina profesional para especialidades de caf\u00e9 fr\u00edo y caliente. Vers\u00e1til, robusto, fiable. El X10 establece nuevos est\u00e1ndares en variedad y frescura.\",\"breadcrumb\":{\"@id\":\"https:\/\/www.erresse-shop.it\/es\/shop\/pequenos-electrodomesticos\/maquinas-de-cafe\/automatico\/jura-cafetera-giga-w10-diamond-silver-copia\/#breadcrumb\"},\"inLanguage\":\"es\",\"potentialAction\":[{\"@type\":\"ReadAction\",\"target\":[\"https:\/\/www.erresse-shop.it\/es\/shop\/pequenos-electrodomesticos\/maquinas-de-cafe\/automatico\/jura-cafetera-giga-w10-diamond-silver-copia\/\"]}]},{\"@type\":\"BreadcrumbList\",\"@id\":\"https:\/\/www.erresse-shop.it\/es\/shop\/pequenos-electrodomesticos\/maquinas-de-cafe\/automatico\/jura-cafetera-giga-w10-diamond-silver-copia\/#breadcrumb\",\"itemListElement\":[{\"@type\":\"ListItem\",\"position\":1,\"name\":\"Home\",\"item\":\"https:\/\/www.erresse-shop.it\/es\/\"},{\"@type\":\"ListItem\",\"position\":2,\"name\":\"Shop\",\"item\":\"https:\/\/www.erresse-shop.it\/es\/shop\/\"},{\"@type\":\"ListItem\",\"position\":3,\"name\":\"JURA Cafetera GIGA X10 Dark Inox\"}]},{\"@type\":\"WebSite\",\"@id\":\"https:\/\/www.erresse-shop.it\/es\/#website\",\"url\":\"https:\/\/www.erresse-shop.it\/es\/\",\"name\":\"Erresse Shop\",\"description\":\"Articoli di qualit\u00e0 per la casa\",\"potentialAction\":[{\"@type\":\"SearchAction\",\"target\":{\"@type\":\"EntryPoint\",\"urlTemplate\":\"https:\/\/www.erresse-shop.it\/es\/?s={search_term_string}\"},\"query-input\":\"required name=search_term_string\"}],\"inLanguage\":\"es\"}]}<\/script>\n<!-- \/ Yoast SEO Premium plugin. -->","yoast_head_json":{"title":"JURA Cafetera GIGA X10 Dark Inox - Erresse Shop","description":"La m\u00e1quina profesional para especialidades de caf\u00e9 fr\u00edo y caliente. Vers\u00e1til, robusto, fiable. El X10 establece nuevos est\u00e1ndares en variedad y frescura.","robots":{"index":"index","follow":"follow","max-snippet":"max-snippet:-1","max-image-preview":"max-image-preview:large","max-video-preview":"max-video-preview:-1"},"canonical":"https:\/\/www.erresse-shop.it\/es\/shop\/pequenos-electrodomesticos\/maquinas-de-cafe\/automatico\/jura-cafetera-giga-w10-diamond-silver-copia\/","og_locale":"es_ES","og_type":"article","og_title":"JURA Cafetera GIGA X10 Dark Inox","og_description":"La m\u00e1quina profesional para especialidades de caf\u00e9 fr\u00edo y caliente. Vers\u00e1til, robusto, fiable. El X10 establece nuevos est\u00e1ndares en variedad y frescura.","og_url":"https:\/\/www.erresse-shop.it\/es\/shop\/pequenos-electrodomesticos\/maquinas-de-cafe\/automatico\/jura-cafetera-giga-w10-diamond-silver-copia\/","og_site_name":"Erresse Shop","article_modified_time":"2025-02-21T07:11:06+00:00","og_image":[{"width":1200,"height":1200,"url":"https:\/\/www.erresse-shop.it\/wp-content\/uploads\/2025\/02\/JURA-Macchina-Da-Caffe-GIGA-X10-Dark-Inox.jpg","type":"image\/jpeg"}],"twitter_card":"summary_large_image","schema":{"@context":"https:\/\/schema.org","@graph":[{"@type":"WebPage","@id":"https:\/\/www.erresse-shop.it\/es\/shop\/pequenos-electrodomesticos\/maquinas-de-cafe\/automatico\/jura-cafetera-giga-w10-diamond-silver-copia\/","url":"https:\/\/www.erresse-shop.it\/es\/shop\/pequenos-electrodomesticos\/maquinas-de-cafe\/automatico\/jura-cafetera-giga-w10-diamond-silver-copia\/","name":"JURA Cafetera GIGA X10 Dark Inox - Erresse Shop","isPartOf":{"@id":"https:\/\/www.erresse-shop.it\/es\/#website"},"datePublished":"2025-02-21T06:54:03+00:00","dateModified":"2025-02-21T07:11:06+00:00","description":"La m\u00e1quina profesional para especialidades de caf\u00e9 fr\u00edo y caliente. Vers\u00e1til, robusto, fiable. El X10 establece nuevos est\u00e1ndares en variedad y frescura.","breadcrumb":{"@id":"https:\/\/www.erresse-shop.it\/es\/shop\/pequenos-electrodomesticos\/maquinas-de-cafe\/automatico\/jura-cafetera-giga-w10-diamond-silver-copia\/#breadcrumb"},"inLanguage":"es","potentialAction":[{"@type":"ReadAction","target":["https:\/\/www.erresse-shop.it\/es\/shop\/pequenos-electrodomesticos\/maquinas-de-cafe\/automatico\/jura-cafetera-giga-w10-diamond-silver-copia\/"]}]},{"@type":"BreadcrumbList","@id":"https:\/\/www.erresse-shop.it\/es\/shop\/pequenos-electrodomesticos\/maquinas-de-cafe\/automatico\/jura-cafetera-giga-w10-diamond-silver-copia\/#breadcrumb","itemListElement":[{"@type":"ListItem","position":1,"name":"Home","item":"https:\/\/www.erresse-shop.it\/es\/"},{"@type":"ListItem","position":2,"name":"Shop","item":"https:\/\/www.erresse-shop.it\/es\/shop\/"},{"@type":"ListItem","position":3,"name":"JURA Cafetera GIGA X10 Dark Inox"}]},{"@type":"WebSite","@id":"https:\/\/www.erresse-shop.it\/es\/#website","url":"https:\/\/www.erresse-shop.it\/es\/","name":"Erresse Shop","description":"Articoli di qualit\u00e0 per la casa","potentialAction":[{"@type":"SearchAction","target":{"@type":"EntryPoint","urlTemplate":"https:\/\/www.erresse-shop.it\/es\/?s={search_term_string}"},"query-input":"required name=search_term_string"}],"inLanguage":"es"}]}},"df_price":3199,"df_sale_price":3199,"df_regular_price":3699,"df_image_link":"https:\/\/www.erresse-shop.it\/wp-content\/uploads\/2025\/02\/JURA-Macchina-Da-Caffe-GIGA-X10-Dark-Inox-300x300.jpg","_links":{"self":[{"href":"https:\/\/www.erresse-shop.it\/es\/wp-json\/wp\/v2\/product\/470464"}],"collection":[{"href":"https:\/\/www.erresse-shop.it\/es\/wp-json\/wp\/v2\/product"}],"about":[{"href":"https:\/\/www.erresse-shop.it\/es\/wp-json\/wp\/v2\/types\/product"}],"wp:featuredmedia":[{"embeddable":true,"href":"https:\/\/www.erresse-shop.it\/es\/wp-json\/wp\/v2\/media\/470478"}],"wp:attachment":[{"href":"https:\/\/www.erresse-shop.it\/es\/wp-json\/wp\/v2\/media?parent=470464"}],"wp:term":[{"taxonomy":"product_cat","embeddable":true,"href":"https:\/\/www.erresse-shop.it\/es\/wp-json\/wp\/v2\/product_cat?post=470464"},{"taxonomy":"product_tag","embeddable":true,"href":"https:\/\/www.erresse-shop.it\/es\/wp-json\/wp\/v2\/product_tag?post=470464"}],"curies":[{"name":"wp","href":"https:\/\/api.w.org\/{rel}","templated":true}]}}