{"id":470247,"date":"2025-02-20T07:58:04","date_gmt":"2025-02-20T07:58:07","guid":{"rendered":"https:\/\/www.erresse-shop.it\/?post_type=product&#038;p=470247"},"modified":"2025-02-20T08:19:49","modified_gmt":"2025-02-20T08:19:49","slug":"staub-cocotte-redonda-24-cm-eucalipto-copia-2","status":"publish","type":"product","link":"https:\/\/www.erresse-shop.it\/es\/shop\/sartenes-y-ollas\/marmitas-y-cocottes\/staub-cocotte-redonda-24-cm-eucalipto-copia-2\/","title":{"rendered":"STAUB Cocotte Redonda 24 cm Flor de cerezo"},"content":{"rendered":"<p>La cocotte Staub es ideal para cocinar lentamente carne y verduras hasta que queden tiernas y para preparar guisos y sopas abundantes. El hierro fundido ofrece excelentes propiedades de retenci\u00f3n de calor, calent\u00e1ndose de manera uniforme. La innovadora tapa cuenta con peque\u00f1as p\u00faas en el interior que vierten continuamente l\u00edquido condensado sobre la comida, lo que garantiza resultados jugosos y sabrosos. El interior especial de esmalte negro mate y la tapa con puntas de pulverizaci\u00f3n continuas favorecen un dorado y un estofado perfectos, para platos con un sabor excepcional. Con un acabado esmaltado, cada pieza se adapta maravillosamente de la cocina a la mesa, siendo perfecta para cualquier cosa, desde comidas reconfortantes hasta cenas elegantes. Los utensilios de cocina de hierro fundido esmaltado Staub son la elecci\u00f3n de los mejores chefs. Con una durabilidad excepcional, es ideal para el uso diario en cocinas dom\u00e9sticas gourmet o restaurantes elegantes. Construidas para durar toda la vida, estas reliquias pueden transmitirse de generaci\u00f3n en generaci\u00f3n.<\/p>\n<ul>\n<li>Ideal para sellar y cocinar lentamente carnes, pescados o verduras<\/li>\n<li>Para un resultado de cocci\u00f3n jugoso y tierno gracias a la tapa<\/li>\n<li>El esmalte interior negro mate es ideal para dorar de forma especialmente crujiente y es muy resistente<\/li>\n<li>Apto para todo tipo de fuegos, incluida inducci\u00f3n, tambi\u00e9n se puede colocar en el horno\/grill<\/li>\n<\/ul>\n<p>Caracter\u00edsticas<\/p>\n<ul>\n<li>Resistencia al calor: 240 \u00baC<\/li>\n<li>Resistencia al fr\u00edo: -20 \u00baC<\/li>\n<li>Material: hierro fundido<\/li>\n<li>Recubrimiento interior: esmalte<\/li>\n<li>Inducci\u00f3n: S\u00ed<\/li>\n<li>Apto para horno: S\u00ed<\/li>\n<li>Apto para congelador: S\u00ed<\/li>\n<li>Apto para estufa: S\u00ed<\/li>\n<li>Apto para lavavajillas: S\u00ed<\/li>\n<\/ul>\n<p>Tama\u00f1o<\/p>\n<ul>\n<li>Peso neto: 4,74 kg<\/li>\n<li>Capacidad: 3,70 l<\/li>\n<li>Longitud del producto: 30,30 cm<\/li>\n<li>Ancho del producto: 24,00 cm<\/li>\n<li>Altura del producto: 15,30 cm<\/li>\n<li>Altura sin tapa: 10,50 cm<\/li>\n<li>Di\u00e1metro superior: 24,00 cm<\/li>\n<li>Di\u00e1metro inferior: 19,20 cm<\/li>\n<li>Longitud del mango: 3,00 cm<\/li>\n<\/ul>\n","protected":false},"excerpt":{"rendered":"<p>La cocotte Staub es ideal para cocinar lentamente carne y verduras hasta que queden tiernas y para preparar guisos y<\/p>\n","protected":false},"featured_media":470286,"template":"","meta":{"_acf_changed":false,"inline_featured_image":false},"product_cat":[16065,16058],"product_tag":[25090,16111,16211,21537,16781,16158,16654,25023],"acf":[],"yoast_head":"<!-- This site is optimized with the Yoast SEO Premium plugin v18.6 (Yoast SEO v19.13) - https:\/\/yoast.com\/wordpress\/plugins\/seo\/ -->\n<title>STAUB Cocotte Redonda 24 cm Flor de cerezo - Erresse Shop<\/title>\n<meta name=\"description\" content=\"La cocotte Staub es ideal para cocinar lentamente carne y verduras hasta que queden tiernas y para preparar guisos y sopas abundantes. El hierro fundido\" \/>\n<meta name=\"robots\" content=\"index, follow, max-snippet:-1, max-image-preview:large, max-video-preview:-1\" \/>\n<link rel=\"canonical\" href=\"https:\/\/www.erresse-shop.it\/es\/shop\/sartenes-y-ollas\/marmitas-y-cocottes\/staub-cocotte-redonda-24-cm-eucalipto-copia-2\/\" \/>\n<meta property=\"og:locale\" content=\"es_ES\" \/>\n<meta property=\"og:type\" content=\"article\" \/>\n<meta property=\"og:title\" content=\"STAUB Cocotte Redonda 24 cm Flor de cerezo\" \/>\n<meta property=\"og:description\" content=\"La cocotte Staub es ideal para cocinar lentamente carne y verduras hasta que queden tiernas y para preparar guisos y sopas abundantes. El hierro fundido\" \/>\n<meta property=\"og:url\" content=\"https:\/\/www.erresse-shop.it\/es\/shop\/sartenes-y-ollas\/marmitas-y-cocottes\/staub-cocotte-redonda-24-cm-eucalipto-copia-2\/\" \/>\n<meta property=\"og:site_name\" content=\"Erresse Shop\" \/>\n<meta property=\"article:modified_time\" content=\"2025-02-20T08:19:49+00:00\" \/>\n<meta property=\"og:image\" content=\"https:\/\/www.erresse-shop.it\/wp-content\/uploads\/2025\/02\/STAUB-Cocotte-Tonda-24-cm-Fiore-di-ciliegio.jpg\" \/>\n\t<meta property=\"og:image:width\" content=\"1200\" \/>\n\t<meta property=\"og:image:height\" content=\"1200\" \/>\n\t<meta property=\"og:image:type\" content=\"image\/jpeg\" \/>\n<meta name=\"twitter:card\" content=\"summary_large_image\" \/>\n<script type=\"application\/ld+json\" class=\"yoast-schema-graph\">{\"@context\":\"https:\/\/schema.org\",\"@graph\":[{\"@type\":\"WebPage\",\"@id\":\"https:\/\/www.erresse-shop.it\/es\/shop\/sartenes-y-ollas\/marmitas-y-cocottes\/staub-cocotte-redonda-24-cm-eucalipto-copia-2\/\",\"url\":\"https:\/\/www.erresse-shop.it\/es\/shop\/sartenes-y-ollas\/marmitas-y-cocottes\/staub-cocotte-redonda-24-cm-eucalipto-copia-2\/\",\"name\":\"STAUB Cocotte Redonda 24 cm Flor de cerezo - Erresse Shop\",\"isPartOf\":{\"@id\":\"https:\/\/www.erresse-shop.it\/es\/#website\"},\"datePublished\":\"2025-02-20T07:58:07+00:00\",\"dateModified\":\"2025-02-20T08:19:49+00:00\",\"description\":\"La cocotte Staub es ideal para cocinar lentamente carne y verduras hasta que queden tiernas y para preparar guisos y sopas abundantes. El hierro fundido\",\"breadcrumb\":{\"@id\":\"https:\/\/www.erresse-shop.it\/es\/shop\/sartenes-y-ollas\/marmitas-y-cocottes\/staub-cocotte-redonda-24-cm-eucalipto-copia-2\/#breadcrumb\"},\"inLanguage\":\"es\",\"potentialAction\":[{\"@type\":\"ReadAction\",\"target\":[\"https:\/\/www.erresse-shop.it\/es\/shop\/sartenes-y-ollas\/marmitas-y-cocottes\/staub-cocotte-redonda-24-cm-eucalipto-copia-2\/\"]}]},{\"@type\":\"BreadcrumbList\",\"@id\":\"https:\/\/www.erresse-shop.it\/es\/shop\/sartenes-y-ollas\/marmitas-y-cocottes\/staub-cocotte-redonda-24-cm-eucalipto-copia-2\/#breadcrumb\",\"itemListElement\":[{\"@type\":\"ListItem\",\"position\":1,\"name\":\"Home\",\"item\":\"https:\/\/www.erresse-shop.it\/es\/\"},{\"@type\":\"ListItem\",\"position\":2,\"name\":\"Shop\",\"item\":\"https:\/\/www.erresse-shop.it\/es\/shop\/\"},{\"@type\":\"ListItem\",\"position\":3,\"name\":\"STAUB Cocotte Redonda 24 cm Flor de cerezo\"}]},{\"@type\":\"WebSite\",\"@id\":\"https:\/\/www.erresse-shop.it\/es\/#website\",\"url\":\"https:\/\/www.erresse-shop.it\/es\/\",\"name\":\"Erresse Shop\",\"description\":\"Articoli di qualit\u00e0 per la casa\",\"potentialAction\":[{\"@type\":\"SearchAction\",\"target\":{\"@type\":\"EntryPoint\",\"urlTemplate\":\"https:\/\/www.erresse-shop.it\/es\/?s={search_term_string}\"},\"query-input\":\"required name=search_term_string\"}],\"inLanguage\":\"es\"}]}<\/script>\n<!-- \/ Yoast SEO Premium plugin. -->","yoast_head_json":{"title":"STAUB Cocotte Redonda 24 cm Flor de cerezo - Erresse Shop","description":"La cocotte Staub es ideal para cocinar lentamente carne y verduras hasta que queden tiernas y para preparar guisos y sopas abundantes. El hierro fundido","robots":{"index":"index","follow":"follow","max-snippet":"max-snippet:-1","max-image-preview":"max-image-preview:large","max-video-preview":"max-video-preview:-1"},"canonical":"https:\/\/www.erresse-shop.it\/es\/shop\/sartenes-y-ollas\/marmitas-y-cocottes\/staub-cocotte-redonda-24-cm-eucalipto-copia-2\/","og_locale":"es_ES","og_type":"article","og_title":"STAUB Cocotte Redonda 24 cm Flor de cerezo","og_description":"La cocotte Staub es ideal para cocinar lentamente carne y verduras hasta que queden tiernas y para preparar guisos y sopas abundantes. El hierro fundido","og_url":"https:\/\/www.erresse-shop.it\/es\/shop\/sartenes-y-ollas\/marmitas-y-cocottes\/staub-cocotte-redonda-24-cm-eucalipto-copia-2\/","og_site_name":"Erresse Shop","article_modified_time":"2025-02-20T08:19:49+00:00","og_image":[{"width":1200,"height":1200,"url":"https:\/\/www.erresse-shop.it\/wp-content\/uploads\/2025\/02\/STAUB-Cocotte-Tonda-24-cm-Fiore-di-ciliegio.jpg","type":"image\/jpeg"}],"twitter_card":"summary_large_image","schema":{"@context":"https:\/\/schema.org","@graph":[{"@type":"WebPage","@id":"https:\/\/www.erresse-shop.it\/es\/shop\/sartenes-y-ollas\/marmitas-y-cocottes\/staub-cocotte-redonda-24-cm-eucalipto-copia-2\/","url":"https:\/\/www.erresse-shop.it\/es\/shop\/sartenes-y-ollas\/marmitas-y-cocottes\/staub-cocotte-redonda-24-cm-eucalipto-copia-2\/","name":"STAUB Cocotte Redonda 24 cm Flor de cerezo - Erresse Shop","isPartOf":{"@id":"https:\/\/www.erresse-shop.it\/es\/#website"},"datePublished":"2025-02-20T07:58:07+00:00","dateModified":"2025-02-20T08:19:49+00:00","description":"La cocotte Staub es ideal para cocinar lentamente carne y verduras hasta que queden tiernas y para preparar guisos y sopas abundantes. El hierro fundido","breadcrumb":{"@id":"https:\/\/www.erresse-shop.it\/es\/shop\/sartenes-y-ollas\/marmitas-y-cocottes\/staub-cocotte-redonda-24-cm-eucalipto-copia-2\/#breadcrumb"},"inLanguage":"es","potentialAction":[{"@type":"ReadAction","target":["https:\/\/www.erresse-shop.it\/es\/shop\/sartenes-y-ollas\/marmitas-y-cocottes\/staub-cocotte-redonda-24-cm-eucalipto-copia-2\/"]}]},{"@type":"BreadcrumbList","@id":"https:\/\/www.erresse-shop.it\/es\/shop\/sartenes-y-ollas\/marmitas-y-cocottes\/staub-cocotte-redonda-24-cm-eucalipto-copia-2\/#breadcrumb","itemListElement":[{"@type":"ListItem","position":1,"name":"Home","item":"https:\/\/www.erresse-shop.it\/es\/"},{"@type":"ListItem","position":2,"name":"Shop","item":"https:\/\/www.erresse-shop.it\/es\/shop\/"},{"@type":"ListItem","position":3,"name":"STAUB Cocotte Redonda 24 cm Flor de cerezo"}]},{"@type":"WebSite","@id":"https:\/\/www.erresse-shop.it\/es\/#website","url":"https:\/\/www.erresse-shop.it\/es\/","name":"Erresse Shop","description":"Articoli di qualit\u00e0 per la casa","potentialAction":[{"@type":"SearchAction","target":{"@type":"EntryPoint","urlTemplate":"https:\/\/www.erresse-shop.it\/es\/?s={search_term_string}"},"query-input":"required name=search_term_string"}],"inLanguage":"es"}]}},"df_price":179.95,"df_sale_price":179.95,"df_regular_price":279,"df_image_link":"https:\/\/www.erresse-shop.it\/wp-content\/uploads\/2025\/02\/STAUB-Cocotte-Tonda-24-cm-Fiore-di-ciliegio-300x300.jpg","_links":{"self":[{"href":"https:\/\/www.erresse-shop.it\/es\/wp-json\/wp\/v2\/product\/470247"}],"collection":[{"href":"https:\/\/www.erresse-shop.it\/es\/wp-json\/wp\/v2\/product"}],"about":[{"href":"https:\/\/www.erresse-shop.it\/es\/wp-json\/wp\/v2\/types\/product"}],"wp:featuredmedia":[{"embeddable":true,"href":"https:\/\/www.erresse-shop.it\/es\/wp-json\/wp\/v2\/media\/470286"}],"wp:attachment":[{"href":"https:\/\/www.erresse-shop.it\/es\/wp-json\/wp\/v2\/media?parent=470247"}],"wp:term":[{"taxonomy":"product_cat","embeddable":true,"href":"https:\/\/www.erresse-shop.it\/es\/wp-json\/wp\/v2\/product_cat?post=470247"},{"taxonomy":"product_tag","embeddable":true,"href":"https:\/\/www.erresse-shop.it\/es\/wp-json\/wp\/v2\/product_tag?post=470247"}],"curies":[{"name":"wp","href":"https:\/\/api.w.org\/{rel}","templated":true}]}}