{"id":470199,"date":"2025-02-20T07:40:33","date_gmt":"2025-02-20T07:40:36","guid":{"rendered":"https:\/\/www.erresse-shop.it\/?post_type=product&#038;p=470199"},"modified":"2025-02-20T07:53:11","modified_gmt":"2025-02-20T07:53:11","slug":"staub-cocotte-redonda-24-cm-eucalipto-copia","status":"publish","type":"product","link":"https:\/\/www.erresse-shop.it\/es\/shop\/sartenes-y-ollas\/marmitas-y-cocottes\/staub-cocotte-redonda-24-cm-eucalipto-copia\/","title":{"rendered":"STAUB Cocotte Redonda 26 cm Eucalipto"},"content":{"rendered":"<p>La cazuela de eucalipto de la serie La Cocotte de Staub, marca conocida por sus cazuelas de hierro fundido de alta calidad, a\u00f1ade un toque de alegr\u00eda a la cocina. Es compatible con todas las placas tradicionales, incluida la inducci\u00f3n, y tambi\u00e9n se puede utilizar en el horno. Con un di\u00e1metro de 26 cm y una capacidad de 5,2 litros, es ideal para cocinar para varias personas o para toda la familia. El dise\u00f1o simple resalta la funcionalidad, con una tapa que presenta una estructura de goteo especial para distribuir uniformemente la condensaci\u00f3n sobre los alimentos durante la cocci\u00f3n, manteniendo las carnes tiernas y las verduras jugosas. Las asas laterales y la perilla de hierro fundido facilitan su movimiento, mientras que el revestimiento de esmalte asegura una excelente distribuci\u00f3n del calor. Esto permite preparar platos delicados y saludables de forma sencilla y con una limpieza sencilla. El hierro fundido garantiza un estofado eficaz, ideal para platos como pisto y pollo al vino, aprovechando las propiedades \u00fanicas del material.<\/p>\n<ul>\n<li>Ideal para sellar y cocinar lentamente carnes, pescados o verduras<\/li>\n<li>Para un resultado de cocci\u00f3n jugoso y tierno gracias a la tapa<\/li>\n<li>El esmalte interior negro mate es ideal para dorar de forma especialmente crujiente y es muy resistente<\/li>\n<li>Apto para todo tipo de fuegos, incluida inducci\u00f3n, tambi\u00e9n se puede colocar en el horno\/grill<\/li>\n<\/ul>\n<p>Caracter\u00edsticas<\/p>\n<ul>\n<li>Resistencia al calor: 240 \u00baC<\/li>\n<li>Resistencia al fr\u00edo: -20 \u00baC<\/li>\n<li>Material: hierro fundido<\/li>\n<li>Recubrimiento interior: esmalte<\/li>\n<li>Inducci\u00f3n: S\u00ed<\/li>\n<li>Apto para horno: S\u00ed<\/li>\n<li>Apto para congelador: S\u00ed<\/li>\n<li>Apto para estufa: S\u00ed<\/li>\n<li>Apto para lavavajillas: S\u00ed<\/li>\n<\/ul>\n<p>Tama\u00f1o<\/p>\n<ul>\n<li class=\"attribute\"><span class=\"label\">Peso neto:<\/span><span class=\"value\">5,70 kg<\/span><\/li>\n<li class=\"attribute\"><span class=\"label\">Capacidad:<\/span><span class=\"value\">5,25 l<\/span><\/li>\n<li class=\"attribute\"><span class=\"label\">Longitud del producto:<\/span><span class=\"value\">32,70 cm<\/span><\/li>\n<li class=\"attribute\"><span class=\"label\">Ancho del producto:<\/span><span class=\"value\">26,00 cm<\/span><\/li>\n<li class=\"attribute\"><span class=\"label\">Altura del producto:<\/span><span class=\"value\">16,70 cm<\/span><\/li>\n<li class=\"attribute\"><span class=\"label\">Altura sin tapa:<\/span><span class=\"value\">11,80 cm<\/span><\/li>\n<li class=\"attribute\"><span class=\"label\">Di\u00e1metro superior:<\/span><span class=\"value\">26,00 cm<\/span><\/li>\n<li class=\"attribute\"><span class=\"label\">Di\u00e1metro del fondo:<\/span><span class=\"value\">21,70 cm<\/span><\/li>\n<li class=\"attribute\"><span class=\"label\">Longitud del mango:<\/span><span class=\"value\">3,50 cm<\/span><\/li>\n<\/ul>\n","protected":false},"excerpt":{"rendered":"<p>La cazuela de eucalipto de la serie La Cocotte de Staub, marca conocida por sus cazuelas de hierro fundido de<\/p>\n","protected":false},"featured_media":470237,"template":"","meta":{"_acf_changed":false,"inline_featured_image":false},"product_cat":[16065,16058],"product_tag":[25090,16111,16211,21537,16781,16158,16654,25023],"acf":[],"yoast_head":"<!-- This site is optimized with the Yoast SEO Premium plugin v18.6 (Yoast SEO v19.13) - https:\/\/yoast.com\/wordpress\/plugins\/seo\/ -->\n<title>STAUB Cocotte Redonda 26 cm Eucalipto - Erresse Shop<\/title>\n<meta name=\"description\" content=\"La cazuela de eucalipto de la serie La Cocotte de Staub, marca conocida por sus cazuelas de hierro fundido de alta calidad, a\u00f1ade un toque de alegr\u00eda a la\" \/>\n<meta name=\"robots\" content=\"index, follow, max-snippet:-1, max-image-preview:large, max-video-preview:-1\" \/>\n<link rel=\"canonical\" href=\"https:\/\/www.erresse-shop.it\/es\/shop\/sartenes-y-ollas\/marmitas-y-cocottes\/staub-cocotte-redonda-24-cm-eucalipto-copia\/\" \/>\n<meta property=\"og:locale\" content=\"es_ES\" \/>\n<meta property=\"og:type\" content=\"article\" \/>\n<meta property=\"og:title\" content=\"STAUB Cocotte Redonda 26 cm Eucalipto\" \/>\n<meta property=\"og:description\" content=\"La cazuela de eucalipto de la serie La Cocotte de Staub, marca conocida por sus cazuelas de hierro fundido de alta calidad, a\u00f1ade un toque de alegr\u00eda a la\" \/>\n<meta property=\"og:url\" content=\"https:\/\/www.erresse-shop.it\/es\/shop\/sartenes-y-ollas\/marmitas-y-cocottes\/staub-cocotte-redonda-24-cm-eucalipto-copia\/\" \/>\n<meta property=\"og:site_name\" content=\"Erresse Shop\" \/>\n<meta property=\"article:modified_time\" content=\"2025-02-20T07:53:11+00:00\" \/>\n<meta property=\"og:image\" content=\"https:\/\/www.erresse-shop.it\/wp-content\/uploads\/2025\/02\/STAUB-Cocotte-Tonda-26-cm-Eucalipto.jpg\" \/>\n\t<meta property=\"og:image:width\" content=\"1200\" \/>\n\t<meta property=\"og:image:height\" content=\"1200\" \/>\n\t<meta property=\"og:image:type\" content=\"image\/jpeg\" \/>\n<meta name=\"twitter:card\" content=\"summary_large_image\" \/>\n<script type=\"application\/ld+json\" class=\"yoast-schema-graph\">{\"@context\":\"https:\/\/schema.org\",\"@graph\":[{\"@type\":\"WebPage\",\"@id\":\"https:\/\/www.erresse-shop.it\/es\/shop\/sartenes-y-ollas\/marmitas-y-cocottes\/staub-cocotte-redonda-24-cm-eucalipto-copia\/\",\"url\":\"https:\/\/www.erresse-shop.it\/es\/shop\/sartenes-y-ollas\/marmitas-y-cocottes\/staub-cocotte-redonda-24-cm-eucalipto-copia\/\",\"name\":\"STAUB Cocotte Redonda 26 cm Eucalipto - Erresse Shop\",\"isPartOf\":{\"@id\":\"https:\/\/www.erresse-shop.it\/es\/#website\"},\"datePublished\":\"2025-02-20T07:40:36+00:00\",\"dateModified\":\"2025-02-20T07:53:11+00:00\",\"description\":\"La cazuela de eucalipto de la serie La Cocotte de Staub, marca conocida por sus cazuelas de hierro fundido de alta calidad, a\u00f1ade un toque de alegr\u00eda a la\",\"breadcrumb\":{\"@id\":\"https:\/\/www.erresse-shop.it\/es\/shop\/sartenes-y-ollas\/marmitas-y-cocottes\/staub-cocotte-redonda-24-cm-eucalipto-copia\/#breadcrumb\"},\"inLanguage\":\"es\",\"potentialAction\":[{\"@type\":\"ReadAction\",\"target\":[\"https:\/\/www.erresse-shop.it\/es\/shop\/sartenes-y-ollas\/marmitas-y-cocottes\/staub-cocotte-redonda-24-cm-eucalipto-copia\/\"]}]},{\"@type\":\"BreadcrumbList\",\"@id\":\"https:\/\/www.erresse-shop.it\/es\/shop\/sartenes-y-ollas\/marmitas-y-cocottes\/staub-cocotte-redonda-24-cm-eucalipto-copia\/#breadcrumb\",\"itemListElement\":[{\"@type\":\"ListItem\",\"position\":1,\"name\":\"Home\",\"item\":\"https:\/\/www.erresse-shop.it\/es\/\"},{\"@type\":\"ListItem\",\"position\":2,\"name\":\"Shop\",\"item\":\"https:\/\/www.erresse-shop.it\/es\/shop\/\"},{\"@type\":\"ListItem\",\"position\":3,\"name\":\"STAUB Cocotte Redonda 26 cm Eucalipto\"}]},{\"@type\":\"WebSite\",\"@id\":\"https:\/\/www.erresse-shop.it\/es\/#website\",\"url\":\"https:\/\/www.erresse-shop.it\/es\/\",\"name\":\"Erresse Shop\",\"description\":\"Articoli di qualit\u00e0 per la casa\",\"potentialAction\":[{\"@type\":\"SearchAction\",\"target\":{\"@type\":\"EntryPoint\",\"urlTemplate\":\"https:\/\/www.erresse-shop.it\/es\/?s={search_term_string}\"},\"query-input\":\"required name=search_term_string\"}],\"inLanguage\":\"es\"}]}<\/script>\n<!-- \/ Yoast SEO Premium plugin. -->","yoast_head_json":{"title":"STAUB Cocotte Redonda 26 cm Eucalipto - Erresse Shop","description":"La cazuela de eucalipto de la serie La Cocotte de Staub, marca conocida por sus cazuelas de hierro fundido de alta calidad, a\u00f1ade un toque de alegr\u00eda a la","robots":{"index":"index","follow":"follow","max-snippet":"max-snippet:-1","max-image-preview":"max-image-preview:large","max-video-preview":"max-video-preview:-1"},"canonical":"https:\/\/www.erresse-shop.it\/es\/shop\/sartenes-y-ollas\/marmitas-y-cocottes\/staub-cocotte-redonda-24-cm-eucalipto-copia\/","og_locale":"es_ES","og_type":"article","og_title":"STAUB Cocotte Redonda 26 cm Eucalipto","og_description":"La cazuela de eucalipto de la serie La Cocotte de Staub, marca conocida por sus cazuelas de hierro fundido de alta calidad, a\u00f1ade un toque de alegr\u00eda a la","og_url":"https:\/\/www.erresse-shop.it\/es\/shop\/sartenes-y-ollas\/marmitas-y-cocottes\/staub-cocotte-redonda-24-cm-eucalipto-copia\/","og_site_name":"Erresse Shop","article_modified_time":"2025-02-20T07:53:11+00:00","og_image":[{"width":1200,"height":1200,"url":"https:\/\/www.erresse-shop.it\/wp-content\/uploads\/2025\/02\/STAUB-Cocotte-Tonda-26-cm-Eucalipto.jpg","type":"image\/jpeg"}],"twitter_card":"summary_large_image","schema":{"@context":"https:\/\/schema.org","@graph":[{"@type":"WebPage","@id":"https:\/\/www.erresse-shop.it\/es\/shop\/sartenes-y-ollas\/marmitas-y-cocottes\/staub-cocotte-redonda-24-cm-eucalipto-copia\/","url":"https:\/\/www.erresse-shop.it\/es\/shop\/sartenes-y-ollas\/marmitas-y-cocottes\/staub-cocotte-redonda-24-cm-eucalipto-copia\/","name":"STAUB Cocotte Redonda 26 cm Eucalipto - Erresse Shop","isPartOf":{"@id":"https:\/\/www.erresse-shop.it\/es\/#website"},"datePublished":"2025-02-20T07:40:36+00:00","dateModified":"2025-02-20T07:53:11+00:00","description":"La cazuela de eucalipto de la serie La Cocotte de Staub, marca conocida por sus cazuelas de hierro fundido de alta calidad, a\u00f1ade un toque de alegr\u00eda a la","breadcrumb":{"@id":"https:\/\/www.erresse-shop.it\/es\/shop\/sartenes-y-ollas\/marmitas-y-cocottes\/staub-cocotte-redonda-24-cm-eucalipto-copia\/#breadcrumb"},"inLanguage":"es","potentialAction":[{"@type":"ReadAction","target":["https:\/\/www.erresse-shop.it\/es\/shop\/sartenes-y-ollas\/marmitas-y-cocottes\/staub-cocotte-redonda-24-cm-eucalipto-copia\/"]}]},{"@type":"BreadcrumbList","@id":"https:\/\/www.erresse-shop.it\/es\/shop\/sartenes-y-ollas\/marmitas-y-cocottes\/staub-cocotte-redonda-24-cm-eucalipto-copia\/#breadcrumb","itemListElement":[{"@type":"ListItem","position":1,"name":"Home","item":"https:\/\/www.erresse-shop.it\/es\/"},{"@type":"ListItem","position":2,"name":"Shop","item":"https:\/\/www.erresse-shop.it\/es\/shop\/"},{"@type":"ListItem","position":3,"name":"STAUB Cocotte Redonda 26 cm Eucalipto"}]},{"@type":"WebSite","@id":"https:\/\/www.erresse-shop.it\/es\/#website","url":"https:\/\/www.erresse-shop.it\/es\/","name":"Erresse Shop","description":"Articoli di qualit\u00e0 per la casa","potentialAction":[{"@type":"SearchAction","target":{"@type":"EntryPoint","urlTemplate":"https:\/\/www.erresse-shop.it\/es\/?s={search_term_string}"},"query-input":"required name=search_term_string"}],"inLanguage":"es"}]}},"df_price":159.5,"df_sale_price":159.5,"df_regular_price":319,"df_image_link":"https:\/\/www.erresse-shop.it\/wp-content\/uploads\/2025\/02\/STAUB-Cocotte-Tonda-26-cm-Eucalipto-300x300.jpg","_links":{"self":[{"href":"https:\/\/www.erresse-shop.it\/es\/wp-json\/wp\/v2\/product\/470199"}],"collection":[{"href":"https:\/\/www.erresse-shop.it\/es\/wp-json\/wp\/v2\/product"}],"about":[{"href":"https:\/\/www.erresse-shop.it\/es\/wp-json\/wp\/v2\/types\/product"}],"wp:featuredmedia":[{"embeddable":true,"href":"https:\/\/www.erresse-shop.it\/es\/wp-json\/wp\/v2\/media\/470237"}],"wp:attachment":[{"href":"https:\/\/www.erresse-shop.it\/es\/wp-json\/wp\/v2\/media?parent=470199"}],"wp:term":[{"taxonomy":"product_cat","embeddable":true,"href":"https:\/\/www.erresse-shop.it\/es\/wp-json\/wp\/v2\/product_cat?post=470199"},{"taxonomy":"product_tag","embeddable":true,"href":"https:\/\/www.erresse-shop.it\/es\/wp-json\/wp\/v2\/product_tag?post=470199"}],"curies":[{"name":"wp","href":"https:\/\/api.w.org\/{rel}","templated":true}]}}