{"id":470131,"date":"2025-02-20T06:53:31","date_gmt":"2025-02-20T06:53:34","guid":{"rendered":"https:\/\/www.erresse-shop.it\/?post_type=product&#038;p=470131"},"modified":"2025-02-20T07:10:50","modified_gmt":"2025-02-20T07:10:50","slug":"zwilling-juego-de-2-cuchillos-gourmet-copia","status":"publish","type":"product","link":"https:\/\/www.erresse-shop.it\/es\/shop\/cocina\/cuchillos\/bloques-de-cuchillos\/zwilling-juego-de-2-cuchillos-gourmet-copia\/","title":{"rendered":"ZWILLING Set de cuchillos Gourmet con bloque marr\u00f3n"},"content":{"rendered":"<p>Los cuchillos afilados son cuchillos seguros. Por eso, el bloque de cuchillos ZWILLING SharpBlock de la serie GOURMET, con tecnolog\u00eda KIS (Keep It Sharp), garantiza un afilado \u00f3ptimo en cada uso. De esta manera, se requiere menos fuerza y \u200b\u200bno se resbalan. El bloque autoafilante evita la necesidad de afilar a mano y protege los cuchillos de da\u00f1os. El secreto del bloque se guarda en el interior: en los compartimentos para los cuchillos de hoja lisa (cuchillo pelador, cuchillo para trinchar y cuchillo de cocinero) hay dos ruedas de cer\u00e1mica integradas, colocadas en el \u00e1ngulo de afilado \u00f3ptimo. Cada vez que se inserta o se retira un cuchillo GOURMET del bloque, la hoja recupera autom\u00e1ticamente su filo, para que los cuchillos est\u00e9n siempre afilados y listos para usar. Gracias a su elegante dise\u00f1o con aspecto de fresno con vetas caracter\u00edsticas y a su acabado en acero inoxidable para una mayor durabilidad, el bloque de cuchillos de 7 piezas llama la atenci\u00f3n en cualquier cocina.<\/p>\n<div class=\"dimensiones-contenido\">\n<div class=\"atributos-principales-del-producto\">\n<div id=\"js-pdp-accordion\" clase=\"pdp-accordion mt-4 ui-accordion ui-widget ui-helper-reset\" rol=\"tablist\">\n<div id=\"ui-id-4\" clase=\"contenido-acorde\u00f3n-de-la-interfaz-de-usuario esquina-inferior-de-la-interfaz-de-usuario restablecimiento-del-ayudante-de-la-interfaz-de-usuario contenido-del-widget contenido-acorde\u00f3n-de-la-interfaz-de-usuario-activo\" rol=\"panel-de-pesta\u00f1as\" aria-labelledby=\"ui-id-3\" aria-hidden=\"falso\">\n<div class=\"dimensiones-contenido\">\n<p><span class=\"dimensions\">Caracter\u00edsticas<\/span><\/p>\n<div class=\"atributos-principales-del-producto\">\n<ul>\n<li class=\"attribute\"><span class=\"label\">Material de stock: madera<\/span><\/li>\n<li class=\"attribute\"><span class=\"label\">M\u00e9todo de producci\u00f3n:<\/span><span class=\"value\">Corte por l\u00e1ser<\/span><\/li>\n<li class=\"attribute\"><span class=\"label\">N\u00famero de piezas: 7<\/span><\/li>\n<li class=\"attribute\"><span class=\"label\">Color del mango:<\/span><span class=\"value\">negro<\/span><\/li>\n<li class=\"attribute\"><span class=\"label\">Material del mango:<\/span><span class=\"value\">pl\u00e1stico<\/span><\/li>\n<\/ul>\n<\/div>\n<\/div>\n<div class=\"dimensiones-contenido\">\n<p><span class=\"dimensions\">TAMA\u00d1O<\/span><\/p>\n<div class=\"atributos-principales-del-producto\">\n<ul>\n<li class=\"attribute\"><span class=\"label\">Peso neto: 2,51 kg<\/span><\/li>\n<li class=\"attribute\"><span class=\"label\">Longitud del producto: <\/span><span class=\"value\">41 cm<\/span><\/li>\n<li class=\"attribute\"><span class=\"label\">Ancho del producto: 17<\/span><span class=\"value\">,50 cm<\/span><\/li>\n<li class=\"attribute\"><span class=\"label\">Altura del producto: 20<\/span><span class=\"value\">.00 cm<\/span><\/li>\n<\/ul>\n<\/div>\n<\/div>\n<\/div>\n<\/div>\n<\/div>\n<\/div>\n","protected":false},"excerpt":{"rendered":"<p>Pionera en el campo de la cuchiller\u00eda de primera calidad, ZWILLING J.A. Henckels lleva fabricando cuchillos de excelente factura desde 1731.<\/p>\n","protected":false},"featured_media":470144,"template":"","meta":{"_acf_changed":false,"inline_featured_image":false},"product_cat":[16045,16040,16043],"product_tag":[16162,16132,16509,16432,17317,16510,25264,16533],"acf":[],"yoast_head":"<!-- This site is optimized with the Yoast SEO Premium plugin v18.6 (Yoast SEO v19.13) - https:\/\/yoast.com\/wordpress\/plugins\/seo\/ -->\n<title>ZWILLING Set de cuchillos Gourmet con bloque marr\u00f3n - Erresse Shop<\/title>\n<meta name=\"description\" content=\"Pionera en el campo de la cuchiller\u00eda de primera calidad, ZWILLING J.A. Henckels lleva fabricando cuchillos de excelente factura desde 1731.\" \/>\n<meta name=\"robots\" content=\"index, follow, max-snippet:-1, max-image-preview:large, max-video-preview:-1\" \/>\n<link rel=\"canonical\" href=\"https:\/\/www.erresse-shop.it\/es\/shop\/cocina\/cuchillos\/bloques-de-cuchillos\/zwilling-juego-de-2-cuchillos-gourmet-copia\/\" \/>\n<meta property=\"og:locale\" content=\"es_ES\" \/>\n<meta property=\"og:type\" content=\"article\" \/>\n<meta property=\"og:title\" content=\"ZWILLING Set de cuchillos Gourmet con bloque marr\u00f3n\" \/>\n<meta property=\"og:description\" content=\"Pionera en el campo de la cuchiller\u00eda de primera calidad, ZWILLING J.A. Henckels lleva fabricando cuchillos de excelente factura desde 1731.\" \/>\n<meta property=\"og:url\" content=\"https:\/\/www.erresse-shop.it\/es\/shop\/cocina\/cuchillos\/bloques-de-cuchillos\/zwilling-juego-de-2-cuchillos-gourmet-copia\/\" \/>\n<meta property=\"og:site_name\" content=\"Erresse Shop\" \/>\n<meta property=\"article:modified_time\" content=\"2025-02-20T07:10:50+00:00\" \/>\n<meta property=\"og:image\" content=\"https:\/\/www.erresse-shop.it\/wp-content\/uploads\/2025\/02\/ZWILLING-Set-Coltelli-Gourmet-con-Ceppo-Marrone.jpg\" \/>\n\t<meta property=\"og:image:width\" content=\"1200\" \/>\n\t<meta property=\"og:image:height\" content=\"1200\" \/>\n\t<meta property=\"og:image:type\" content=\"image\/jpeg\" \/>\n<meta name=\"twitter:card\" content=\"summary_large_image\" \/>\n<script type=\"application\/ld+json\" class=\"yoast-schema-graph\">{\"@context\":\"https:\/\/schema.org\",\"@graph\":[{\"@type\":\"WebPage\",\"@id\":\"https:\/\/www.erresse-shop.it\/es\/shop\/cocina\/cuchillos\/bloques-de-cuchillos\/zwilling-juego-de-2-cuchillos-gourmet-copia\/\",\"url\":\"https:\/\/www.erresse-shop.it\/es\/shop\/cocina\/cuchillos\/bloques-de-cuchillos\/zwilling-juego-de-2-cuchillos-gourmet-copia\/\",\"name\":\"ZWILLING Set de cuchillos Gourmet con bloque marr\u00f3n - Erresse Shop\",\"isPartOf\":{\"@id\":\"https:\/\/www.erresse-shop.it\/es\/#website\"},\"datePublished\":\"2025-02-20T06:53:34+00:00\",\"dateModified\":\"2025-02-20T07:10:50+00:00\",\"description\":\"Pionera en el campo de la cuchiller\u00eda de primera calidad, ZWILLING J.A. Henckels lleva fabricando cuchillos de excelente factura desde 1731.\",\"breadcrumb\":{\"@id\":\"https:\/\/www.erresse-shop.it\/es\/shop\/cocina\/cuchillos\/bloques-de-cuchillos\/zwilling-juego-de-2-cuchillos-gourmet-copia\/#breadcrumb\"},\"inLanguage\":\"es\",\"potentialAction\":[{\"@type\":\"ReadAction\",\"target\":[\"https:\/\/www.erresse-shop.it\/es\/shop\/cocina\/cuchillos\/bloques-de-cuchillos\/zwilling-juego-de-2-cuchillos-gourmet-copia\/\"]}]},{\"@type\":\"BreadcrumbList\",\"@id\":\"https:\/\/www.erresse-shop.it\/es\/shop\/cocina\/cuchillos\/bloques-de-cuchillos\/zwilling-juego-de-2-cuchillos-gourmet-copia\/#breadcrumb\",\"itemListElement\":[{\"@type\":\"ListItem\",\"position\":1,\"name\":\"Home\",\"item\":\"https:\/\/www.erresse-shop.it\/es\/\"},{\"@type\":\"ListItem\",\"position\":2,\"name\":\"Shop\",\"item\":\"https:\/\/www.erresse-shop.it\/es\/shop\/\"},{\"@type\":\"ListItem\",\"position\":3,\"name\":\"ZWILLING Set de cuchillos Gourmet con bloque marr\u00f3n\"}]},{\"@type\":\"WebSite\",\"@id\":\"https:\/\/www.erresse-shop.it\/es\/#website\",\"url\":\"https:\/\/www.erresse-shop.it\/es\/\",\"name\":\"Erresse Shop\",\"description\":\"Articoli di qualit\u00e0 per la casa\",\"potentialAction\":[{\"@type\":\"SearchAction\",\"target\":{\"@type\":\"EntryPoint\",\"urlTemplate\":\"https:\/\/www.erresse-shop.it\/es\/?s={search_term_string}\"},\"query-input\":\"required name=search_term_string\"}],\"inLanguage\":\"es\"}]}<\/script>\n<!-- \/ Yoast SEO Premium plugin. -->","yoast_head_json":{"title":"ZWILLING Set de cuchillos Gourmet con bloque marr\u00f3n - Erresse Shop","description":"Pionera en el campo de la cuchiller\u00eda de primera calidad, ZWILLING J.A. Henckels lleva fabricando cuchillos de excelente factura desde 1731.","robots":{"index":"index","follow":"follow","max-snippet":"max-snippet:-1","max-image-preview":"max-image-preview:large","max-video-preview":"max-video-preview:-1"},"canonical":"https:\/\/www.erresse-shop.it\/es\/shop\/cocina\/cuchillos\/bloques-de-cuchillos\/zwilling-juego-de-2-cuchillos-gourmet-copia\/","og_locale":"es_ES","og_type":"article","og_title":"ZWILLING Set de cuchillos Gourmet con bloque marr\u00f3n","og_description":"Pionera en el campo de la cuchiller\u00eda de primera calidad, ZWILLING J.A. Henckels lleva fabricando cuchillos de excelente factura desde 1731.","og_url":"https:\/\/www.erresse-shop.it\/es\/shop\/cocina\/cuchillos\/bloques-de-cuchillos\/zwilling-juego-de-2-cuchillos-gourmet-copia\/","og_site_name":"Erresse Shop","article_modified_time":"2025-02-20T07:10:50+00:00","og_image":[{"width":1200,"height":1200,"url":"https:\/\/www.erresse-shop.it\/wp-content\/uploads\/2025\/02\/ZWILLING-Set-Coltelli-Gourmet-con-Ceppo-Marrone.jpg","type":"image\/jpeg"}],"twitter_card":"summary_large_image","schema":{"@context":"https:\/\/schema.org","@graph":[{"@type":"WebPage","@id":"https:\/\/www.erresse-shop.it\/es\/shop\/cocina\/cuchillos\/bloques-de-cuchillos\/zwilling-juego-de-2-cuchillos-gourmet-copia\/","url":"https:\/\/www.erresse-shop.it\/es\/shop\/cocina\/cuchillos\/bloques-de-cuchillos\/zwilling-juego-de-2-cuchillos-gourmet-copia\/","name":"ZWILLING Set de cuchillos Gourmet con bloque marr\u00f3n - Erresse Shop","isPartOf":{"@id":"https:\/\/www.erresse-shop.it\/es\/#website"},"datePublished":"2025-02-20T06:53:34+00:00","dateModified":"2025-02-20T07:10:50+00:00","description":"Pionera en el campo de la cuchiller\u00eda de primera calidad, ZWILLING J.A. Henckels lleva fabricando cuchillos de excelente factura desde 1731.","breadcrumb":{"@id":"https:\/\/www.erresse-shop.it\/es\/shop\/cocina\/cuchillos\/bloques-de-cuchillos\/zwilling-juego-de-2-cuchillos-gourmet-copia\/#breadcrumb"},"inLanguage":"es","potentialAction":[{"@type":"ReadAction","target":["https:\/\/www.erresse-shop.it\/es\/shop\/cocina\/cuchillos\/bloques-de-cuchillos\/zwilling-juego-de-2-cuchillos-gourmet-copia\/"]}]},{"@type":"BreadcrumbList","@id":"https:\/\/www.erresse-shop.it\/es\/shop\/cocina\/cuchillos\/bloques-de-cuchillos\/zwilling-juego-de-2-cuchillos-gourmet-copia\/#breadcrumb","itemListElement":[{"@type":"ListItem","position":1,"name":"Home","item":"https:\/\/www.erresse-shop.it\/es\/"},{"@type":"ListItem","position":2,"name":"Shop","item":"https:\/\/www.erresse-shop.it\/es\/shop\/"},{"@type":"ListItem","position":3,"name":"ZWILLING Set de cuchillos Gourmet con bloque marr\u00f3n"}]},{"@type":"WebSite","@id":"https:\/\/www.erresse-shop.it\/es\/#website","url":"https:\/\/www.erresse-shop.it\/es\/","name":"Erresse Shop","description":"Articoli di qualit\u00e0 per la casa","potentialAction":[{"@type":"SearchAction","target":{"@type":"EntryPoint","urlTemplate":"https:\/\/www.erresse-shop.it\/es\/?s={search_term_string}"},"query-input":"required name=search_term_string"}],"inLanguage":"es"}]}},"df_price":139.5,"df_sale_price":139.5,"df_regular_price":279,"df_image_link":"https:\/\/www.erresse-shop.it\/wp-content\/uploads\/2025\/02\/ZWILLING-Set-Coltelli-Gourmet-con-Ceppo-Marrone-300x300.jpg","_links":{"self":[{"href":"https:\/\/www.erresse-shop.it\/es\/wp-json\/wp\/v2\/product\/470131"}],"collection":[{"href":"https:\/\/www.erresse-shop.it\/es\/wp-json\/wp\/v2\/product"}],"about":[{"href":"https:\/\/www.erresse-shop.it\/es\/wp-json\/wp\/v2\/types\/product"}],"wp:featuredmedia":[{"embeddable":true,"href":"https:\/\/www.erresse-shop.it\/es\/wp-json\/wp\/v2\/media\/470144"}],"wp:attachment":[{"href":"https:\/\/www.erresse-shop.it\/es\/wp-json\/wp\/v2\/media?parent=470131"}],"wp:term":[{"taxonomy":"product_cat","embeddable":true,"href":"https:\/\/www.erresse-shop.it\/es\/wp-json\/wp\/v2\/product_cat?post=470131"},{"taxonomy":"product_tag","embeddable":true,"href":"https:\/\/www.erresse-shop.it\/es\/wp-json\/wp\/v2\/product_tag?post=470131"}],"curies":[{"name":"wp","href":"https:\/\/api.w.org\/{rel}","templated":true}]}}