{"id":469890,"date":"2025-02-19T08:42:25","date_gmt":"2025-02-19T08:42:27","guid":{"rendered":"https:\/\/www.erresse-shop.it\/?post_type=product&#038;p=469890"},"modified":"2026-02-23T10:54:32","modified_gmt":"2026-02-23T10:54:32","slug":"bordallo-pinheiro-ensaladera-maria-flor-33-cm","status":"publish","type":"product","link":"https:\/\/www.erresse-shop.it\/es\/shop\/tabla\/ensaladeras-y-soperas\/bordallo-pinheiro-ensaladera-maria-flor-33-cm\/","title":{"rendered":"BORDALLO PINHEIRO Ensaladera Maria Flor 33 cm"},"content":{"rendered":"<p>Con la colecci\u00f3n Maria Flor, las flores est\u00e1n invitadas a su mesa. Dalias, rosas y margaritas, las piezas est\u00e1n meticulosamente elaboradas para reproducir cada detalle, como si fueran verdaderos arreglos florales. Bordallo Pinheiro consigue combinar color, naturaleza y sofisticaci\u00f3n con piezas de terracota que son \u00fatiles en el d\u00eda a d\u00eda, pero tambi\u00e9n verdaderas obras de arte. Esta colecci\u00f3n contempor\u00e1nea, inspirada en la primavera y el campo, incluye platos, ensaladeras, as\u00ed como grandes platos y cuencos.<\/p>\n<p><strong>Dimensiones<\/strong>: 33 x 32, H. 9 cm<br \/>\n<strong>Material<\/strong>: Terracota<\/p>\n","protected":false},"excerpt":{"rendered":"<p>Con la colecci\u00f3n Maria Flor, las flores est\u00e1n invitadas a su mesa. Dalias, rosas y margaritas, las piezas est\u00e1n meticulosamente<\/p>\n","protected":false},"featured_media":469899,"template":"","meta":{"_acf_changed":false,"inline_featured_image":false},"product_cat":[16030,16027],"product_tag":[25039,23912,16421,16414],"acf":[],"yoast_head":"<!-- This site is optimized with the Yoast SEO Premium plugin v18.6 (Yoast SEO v19.13) - https:\/\/yoast.com\/wordpress\/plugins\/seo\/ -->\n<title>BORDALLO PINHEIRO Ensaladera Maria Flor 33 cm - Erresse Shop<\/title>\n<meta name=\"description\" content=\"Con la colecci\u00f3n Maria Flor, las flores est\u00e1n invitadas a su mesa. Dalias, rosas y margaritas, las piezas est\u00e1n meticulosamente elaboradas para reproducir\" \/>\n<meta name=\"robots\" content=\"index, follow, max-snippet:-1, max-image-preview:large, max-video-preview:-1\" \/>\n<link rel=\"canonical\" href=\"https:\/\/www.erresse-shop.it\/es\/shop\/tabla\/ensaladeras-y-soperas\/bordallo-pinheiro-ensaladera-maria-flor-33-cm\/\" \/>\n<meta property=\"og:locale\" content=\"es_ES\" \/>\n<meta property=\"og:type\" content=\"article\" \/>\n<meta property=\"og:title\" content=\"BORDALLO PINHEIRO Ensaladera Maria Flor 33 cm\" \/>\n<meta property=\"og:description\" content=\"Con la colecci\u00f3n Maria Flor, las flores est\u00e1n invitadas a su mesa. Dalias, rosas y margaritas, las piezas est\u00e1n meticulosamente elaboradas para reproducir\" \/>\n<meta property=\"og:url\" content=\"https:\/\/www.erresse-shop.it\/es\/shop\/tabla\/ensaladeras-y-soperas\/bordallo-pinheiro-ensaladera-maria-flor-33-cm\/\" \/>\n<meta property=\"og:site_name\" content=\"Erresse Shop\" \/>\n<meta property=\"article:modified_time\" content=\"2026-02-23T10:54:32+00:00\" \/>\n<meta property=\"og:image\" content=\"https:\/\/www.erresse-shop.it\/wp-content\/uploads\/2025\/02\/BORDALLO-PINHEIRO-Insalatiera-Maria-Flor-33-cm.jpg\" \/>\n\t<meta property=\"og:image:width\" content=\"1200\" \/>\n\t<meta property=\"og:image:height\" content=\"1200\" \/>\n\t<meta property=\"og:image:type\" content=\"image\/jpeg\" \/>\n<meta name=\"twitter:card\" content=\"summary_large_image\" \/>\n<script type=\"application\/ld+json\" class=\"yoast-schema-graph\">{\"@context\":\"https:\/\/schema.org\",\"@graph\":[{\"@type\":\"WebPage\",\"@id\":\"https:\/\/www.erresse-shop.it\/es\/shop\/tabla\/ensaladeras-y-soperas\/bordallo-pinheiro-ensaladera-maria-flor-33-cm\/\",\"url\":\"https:\/\/www.erresse-shop.it\/es\/shop\/tabla\/ensaladeras-y-soperas\/bordallo-pinheiro-ensaladera-maria-flor-33-cm\/\",\"name\":\"BORDALLO PINHEIRO Ensaladera Maria Flor 33 cm - Erresse Shop\",\"isPartOf\":{\"@id\":\"https:\/\/www.erresse-shop.it\/es\/#website\"},\"datePublished\":\"2025-02-19T08:42:27+00:00\",\"dateModified\":\"2026-02-23T10:54:32+00:00\",\"description\":\"Con la colecci\u00f3n Maria Flor, las flores est\u00e1n invitadas a su mesa. Dalias, rosas y margaritas, las piezas est\u00e1n meticulosamente elaboradas para reproducir\",\"breadcrumb\":{\"@id\":\"https:\/\/www.erresse-shop.it\/es\/shop\/tabla\/ensaladeras-y-soperas\/bordallo-pinheiro-ensaladera-maria-flor-33-cm\/#breadcrumb\"},\"inLanguage\":\"es\",\"potentialAction\":[{\"@type\":\"ReadAction\",\"target\":[\"https:\/\/www.erresse-shop.it\/es\/shop\/tabla\/ensaladeras-y-soperas\/bordallo-pinheiro-ensaladera-maria-flor-33-cm\/\"]}]},{\"@type\":\"BreadcrumbList\",\"@id\":\"https:\/\/www.erresse-shop.it\/es\/shop\/tabla\/ensaladeras-y-soperas\/bordallo-pinheiro-ensaladera-maria-flor-33-cm\/#breadcrumb\",\"itemListElement\":[{\"@type\":\"ListItem\",\"position\":1,\"name\":\"Home\",\"item\":\"https:\/\/www.erresse-shop.it\/es\/\"},{\"@type\":\"ListItem\",\"position\":2,\"name\":\"Shop\",\"item\":\"https:\/\/www.erresse-shop.it\/es\/shop\/\"},{\"@type\":\"ListItem\",\"position\":3,\"name\":\"BORDALLO PINHEIRO Ensaladera Maria Flor 33 cm\"}]},{\"@type\":\"WebSite\",\"@id\":\"https:\/\/www.erresse-shop.it\/es\/#website\",\"url\":\"https:\/\/www.erresse-shop.it\/es\/\",\"name\":\"Erresse Shop\",\"description\":\"Articoli di qualit\u00e0 per la casa\",\"potentialAction\":[{\"@type\":\"SearchAction\",\"target\":{\"@type\":\"EntryPoint\",\"urlTemplate\":\"https:\/\/www.erresse-shop.it\/es\/?s={search_term_string}\"},\"query-input\":\"required name=search_term_string\"}],\"inLanguage\":\"es\"}]}<\/script>\n<!-- \/ Yoast SEO Premium plugin. -->","yoast_head_json":{"title":"BORDALLO PINHEIRO Ensaladera Maria Flor 33 cm - Erresse Shop","description":"Con la colecci\u00f3n Maria Flor, las flores est\u00e1n invitadas a su mesa. Dalias, rosas y margaritas, las piezas est\u00e1n meticulosamente elaboradas para reproducir","robots":{"index":"index","follow":"follow","max-snippet":"max-snippet:-1","max-image-preview":"max-image-preview:large","max-video-preview":"max-video-preview:-1"},"canonical":"https:\/\/www.erresse-shop.it\/es\/shop\/tabla\/ensaladeras-y-soperas\/bordallo-pinheiro-ensaladera-maria-flor-33-cm\/","og_locale":"es_ES","og_type":"article","og_title":"BORDALLO PINHEIRO Ensaladera Maria Flor 33 cm","og_description":"Con la colecci\u00f3n Maria Flor, las flores est\u00e1n invitadas a su mesa. Dalias, rosas y margaritas, las piezas est\u00e1n meticulosamente elaboradas para reproducir","og_url":"https:\/\/www.erresse-shop.it\/es\/shop\/tabla\/ensaladeras-y-soperas\/bordallo-pinheiro-ensaladera-maria-flor-33-cm\/","og_site_name":"Erresse Shop","article_modified_time":"2026-02-23T10:54:32+00:00","og_image":[{"width":1200,"height":1200,"url":"https:\/\/www.erresse-shop.it\/wp-content\/uploads\/2025\/02\/BORDALLO-PINHEIRO-Insalatiera-Maria-Flor-33-cm.jpg","type":"image\/jpeg"}],"twitter_card":"summary_large_image","schema":{"@context":"https:\/\/schema.org","@graph":[{"@type":"WebPage","@id":"https:\/\/www.erresse-shop.it\/es\/shop\/tabla\/ensaladeras-y-soperas\/bordallo-pinheiro-ensaladera-maria-flor-33-cm\/","url":"https:\/\/www.erresse-shop.it\/es\/shop\/tabla\/ensaladeras-y-soperas\/bordallo-pinheiro-ensaladera-maria-flor-33-cm\/","name":"BORDALLO PINHEIRO Ensaladera Maria Flor 33 cm - Erresse Shop","isPartOf":{"@id":"https:\/\/www.erresse-shop.it\/es\/#website"},"datePublished":"2025-02-19T08:42:27+00:00","dateModified":"2026-02-23T10:54:32+00:00","description":"Con la colecci\u00f3n Maria Flor, las flores est\u00e1n invitadas a su mesa. Dalias, rosas y margaritas, las piezas est\u00e1n meticulosamente elaboradas para reproducir","breadcrumb":{"@id":"https:\/\/www.erresse-shop.it\/es\/shop\/tabla\/ensaladeras-y-soperas\/bordallo-pinheiro-ensaladera-maria-flor-33-cm\/#breadcrumb"},"inLanguage":"es","potentialAction":[{"@type":"ReadAction","target":["https:\/\/www.erresse-shop.it\/es\/shop\/tabla\/ensaladeras-y-soperas\/bordallo-pinheiro-ensaladera-maria-flor-33-cm\/"]}]},{"@type":"BreadcrumbList","@id":"https:\/\/www.erresse-shop.it\/es\/shop\/tabla\/ensaladeras-y-soperas\/bordallo-pinheiro-ensaladera-maria-flor-33-cm\/#breadcrumb","itemListElement":[{"@type":"ListItem","position":1,"name":"Home","item":"https:\/\/www.erresse-shop.it\/es\/"},{"@type":"ListItem","position":2,"name":"Shop","item":"https:\/\/www.erresse-shop.it\/es\/shop\/"},{"@type":"ListItem","position":3,"name":"BORDALLO PINHEIRO Ensaladera Maria Flor 33 cm"}]},{"@type":"WebSite","@id":"https:\/\/www.erresse-shop.it\/es\/#website","url":"https:\/\/www.erresse-shop.it\/es\/","name":"Erresse Shop","description":"Articoli di qualit\u00e0 per la casa","potentialAction":[{"@type":"SearchAction","target":{"@type":"EntryPoint","urlTemplate":"https:\/\/www.erresse-shop.it\/es\/?s={search_term_string}"},"query-input":"required name=search_term_string"}],"inLanguage":"es"}]}},"df_price":46.95,"df_sale_price":46.95,"df_regular_price":66,"df_image_link":"https:\/\/www.erresse-shop.it\/wp-content\/uploads\/2025\/02\/BORDALLO-PINHEIRO-Insalatiera-Maria-Flor-33-cm-300x300.jpg","_links":{"self":[{"href":"https:\/\/www.erresse-shop.it\/es\/wp-json\/wp\/v2\/product\/469890"}],"collection":[{"href":"https:\/\/www.erresse-shop.it\/es\/wp-json\/wp\/v2\/product"}],"about":[{"href":"https:\/\/www.erresse-shop.it\/es\/wp-json\/wp\/v2\/types\/product"}],"wp:featuredmedia":[{"embeddable":true,"href":"https:\/\/www.erresse-shop.it\/es\/wp-json\/wp\/v2\/media\/469899"}],"wp:attachment":[{"href":"https:\/\/www.erresse-shop.it\/es\/wp-json\/wp\/v2\/media?parent=469890"}],"wp:term":[{"taxonomy":"product_cat","embeddable":true,"href":"https:\/\/www.erresse-shop.it\/es\/wp-json\/wp\/v2\/product_cat?post=469890"},{"taxonomy":"product_tag","embeddable":true,"href":"https:\/\/www.erresse-shop.it\/es\/wp-json\/wp\/v2\/product_tag?post=469890"}],"curies":[{"name":"wp","href":"https:\/\/api.w.org\/{rel}","templated":true}]}}